{"id":34,"date":"2020-02-07T07:02:05","date_gmt":"2020-02-07T07:02:05","guid":{"rendered":"https:\/\/f.seowaimao.com\/?page_id=34"},"modified":"2023-09-28T13:28:55","modified_gmt":"2023-09-28T05:28:55","slug":"acerca-de","status":"publish","type":"page","link":"https:\/\/steelsupplydirect.com\/es\/acerca-de","title":{"rendered":"Acerca de"},"content":{"rendered":"<div class=\"banner has-hover\" id=\"banner-999943135\">\n          <div class=\"banner-inner fill\">\n        <div class=\"banner-bg fill\" >\n            <img loading=\"lazy\" decoding=\"async\" width=\"1853\" height=\"904\" src=\"https:\/\/steelsupplydirect.com\/wp-content\/uploads\/2023\/09\/galpipe.webp\" class=\"bg attachment-original size-original\" alt=\"galga\" \/>                                    \n                    <\/div>\n\t\t\n        <div class=\"banner-layers container\">\n            <div class=\"fill banner-link\"><\/div>            \n   <div id=\"text-box-582087634\" class=\"text-box banner-layer x5 md-x5 lg-x0 y50 md-y25 lg-y30 res-text\">\n                                <div class=\"text-box-content text dark\">\n              \n              <div class=\"text-inner text-center\">\n                  \n\t<div id=\"text-1370217410\" class=\"text\">\n\t\t\n<h1>Qui\u00e9nes somos<\/h1>\n\t\t\n<style>\n#text-1370217410 {\n  font-size: 0.75rem;\n  text-align: left;\n}\n@media (min-width:550px) {\n  #text-1370217410 {\n    font-size: 1rem;\n  }\n}\n<\/style>\n\t<\/div>\n\t\n\t<div id=\"text-1853868434\" class=\"text\">\n\t\t\n<p>SteelSupplyDirect<br \/>\n\t\t\n<style>\n#text-1853868434 {\n  text-align: left;\n}\n<\/style>\n\t<\/div>\n\t\n              <\/div>\n           <\/div>\n                            \n<style>\n#text-box-582087634 {\n  width: 81%;\n}\n#text-box-582087634 .text-box-content {\n  font-size: 100%;\n}\n@media (min-width:550px) {\n  #text-box-582087634 {\n    width: 34%;\n  }\n}\n<\/style>\n    <\/div>\n \n        <\/div>\n      <\/div>\n\n            \n<style>\n#banner-999943135 {\n  padding-top: 38%;\n}\n#banner-999943135 .banner-bg img {\n  object-position: 47% 5%;\n}\n@media (min-width:550px) {\n  #banner-999943135 {\n    padding-top: 28%;\n  }\n}\n@media (min-width:850px) {\n  #banner-999943135 {\n    padding-top: 28%;\n  }\n}\n<\/style>\n  <\/div>\n\n\n<div class=\"row\" style=\"max-width:1500px\" id=\"row-1847208464\">\n\n\t<div id=\"col-284346199\" class=\"col hide-for-small medium-2 small-12 large-2\"  >\n\t\t\t\t<div class=\"col-inner\"  >\n\t\t\t\n\t\t\t\n<ul class=\"sidebar-wrapper ul-reset\"><aside id=\"woocommerce_product_categories-5\" class=\"widget woocommerce widget_product_categories\"><span class=\"widget-title\"><span>Categor\u00edas de productos<\/span><\/span><div class=\"is-divider small\"><\/div><ul class=\"product-categories\"><li class=\"cat-item cat-item-65\"><a href=\"https:\/\/steelsupplydirect.com\/es\/suministro-de-acero\/barras-de-acero-al-carbono\">Varilla<\/a><\/li>\n<li class=\"cat-item cat-item-66\"><a href=\"https:\/\/steelsupplydirect.com\/es\/suministro-de-acero\/chapa-ondulada\">Chapa ondulada<\/a><\/li>\n<li class=\"cat-item cat-item-68\"><a href=\"https:\/\/steelsupplydirect.com\/es\/suministro-de-acero\/placa-de-aluminio\">Placa de aluminio<\/a><\/li>\n<li class=\"cat-item cat-item-69\"><a href=\"https:\/\/steelsupplydirect.com\/es\/suministro-de-acero\/bobinas-de-aluminio\">Bobinas de aluminio<\/a><\/li>\n<li class=\"cat-item cat-item-70\"><a href=\"https:\/\/steelsupplydirect.com\/es\/suministro-de-acero\/tubo-de-aluminio\">Tubo de aluminio<\/a><\/li>\n<li class=\"cat-item cat-item-71\"><a href=\"https:\/\/steelsupplydirect.com\/es\/suministro-de-acero\/varilla-de-aluminio\">Varilla de aluminio<\/a><\/li>\n<li class=\"cat-item cat-item-15 cat-parent\"><a href=\"https:\/\/steelsupplydirect.com\/es\/suministro-de-acero\/acero-al-carbono\">Acero al carbono<\/a><ul class='children'>\n<li class=\"cat-item cat-item-39\"><a href=\"https:\/\/steelsupplydirect.com\/es\/suministro-de-acero\/acero-al-carbono\/bobina-de-acero-al-carbono\">Bobina de acero al carbono<\/a><\/li>\n<li class=\"cat-item cat-item-40\"><a href=\"https:\/\/steelsupplydirect.com\/es\/suministro-de-acero\/acero-al-carbono\/chapa-de-acero-al-carbono\">Chapa de acero al carbono<\/a><\/li>\n<li class=\"cat-item cat-item-41\"><a href=\"https:\/\/steelsupplydirect.com\/es\/suministro-de-acero\/acero-al-carbono\/tuberia-de-acero-al-carbono\">Tubos de acero al carbono<\/a><\/li>\n<li class=\"cat-item cat-item-42\"><a href=\"https:\/\/steelsupplydirect.com\/es\/suministro-de-acero\/acero-al-carbono\/varilla-de-acero-al-carbono\">Varilla de acero al carbono<\/a><\/li>\n<\/ul>\n<\/li>\n<li class=\"cat-item cat-item-17 cat-parent\"><a href=\"https:\/\/steelsupplydirect.com\/es\/suministro-de-acero\/fabricante-de-acero-galvanizado\">Galvanizado<\/a><ul class='children'>\n<li class=\"cat-item cat-item-43\"><a href=\"https:\/\/steelsupplydirect.com\/es\/suministro-de-acero\/fabricante-de-acero-galvanizado\/fabricante-de-bobinas-de-acero-galvanizado\">Bobina de acero galvanizado<\/a><\/li>\n<li class=\"cat-item cat-item-44\"><a href=\"https:\/\/steelsupplydirect.com\/es\/suministro-de-acero\/fabricante-de-acero-galvanizado\/acero-corrugado-galvanizado\">Acero corrugado galvanizado<\/a><\/li>\n<li class=\"cat-item cat-item-45\"><a href=\"https:\/\/steelsupplydirect.com\/es\/suministro-de-acero\/fabricante-de-acero-galvanizado\/tubo-de-acero-galvanizado\">Tubos de acero galvanizado<\/a><\/li>\n<li class=\"cat-item cat-item-46\"><a href=\"https:\/\/steelsupplydirect.com\/es\/suministro-de-acero\/fabricante-de-acero-galvanizado\/chapa-de-acero-galvanizada\">Chapa de acero galvanizado<\/a><\/li>\n<li class=\"cat-item cat-item-47\"><a href=\"https:\/\/steelsupplydirect.com\/es\/suministro-de-acero\/fabricante-de-acero-galvanizado\/bobina-ppgi\">Bobina PPGI<\/a><\/li>\n<li class=\"cat-item cat-item-48\"><a href=\"https:\/\/steelsupplydirect.com\/es\/suministro-de-acero\/fabricante-de-acero-galvanizado\/ppgi-ondulado\">PPGI Ondulado<\/a><\/li>\n<\/ul>\n<\/li>\n<li class=\"cat-item cat-item-18 cat-parent\"><a href=\"https:\/\/steelsupplydirect.com\/es\/suministro-de-acero\/perfil-de-acero\">Perfil de acero<\/a><ul class='children'>\n<li class=\"cat-item cat-item-49\"><a href=\"https:\/\/steelsupplydirect.com\/es\/suministro-de-acero\/perfil-de-acero\/angulo-de-acero\">\u00c1ngulo de acero<\/a><\/li>\n<li class=\"cat-item cat-item-50\"><a href=\"https:\/\/steelsupplydirect.com\/es\/suministro-de-acero\/perfil-de-acero\/canal-de-acero\">Canal de acero<\/a><\/li>\n<li class=\"cat-item cat-item-51\"><a href=\"https:\/\/steelsupplydirect.com\/es\/suministro-de-acero\/perfil-de-acero\/rayo-h\">Viga en H<\/a><\/li>\n<li class=\"cat-item cat-item-52\"><a href=\"https:\/\/steelsupplydirect.com\/es\/suministro-de-acero\/perfil-de-acero\/i-haz\">Viga en I<\/a><\/li>\n<li class=\"cat-item cat-item-53\"><a href=\"https:\/\/steelsupplydirect.com\/es\/suministro-de-acero\/perfil-de-acero\/tablestaca-de-acero\">Tablestacas de acero<\/a><\/li>\n<\/ul>\n<\/li>\n<li class=\"cat-item cat-item-54 cat-parent\"><a href=\"https:\/\/steelsupplydirect.com\/es\/suministro-de-acero\/acero-inoxidable\">Acero inoxidable<\/a><ul class='children'>\n<li class=\"cat-item cat-item-55\"><a href=\"https:\/\/steelsupplydirect.com\/es\/suministro-de-acero\/acero-inoxidable\/bobina-de-acero-inoxidable\">Bobina de acero inoxidable<\/a><\/li>\n<li class=\"cat-item cat-item-56\"><a href=\"https:\/\/steelsupplydirect.com\/es\/suministro-de-acero\/acero-inoxidable\/chapa-de-acero-inoxidable\">Placa de acero inoxidable<\/a><\/li>\n<li class=\"cat-item cat-item-57\"><a href=\"https:\/\/steelsupplydirect.com\/es\/suministro-de-acero\/acero-inoxidable\/tubo-de-acero-inoxidable\">Tubo de acero inoxidable<\/a><\/li>\n<li class=\"cat-item cat-item-58\"><a href=\"https:\/\/steelsupplydirect.com\/es\/suministro-de-acero\/acero-inoxidable\/varilla-de-acero-inoxidable\">Varilla de acero inoxidable<\/a><\/li>\n<li class=\"cat-item cat-item-59\"><a href=\"https:\/\/steelsupplydirect.com\/es\/suministro-de-acero\/acero-inoxidable\/acero-inoxidable-corrugado\">Acero inoxidable corrugado<\/a><\/li>\n<\/ul>\n<\/li>\n<\/ul><\/aside><\/ul>\n\t\t<\/div>\n\t\t\t\t\n<style>\n#col-284346199 > .col-inner {\n  margin: 0px 0px 0px 0px;\n}\n<\/style>\n\t<\/div>\n\n\t\n\n\t<div id=\"col-717857810\" class=\"col medium-10 small-12 large-10\"  >\n\t\t\t\t<div class=\"col-inner\"  >\n\t\t\t\n\t\t\t\n\n\t<section class=\"section\" id=\"section_1976815394\">\n\t\t<div class=\"section-bg fill\" >\n\t\t\t\t\t\t\t\t\t\n\t\t\t\n\n\t\t<\/div>\n\n\t\t\t<div class=\"ux-shape-divider ux-shape-divider--top ux-shape-divider--style-waves-opacity-3\">\n\t\t<svg viewbox=\"0 0 1000 300\" xmlns=\"http:\/\/www.w3.org\/2000\/svg\" preserveaspectratio=\"none\">\n\t<path class=\"ux-shape-fill\" opacity=\"0.05\" d=\"M1014 264V386H206L34 300C34 300 344.42 277.16 436 221C542 156 590 160 704 209C811 255 899.11 214.94 979 346L1014 264Z\"\/>\n\t<path class=\"ux-shape-fill\" opacity=\"0.1\" d=\"M-302 55C-302 55 -66.73 263.25 50 214C178 160 283 116 353 141C445.68 174.1 534.28 256.19 588 249C692.9 235 764.52 75.94 855 131C940.61 183.09 1000 254 1000 254V328L-306 338L-302 55Z\"\/>\n\t<path class=\"ux-shape-fill\" opacity=\"0.15\" d=\"M-286 255C-286 255 -72 152 52 126C176 100 255 155 436 227C581.57 284.91 614.7 277.79 708 227C787 184 1009 3.0001 1093 164C1146 265.63 1031 293 1031 293L924 377L-288 389L-286 255Z\"\/>\n\t<path class=\"ux-shape-fill\" opacity=\"0.3\" d=\"M-24 69C-24 69 275.68 370.66 389 314C397 310 622 316 673 356C690.47 369.7 845 224 890 182C944.8 130.85 1018 92 1078 143C1154.12 207.7 1196 242 1196 242L1184 374L-28 386L-24 69Z\"\/>\n\t<path class=\"ux-shape-fill\" d=\"M-12 201C-12 201 58 284 182 258C306 232 342.29 221.23 456 264C565 305 640.82 288.36 721 249C776 222 837.5 191.31 935 253C984 284 1030 279 1030 279L1024 430L-12 440V201Z\"\/>\n<\/svg>\n\t<\/div>\n\n\n\t\t<div class=\"section-content relative\">\n\t\t\t\n<div class=\"row\"  id=\"row-1990956653\">\n\n\t<div id=\"col-444145725\" class=\"col small-12 large-12\"  >\n\t\t\t\t<div class=\"col-inner\"  >\n\t\t\t\n\t\t\t\n<div class=\"row\"  id=\"row-679425484\">\n\n\t<div id=\"col-1510553582\" class=\"col medium-12 small-12 large-6\"  >\n\t\t\t\t<div class=\"col-inner\"  >\n\t\t\t\n\t\t\t\n\t<div id=\"text-4097446392\" class=\"text\">\n\t\t\n<h2>Servicio superior<\/h2>\n\t\t\n<style>\n#text-4097446392 {\n  font-size: 1rem;\n  color: rgb(0, 0, 0);\n}\n#text-4097446392 > * {\n  color: rgb(0, 0, 0);\n}\n@media (min-width:850px) {\n  #text-4097446392 {\n    font-size: 1.3rem;\n  }\n}\n<\/style>\n\t<\/div>\n\t\n<p>En SteelSupplyDirect, estamos orgullosos de nuestro compromiso con la calidad. Seguimos estrictas medidas de control de calidad a lo largo de todo el proceso de fabricaci\u00f3n para garantizar que nuestros productos cumplen las normas m\u00e1s exigentes. Desde el abastecimiento de materias primas hasta la inspecci\u00f3n final, nuestro equipo de profesionales cualificados supervisa meticulosamente cada paso para garantizar la durabilidad, resistencia y consistencia de nuestros productos de acero. Tanto si necesita acero para la construcci\u00f3n, la automoci\u00f3n, las infraestructuras o cualquier otro sector, tenemos todo lo que necesita. Ofrecemos una amplia gama de dimensiones, calidades y acabados para satisfacer las necesidades espec\u00edficas de su proyecto.<\/p>\n\t<div id=\"text-433845916\" class=\"text\">\n\t\t\n<p><a class=\"button secondary\" style=\"border-radius: 5px\" data-fancybox=\"\" data-src=\"#hidden-CF7\">P\u00f3ngase en contacto con nosotros<\/a><br \/>\n\t\t\n<style>\n#text-433845916 {\n  text-align: right;\n}\n<\/style>\n\t<\/div>\n\t\n\t\t<\/div>\n\t\t\t\t\n<style>\n#col-1510553582 > .col-inner {\n  padding: 0px 0px 0px 0px;\n}\n@media (min-width:550px) {\n  #col-1510553582 > .col-inner {\n    padding: 0px 0px 0px 0px;\n  }\n}\n@media (min-width:850px) {\n  #col-1510553582 > .col-inner {\n    padding: 0px 50px 0px 0px;\n  }\n}\n<\/style>\n\t<\/div>\n\n\t\n\n\t<div id=\"col-90564652\" class=\"col medium-12 small-12 large-6 medium-col-first\"  >\n\t\t\t\t<div class=\"col-inner\"  >\n\t\t\t\n\t\t\t\n\t<div class=\"img has-hover hide-for-medium x md-x lg-x y md-y lg-y\" id=\"image_352072201\">\n\t\t\t\t\t\t\t\t<div class=\"img-inner image-cover dark\" style=\"padding-top:56.25%;\">\n\t\t\t<img loading=\"lazy\" decoding=\"async\" width=\"1000\" height=\"658\" src=\"https:\/\/steelsupplydirect.com\/wp-content\/uploads\/2023\/07\/factory_hb-1.webp\" class=\"attachment-original size-original\" alt=\"hierro_y_acero\" srcset=\"https:\/\/steelsupplydirect.com\/wp-content\/uploads\/2023\/07\/factory_hb-1.webp 1000w, https:\/\/steelsupplydirect.com\/wp-content\/uploads\/2023\/07\/factory_hb-1-300x197.webp 300w, https:\/\/steelsupplydirect.com\/wp-content\/uploads\/2023\/07\/factory_hb-1-768x505.webp 768w, https:\/\/steelsupplydirect.com\/wp-content\/uploads\/2023\/07\/factory_hb-1-510x336.webp 510w\" sizes=\"auto, (max-width: 1000px) 100vw, 1000px\" \/>\t\t\t\t\t\t\n\t\t\t\t\t<\/div>\n\t\t\t\t\t\t\t\t\n<style>\n#image_352072201 {\n  width: 100%;\n}\n<\/style>\n\t<\/div>\n\t\n\t\t<\/div>\n\t\t\t\t\n<style>\n#col-90564652 > .col-inner {\n  padding: 0px 0px 0px 0px;\n}\n@media (min-width:850px) {\n  #col-90564652 > .col-inner {\n    padding: 0px 0px 0px 0px;\n  }\n}\n<\/style>\n\t<\/div>\n\n\t\n<\/div>\n\t\t<\/div>\n\t\t\t\t\t<\/div>\n\n\t\n<\/div>\n\t<div id=\"gap-1974198845\" class=\"gap-element clearfix\" style=\"display:block; height:auto;\">\n\t\t\n<style>\n#gap-1974198845 {\n  padding-top: 0px;\n}\n@media (min-width:850px) {\n  #gap-1974198845 {\n    padding-top: 80px;\n  }\n}\n<\/style>\n\t<\/div>\n\t\n<div class=\"row align-middle\"  id=\"row-630939438\">\n\n\t<div id=\"col-1647993948\" class=\"col medium-12 small-12 large-6\"  >\n\t\t\t\t<div class=\"col-inner\"  >\n\t\t\t\n\t\t\t\n<div class=\"video video-fit mb\" style=\"padding-top:56.25%;\"><p><iframe loading=\"lazy\" title=\"SteelSupplyDirect (Shandong) Co., Ld.\" width=\"1020\" height=\"574\" src=\"https:\/\/www.youtube.com\/embed\/MHXNr-JUIUc?feature=oembed\" frameborder=\"0\" allow=\"accelerometer; autoplay; clipboard-write; encrypted-media; gyroscope; picture-in-picture; web-share\" allowfullscreen><\/iframe><\/p>\n<\/div>\n\t\t<\/div>\n\t\t\t\t\n<style>\n#col-1647993948 > .col-inner {\n  padding: 0px 0px 0px 0px;\n}\n@media (min-width:850px) {\n  #col-1647993948 > .col-inner {\n    padding: 0px 30px 0px 0px;\n  }\n}\n<\/style>\n\t<\/div>\n\n\t\n\n\t<div id=\"col-104374003\" class=\"col medium-12 small-12 large-6\"  >\n\t\t\t\t<div class=\"col-inner\"  >\n\t\t\t\n\t\t\t\n\t<div id=\"text-3587347583\" class=\"text\">\n\t\t\n<h2>Sobre nosotros -North china steel<\/h2>\n\t\t\n<style>\n#text-3587347583 {\n  font-size: 1rem;\n  color: rgb(0, 0, 0);\n}\n#text-3587347583 > * {\n  color: rgb(0, 0, 0);\n}\n@media (min-width:850px) {\n  #text-3587347583 {\n    font-size: 1.3rem;\n  }\n}\n<\/style>\n\t<\/div>\n\t\n<p>SteelSupplyDirect es uno de los principales fabricantes de acero del sector, especializado en la producci\u00f3n y distribuci\u00f3n de productos de acero de alta calidad. Con a\u00f1os de experiencia y conocimientos, nos hemos consolidado como un actor fiable y reputado en el sector de la fabricaci\u00f3n de acero.Como fabricante de acero, entendemos la importancia de proporcionar a nuestros clientes productos de primera calidad que cumplan sus requisitos espec\u00edficos. Nuestras vanguardistas instalaciones de fabricaci\u00f3n est\u00e1n equipadas con maquinaria y tecnolog\u00eda avanzadas, lo que nos permite producir una amplia gama de productos de acero para atender a diversas industrias y aplicaciones.<\/p>\n\t<div id=\"text-2201763973\" class=\"text\">\n\t\t\n<p><a class=\"button secondary\" style=\"border-radius: 5px\" data-fancybox=\"\" data-src=\"#hidden-CF7\">P\u00f3ngase en contacto con nosotros<\/a><br \/>\n\t\t\n<style>\n#text-2201763973 {\n  text-align: center;\n}\n<\/style>\n\t<\/div>\n\t\n\t\t<\/div>\n\t\t\t\t\n<style>\n#col-104374003 > .col-inner {\n  padding: 0px 0px 0px 0px;\n}\n@media (min-width:550px) {\n  #col-104374003 > .col-inner {\n    padding: 0px 0px 0px 0px;\n  }\n}\n@media (min-width:850px) {\n  #col-104374003 > .col-inner {\n    padding: 0px 0px 50px 0px;\n  }\n}\n<\/style>\n\t<\/div>\n\n\t\n<\/div>\n\t\t<\/div>\n\n\t\t\n<style>\n#section_1976815394 {\n  padding-top: 20px;\n  padding-bottom: 20px;\n}\n#section_1976815394 .ux-shape-divider--top svg {\n  height: 150px;\n  --divider-top-width: 100%;\n}\n@media (min-width:850px) {\n  #section_1976815394 {\n    padding-top: 30px;\n    padding-bottom: 30px;\n  }\n}\n<\/style>\n\t<\/section>\n\t\n\n\t<section class=\"section seo_page_section1\" id=\"section_1119312452\">\n\t\t<div class=\"section-bg fill\" >\n\t\t\t\t\t\t\t\t\t\n\t\t\t\n\n\t\t<\/div>\n\n\t\t\n\n\t\t<div class=\"section-content relative\">\n\t\t\t\n<div class=\"row\"  id=\"row-1044107778\">\n\n\t<div id=\"col-96680100\" class=\"col small-12 large-12\"  >\n\t\t\t\t<div class=\"col-inner\"  >\n\t\t\t\n\t\t\t\n\t<div id=\"text-955294860\" class=\"text\">\n\t\t\n<h2>Caso de cooperaci\u00f3n<\/h2>\n\t\t\n<style>\n#text-955294860 {\n  font-size: 1rem;\n  text-align: center;\n  color: rgb(0, 0, 0);\n}\n#text-955294860 > * {\n  color: rgb(0, 0, 0);\n}\n@media (min-width:850px) {\n  #text-955294860 {\n    font-size: 1.3rem;\n  }\n}\n<\/style>\n\t<\/div>\n\t\n\t<div id=\"gap-1118258018\" class=\"gap-element clearfix\" style=\"display:block; height:auto;\">\n\t\t\n<style>\n#gap-1118258018 {\n  padding-top: 5px;\n}\n@media (min-width:550px) {\n  #gap-1118258018 {\n    padding-top: 10px;\n  }\n}\n@media (min-width:850px) {\n  #gap-1118258018 {\n    padding-top: 30px;\n  }\n}\n<\/style>\n\t<\/div>\n\t\n<div class=\"row\"  id=\"row-67280009\">\n\n\t<div id=\"col-2131133282\" class=\"col medium-4 small-12 large-4\"  >\n\t\t\t\t<div class=\"col-inner\"  >\n\t\t\t\n\t\t\t\n\t<div class=\"box has-hover   has-hover box-text-bottom\" >\n\n\t\t<div class=\"box-image\" style=\"border-radius:3%;\">\n\t\t\t\t\t\t<div class=\"image-cover\" style=\"padding-top:75%;\">\n\t\t\t\t<img loading=\"lazy\" decoding=\"async\" width=\"1000\" height=\"750\" src=\"https:\/\/steelsupplydirect.com\/wp-content\/uploads\/2023\/07\/steel_product_202_hb.webp\" class=\"attachment-original size-original\" alt=\"\" srcset=\"https:\/\/steelsupplydirect.com\/wp-content\/uploads\/2023\/07\/steel_product_202_hb.webp 1000w, https:\/\/steelsupplydirect.com\/wp-content\/uploads\/2023\/07\/steel_product_202_hb-300x225.webp 300w, https:\/\/steelsupplydirect.com\/wp-content\/uploads\/2023\/07\/steel_product_202_hb-768x576.webp 768w, https:\/\/steelsupplydirect.com\/wp-content\/uploads\/2023\/07\/steel_product_202_hb-510x383.webp 510w, https:\/\/steelsupplydirect.com\/wp-content\/uploads\/2023\/07\/steel_product_202_hb-247x185.webp 247w\" sizes=\"auto, (max-width: 1000px) 100vw, 1000px\" \/>\t\t\t\t\t\t\t\t\t\t\t<\/div>\n\t\t\t\t\t<\/div>\n\n\t\t<div class=\"box-text text-left\" style=\"padding:10px 10px 10px 10px;\">\n\t\t\t<div class=\"box-text-inner\">\n\t\t\t\t\n\t<div id=\"text-3584219806\" class=\"text\">\n\t\t\n<h3 style=\"text-align: center\">Cliente de N\u00edger<br \/>\n02\/5<\/h3>\n<p>Un cliente de N\u00edger ha comprado 700 toneladas de anillos de acero al carbono. Recientemente, un cliente de N\u00edger firm\u00f3 un contrato de compra con nuestro vendedor. Durante el periodo de entrega, suministraremos 700 toneladas de anillos de acero al carbono a este cliente.<br \/>\n\t\t\n<style>\n#text-3584219806 {\n  font-size: 1rem;\n  text-align: left;\n}\n<\/style>\n\t<\/div>\n\t\n\t\t\t<\/div>\n\t\t<\/div>\n\t<\/div>\n\t\n\t<div id=\"text-3850058335\" class=\"text\">\n\t\t\n<p style=\"text-align: center\"><a class=\"button secondary\" style=\"border-radius: 5px\" data-fancybox=\"\" data-src=\"#hidden-CF7\">P\u00f3ngase en contacto con nosotros<\/a><\/p>\n\t\t\n<style>\n#text-3850058335 {\n  text-align: right;\n}\n<\/style>\n\t<\/div>\n\t\n\t\t<\/div>\n\t\t\t\t\t<\/div>\n\n\t\n\n\t<div id=\"col-1674451297\" class=\"col medium-4 small-12 large-4\"  >\n\t\t\t\t<div class=\"col-inner\"  >\n\t\t\t\n\t\t\t\n\t<div class=\"box has-hover   has-hover box-text-bottom\" >\n\n\t\t<div class=\"box-image\" style=\"border-radius:3%;\">\n\t\t\t\t\t\t<div class=\"image-cover\" style=\"padding-top:75%;\">\n\t\t\t\t<img loading=\"lazy\" decoding=\"async\" width=\"1000\" height=\"750\" src=\"https:\/\/steelsupplydirect.com\/wp-content\/uploads\/2023\/07\/steel_product_583_hb.webp\" class=\"attachment-original size-original\" alt=\"\" srcset=\"https:\/\/steelsupplydirect.com\/wp-content\/uploads\/2023\/07\/steel_product_583_hb.webp 1000w, https:\/\/steelsupplydirect.com\/wp-content\/uploads\/2023\/07\/steel_product_583_hb-300x225.webp 300w, https:\/\/steelsupplydirect.com\/wp-content\/uploads\/2023\/07\/steel_product_583_hb-768x576.webp 768w, https:\/\/steelsupplydirect.com\/wp-content\/uploads\/2023\/07\/steel_product_583_hb-510x383.webp 510w, https:\/\/steelsupplydirect.com\/wp-content\/uploads\/2023\/07\/steel_product_583_hb-247x185.webp 247w\" sizes=\"auto, (max-width: 1000px) 100vw, 1000px\" \/>\t\t\t\t\t\t\t\t\t\t\t<\/div>\n\t\t\t\t\t<\/div>\n\n\t\t<div class=\"box-text text-left\" style=\"padding:10px 10px 10px 10px;\">\n\t\t\t<div class=\"box-text-inner\">\n\t\t\t\t\n\t<div id=\"text-1363951745\" class=\"text\">\n\t\t\n<h3>Cliente de Tanzania<br \/>\n28\/3<\/h3>\n<p style=\"text-align: left\">Un cliente de Tanzania compr\u00f3 200 toneladas de<em class=\"Highlight ht60ba4d56-d2bb-45ee-8367-8a620508f29b\">\u00a0galvanizado\u00a0<\/em>\u00a1s\u00e1bana! Recientemente, un cliente tanzano firm\u00f3 un contrato de compra con nuestro vendedor. Entregaremos 200 toneladas de<em class=\"Highlight ht60ba4d56-d2bb-45ee-8367-8a620508f29b\">\u00a0galvanizado\u00a0<\/em>hojas a este cliente dentro del plazo de entrega.<\/p>\n\t\t\n<style>\n#text-1363951745 {\n  font-size: 1rem;\n  text-align: center;\n}\n<\/style>\n\t<\/div>\n\t\n\t\t\t<\/div>\n\t\t<\/div>\n\t<\/div>\n\t\n\t<div id=\"text-2028147554\" class=\"text\">\n\t\t\n<p style=\"text-align: center\"><a class=\"button secondary\" style=\"border-radius: 5px\" data-fancybox=\"\" data-src=\"#hidden-CF7\">P\u00f3ngase en contacto con nosotros<\/a><\/p>\n\t\t\n<style>\n#text-2028147554 {\n  text-align: right;\n}\n<\/style>\n\t<\/div>\n\t\n\t\t<\/div>\n\t\t\t\t\t<\/div>\n\n\t\n\n\t<div id=\"col-1334609964\" class=\"col medium-4 small-12 large-4\"  >\n\t\t\t\t<div class=\"col-inner\"  >\n\t\t\t\n\t\t\t\n\t<div class=\"box has-hover   has-hover box-text-bottom\" >\n\n\t\t<div class=\"box-image\" style=\"border-radius:3%;\">\n\t\t\t\t\t\t<div class=\"image-cover\" style=\"padding-top:75%;\">\n\t\t\t\t<img loading=\"lazy\" decoding=\"async\" width=\"1000\" height=\"750\" src=\"https:\/\/steelsupplydirect.com\/wp-content\/uploads\/2023\/07\/steel_product_581_hb.webp\" class=\"attachment-original size-original\" alt=\"\" srcset=\"https:\/\/steelsupplydirect.com\/wp-content\/uploads\/2023\/07\/steel_product_581_hb.webp 1000w, https:\/\/steelsupplydirect.com\/wp-content\/uploads\/2023\/07\/steel_product_581_hb-300x225.webp 300w, https:\/\/steelsupplydirect.com\/wp-content\/uploads\/2023\/07\/steel_product_581_hb-768x576.webp 768w, https:\/\/steelsupplydirect.com\/wp-content\/uploads\/2023\/07\/steel_product_581_hb-510x383.webp 510w, https:\/\/steelsupplydirect.com\/wp-content\/uploads\/2023\/07\/steel_product_581_hb-247x185.webp 247w\" sizes=\"auto, (max-width: 1000px) 100vw, 1000px\" \/>\t\t\t\t\t\t\t\t\t\t\t<\/div>\n\t\t\t\t\t<\/div>\n\n\t\t<div class=\"box-text text-left\" style=\"padding:10px 10px 10px 10px;\">\n\t\t\t<div class=\"box-text-inner\">\n\t\t\t\t\n\t<div id=\"text-1963312654\" class=\"text\">\n\t\t\n<h3>Cliente de Sud\u00e1n<br \/>\n09\/6<\/h3>\n<p style=\"text-align: left\">Un cliente sudan\u00e9s ha comprado 460 toneladas de chapas de acero al carbono. Recientemente, un cliente sudan\u00e9s firm\u00f3 un contrato de compra con nuestro vendedor. Entregaremos 460 toneladas de placas de acero al carbono a este cliente dentro del plazo de entrega.<\/p>\n\t\t\n<style>\n#text-1963312654 {\n  font-size: 1rem;\n  text-align: center;\n}\n<\/style>\n\t<\/div>\n\t\n\t<div id=\"text-2558325912\" class=\"text\">\n\t\t\n<p style=\"text-align: center\"><a class=\"button secondary\" style=\"border-radius: 5px\" data-fancybox=\"\" data-src=\"#hidden-CF7\">P\u00f3ngase en contacto con nosotros<\/a><\/p>\n\t\t\n<style>\n#text-2558325912 {\n  text-align: right;\n}\n<\/style>\n\t<\/div>\n\t\n\t\t\t<\/div>\n\t\t<\/div>\n\t<\/div>\n\t\n\t\t<\/div>\n\t\t\t\t\t<\/div>\n\n\t\n<\/div>\n\t\t<\/div>\n\t\t\t\t\t<\/div>\n\n\t\n<\/div>\n\t\t<\/div>\n\n\t\t\n<style>\n#section_1119312452 {\n  padding-top: 10px;\n  padding-bottom: 10px;\n}\n@media (min-width:550px) {\n  #section_1119312452 {\n    padding-top: 20px;\n    padding-bottom: 20px;\n  }\n}\n@media (min-width:850px) {\n  #section_1119312452 {\n    padding-top: 70px;\n    padding-bottom: 70px;\n  }\n}\n<\/style>\n\t<\/section>\n\t\n\t\t<\/div>\n\t\t\t\t\n<style>\n#col-717857810 > .col-inner {\n  margin: 0px 0px 0px 0px;\n}\n<\/style>\n\t<\/div>\n\n\t\n<\/div>","protected":false},"excerpt":{"rendered":"","protected":false},"author":10,"featured_media":0,"parent":0,"menu_order":0,"comment_status":"closed","ping_status":"closed","template":"page-blank.php","meta":{"footnotes":""},"class_list":["post-34","page","type-page","status-publish","hentry"],"_links":{"self":[{"href":"https:\/\/steelsupplydirect.com\/es\/wp-json\/wp\/v2\/pages\/34","targetHints":{"allow":["GET"]}}],"collection":[{"href":"https:\/\/steelsupplydirect.com\/es\/wp-json\/wp\/v2\/pages"}],"about":[{"href":"https:\/\/steelsupplydirect.com\/es\/wp-json\/wp\/v2\/types\/page"}],"author":[{"embeddable":true,"href":"https:\/\/steelsupplydirect.com\/es\/wp-json\/wp\/v2\/users\/10"}],"replies":[{"embeddable":true,"href":"https:\/\/steelsupplydirect.com\/es\/wp-json\/wp\/v2\/comments?post=34"}],"version-history":[{"count":71,"href":"https:\/\/steelsupplydirect.com\/es\/wp-json\/wp\/v2\/pages\/34\/revisions"}],"predecessor-version":[{"id":3633,"href":"https:\/\/steelsupplydirect.com\/es\/wp-json\/wp\/v2\/pages\/34\/revisions\/3633"}],"wp:attachment":[{"href":"https:\/\/steelsupplydirect.com\/es\/wp-json\/wp\/v2\/media?parent=34"}],"curies":[{"name":"wp","href":"https:\/\/api.w.org\/{rel}","templated":true}]}}