{"id":38,"date":"2020-02-07T07:03:33","date_gmt":"2020-02-07T07:03:33","guid":{"rendered":"https:\/\/f.seowaimao.com\/?page_id=38"},"modified":"2023-09-28T10:26:41","modified_gmt":"2023-09-28T02:26:41","slug":"faq","status":"publish","type":"page","link":"https:\/\/steelsupplydirect.com\/es\/faq","title":{"rendered":"PREGUNTAS FRECUENTES"},"content":{"rendered":"<div class=\"banner has-hover\" id=\"banner-372695902\">\n          <div class=\"banner-inner fill\">\n        <div class=\"banner-bg fill\" >\n            <img loading=\"lazy\" decoding=\"async\" width=\"1899\" height=\"904\" src=\"https:\/\/steelsupplydirect.com\/wp-content\/uploads\/2023\/09\/packcoil.webp\" class=\"bg attachment-original size-original\" alt=\"\" \/>                                    \n                    <\/div>\n\t\t\n        <div class=\"banner-layers container\">\n            <div class=\"fill banner-link\"><\/div>            \n   <div id=\"text-box-1005354809\" class=\"text-box banner-layer x10 md-x10 lg-x10 y25 md-y25 lg-y25 res-text\">\n                                <div class=\"text-box-content text dark\">\n              \n              <div class=\"text-inner text-center\">\n                  \n\t<div id=\"text-280457579\" class=\"text\">\n\t\t\n<h1>PREGUNTAS FRECUENTES<\/h1>\n<p>SteelSupplyDirect<br \/>\n\t\t\n<style>\n#text-280457579 {\n  text-align: left;\n}\n<\/style>\n\t<\/div>\n\t\n              <\/div>\n           <\/div>\n                            \n<style>\n#text-box-1005354809 {\n  width: 53%;\n}\n#text-box-1005354809 .text-box-content {\n  font-size: 100%;\n}\n@media (min-width:850px) {\n  #text-box-1005354809 {\n    width: 31%;\n  }\n}\n<\/style>\n    <\/div>\n \n        <\/div>\n      <\/div>\n\n            \n<style>\n#banner-372695902 {\n  padding-top: 28%;\n  background-color: rgb(255, 255, 255);\n}\n#banner-372695902 .banner-bg img {\n  object-position: 100% 34%;\n}\n<\/style>\n  <\/div>\n\n\n<div class=\"row align-center\" style=\"max-width:1500px\" id=\"row-881904173\">\n\n\t<div id=\"col-1953320708\" class=\"col medium-3 small-12 large-3\"  >\n\t\t\t\t<div class=\"col-inner\"  >\n\t\t\t\n\t\t\t\n<ul class=\"sidebar-wrapper ul-reset\"><aside id=\"woocommerce_product_categories-5\" class=\"widget woocommerce widget_product_categories\"><span class=\"widget-title\"><span>Categor\u00edas de productos<\/span><\/span><div class=\"is-divider small\"><\/div><ul class=\"product-categories\"><li class=\"cat-item cat-item-65\"><a href=\"https:\/\/steelsupplydirect.com\/es\/suministro-de-acero\/barras-de-acero-al-carbono\">Varilla<\/a><\/li>\n<li class=\"cat-item cat-item-66\"><a href=\"https:\/\/steelsupplydirect.com\/es\/suministro-de-acero\/chapa-ondulada\">Chapa ondulada<\/a><\/li>\n<li class=\"cat-item cat-item-68\"><a href=\"https:\/\/steelsupplydirect.com\/es\/suministro-de-acero\/placa-de-aluminio\">Placa de aluminio<\/a><\/li>\n<li class=\"cat-item cat-item-69\"><a href=\"https:\/\/steelsupplydirect.com\/es\/suministro-de-acero\/bobinas-de-aluminio\">Bobinas de aluminio<\/a><\/li>\n<li class=\"cat-item cat-item-70\"><a href=\"https:\/\/steelsupplydirect.com\/es\/suministro-de-acero\/tubo-de-aluminio\">Tubo de aluminio<\/a><\/li>\n<li class=\"cat-item cat-item-71\"><a href=\"https:\/\/steelsupplydirect.com\/es\/suministro-de-acero\/varilla-de-aluminio\">Varilla de aluminio<\/a><\/li>\n<li class=\"cat-item cat-item-15 cat-parent\"><a href=\"https:\/\/steelsupplydirect.com\/es\/suministro-de-acero\/acero-al-carbono\">Acero al carbono<\/a><ul class='children'>\n<li class=\"cat-item cat-item-39\"><a href=\"https:\/\/steelsupplydirect.com\/es\/suministro-de-acero\/acero-al-carbono\/bobina-de-acero-al-carbono\">Bobina de acero al carbono<\/a><\/li>\n<li class=\"cat-item cat-item-40\"><a href=\"https:\/\/steelsupplydirect.com\/es\/suministro-de-acero\/acero-al-carbono\/chapa-de-acero-al-carbono\">Chapa de acero al carbono<\/a><\/li>\n<li class=\"cat-item cat-item-41\"><a href=\"https:\/\/steelsupplydirect.com\/es\/suministro-de-acero\/acero-al-carbono\/tuberia-de-acero-al-carbono\">Tubos de acero al carbono<\/a><\/li>\n<li class=\"cat-item cat-item-42\"><a href=\"https:\/\/steelsupplydirect.com\/es\/suministro-de-acero\/acero-al-carbono\/varilla-de-acero-al-carbono\">Varilla de acero al carbono<\/a><\/li>\n<\/ul>\n<\/li>\n<li class=\"cat-item cat-item-17 cat-parent\"><a href=\"https:\/\/steelsupplydirect.com\/es\/suministro-de-acero\/fabricante-de-acero-galvanizado\">Galvanizado<\/a><ul class='children'>\n<li class=\"cat-item cat-item-43\"><a href=\"https:\/\/steelsupplydirect.com\/es\/suministro-de-acero\/fabricante-de-acero-galvanizado\/fabricante-de-bobinas-de-acero-galvanizado\">Bobina de acero galvanizado<\/a><\/li>\n<li class=\"cat-item cat-item-44\"><a href=\"https:\/\/steelsupplydirect.com\/es\/suministro-de-acero\/fabricante-de-acero-galvanizado\/acero-corrugado-galvanizado\">Acero corrugado galvanizado<\/a><\/li>\n<li class=\"cat-item cat-item-45\"><a href=\"https:\/\/steelsupplydirect.com\/es\/suministro-de-acero\/fabricante-de-acero-galvanizado\/tubo-de-acero-galvanizado\">Tubos de acero galvanizado<\/a><\/li>\n<li class=\"cat-item cat-item-46\"><a href=\"https:\/\/steelsupplydirect.com\/es\/suministro-de-acero\/fabricante-de-acero-galvanizado\/chapa-de-acero-galvanizada\">Chapa de acero galvanizado<\/a><\/li>\n<li class=\"cat-item cat-item-47\"><a href=\"https:\/\/steelsupplydirect.com\/es\/suministro-de-acero\/fabricante-de-acero-galvanizado\/bobina-ppgi\">Bobina PPGI<\/a><\/li>\n<li class=\"cat-item cat-item-48\"><a href=\"https:\/\/steelsupplydirect.com\/es\/suministro-de-acero\/fabricante-de-acero-galvanizado\/ppgi-ondulado\">PPGI Ondulado<\/a><\/li>\n<\/ul>\n<\/li>\n<li class=\"cat-item cat-item-18 cat-parent\"><a href=\"https:\/\/steelsupplydirect.com\/es\/suministro-de-acero\/perfil-de-acero\">Perfil de acero<\/a><ul class='children'>\n<li class=\"cat-item cat-item-49\"><a href=\"https:\/\/steelsupplydirect.com\/es\/suministro-de-acero\/perfil-de-acero\/angulo-de-acero\">\u00c1ngulo de acero<\/a><\/li>\n<li class=\"cat-item cat-item-50\"><a href=\"https:\/\/steelsupplydirect.com\/es\/suministro-de-acero\/perfil-de-acero\/canal-de-acero\">Canal de acero<\/a><\/li>\n<li class=\"cat-item cat-item-51\"><a href=\"https:\/\/steelsupplydirect.com\/es\/suministro-de-acero\/perfil-de-acero\/rayo-h\">Viga en H<\/a><\/li>\n<li class=\"cat-item cat-item-52\"><a href=\"https:\/\/steelsupplydirect.com\/es\/suministro-de-acero\/perfil-de-acero\/i-haz\">Viga en I<\/a><\/li>\n<li class=\"cat-item cat-item-53\"><a href=\"https:\/\/steelsupplydirect.com\/es\/suministro-de-acero\/perfil-de-acero\/tablestaca-de-acero\">Tablestacas de acero<\/a><\/li>\n<\/ul>\n<\/li>\n<li class=\"cat-item cat-item-54 cat-parent\"><a href=\"https:\/\/steelsupplydirect.com\/es\/suministro-de-acero\/acero-inoxidable\">Acero inoxidable<\/a><ul class='children'>\n<li class=\"cat-item cat-item-55\"><a href=\"https:\/\/steelsupplydirect.com\/es\/suministro-de-acero\/acero-inoxidable\/bobina-de-acero-inoxidable\">Bobina de acero inoxidable<\/a><\/li>\n<li class=\"cat-item cat-item-56\"><a href=\"https:\/\/steelsupplydirect.com\/es\/suministro-de-acero\/acero-inoxidable\/chapa-de-acero-inoxidable\">Placa de acero inoxidable<\/a><\/li>\n<li class=\"cat-item cat-item-57\"><a href=\"https:\/\/steelsupplydirect.com\/es\/suministro-de-acero\/acero-inoxidable\/tubo-de-acero-inoxidable\">Tubo de acero inoxidable<\/a><\/li>\n<li class=\"cat-item cat-item-58\"><a href=\"https:\/\/steelsupplydirect.com\/es\/suministro-de-acero\/acero-inoxidable\/varilla-de-acero-inoxidable\">Varilla de acero inoxidable<\/a><\/li>\n<li class=\"cat-item cat-item-59\"><a href=\"https:\/\/steelsupplydirect.com\/es\/suministro-de-acero\/acero-inoxidable\/acero-inoxidable-corrugado\">Acero inoxidable corrugado<\/a><\/li>\n<\/ul>\n<\/li>\n<\/ul><\/aside><\/ul>\n\t\t<\/div>\n\t\t\t\t\t<\/div>\n\n\t\n\n\t<div id=\"col-1367065609\" class=\"col medium-8 small-12 large-8 small-col-first\"  >\n\t\t\t\t<div class=\"col-inner\"  >\n\t\t\t\n\t\t\t\n<h2>PREGUNTAS FRECUENTES<\/h2>\n<div class=\"accordion\">\n\t<div id=\"accordion-3025933408\" class=\"accordion-item\">\n\t\t<a id=\"accordion-3025933408-label\" class=\"accordion-title plain\" href=\"#accordion-item-1.-what-products-does-steelsupplydirect-provide?\" aria-expanded=\"false\" aria-controls=\"accordion-3025933408-content\" >\n\t\t\t<button class=\"toggle\" aria-label=\"Toggle\"><i class=\"icon-angle-down\"><\/i><\/button>\n\t\t\t<span>1. \u00bfQu\u00e9 productos ofrece SteelSupplyDirect?<\/span>\n\t\t<\/a>\n\t\t<div id=\"accordion-3025933408-content\" class=\"accordion-inner\" aria-labelledby=\"accordion-3025933408-label\" >\n\t\t\t\n<p>SteelSupplyDirect ofrece una amplia gama de productos de acero, como chapas y bobinas laminadas en caliente, tubos y varillas de acero al carbono, acero angular, chapas y bobinas laminadas en fr\u00edo y tubos y varillas galvanizados. <\/p>\n<p><strong><span style=\"color: #000000\"><a style=\"border-radius: 99px;color: #00\" href=\" \" data-fancybox=\"\" data-src=\"#hidden-CF7\">Solicite un presupuesto &gt;&gt;&gt;<\/a><\/span><\/strong><\/p>\n\t\t<\/div>\n\t<\/div>\n\t\n\t<div id=\"accordion-3505045056\" class=\"accordion-item\">\n\t\t<a id=\"accordion-3505045056-label\" class=\"accordion-title plain\" href=\"#accordion-item-2.-what-industries-does-steelsupplydirect-cater-to?\" aria-expanded=\"false\" aria-controls=\"accordion-3505045056-content\" >\n\t\t\t<button class=\"toggle\" aria-label=\"Toggle\"><i class=\"icon-angle-down\"><\/i><\/button>\n\t\t\t<span>2. \u00bfA qu\u00e9 sectores se dirige SteelSupplyDirect?<\/span>\n\t\t<\/a>\n\t\t<div id=\"accordion-3505045056-content\" class=\"accordion-inner\" aria-labelledby=\"accordion-3505045056-label\" >\n\t\t\t\n<p>SteelSupplyDirect atiende las diversas necesidades de industrias de todo el mundo. Servimos a industrias de diversos sectores, como la construcci\u00f3n, la fabricaci\u00f3n, el desarrollo de infraestructuras, etc.<\/p>\n<p><strong><span style=\"color: #000000\"><a style=\"border-radius: 99px;color: #00\" href=\" \" data-fancybox=\"\" data-src=\"#hidden-CF7\">Solicite un presupuesto &gt;&gt;&gt;<\/a><\/span><\/strong><\/p>\n\t\t<\/div>\n\t<\/div>\n\t\n\t<div id=\"accordion-3702969238\" class=\"accordion-item\">\n\t\t<a id=\"accordion-3702969238-label\" class=\"accordion-title plain\" href=\"#accordion-item-3.-how-long-has-steelsupplydirect-been-in-the-industry?\" aria-expanded=\"false\" aria-controls=\"accordion-3702969238-content\" >\n\t\t\t<button class=\"toggle\" aria-label=\"Toggle\"><i class=\"icon-angle-down\"><\/i><\/button>\n\t\t\t<span>3. \u00bfCu\u00e1nto tiempo lleva SteelSupplyDirect en el sector?<\/span>\n\t\t<\/a>\n\t\t<div id=\"accordion-3702969238-content\" class=\"accordion-inner\" aria-labelledby=\"accordion-3702969238-label\" >\n\t\t\t\n<p>SteelSupplyDirect tiene una rica historia que abarca varias d\u00e9cadas. Llevamos muchos a\u00f1os operando y sirviendo a los clientes, acumulando experiencia y conocimientos en el campo de la fabricaci\u00f3n y el suministro de acero.<\/p>\n<p><strong><span style=\"color: #000000\"><a style=\"border-radius: 99px;color: #00\" href=\" \" data-fancybox=\"\" data-src=\"#hidden-CF7\">Solicite un presupuesto &gt;&gt;&gt;<\/a><\/span><\/strong><\/p>\n\t\t<\/div>\n\t<\/div>\n\t\n<\/div>\n<div class=\"accordion\">\n\t<div id=\"accordion-4202947118\" class=\"accordion-item\">\n\t\t<a id=\"accordion-4202947118-label\" class=\"accordion-title plain\" href=\"#accordion-item-4.-what-is-the-reputation-of-steelsupplydirect?\" aria-expanded=\"false\" aria-controls=\"accordion-4202947118-content\" >\n\t\t\t<button class=\"toggle\" aria-label=\"Toggle\"><i class=\"icon-angle-down\"><\/i><\/button>\n\t\t\t<span>4. \u00bfCu\u00e1l es la reputaci\u00f3n de SteelSupplyDirect?<\/span>\n\t\t<\/a>\n\t\t<div id=\"accordion-4202947118-content\" class=\"accordion-inner\" aria-labelledby=\"accordion-4202947118-label\" >\n\t\t\t\n<p>SteelSupplyDirect se ha ganado una reputaci\u00f3n de excelencia en la fabricaci\u00f3n y el suministro de productos de acero. Somos conocidos por ofrecer productos de alta calidad que cumplen con los est\u00e1ndares de la industria y satisfacer las necesidades de nuestros clientes.<\/p>\n<p><strong><span style=\"color: #000000\"><a style=\"border-radius: 99px;color: #00\" href=\" \" data-fancybox=\"\" data-src=\"#hidden-CF7\">Solicite un presupuesto &gt;&gt;&gt;<\/a><\/span><\/strong><\/p>\n\t\t<\/div>\n\t<\/div>\n\t\n\t<div id=\"accordion-2664725196\" class=\"accordion-item\">\n\t\t<a id=\"accordion-2664725196-label\" class=\"accordion-title plain\" href=\"#accordion-item-5.-what-are-some-specific-products-offered-by-steelsupplydirect?\" aria-expanded=\"false\" aria-controls=\"accordion-2664725196-content\" >\n\t\t\t<button class=\"toggle\" aria-label=\"Toggle\"><i class=\"icon-angle-down\"><\/i><\/button>\n\t\t\t<span>5. \u00bfCu\u00e1les son algunos de los productos espec\u00edficos que ofrece SteelSupplyDirect?<\/span>\n\t\t<\/a>\n\t\t<div id=\"accordion-2664725196-content\" class=\"accordion-inner\" aria-labelledby=\"accordion-2664725196-label\" >\n\t\t\t\n<p>SteelSupplyDirect ofrece una amplia gama de productos, como chapas laminadas en caliente, bobinas laminadas en caliente, tubos de acero al carbono, varillas de acero al carbono, acero angular, chapas laminadas en fr\u00edo, bobinas laminadas en fr\u00edo, tubos galvanizados y varillas galvanizadas.<\/p>\n<p><strong><span style=\"color: #000000\"><a style=\"border-radius: 99px;color: #00\" href=\" \" data-fancybox=\"\" data-src=\"#hidden-CF7\">Solicite un presupuesto &gt;&gt;&gt;<\/a><\/span><\/strong><\/p>\n\t\t<\/div>\n\t<\/div>\n\t\n<\/div>\n<div class=\"accordion\">\n\t<div id=\"accordion-625104165\" class=\"accordion-item\">\n\t\t<a id=\"accordion-625104165-label\" class=\"accordion-title plain\" href=\"#accordion-item-6.-what-are-the-benefits-of-using-steelsupplydirect-products?\" aria-expanded=\"false\" aria-controls=\"accordion-625104165-content\" >\n\t\t\t<button class=\"toggle\" aria-label=\"Toggle\"><i class=\"icon-angle-down\"><\/i><\/button>\n\t\t\t<span>6. \u00bfCu\u00e1les son las ventajas de utilizar los productos de SteelSupplyDirect?<\/span>\n\t\t<\/a>\n\t\t<div id=\"accordion-625104165-content\" class=\"accordion-inner\" aria-labelledby=\"accordion-625104165-label\" >\n\t\t\t\n<p>Al utilizar los productos de SteelSupplyDirect, los clientes pueden beneficiarse de los materiales de alta calidad, la durabilidad, la fiabilidad y la versatilidad que ofrecen nuestros productos. Nuestros productos est\u00e1n dise\u00f1ados para satisfacer las demandas de diversas industrias y est\u00e1n respaldados por nuestra reputaci\u00f3n de excelencia.<\/p>\n<p><strong><span style=\"color: #000000\"><a style=\"border-radius: 99px;color: #00\" href=\" \" data-fancybox=\"\" data-src=\"#hidden-CF7\">Solicite un presupuesto &gt;&gt;&gt;<\/a><\/span><\/strong><\/p>\n\t\t<\/div>\n\t<\/div>\n\t\n\t<div id=\"accordion-848154545\" class=\"accordion-item\">\n\t\t<a id=\"accordion-848154545-label\" class=\"accordion-title plain\" href=\"#accordion-item-7.-does-steelsupplydirect-ship-products-worldwide?\" aria-expanded=\"false\" aria-controls=\"accordion-848154545-content\" >\n\t\t\t<button class=\"toggle\" aria-label=\"Toggle\"><i class=\"icon-angle-down\"><\/i><\/button>\n\t\t\t<span>7. \u00bfEnv\u00eda SteelSupplyDirect productos a todo el mundo?<\/span>\n\t\t<\/a>\n\t\t<div id=\"accordion-848154545-content\" class=\"accordion-inner\" aria-labelledby=\"accordion-848154545-label\" >\n\t\t\t\n<p>S\u00ed, SteelSupplyDirect abastece al mercado global y env\u00eda sus productos a todo el mundo. Tenemos la capacidad de gestionar el env\u00edo internacional y la log\u00edstica para garantizar la entrega puntual de nuestros productos a clientes de diferentes regiones.<\/p>\n<p><strong><span style=\"color: #000000\"><a style=\"border-radius: 99px;color: #00\" href=\" \" data-fancybox=\"\" data-src=\"#hidden-CF7\">Solicite un presupuesto &gt;&gt;&gt;<\/a><\/span><\/strong><\/p>\n\t\t<\/div>\n\t<\/div>\n\t\n\t<div id=\"accordion-2888659508\" class=\"accordion-item\">\n\t\t<a id=\"accordion-2888659508-label\" class=\"accordion-title plain\" href=\"#accordion-item-8.-can-steelsupplydirect-provide-customized-steel-products?\" aria-expanded=\"false\" aria-controls=\"accordion-2888659508-content\" >\n\t\t\t<button class=\"toggle\" aria-label=\"Toggle\"><i class=\"icon-angle-down\"><\/i><\/button>\n\t\t\t<span>8. \u00bfPuede SteelSupplyDirect suministrar productos de acero personalizados?<\/span>\n\t\t<\/a>\n\t\t<div id=\"accordion-2888659508-content\" class=\"accordion-inner\" aria-labelledby=\"accordion-2888659508-label\" >\n\t\t\t\n<p>es, SteelSupplyDirect tiene la capacidad de proporcionar productos de acero personalizados adaptados a los requisitos espec\u00edficos de nuestros clientes. Nuestro equipo de expertos puede trabajar en estrecha colaboraci\u00f3n con los clientes para comprender sus necesidades y ofrecer soluciones a medida.<\/p>\n<p><strong><span style=\"color: #000000\"><a style=\"border-radius: 99px;color: #00\" href=\" \" data-fancybox=\"\" data-src=\"#hidden-CF7\">Solicite un presupuesto &gt;&gt;&gt;<\/a><\/span><\/strong><\/p>\n\t\t<\/div>\n\t<\/div>\n\t\n\t<div id=\"accordion-3892140992\" class=\"accordion-item\">\n\t\t<a id=\"accordion-3892140992-label\" class=\"accordion-title plain\" href=\"#accordion-item-9.-how-can-i-contact-steelsupplydirect-for-inquiries-or-orders?\" aria-expanded=\"false\" aria-controls=\"accordion-3892140992-content\" >\n\t\t\t<button class=\"toggle\" aria-label=\"Toggle\"><i class=\"icon-angle-down\"><\/i><\/button>\n\t\t\t<span>9. \u00bfC\u00f3mo puedo ponerme en contacto con SteelSupplyDirect para realizar consultas o pedidos?<\/span>\n\t\t<\/a>\n\t\t<div id=\"accordion-3892140992-content\" class=\"accordion-inner\" aria-labelledby=\"accordion-3892140992-label\" >\n\t\t\t\n<p>Para ponerse en contacto con SteelSupplyDirect, puede visitar nuestro sitio web y encontrar nuestra informaci\u00f3n de contacto. Hemos proporcionado direcciones de correo electr\u00f3nico, n\u00fameros de tel\u00e9fono y otros detalles relevantes para facilitar las consultas, los pedidos y la comunicaci\u00f3n.<\/p>\n<p><strong><span style=\"color: #000000\"><a style=\"border-radius: 99px;color: #00\" href=\" \" data-fancybox=\"\" data-src=\"#hidden-CF7\">Solicite un presupuesto &gt;&gt;&gt;<\/a><\/span><\/strong><\/p>\n\t\t<\/div>\n\t<\/div>\n\t\n<\/div>\n<div class=\"accordion\">\n\t<div id=\"accordion-3335289846\" class=\"accordion-item\">\n\t\t<a id=\"accordion-3335289846-label\" class=\"accordion-title plain\" href=\"#accordion-item-10.-does-steelsupplydirect-provide-technical-support-or-assistance?\" aria-expanded=\"false\" aria-controls=\"accordion-3335289846-content\" >\n\t\t\t<button class=\"toggle\" aria-label=\"Toggle\"><i class=\"icon-angle-down\"><\/i><\/button>\n\t\t\t<span>10. \u00bfProporciona SteelSupplyDirect soporte o asistencia t\u00e9cnica?<\/span>\n\t\t<\/a>\n\t\t<div id=\"accordion-3335289846-content\" class=\"accordion-inner\" aria-labelledby=\"accordion-3335289846-label\" >\n\t\t\t\n<p>S\u00ed, SteelSupplyDirect cuenta con un equipo de soporte t\u00e9cnico especializado que puede proporcionar asistencia y orientaci\u00f3n a los clientes en relaci\u00f3n con nuestros productos de acero. Damos prioridad a la satisfacci\u00f3n del cliente y nos comprometemos a resolver cualquier duda o inquietud t\u00e9cnica.<\/p>\n<p><strong><span style=\"color: #000000\"><a style=\"border-radius: 99px;color: #00\" href=\" \" data-fancybox=\"\" data-src=\"#hidden-CF7\">Solicite un presupuesto &gt;&gt;&gt;<\/a><\/span><\/strong><\/p>\n\t\t<\/div>\n\t<\/div>\n\t\n\t<div id=\"accordion-2972421374\" class=\"accordion-item\">\n\t\t<a id=\"accordion-2972421374-label\" class=\"accordion-title plain\" href=\"#accordion-item-11.-does-steelsupplydirect-offer-competitive-pricing-for-its-products?\" aria-expanded=\"false\" aria-controls=\"accordion-2972421374-content\" >\n\t\t\t<button class=\"toggle\" aria-label=\"Toggle\"><i class=\"icon-angle-down\"><\/i><\/button>\n\t\t\t<span>11. \u00bfOfrece SteelSupplyDirect precios competitivos para sus productos?<\/span>\n\t\t<\/a>\n\t\t<div id=\"accordion-2972421374-content\" class=\"accordion-inner\" aria-labelledby=\"accordion-2972421374-label\" >\n\t\t\t\n<p>SteelSupplyDirect se esfuerza por ofrecer precios competitivos para sus productos de acero, teniendo en cuenta factores como la calidad, los costes de producci\u00f3n, las tendencias del mercado y los requisitos de los clientes. Nuestro objetivo es ofrecer soluciones asequibles sin comprometer la calidad del producto.<\/p>\n<p><strong><span style=\"color: #000000\"><a style=\"border-radius: 99px;color: #00\" href=\" \" data-fancybox=\"\" data-src=\"#hidden-CF7\">Solicite un presupuesto &gt;&gt;&gt;<\/a><\/span><\/strong><\/p>\n\t\t<\/div>\n\t<\/div>\n\t\n\t<div id=\"accordion-847748439\" class=\"accordion-item\">\n\t\t<a id=\"accordion-847748439-label\" class=\"accordion-title plain\" href=\"#accordion-item-12.-are-steelsupplydirect&#039;s-products-compliant-with-industry-standards?\" aria-expanded=\"false\" aria-controls=\"accordion-847748439-content\" >\n\t\t\t<button class=\"toggle\" aria-label=\"Toggle\"><i class=\"icon-angle-down\"><\/i><\/button>\n\t\t\t<span>12. \u00bfCumplen los productos de SteelSupplyDirect las normas del sector?<\/span>\n\t\t<\/a>\n\t\t<div id=\"accordion-847748439-content\" class=\"accordion-inner\" aria-labelledby=\"accordion-847748439-label\" >\n\t\t\t\n<p>S\u00ed, SteelSupplyDirect garantiza que sus productos cumplen las normas y reglamentos del sector. Nos adherimos a estrictos procesos de control de calidad y nos sometemos a inspecciones peri\u00f3dicas para mantener la integridad de los productos y cumplir las normas exigidas.<\/p>\n<p><strong><span style=\"color: #000000\"><a style=\"border-radius: 99px;color: #00\" href=\" \" data-fancybox=\"\" data-src=\"#hidden-CF7\">Solicite un presupuesto &gt;&gt;&gt;<\/a><\/span><\/strong><\/p>\n\t\t<\/div>\n\t<\/div>\n\t\n<\/div>\n\t\t<\/div>\n\t\t\t\t\t<\/div>\n\n\t\n<\/div>","protected":false},"excerpt":{"rendered":"","protected":false},"author":10,"featured_media":0,"parent":0,"menu_order":0,"comment_status":"closed","ping_status":"closed","template":"page-blank.php","meta":{"footnotes":""},"class_list":["post-38","page","type-page","status-publish","hentry"],"_links":{"self":[{"href":"https:\/\/steelsupplydirect.com\/es\/wp-json\/wp\/v2\/pages\/38","targetHints":{"allow":["GET"]}}],"collection":[{"href":"https:\/\/steelsupplydirect.com\/es\/wp-json\/wp\/v2\/pages"}],"about":[{"href":"https:\/\/steelsupplydirect.com\/es\/wp-json\/wp\/v2\/types\/page"}],"author":[{"embeddable":true,"href":"https:\/\/steelsupplydirect.com\/es\/wp-json\/wp\/v2\/users\/10"}],"replies":[{"embeddable":true,"href":"https:\/\/steelsupplydirect.com\/es\/wp-json\/wp\/v2\/comments?post=38"}],"version-history":[{"count":21,"href":"https:\/\/steelsupplydirect.com\/es\/wp-json\/wp\/v2\/pages\/38\/revisions"}],"predecessor-version":[{"id":3563,"href":"https:\/\/steelsupplydirect.com\/es\/wp-json\/wp\/v2\/pages\/38\/revisions\/3563"}],"wp:attachment":[{"href":"https:\/\/steelsupplydirect.com\/es\/wp-json\/wp\/v2\/media?parent=38"}],"curies":[{"name":"wp","href":"https:\/\/api.w.org\/{rel}","templated":true}]}}