{"id":1783,"date":"2023-07-21T14:30:02","date_gmt":"2023-07-21T06:30:02","guid":{"rendered":"https:\/\/steelsupplydirect.com\/?post_type=product&#038;p=1783"},"modified":"2025-09-22T19:52:39","modified_gmt":"2025-09-22T11:52:39","slug":"placa-de-acero-al-carbono-sae1006","status":"publish","type":"product","link":"https:\/\/steelsupplydirect.com\/es\/product\/placa-de-acero-al-carbono-sae1006","title":{"rendered":"Placa de acero laminado en caliente"},"content":{"rendered":"<div style=\"overflow: auto\">\n<table>\n<thead>\n<tr>\n<th>Nombre del producto<\/th>\n<th>Chapa de acero al carbono<\/th>\n<\/tr>\n<\/thead>\n<tbody>\n<tr>\n<td>Grado<\/td>\n<td>Q195\u3001Q215\u3001Q235\u3001Q255\u3001Q275\u3001Q345\u3001Q355\u3001SS400\u3001ST37\u3001ST52\u3001S235JR\u3001a36\u3001s235jr etc.<\/td>\n<\/tr>\n<tr>\n<td>Est\u00e1ndar<\/td>\n<td>JIS,AISI,ASTM,GB,DIN,BS,BV,etc.<\/td>\n<\/tr>\n<tr>\n<td>Longitud<\/td>\n<td>4m-12m o seg\u00fan las necesidades del cliente<\/td>\n<\/tr>\n<tr>\n<td>Anchura<\/td>\n<td>50MM ~ 2200MM o seg\u00fan las necesidades del cliente<\/td>\n<\/tr>\n<tr>\n<td>Espesor<\/td>\n<td>0,2 mm-3,0 mm o seg\u00fan las necesidades del cliente<\/td>\n<\/tr>\n<tr>\n<td>Tratamiento de superficies<\/td>\n<td>Limpieza, chorro de arena, pintura pulverizada seg\u00fan los requisitos del cliente<\/td>\n<\/tr>\n<tr>\n<td>Tecnolog\u00eda<\/td>\n<td>Laminado en caliente, laminado en fr\u00edo<\/td>\n<\/tr>\n<tr>\n<td>Aplicaci\u00f3n<\/td>\n<td>Ampliamente utilizado en maquinaria, maquinaria metal\u00fargica, industria del carb\u00f3n, maquinaria minera, protecci\u00f3n del medio ambienteMaquinaria, alimentador, contenedor, cuerpo de volquete, placa de tamiz, elevador, defensa, engranaje, herramienta y otras industrias.<\/td>\n<\/tr>\n<tr>\n<td>Plazo de entrega<\/td>\n<td>De 7 a 15 d\u00edas despu\u00e9s de recibir el anticipo<\/td>\n<\/tr>\n<\/tbody>\n<\/table>\n<\/div>\n<h2>Parte 1 Descripci\u00f3n del producto<\/h2>\n<p>La chapa de acero al carbono se divide en chapas laminadas en fr\u00edo y chapas laminadas en caliente, y la temperatura de recristalizaci\u00f3n es el punto distintivo. La chapa laminada en caliente tiene poca tenacidad y suavidad superficial, y su precio es bajo, mientras que la chapa laminada en fr\u00edo tiene buena elasticidad y tenacidad, pero su precio es m\u00e1s caro. La chapa laminada en fr\u00edo se lamina en fr\u00edo, y la superficie no tiene piel de \u00f3xido y es de buena calidad. La chapa laminada en caliente se procesa mediante laminado en caliente, y la superficie tiene una capa de \u00f3xido, y el grosor de la chapa es pobre.<\/p>\n<p>Tras el tratamiento t\u00e9rmico, la chapa de acero laminada en caliente tendr\u00e1 una gran dureza y una buena resistencia al desgaste. La dureza de la chapa de acero laminada en caliente en estado recocido es moderada y tiene buena maquinabilidad. La chapa de acero laminada en caliente tiene una excelente tecnolog\u00eda de procesamiento, buen moldeado y f\u00e1cil soldadura.De acuerdo con el espesor de la chapa de acero, chapa de acero delgada &lt;4 mm (la m\u00e1s delgada 0,2 mm), chapa de acero de espesor medio 4~60 mm, chapa de acero extra gruesa 60~115 mm.El ancho de la chapa es de 500~1500 mm; El ancho del espesor es de 600~3000 mm.<\/p>\n<h2>Parte 2 Ventajas de la chapa de acero al carbono<\/h2>\n<p>1. Despu\u00e9s del tratamiento t\u00e9rmico, se puede mejorar la dureza y la resistencia al desgaste.<br \/>\n2. Al recocido, la dureza es adecuada y la capacidad de corte es buena.<br \/>\n3. Sus materias primas son muy comunes, por lo que es f\u00e1cil encontrarlas, de modo que el coste de producci\u00f3n no es elevado.<\/p>\n<p>Una chapa de acero al carbono se considera normalmente como el acero que no contiene muchos elementos de acero de aleaci\u00f3n, tambi\u00e9n llamado acero dulce. En general, los elementos son C, Mn, P, S, Si, adem\u00e1s de estos, no hay l\u00edmites m\u00ednimos para los elementos de Al, Cr, Ni, Mo, V, etc.Las placas de acero al carbono est\u00e1n disponibles en diferentes grados dependiendo del contenido de carbono y la fuerza.<\/p>\n<h2>Clasificaci\u00f3n de la Parte 3<\/h2>\n<h4>1.Chapa de acero de bajo contenido en carbono<\/h4>\n<p>Para el contenido de carbono de 0,06% a 0,25%, tambi\u00e9n lo llamamos chapa de acero dulce.<\/p>\n<h4>2.Placa de acero al carbono medio<\/h4>\n<p>C de 0,25% a 0,55%.<\/p>\n<h4>3.Chapa de acero con alto contenido en carbono<\/h4>\n<p>0,55% a 1,0%, tambi\u00e9n llamada chapa de acero duro.<\/p>\n<p>El acero con bajo contenido en carbono es el m\u00e1s com\u00fan, muy maleable y d\u00factil. El acero con medio contenido en carbono equilibra la ductilidad y la dureza para ofrecer una excelente resistencia al desgaste. El acero con alto contenido en carbono es excepcionalmente resistente, mientras que el acero con ultra alto contenido en carbono puede templarse hasta alcanzar una dureza a\u00fan mayor, pero sin maleabilidad.<\/p>\n<p>A medida que aumenta el porcentaje de carbono, el acero puede volverse m\u00e1s duro y resistente mediante el tratamiento t\u00e9rmico. El acero al carbono suele calentarse para modificar sus propiedades mec\u00e1nicas, normalmente la ductilidad, la dureza, la resistencia y la resistencia al impacto. Aumentar el contenido de carbono del acero al carbono lo hace m\u00e1s duro y resistente, pero reduce la capacidad del acero para ser soldado, haci\u00e9ndolo m\u00e1s quebradizo.<\/p>\n<p>La chapa de acero al carbono se utiliza sobre todo para fines estructurales, como edificios, pero tiene la flexibilidad necesaria para crear dise\u00f1os ornamentales. La chapa de acero con bajo contenido en carbono (hierro forjado) suele emplearse en vallas, eslabones de cadena, puertas y barandillas. El acero estructural (acero de carbono medio) se utiliza en coches, frigor\u00edficos, lavadoras, edificios y puentes. Las chapas de acero suelen ser de acero de carbono medio.<\/p>","protected":false},"excerpt":{"rendered":"<p>Le damos la bienvenida. Gracias por su atenci\u00f3n a los productos de nuestra empresa. Nuestros productos de acero est\u00e1n dise\u00f1ados para satisfacer las necesidades de su proyecto y la calidad. Esperamos que pueda encontrar productos satisfactorios durante la navegaci\u00f3n, y perm\u00edtanos proporcionarle una experiencia de compra satisfactoria. Esperamos poder ofrecerle productos y servicios de calidad.<\/p>","protected":false},"featured_media":2828,"comment_status":"closed","ping_status":"closed","template":"","meta":[],"product_cat":[15,40],"class_list":{"0":"post-1783","1":"product","2":"type-product","3":"status-publish","4":"has-post-thumbnail","6":"product_cat-carbon-steel","7":"product_cat-carbon-steel-plate","9":"first","10":"instock","11":"shipping-taxable","12":"product-type-simple"},"_links":{"self":[{"href":"https:\/\/steelsupplydirect.com\/es\/wp-json\/wp\/v2\/product\/1783","targetHints":{"allow":["GET"]}}],"collection":[{"href":"https:\/\/steelsupplydirect.com\/es\/wp-json\/wp\/v2\/product"}],"about":[{"href":"https:\/\/steelsupplydirect.com\/es\/wp-json\/wp\/v2\/types\/product"}],"replies":[{"embeddable":true,"href":"https:\/\/steelsupplydirect.com\/es\/wp-json\/wp\/v2\/comments?post=1783"}],"wp:featuredmedia":[{"embeddable":true,"href":"https:\/\/steelsupplydirect.com\/es\/wp-json\/wp\/v2\/media\/2828"}],"wp:attachment":[{"href":"https:\/\/steelsupplydirect.com\/es\/wp-json\/wp\/v2\/media?parent=1783"}],"wp:term":[{"taxonomy":"product_cat","embeddable":true,"href":"https:\/\/steelsupplydirect.com\/es\/wp-json\/wp\/v2\/product_cat?post=1783"}],"curies":[{"name":"wp","href":"https:\/\/api.w.org\/{rel}","templated":true}]}}