{"id":3314,"date":"2023-08-17T16:31:35","date_gmt":"2023-08-17T08:31:35","guid":{"rendered":"https:\/\/steelsupplydirect.com\/?post_type=product&#038;p=3314"},"modified":"2023-10-30T14:11:56","modified_gmt":"2023-10-30T06:11:56","slug":"espesor-0-2-80mm-chapa-de-acero-con-bajo-contenido-en-carbono","status":"publish","type":"product","link":"https:\/\/steelsupplydirect.com\/es\/product\/espesor-0-2-80mm-chapa-de-acero-con-bajo-contenido-en-carbono","title":{"rendered":"Espesor 0,2-80mm Placa de acero con bajo contenido en carbono"},"content":{"rendered":"<div style=\"overflow: auto\">\n<table>\n<thead>\n<tr>\n<th>Nombre del producto<\/th>\n<th>Chapa de acero al carbono<\/th>\n<\/tr>\n<\/thead>\n<tbody>\n<tr>\n<td>Grado<\/td>\n<td>Q195\u3001Q215\u3001Q235\u3001Q255\u3001Q275\u3001Q345\u3001Q355\u3001ST37\u3001ST52\u3001S235JR\u3001a36\u3001s235jr etc.<\/td>\n<\/tr>\n<tr>\n<td>Est\u00e1ndar<\/td>\n<td>JIS,AISI,ASTM,GB,DIN,BS,BV,etc.<\/td>\n<\/tr>\n<tr>\n<td>Longitud<\/td>\n<td>4m-12m o seg\u00fan las necesidades del cliente<\/td>\n<\/tr>\n<tr>\n<td>Anchura<\/td>\n<td>50MM ~ 2200MM o seg\u00fan las necesidades del cliente<\/td>\n<\/tr>\n<tr>\n<td>Espesor<\/td>\n<td>0,2 mm-3,0 mm o seg\u00fan las necesidades del cliente<\/td>\n<\/tr>\n<tr>\n<td>Tratamiento de superficies<\/td>\n<td>Limpieza, chorro de arena, pintura pulverizada seg\u00fan los requisitos del cliente<\/td>\n<\/tr>\n<tr>\n<td>Tecnolog\u00eda<\/td>\n<td>Laminado en caliente, laminado en fr\u00edo<\/td>\n<\/tr>\n<tr>\n<td>Aplicaci\u00f3n<\/td>\n<td>Ampliamente utilizado en maquinaria, maquinaria metal\u00fargica, industria del carb\u00f3n, maquinaria minera, protecci\u00f3n del medio ambienteMaquinaria, alimentador, contenedor, cuerpo de volquete, placa de tamiz, elevador, defensa, engranaje, herramienta y otras industrias.<\/td>\n<\/tr>\n<tr>\n<td>Plazo de entrega<\/td>\n<td>De 7 a 15 d\u00edas despu\u00e9s de recibir el anticipo<\/td>\n<\/tr>\n<\/tbody>\n<\/table>\n<\/div>\n\n\n<h2>Parte 1 Producci\u00f3n Descripci\u00f3n<\/h2>\n<p>El acero bajo en carbono (acero dulce) es un acero al carbono con un contenido de carbono inferior a 0,25%. Generalmente se refiere al acero con un contenido de carbono entre 0,10% y 0,25%. Debido a su escasa resistencia, baja dureza y blandura, tambi\u00e9n se denomina acero dulce. Incluye la mayor\u00eda de los aceros estructurales al carbono ordinarios y algunos aceros estructurales al carbono de alta calidad. La chapa de acero con bajo contenido en carbono es un tipo de material muy utilizado.<\/p>\n<p>La chapa laminada en fr\u00edo es un producto laminado a la temperatura de recristalizaci\u00f3n. Se utiliza sobre todo en la fabricaci\u00f3n de autom\u00f3viles y productos el\u00e9ctricos. El laminado en fr\u00edo es el laminado a la temperatura de recristalizaci\u00f3n, pero generalmente se entiende como laminado con materiales laminados a temperatura normal.<\/p>\n<p>DC01 Es una placa de acero laminada en fr\u00edo, en la norma nacional GBT 5213-2008 placa de acero de bajo carbono laminado en fr\u00edo y la definici\u00f3n de banda de acero, resistencia a la tracci\u00f3n 270 ~ 410 (\u03c3b\/MPa), l\u00edmite el\u00e1stico 130 ~ 260 (\u03c3s\/MPa), l\u00edmite el\u00e1stico 130 ~ 260 (\u03c3s\/MPa).<\/p>\n<h2>Parte 2 Proceso de producci\u00f3n<\/h2>\n<h4>1.Propiedades<\/h4>\n<p>Como no hay calentamiento durante el proceso de producci\u00f3n, no hay defectos como picaduras y escamas de \u00f3xido de hierro que suelen aparecer en el laminado en caliente, y la calidad de la superficie es buena y el acabado es alto. Adem\u00e1s, la precisi\u00f3n dimensional de los productos laminados en fr\u00edo es alta, y el rendimiento y la estructura de los productos pueden cumplir algunos requisitos especiales de uso, como las propiedades electromagn\u00e9ticas y las propiedades de embutici\u00f3n profunda.<\/p>\n<h4>2. Especificaciones<\/h4>\n<p>El grosor m\u00ednimo es de 0,2-4 mm, la anchura es de 600-2 000 mm y la longitud de la chapa de acero es de 1200-6000 mm.<\/p>\n<h4>3. Grados<\/h4>\n<p>Q195A-Q235A, Q195AF-Q235AF, Q295A(B)-Q345 A(B); SPCC, SPCD, SPCE, ST12-15; DC01-06<\/p>\n<h4>4. Rendimiento<\/h4>\n<p>Principalmente calidades de acero con bajo contenido en carbono, que requieren buenas prestaciones de plegado y soldadura en fr\u00edo, as\u00ed como ciertas prestaciones de estampaci\u00f3n.<\/p>\n<p>La chapa laminada en fr\u00edo tiene un buen rendimiento, es decir, mediante el laminado en fr\u00edo se pueden obtener flejes laminados en fr\u00edo y chapas de acero de menor grosor y mayor precisi\u00f3n, con una alta planitud, un alto acabado superficial, una superficie limpia y brillante de la chapa laminada en fr\u00edo, y f\u00e1cil para el revestimiento Procesamiento, muchas variedades, amplia aplicaci\u00f3n, alto rendimiento de estampado, sin envejecimiento, bajo l\u00edmite el\u00e1stico, por lo que la chapa laminada en fr\u00edo tiene una amplia gama de usos, principalmente utilizada en autom\u00f3viles, tambores de hierro impreso, construcci\u00f3n, materiales de construcci\u00f3n, bicicletas y otras industrias. Al mismo tiempo, tambi\u00e9n es la mejor opci\u00f3n para la producci\u00f3n de chapas de acero con revestimiento org\u00e1nico.<\/p>\n<h4>5. Tipo<\/h4>\n<p>(1) Tras el recocido, se procesa en laminado en fr\u00edo ordinario;<\/p>\n<p>(2) La unidad de galvanizado con dispositivo de tratamiento previo al recocido procesa el galvanizado;<\/p>\n<p>(3) Paneles que b\u00e1sicamente no requieren procesamiento.<\/p>\n<p>Las calidades de acero m\u00e1s utilizadas son CDCM - SPCC (SPCD, SPCE, ST12, ST13, ST14, BLC, BLD, BUSD, BUFD, BSUFD, etc.), pero sus propiedades son b\u00e1sicamente las mismas.<\/p>\n<h2>Parte 3 Comparar<\/h2>\n<h4>1.Aluminio-cincado<\/h4>\n<p>55% de aluminio, 43,4% de zinc y 1,6% de silicio se recubren sobre la superficie de la chapa de acero mediante un proceso continuo de revestimiento fundido.<br \/>(1) Tiene una buena durabilidad y una vida \u00fatil m\u00e1s larga que el acero galvanizado;<br \/>(2) Tiene buena resistencia al calor y es menos probable que cambie de color a altas temperaturas que las chapas de acero galvanizado;<br \/>(3) Tiene buena reflectividad t\u00e9rmica;<br \/>(4) Tiene una magn\u00edfica superficie de color blanco plateado;<br \/>(5) Tiene un rendimiento de procesamiento y pulverizaci\u00f3n similar al de la chapa de acero galvanizado;<br \/>(6) Tiene un buen rendimiento de soldadura.<br \/>\u00c1mbito de aplicaci\u00f3n: industrias que utilizan chapas galvanizadas con elevados requisitos.<\/p>\n<h4>2. Esta\u00f1o electrodepositado (hojalata)<\/h4>\n<p>Se procesa mediante el proceso de esta\u00f1ado galv\u00e1nico con \u00e1nodo insoluble de Frothstein.<br \/>(1) Revestimiento de color;<br \/>(2) Acero el\u00e9ctrico (chapa de acero al silicio)<\/p>","protected":false},"excerpt":{"rendered":"<p>Nombre del producto Hoja de acero al carbono Grado Q195\u3001Q215\u3001Q235\u3001Q255\u3001Q275\u3001Q345\u3001Q355\u3001ST37\u3001ST52\u3001S235JR\u3001a36\u3001s235jr etc. Est\u00e1ndar JIS,AISI,ASTM,GB,DIN,BS,BV,etc. Longitud 4m-12m o como sea requerido por el cliente Ancho 50MM ~ 2200MM o como sea requerido por el cliente Espesor 0.2mm-3.0mm o como sea requerido por el cliente Tratamiento de superficie Limpiar, chorro de arena, pintura en aerosol de acuerdo a los requerimientos del cliente Tecnolog\u00eda Laminado en caliente, laminado en fr\u00edo Aplicaci\u00f3n Ampliamente utilizado en maquinaria, metalurgia [...]","protected":false},"featured_media":3145,"comment_status":"closed","ping_status":"closed","template":"","meta":[],"product_cat":[15,40],"class_list":{"0":"post-3314","1":"product","2":"type-product","3":"status-publish","4":"has-post-thumbnail","6":"product_cat-carbon-steel","7":"product_cat-carbon-steel-plate","9":"first","10":"instock","11":"shipping-taxable","12":"product-type-simple"},"_links":{"self":[{"href":"https:\/\/steelsupplydirect.com\/es\/wp-json\/wp\/v2\/product\/3314","targetHints":{"allow":["GET"]}}],"collection":[{"href":"https:\/\/steelsupplydirect.com\/es\/wp-json\/wp\/v2\/product"}],"about":[{"href":"https:\/\/steelsupplydirect.com\/es\/wp-json\/wp\/v2\/types\/product"}],"replies":[{"embeddable":true,"href":"https:\/\/steelsupplydirect.com\/es\/wp-json\/wp\/v2\/comments?post=3314"}],"wp:featuredmedia":[{"embeddable":true,"href":"https:\/\/steelsupplydirect.com\/es\/wp-json\/wp\/v2\/media\/3145"}],"wp:attachment":[{"href":"https:\/\/steelsupplydirect.com\/es\/wp-json\/wp\/v2\/media?parent=3314"}],"wp:term":[{"taxonomy":"product_cat","embeddable":true,"href":"https:\/\/steelsupplydirect.com\/es\/wp-json\/wp\/v2\/product_cat?post=3314"}],"curies":[{"name":"wp","href":"https:\/\/api.w.org\/{rel}","templated":true}]}}