{"id":3319,"date":"2023-08-18T14:53:15","date_gmt":"2023-08-18T06:53:15","guid":{"rendered":"https:\/\/steelsupplydirect.com\/?post_type=product&#038;p=3319"},"modified":"2025-09-26T11:42:23","modified_gmt":"2025-09-26T03:42:23","slug":"bobina-de-acero-laminada-en-caliente","status":"publish","type":"product","link":"https:\/\/steelsupplydirect.com\/es\/product\/bobina-de-acero-laminada-en-caliente","title":{"rendered":"Bobina de acero laminado en caliente"},"content":{"rendered":"<h2>Descripci\u00f3n del producto<\/h2>\n<p data-block-id=\"74148ae9-6784-41e7-9d82-2b8e5e9e82f8\" data-pm-slice=\"1 1 []\">La laminaci\u00f3n en caliente se divide en tres tipos en funci\u00f3n del material y el rendimiento:<\/p>\n<ul data-block-id=\"d1e2fc52-f3c3-4ca3-88d2-9c851a51c99c\">\n<li>\n<p data-block-id=\"fcfddc55-14a0-4cb2-babe-8aa376939467\">Acero estructural al carbono ordinario<\/p>\n<\/li>\n<li>\n<p data-block-id=\"e3d25704-42ce-4f48-ae35-bd7e1b5667a2\">Acero de baja aleaci\u00f3n<\/p>\n<\/li>\n<li>\n<p data-block-id=\"f044b61c-7926-4d2e-998c-0f33036de9b1\">Acero aleado<\/p>\n<\/li>\n<\/ul>\n<p data-block-id=\"854ef3f9-2ba9-4d21-ae62-a9fabb982a08\">\n<p data-block-id=\"ab22aefe-8c5d-441f-82ec-ffb4a8bc6bbe\">Puede dividirse en funci\u00f3n de diferentes usos, entre ellos:<\/p>\n<ul data-block-id=\"17cf5fc0-f397-4464-8886-dafcdbbd338d\">\n<li>\n<p data-block-id=\"bd711b44-8b5a-4a71-991b-d374e7b01dea\">Acero para conformado en fr\u00edo<\/p>\n<\/li>\n<li>\n<p data-block-id=\"096a989f-5343-438e-a8ad-de4cb7582145\">Acero estructural<\/p>\n<\/li>\n<li>\n<p data-block-id=\"d4a8bf22-45f2-448c-a6f3-4daf1bdd8ad9\">Acero estructural para automoci\u00f3n<\/p>\n<\/li>\n<li>\n<p data-block-id=\"77e92733-dcd0-433e-921c-d90a7358eb8c\">Acero estructural resistente a la corrosi\u00f3n<\/p>\n<\/li>\n<li>\n<p data-block-id=\"9d303ca0-f308-4d9c-a68b-4b4bf3c136c0\">Acero estructural mec\u00e1nico<\/p>\n<\/li>\n<li>\n<p data-block-id=\"89b6ff2a-efe6-436d-8bb5-fd14b47eb4ff\">Acero para soldar bombonas de gas y recipientes a presi\u00f3n<\/p>\n<\/li>\n<li>\n<p data-block-id=\"6bb9c3f9-de53-4b19-8645-2bb13c63fb29\">Acero para tuber\u00edas<\/p>\n<\/li>\n<\/ul>\n<p data-block-id=\"2c07dee8-c258-4371-8766-e78b32f7a120\">La bobina laminada en caliente parte de una colada continua o blooming slab. Primero se calienta en un horno de marcha. A continuaci\u00f3n, los desincrustadores de agua a alta presi\u00f3n la limpian. Por \u00faltimo, pasa al tren de laminaci\u00f3n en bruto. El laminado controlado, el enfriamiento laminar y el enrollado despu\u00e9s del laminado forman bobinas de pelo recto. El di\u00e1metro interior de la bobina es de 760mm, se utiliza para barcos, coches, puentes, HRB\uff1e90. Las bobinas de pelo recto suelen tener forma de lengua o de cola de pez. Suelen carecer de precisi\u00f3n de grosor y anchura. Los bordes pueden presentar defectos como ondulaciones, dobladillos o formas de torre. Su peso de bobina es pesado. (A la industria general de tubos le gusta utilizar).<\/p>\n<div style=\"overflow: auto;\">\n<table>\n<thead>\n<tr>\n<td>Mercanc\u00eda:<\/td>\n<td>Bobina de acero al carbono<\/td>\n<\/tr>\n<\/thead>\n<tbody>\n<tr>\n<td>Est\u00e1ndar:<\/td>\n<td>DIN GB JIS BA AISI ASTM EN GOST ETC.<\/td>\n<\/tr>\n<tr>\n<td>T\u00e9cnica:<\/td>\n<td>Comercial \/ Dibujo \/ Dibujo profundo \/Dibujo extraprofundo\/Calidad estructural<\/td>\n<\/tr>\n<tr>\n<td>Tratamiento de la superficie:<\/td>\n<td>Cromado y aceitado, y antidedo<\/td>\n<\/tr>\n<tr>\n<td>Dureza:<\/td>\n<td>Calidad blanda, semidura y dura<\/td>\n<\/tr>\n<tr>\n<td rowspan=\"2\">Grado:<\/td>\n<td>DC01<\/td>\n<\/tr>\n<tr>\n<td>ST14,ST15,ST16,DC01,DC03,DC04,DC05,DC06,etc.<\/td>\n<\/tr>\n<tr>\n<td>Grosor:<\/td>\n<td>0,12-12,0 mm<\/td>\n<\/tr>\n<tr>\n<td>Anchura:<\/td>\n<td>600-1500 mm<\/td>\n<\/tr>\n<tr>\n<td>Peso de la bobina:<\/td>\n<td>3-34MT\/Bobina o seg\u00fan su petici\u00f3n<\/td>\n<\/tr>\n<tr>\n<td>MOQ:<\/td>\n<td>5MT<\/td>\n<\/tr>\n<tr>\n<td>Embalaje:<\/td>\n<td>Norma de exportaci\u00f3n, navegable<\/td>\n<\/tr>\n<tr>\n<td>ID:<\/td>\n<td>508 mm o 610 mm<\/td>\n<\/tr>\n<tr>\n<td>T\u00e9rmino comercial:<\/td>\n<td>FOB, CFR, CIF, EXW, ETC.<\/td>\n<\/tr>\n<tr>\n<td>Tipo de transporte:<\/td>\n<td>Contenedores, graneles y trenes<\/td>\n<\/tr>\n<\/tbody>\n<\/table>\n<\/div>\n<h2>Uso de la bobina de acero laminado en caliente<\/h2>\n<p data-block-id=\"8c066f61-5abd-4000-8776-07fd9b1e3127\" data-pm-slice=\"1 1 []\">Las bobinas laminadas en caliente comienzan como desbastes, en su mayor\u00eda procedentes de colada continua. Tras calentarse, se convierten en flejes de acero a trav\u00e9s de unidades de laminado en bruto y de acabado. La bobina laminada en caliente sale del \u00faltimo laminador de acabado. La bobina laminada en caliente sale del \u00faltimo tren de acabado, se enfr\u00eda a la temperatura fijada mediante flujo laminar y, a continuaci\u00f3n, la bobinadora la transforma en una bobina de acero.<\/p>\n<p data-block-id=\"74f73583-18e4-4de2-9e80-e2dce328a8b9\">La bobina de acero enfriada pasa por distintos procesos en funci\u00f3n de las diferentes necesidades de los usuarios. La l\u00ednea de acabado transforma el acero en varios productos. Entre ellos est\u00e1n las chapas de acero, las bobinas planas y las tiras de acero cortadas. Los pasos incluyen la nivelaci\u00f3n, el enderezado, el corte transversal, el corte longitudinal, la inspecci\u00f3n, el pesaje, el embalaje y el marcado.<\/p>\n<p data-block-id=\"6c80948d-5684-470f-9088-0d9bc4034b30\">En pocas palabras, un tocho se calienta y se lamina varias veces, despu\u00e9s se recorta y se endereza para obtener una chapa de acero. Este m\u00e9todo de procesado se denomina laminado en caliente. Los productos de acero laminado en caliente son fuertes y resistentes. Tambi\u00e9n son f\u00e1ciles de procesar y soldar. Estas cualidades los hacen populares en muchas industrias.<\/p>\n<p data-block-id=\"cf9d3bfe-1a69-4d5e-bab7-ede591291365\">Se utilizan en barcos, coches, puentes, construcci\u00f3n, maquinaria y recipientes a presi\u00f3n. Las nuevas tecnolog\u00edas est\u00e1n mejorando el control de las chapas de acero laminadas en caliente. Mejoran la precisi\u00f3n dimensional, la forma de la chapa y la calidad de la superficie.<\/p>\n<p data-block-id=\"d8cbfa9e-b4c8-427e-93f8-d35aa60faab5\">A medida que surgen nuevos productos, crece el uso de chapas y flejes de acero laminados en caliente. Su importancia en el mercado es cada vez mayor. competitividad.<\/p>\n<h2>Calidades de acero<\/h2>\n<p data-block-id=\"bf84a594-d5d8-418f-955b-acfcdf17d25d\" data-pm-slice=\"1 1 []\">1. SPHC-es la abreviatura de la primera S de acero, P es la abreviatura de Placa, H es la abreviatura de Caliente y C es la abreviatura de Comercial. El conjunto indica que generalmente se utilizan chapas y flejes de acero laminados en caliente.<\/p>\n<p data-block-id=\"a96c3a87-3475-48ab-9be4-2f7545a22a05\">2. SPHD-Indica chapas y flejes de acero laminados en caliente para estampaci\u00f3n.<\/p>\n<p data-block-id=\"efb99766-94ee-4773-b2ad-21b6eb8013b2\">3. SPHE-Indica chapas y flejes de acero laminados en caliente para embutici\u00f3n profunda.<\/p>\n<p data-block-id=\"0cf2e80b-6940-43bd-9492-035c1f012e87\">4. SPCC-Indica chapas y flejes de acero al carbono laminados en fr\u00edo para uso general. La tercera letra C es la abreviatura de Fr\u00edo. Cuando sea necesario asegurar el ensayo de tracci\u00f3n, a\u00f1adir T al final del grado para representar SPCCT.<\/p>\n<p data-block-id=\"b0fd87f9-53b3-49a0-8a1f-bf52a20cd9e9\">5. SPCD-indica chapas y flejes de acero al carbono laminados en fr\u00edo para estampaci\u00f3n.<\/p>\n<p data-block-id=\"8c7b1714-484a-4975-ba6e-9023d1132b7e\">6. SPCE-Indica chapa y fleje de acero al carbono laminado en fr\u00edo para embutici\u00f3n profunda. Cuando sea necesario para garantizar la no puntualidad, a\u00f1ada una N al final del grado para convertirlo en SPCEN.<\/p>\n<p data-block-id=\"33edaa14-4bbf-4091-ba39-a5fcba03aaaa\" data-pm-slice=\"1 3 []\">Los c\u00f3digos de temple y revenido para las chapas y bandas de acero al carbono laminadas en fr\u00edo son los siguientes:<\/p>\n<ul data-block-id=\"826336c7-cbf4-41a0-ae0d-5566e9cdb1bb\">\n<li>\n<p data-block-id=\"7eb65057-cd10-45a5-b7a4-f5f74202ed40\">A para recocido.<\/p>\n<\/li>\n<li>\n<p data-block-id=\"bd4118db-f8ee-4d19-b0c6-97654521349f\">S para temple y revenido est\u00e1ndar.<\/p>\n<\/li>\n<li>\n<p data-block-id=\"2ce2dbd6-6389-41fb-acdb-d4a653707962\">8 para 1\/8 duro<\/p>\n<\/li>\n<li>\n<p data-block-id=\"bf16516a-6185-40e1-ab81-0b1780c1803c\">4 por 1\/4 duro<\/p>\n<\/li>\n<li>\n<p data-block-id=\"3d3bae3d-4c94-42b6-a7a1-0a4f3acb8a08\">2 por 1\/2 duro<\/p>\n<\/li>\n<li>\n<p data-block-id=\"24247ba9-8270-402b-a0a1-eadc2d3de0f3\">1 para duro<\/p>\n<\/li>\n<\/ul>\n<p>C\u00f3digo de tratamiento de superficie: D para laminado con acabado mate, B para laminado con acabado brillante. SPCC-SD significa est\u00e1ndar templado y revenido. Se refiere a una chapa de carbono general laminada en fr\u00edo con acabado mate. Otro ejemplo es SPCCT-SB. Se refiere a las chapas de carbono laminadas en fr\u00edo de temple y revenido est\u00e1ndar, con acabado brillante. Estas chapas necesitan propiedades mec\u00e1nicas garantizadas.<\/p>\n<p data-block-id=\"85f7f067-bd4d-453c-bc3b-6d37a8746709\" data-pm-slice=\"1 1 [&quot;bulletList&quot;,{&quot;data-block-id&quot;:&quot;826336c7-cbf4-41a0-ae0d-5566e9cdb1bb&quot;},&quot;listItem&quot;,{}]\">7. El grado de acero de estructura mec\u00e1nica JIS se expresa como: S + contenido de carbono + c\u00f3digo de letras (C, CK). El contenido de carbono indica el valor medio multiplicado por 100. Aqu\u00ed, C significa carbono, y K denota acero de carburaci\u00f3n. Por ejemplo, la bobina de nudo de carbono S20C tiene un contenido de carbono de 0,18-0,23%.<\/p>","protected":false},"excerpt":{"rendered":"<p>Descripci\u00f3n del producto El laminado en caliente se divide en tres tipos en funci\u00f3n del material y el rendimiento: Acero estructural de carbono ordinario Acero de baja aleaci\u00f3n Acero de aleaci\u00f3n Se puede dividir en base a diferentes usos, incluyendo: Acero para conformaci\u00f3n en fr\u00edo Acero estructural Acero estructural automotriz Acero estructural resistente a la corrosi\u00f3n Acero estructural mec\u00e1nico Acero para soldadura de cilindros de gas y recipientes a presi\u00f3n Acero [...]","protected":false},"featured_media":4206,"comment_status":"closed","ping_status":"closed","template":"","meta":[],"product_cat":[15,39],"class_list":{"0":"post-3319","1":"product","2":"type-product","3":"status-publish","4":"has-post-thumbnail","6":"product_cat-carbon-steel","7":"product_cat-carbon-steel-coil","9":"first","10":"instock","11":"shipping-taxable","12":"product-type-simple"},"_links":{"self":[{"href":"https:\/\/steelsupplydirect.com\/es\/wp-json\/wp\/v2\/product\/3319","targetHints":{"allow":["GET"]}}],"collection":[{"href":"https:\/\/steelsupplydirect.com\/es\/wp-json\/wp\/v2\/product"}],"about":[{"href":"https:\/\/steelsupplydirect.com\/es\/wp-json\/wp\/v2\/types\/product"}],"replies":[{"embeddable":true,"href":"https:\/\/steelsupplydirect.com\/es\/wp-json\/wp\/v2\/comments?post=3319"}],"wp:featuredmedia":[{"embeddable":true,"href":"https:\/\/steelsupplydirect.com\/es\/wp-json\/wp\/v2\/media\/4206"}],"wp:attachment":[{"href":"https:\/\/steelsupplydirect.com\/es\/wp-json\/wp\/v2\/media?parent=3319"}],"wp:term":[{"taxonomy":"product_cat","embeddable":true,"href":"https:\/\/steelsupplydirect.com\/es\/wp-json\/wp\/v2\/product_cat?post=3319"}],"curies":[{"name":"wp","href":"https:\/\/api.w.org\/{rel}","templated":true}]}}