{"id":3324,"date":"2023-08-23T09:44:03","date_gmt":"2023-08-23T01:44:03","guid":{"rendered":"https:\/\/steelsupplydirect.com\/?post_type=product&#038;p=3324"},"modified":"2024-06-27T17:00:30","modified_gmt":"2024-06-27T09:00:30","slug":"fabrica-de-suministro-directo-en-frio-dibujado-10-20-45-16mn-40cr-baja-de-acero-al-carbono-tubo-rectangular-cuadrado","status":"publish","type":"product","link":"https:\/\/steelsupplydirect.com\/es\/product\/fabrica-de-suministro-directo-en-frio-dibujado-10-20-45-16mn-40cr-baja-de-acero-al-carbono-tubo-rectangular-cuadrado","title":{"rendered":"Tubo de acero al carbono Tubo cuadrado Tubo rectangular"},"content":{"rendered":"<div style=\"overflow: auto\">\n<table>\n<thead>\n<tr>\n<th>Nombre del producto<\/th>\n<th>Tubos de acero al carbono<\/th>\n<\/tr>\n<\/thead>\n<tbody>\n<tr>\n<td>material<\/td>\n<td>Q235A\uff0cQ235B\u30010Cr13\u30011Cr17\u300100Cr19Ni11\u30011Cr18Ni9\u30010Cr18Ni11Nb\u300116Mn\u300120#\u3001Q345\u3001L245\u3001L290\u3001X42\u3001X46\u3001X70\u3001X80<\/td>\n<\/tr>\n<tr>\n<td>Tecnolog\u00eda<\/td>\n<td>Laminado en caliente, Laminado en fr\u00edo<\/td>\n<\/tr>\n<tr>\n<td>Superficie<\/td>\n<td>Negro, brillante, galvanizado<\/td>\n<\/tr>\n<tr>\n<td>est\u00e1ndar<\/td>\n<td>GB3640-88 YB242-63 SY5036-83 SY5038-83 SY5037-83 GB\/T3092<\/td>\n<\/tr>\n<tr>\n<td>Talla<\/td>\n<td>Tama\u00f1o personalizado<\/td>\n<\/tr>\n<tr>\n<td>Utilizaci\u00f3n<\/td>\n<td>Obras hidr\u00e1ulicas, industria petroqu\u00edmica, industria qu\u00edmica, industria el\u00e9ctrica, riego agr\u00edcola, construcci\u00f3n urbana<\/td>\n<\/tr>\n<tr>\n<td>MOQ<\/td>\n<td>1 tonelada<\/td>\n<\/tr>\n<tr>\n<td>Plazo de entrega<\/td>\n<td>7-15 d\u00edas<\/td>\n<\/tr>\n<\/tbody>\n<\/table>\n<\/div>\n<h2>Parte 1 Descripci\u00f3n del producto<\/h2>\n<p>Los tubos de acero al carbono se fabrican a partir de lingote de acero o de urdimbre y trama de acero redondo macizo y, a continuaci\u00f3n, se laminan en caliente, en fr\u00edo o en fr\u00edo. Los tubos de acero al carbono se dividen en dos tipos: tubos de acero laminados en caliente y tubos de acero laminados en fr\u00edo (estirados).<\/p>\n<h2>Parte 2 Clasificaci\u00f3n<\/h2>\n<h4>1.Tubos de acero al carbono laminados en caliente<\/h4>\n<p>Los tubos de acero al carbono laminados en caliente se dividen en tubos de acero generales, tubos de acero para calderas de baja y media presi\u00f3n, tubos de acero para calderas de alta presi\u00f3n, tubos de acero de aleaci\u00f3n, tubos de acero inoxidable, tubos de craqueo de petr\u00f3leo, tubos de acero geol\u00f3gico y otros tubos de acero.<\/p>\n<h4>2.Tubos de acero al carbono laminados en fr\u00edo (estirados)<\/h4>\n<p>Los tubos de acero al carbono laminados en fr\u00edo (estirados) incluyen tubos de acero en general, tubos de acero para calderas de baja presi\u00f3n, tubos de acero para calderas de alta presi\u00f3n, tubos de acero aleado, tubos de acero inoxidable, tubos de craqueo de petr\u00f3leo y otros tubos de acero, as\u00ed como tubos de acero al carbono de pared delgada, tubos de acero aleado de pared delgada y tubos de acero no inoxidable de pared delgada. Tubo de acero de pared, tubo de acero de forma especial. El di\u00e1metro exterior de la tuber\u00eda laminada en caliente es generalmente superior a 32 mm, y el espesor de pared es de 2,5-75 mm. El di\u00e1metro exterior de la tuber\u00eda de acero de pared corta laminada en fr\u00edo puede llegar a 6mm, y el espesor de la pared puede llegar a 0,25mm. Mayor precisi\u00f3n dimensional que el laminado en caliente.<\/p>\n<h4>3.Tubos soldados de acero al carbono<\/h4>\n<p>Se fabrica con acero al carbono de alta calidad como #10, #20, #30, #35, #45, 16Mn, 5MnV y otros aceros estructurales de baja aleaci\u00f3n o 40Cr, 30CrMnSi, 45Mn2, 40MnB y otros aceros aleados que se laminan en caliente o en fr\u00edo. #10, #20 y otros tubos sin soldadura de acero bajo en carbono se utilizan principalmente para tuber\u00edas. Los tubos sin soldadura de acero al carbono medio, como el #45 y el 40Cr, deben utilizarse para fabricar piezas mec\u00e1nicas, como las piezas sometidas a tensi\u00f3n de autom\u00f3viles y tractores. Generalmente se utilizan pruebas de resistencia y aplanamiento de tubos de acero al carbono. Los tubos de acero laminado en caliente se laminan en caliente o se someten a tratamiento t\u00e9rmico; los tubos laminados en fr\u00edo se someten a tratamiento t\u00e9rmico.<\/p>\n<h2>Parte 3 Utilizaci\u00f3n<\/h2>\n<p>Los tubos de acero al carbono utilizados habitualmente en la producci\u00f3n se dividen generalmente en tres categor\u00edas: alto, medio y bajo carbono. Los tubos de acero con alto contenido de carbono tienen el mayor contenido de carbono, generalmente superior a 0,6%, pero sabemos que cuanto mayor es el contenido de carbono, mayor es la fragilidad, por lo que los tubos de acero con alto contenido de carbono generalmente no se utilizan en la producci\u00f3n industrial. Tuber\u00eda de acero de carbono medio es generalmente 0.25%~0.6%. Este tipo de tubo de acero tiene una dureza moderada y es ampliamente utilizado. Los tubos de acero dulce contienen menos de 0,25% de carbono y por lo tanto son m\u00e1s comunes en aplicaciones industriales.<\/p>\n<h2>Parte 4 Tubos cuadrados de acero<\/h2>\n<p>tubos de acero con longitudes laterales iguales y longitudes laterales desiguales. Se fabrica con fleje de acero mediante un proceso de tratamiento. Generalmente, el fleje de acero se desempaqueta, aplana, ondula y suelda para formar un tubo redondo, y luego se enrolla en un tubo cuadrado a partir del tubo redondo, y luego se corta a la longitud requerida.<\/p>\n<h4>1.Proceso de producci\u00f3n<\/h4>\n<p>Tubos sin soldadura laminados en caliente, tubos sin soldadura estirados en fr\u00edo, tubos sin soldadura extruidos y tubos soldados Los tubos cuadrados se dividen por materiales: tubos cuadrados de acero al carbono liso, tubos cuadrados de baja aleaci\u00f3n.<\/p>\n<h4>2. Normas de producci\u00f3n<\/h4>\n<p>Tubos cuadrados est\u00e1ndar nacionales, tubos cuadrados est\u00e1ndar japoneses, tubos cuadrados imperiales, tubos cuadrados est\u00e1ndar americanos, tubos cuadrados est\u00e1ndar europeos, tubos cuadrados no est\u00e1ndar.<\/p>\n<h4>3.Los tubos cuadrados se dividen seg\u00fan el tratamiento superficial:<\/h4>\n<p>Tubos cuadrados galvanizados en caliente, tubos cuadrados electrogalvanizados, tubos cuadrados recubiertos de aceite, tubos cuadrados decapados.<\/p>\n<h4>4. Los tubos cuadrados se clasifican seg\u00fan su uso<\/h4>\n<p>Tubos cuadrados para decoraci\u00f3n, tubos cuadrados para m\u00e1quinas-herramienta, tubos cuadrados para la industria de maquinaria, tubos cuadrados para la industria qu\u00edmica, tubos cuadrados para estructuras de acero, tubos cuadrados para la construcci\u00f3n naval, tubos cuadrados para autom\u00f3viles, tubos cuadrados para vigas y pilares de acero , Tubo cuadrado para usos especiales.<\/p><\/p>","protected":false},"excerpt":{"rendered":"<p>Nombre del producto Tubo de acero al carbono material Q235A\uff0cQ235B\u30010Cr13\u30011Cr17\u300100Cr19Ni11\u30011Cr18Ni9\u30010Cr18Ni11Nb\u300116Mn\u300120#\u3001Q345\u3001L245\u3001L290\u3001X42\u3001X46\u3001X70\u3001X80 Tecnolog\u00eda Laminado en caliente, laminado en fr\u00edo Superficie Negro, brillante, Galvanizado Recubierto Norma GB3640-88 YB242-63 SY5036-83 SY5038-83 SY5037-83 GB\/T3092 Tama\u00f1o Tama\u00f1o personalizado Uso Obras hidr\u00e1ulicas, industria petroqu\u00edmica, industria qu\u00edmica, industria de la energ\u00eda el\u00e9ctrica, riego agr\u00edcola, construcci\u00f3n urbana MOQ 1 Ton Plazo de entrega 7-15 D\u00edas Parte 1 Descripci\u00f3n del producto El tubo de acero al [...]","protected":false},"featured_media":3223,"comment_status":"closed","ping_status":"closed","template":"","meta":[],"product_cat":[15,41],"class_list":{"0":"post-3324","1":"product","2":"type-product","3":"status-publish","4":"has-post-thumbnail","6":"product_cat-carbon-steel","7":"product_cat-carbon-steel-pipe","9":"first","10":"instock","11":"shipping-taxable","12":"product-type-simple"},"_links":{"self":[{"href":"https:\/\/steelsupplydirect.com\/es\/wp-json\/wp\/v2\/product\/3324","targetHints":{"allow":["GET"]}}],"collection":[{"href":"https:\/\/steelsupplydirect.com\/es\/wp-json\/wp\/v2\/product"}],"about":[{"href":"https:\/\/steelsupplydirect.com\/es\/wp-json\/wp\/v2\/types\/product"}],"replies":[{"embeddable":true,"href":"https:\/\/steelsupplydirect.com\/es\/wp-json\/wp\/v2\/comments?post=3324"}],"wp:featuredmedia":[{"embeddable":true,"href":"https:\/\/steelsupplydirect.com\/es\/wp-json\/wp\/v2\/media\/3223"}],"wp:attachment":[{"href":"https:\/\/steelsupplydirect.com\/es\/wp-json\/wp\/v2\/media?parent=3324"}],"wp:term":[{"taxonomy":"product_cat","embeddable":true,"href":"https:\/\/steelsupplydirect.com\/es\/wp-json\/wp\/v2\/product_cat?post=3324"}],"curies":[{"name":"wp","href":"https:\/\/api.w.org\/{rel}","templated":true}]}}