{"id":3326,"date":"2023-08-23T10:14:03","date_gmt":"2023-08-23T02:14:03","guid":{"rendered":"https:\/\/steelsupplydirect.com\/?post_type=product&#038;p=3326"},"modified":"2023-09-26T10:11:29","modified_gmt":"2023-09-26T02:11:29","slug":"china-fabricacion-q235-acero-al-carbono-solido-barra-redonda-para-la-construccion-aisi1010-aisi1020","status":"publish","type":"product","link":"https:\/\/steelsupplydirect.com\/es\/product\/china-fabricacion-q235-acero-al-carbono-solido-barra-redonda-para-la-construccion-aisi1010-aisi1020","title":{"rendered":"China Fabricaci\u00f3n Q235 Acero al Carbono S\u00f3lido Barra Redonda para la Construcci\u00f3n AISI1010 AISI1020"},"content":{"rendered":"<p>El acero redondo es un fleje macizo de secci\u00f3n circular.<\/p>\n<p>Clasificados por procesos:<br \/>\nEl acero redondo se divide en tres tipos: laminado en caliente, forjado y estirado en fr\u00edo. Las especificaciones del acero redondo laminado en caliente son de 5,5-250 mm. Entre ellas: El acero redondo peque\u00f1o de 5,5-25 mm se suministra sobre todo en paquetes de tiras rectas, que se suelen utilizar como barras de acero, pernos y diversas piezas mec\u00e1nicas; el acero redondo de m\u00e1s de 25 mm se utiliza principalmente para fabricar piezas mec\u00e1nicas y piezas en bruto de tubos de acero sin soldadura espera.<\/p>\n<p>Clasificaci\u00f3n por composici\u00f3n qu\u00edmica:<br \/>\nEl acero al carbono puede dividirse en acero con bajo contenido en carbono, acero con contenido medio en carbono y acero con alto contenido en carbono, seg\u00fan su composici\u00f3n qu\u00edmica (es decir, su contenido en carbono); todos ellos pertenecen al acero al carbono de alta calidad.<\/p>\n<p>(1) Acero dulce<br \/>\nTambi\u00e9n conocido como acero dulce, su contenido en carbono oscila entre 0,10% y 0,30%. El acero con bajo contenido en carbono admite f\u00e1cilmente diversos procesos de transformaci\u00f3n, como la forja, la soldadura y el corte, y suele utilizarse para fabricar cadenas, remaches, pernos, ejes, etc.<br \/>\n(2) Acero al carbono medio<br \/>\nAcero al carbono con un contenido de carbono de 0,25% a 0,60%. Hay acero matado, acero semimatado, acero hervido y otros productos. Adem\u00e1s de carbono, tambi\u00e9n puede contener una peque\u00f1a cantidad de manganeso (0,70% a 1,20%). Seg\u00fan la calidad del producto, se divide en acero estructural al carbono ordinario y acero estructural al carbono de alta calidad. Buen procesamiento t\u00e9rmico y rendimiento de corte, mal rendimiento de soldadura. La resistencia y la dureza son superiores a las del acero con bajo contenido en carbono, pero la plasticidad y la tenacidad son inferiores a las del acero con bajo contenido en carbono. Los materiales laminados en caliente y estirados en fr\u00edo pueden utilizarse directamente sin tratamiento t\u00e9rmico, o despu\u00e9s del tratamiento t\u00e9rmico. Los aceros de medio carbono, tras el temple y revenido, tienen buenas propiedades mec\u00e1nicas integrales. La dureza m\u00e1xima que puede alcanzarse es de aproximadamente HRC55 (HB538), y \u03c3b es de 600-1100MPa. Por lo tanto, en diversos usos de nivel de resistencia medio, el acero de carbono medio es el m\u00e1s utilizado. Adem\u00e1s de utilizarse como material de construcci\u00f3n, tambi\u00e9n se emplea ampliamente en la fabricaci\u00f3n de diversas piezas mec\u00e1nicas.<br \/>\n(3) Acero con alto contenido en carbono<br \/>\nA menudo denominado acero para herramientas, su contenido de carbono oscila entre 0,60% y 1,70%, y puede templarse y revenirse. Los martillos, las palancas, etc. se fabrican con acero con un contenido de carbono de 0,75%; las herramientas de corte como brocas, machos, escariadores, etc. se fabrican con acero con un contenido de carbono de 0,90% a 1,00%.<\/p>\n<p>Grado del material del acero redondo: Q195, Q235, 10#, 20#, 35#, 45#, Q215, Q345, 12Cr1Mov, 15CrMo, 304, 316, 20Cr, 40Cr, 20CrMo, 35CrMo, 42CrMo, 40CrNiMo, GCr15, 65Mn, 50Mn , 50Cr, 3Cr2W8V, 20CrMnTi, 5CrMnMo, etc.<\/p>\n<p>Norma de acero redondo: GB699-1988, GB700-1988, GB3077-1988, GB702-1986, QJ\/HG02.17-1991.<\/p>\n<p>F\u00f3rmula de c\u00e1lculo del peso te\u00f3rico del acero redondo: Di\u00e1metro exterior \u0425 Di\u00e1metro exterior \u04250,00617=kg\/m<\/p>\n<p>Por ejemplo: El contenido de carbono del acero redondo Q235B es inferior a 1,35%, excepto hierro, carbono e impurezas como silicio, manganeso, f\u00f3sforo y azufre dentro del l\u00edmite, no contiene otros elementos de aleaci\u00f3n.<\/p>\n<p>Las ventajas del acero redondo rectificado suministrado por nuestra empresa son<\/p>\n<p>1. Forma robusta, buena resistencia al impacto<\/p>\n<p>2. Elevada dureza y buena plasticidad<\/p>\n<p>3. Buenas propiedades mec\u00e1nicas y rendimiento global<\/p>\n<p>4. Amplia gama de aplicaciones y diversas especificaciones<\/p>\n<p>Nuestra empresa tiene una gran fuerza, respeta el cr\u00e9dito, cumple los contratos, garantiza la calidad de los productos y se ha ganado la confianza de los clientes con sus caracter\u00edsticas de gesti\u00f3n multivariada y el principio de peque\u00f1os beneficios pero r\u00e1pida facturaci\u00f3n. Le invitamos a consultarnos.<\/p>","protected":false},"excerpt":{"rendered":"<p>El acero redondo es un fleje macizo de secci\u00f3n circular. Clasificaci\u00f3n por procesos: El acero redondo se divide en tres tipos: laminado en caliente, forjado y estirado en fr\u00edo. Las especificaciones del acero redondo laminado en caliente son de 5,5-250 mm. Entre ellas El acero redondo peque\u00f1o de 5,5-25 mm se suministra sobre todo en haces de tiras rectas, que se [...]","protected":false},"featured_media":3410,"comment_status":"closed","ping_status":"closed","template":"","meta":[],"product_cat":[15,42],"class_list":{"0":"post-3326","1":"product","2":"type-product","3":"status-publish","4":"has-post-thumbnail","6":"product_cat-carbon-steel","7":"product_cat-carbon-steel-rod","9":"first","10":"instock","11":"shipping-taxable","12":"product-type-simple"},"_links":{"self":[{"href":"https:\/\/steelsupplydirect.com\/es\/wp-json\/wp\/v2\/product\/3326","targetHints":{"allow":["GET"]}}],"collection":[{"href":"https:\/\/steelsupplydirect.com\/es\/wp-json\/wp\/v2\/product"}],"about":[{"href":"https:\/\/steelsupplydirect.com\/es\/wp-json\/wp\/v2\/types\/product"}],"replies":[{"embeddable":true,"href":"https:\/\/steelsupplydirect.com\/es\/wp-json\/wp\/v2\/comments?post=3326"}],"wp:featuredmedia":[{"embeddable":true,"href":"https:\/\/steelsupplydirect.com\/es\/wp-json\/wp\/v2\/media\/3410"}],"wp:attachment":[{"href":"https:\/\/steelsupplydirect.com\/es\/wp-json\/wp\/v2\/media?parent=3326"}],"wp:term":[{"taxonomy":"product_cat","embeddable":true,"href":"https:\/\/steelsupplydirect.com\/es\/wp-json\/wp\/v2\/product_cat?post=3326"}],"curies":[{"name":"wp","href":"https:\/\/api.w.org\/{rel}","templated":true}]}}