{"id":3327,"date":"2023-08-23T11:53:43","date_gmt":"2023-08-23T03:53:43","guid":{"rendered":"https:\/\/steelsupplydirect.com\/?post_type=product&#038;p=3327"},"modified":"2023-09-26T10:12:24","modified_gmt":"2023-09-26T02:12:24","slug":"aleacion-de-acero-al-carbono-barra-de-varilla-de-forma-redonda-para-recipiente-a-presion","status":"publish","type":"product","link":"https:\/\/steelsupplydirect.com\/es\/product\/aleacion-de-acero-al-carbono-barra-de-varilla-de-forma-redonda-para-recipiente-a-presion","title":{"rendered":"Aleaci\u00f3n de acero al carbono barra de varilla de forma redonda para recipientes a presi\u00f3n"},"content":{"rendered":"<p>El acero al carbono redondo es un tipo de elemento de aleaci\u00f3n con el elemento como elemento principal, y tambi\u00e9n contiene una peque\u00f1a cantidad de manganeso y f\u00f3sforo de silicio, y su contenido de carbono suele estar entre 0,15% y 0,75%. Las principales ventajas del redondo de acero al carbono son su buena maquinabilidad, soldabilidad, maquinabilidad y propiedades mec\u00e1nicas, y son ampliamente evaluadas en los campos de fabricaci\u00f3n de piezas de maquinaria, rodamientos, piezas de autom\u00f3viles, piezas de barcos, etc.<\/p>\n<p>El uso de acero al carbono redondo:<\/p>\n<p>El redondo de acero al carbono tiene buenas propiedades mec\u00e1nicas y econ\u00f3micas, y se utiliza ampliamente en la fabricaci\u00f3n de diversas piezas estructurales mec\u00e1nicas y de ingenier\u00eda, como cojinetes, engranajes, bisagras, tornillos, tuercas, pernos, etc.<\/p>\n<p>&nbsp;<\/p>\n<p>Las barras redondas suelen dividirse en dos categor\u00edas: barras redondas de acero al carbono y barras redondas de acero aleado, y luego se subdividen en barras redondas laminadas en fr\u00edo, barras redondas laminadas en caliente, barras redondas estiradas en fr\u00edo y acero reforzado, etc.<\/p>\n<p>El redondo de acero al carbono es un acero redondo fabricado con acero de bajo contenido en carbono o acero al carbono ordinario seg\u00fan un proceso determinado. Las especificaciones y modelos de acero al carbono redondo generalmente incluyen Q195, Q235, Q345, #45, etc. Entre ellos, Q195 significa acero de bajo carbono con una densidad de 7,85g\/cm\u00b3; Q235 significa acero de bajo y medio carbono con una densidad de 7,85g\/cm\u00b3; Q345 significa acero de medio carbono , la densidad es de 7,85g\/cm\u00b3; 45#, la densidad es de 7,85g\/cm\u00b3.<\/p>\n<p>Acero redondo de aleaci\u00f3n de acero es un tipo de acero con propiedades especiales, principalmente titanio, cromo, tantalio, n\u00edquel, aluminio, manganeso y otros elementos met\u00e1licos obtenidos a trav\u00e9s de temple especial, revenido y otros procesos, con resistencia a la corrosi\u00f3n, resistencia al desgaste, Con las ventajas de resistencia a la fuerza y alta estabilidad t\u00e9rmica, se utiliza com\u00fanmente en el petr\u00f3leo, qu\u00edmica, militar, aeroespacial y otras industrias. Sus especificaciones y modelos incluyen 20Cr, 35Cr, 40Cr, 45Cr, 50Cr, etc., de los cuales 20Cr significa acero con buen rendimiento de temple, y su l\u00edmite el\u00e1stico Es m\u00e1s de 3 veces el del acero al carbono; 35Cr significa acero de alta resistencia, cuyo l\u00edmite el\u00e1stico Es 3-5 veces el del acero al carbono; 45Cr significa acero de alta resistencia, cuyo l\u00edmite el\u00e1stico Es 5-7 veces el del acero al carbono; 50Cr significa acero de alta resistencia, cuyo l\u00edmite el\u00e1stico Es m\u00e1s de 7 veces el del acero al carbono.<\/p>\n<p>Tambi\u00e9n hay un tipo de acero redondo especial estirado en fr\u00edo, que se refiere al acero redondo procesado por estirado en fr\u00edo de acero al carbono ordinario, que tiene las ventajas de alta resistencia, buena plasticidad y resistencia a la corrosi\u00f3n, y se utiliza a menudo en la fabricaci\u00f3n de componentes de construcci\u00f3n y piezas forjadas, etc. Las especificaciones y modelos incluyen 20#, 35#, 45#, 50#, 60#, etc., de los cuales 20# significa acero de bajo contenido en carbono con un contenido en carbono de 0,17-0,23%; 35# significa acero de bajo y medio contenido en carbono con un contenido en carbono de 0,3-0,38% ;45# significa acero de medio contenido en carbono con un contenido en carbono de 0,42-0,5%; 50# significa acero de medio contenido en carbono con un contenido en carbono de 0,5-0,59%; 60# significa acero de alto contenido en carbono con un contenido en carbono de 0,6-0,7%.<\/p>\n<p>Adem\u00e1s, existe un tipo especial de acero redondo reforzado. Tambi\u00e9n se denomina acero reforzado de alta resistencia. Es un tipo de acero semiblando. Est\u00e1 hecho de acero al carbono ordinario a trav\u00e9s de una gran cantidad de estirado en fr\u00edo. Su resistencia a la flexi\u00f3n, resistencia al desgaste, resistencia al impacto y otras propiedades superan a las del acero ordinario. Se utiliza com\u00fanmente en ruedas de acero de autom\u00f3viles, arcos y costillas de tuber\u00edas, etc. Sus especificaciones y modelos incluyen HRB60, HRB70, etc., donde HRB60 significa acero reforzado de alta resistencia con una resistencia a la flexi\u00f3n de m\u00e1s de 60Mpa; HRB70 significa acero reforzado de alta resistencia con una resistencia a la flexi\u00f3n de m\u00e1s de 70Mpa.<\/p>\n<p>Norma ejecutiva de la barra redonda de acero al carbono:<\/p>\n<p>1. GB\/T 699-2015 \"Aceros estructurales al carbono de alta calidad\".<\/p>\n<p>2. ASTM A108-13A \"Standard Specification for Steel Bar, Carbon and Alloy, Cold-Finished\".<\/p>\n<p>3. JIS G4051-2009 \"Aceros al carbono para uso estructural en maquinaria\".<\/p>\n<p>4. EN 10083-2-2006 \"Aceros para temple y revenido - Parte 2: Condiciones t\u00e9cnicas de suministro para aceros no aleados\".<\/p>\n<p>Entre las normas mencionadas, GB\/T 699 es la norma de calidad del acero promulgada por mi pa\u00eds, que se aplica a diversos productos de acero, como el acero inoxidable y el acero aleado, incluido el acero redondo al carbono. ASTM A108 es una norma de acero al carbono redondo formulada por Estados Unidos, que es adecuada para la fabricaci\u00f3n de piezas mec\u00e1nicas y cojinetes. JIS G4051 es una norma de acero al carbono en barra redonda formulada por Jap\u00f3n, que es adecuada para el acero al carbono y el acero para rodamientos para estructuras mec\u00e1nicas. EN 10083-2 es una norma de barras redondas de acero al carbono formulada en Europa, que es adecuada para la fabricaci\u00f3n de diversas piezas estructurales de ingenier\u00eda y piezas mec\u00e1nicas.<\/p>\n<p>&nbsp;<\/p>","protected":false},"excerpt":{"rendered":"<p>El acero al carbono redondo es un tipo de elemento de aleaci\u00f3n con el elemento como elemento principal, y tambi\u00e9n contiene una peque\u00f1a cantidad de manganeso y f\u00f3sforo de silicio, y su contenido de carbono suele estar entre 0,15% y 0,75%. Las principales ventajas del redondo de acero al carbono son su buena mecanizabilidad, soldabilidad, maquinabilidad y propiedades mec\u00e1nicas, y son [...]","protected":false},"featured_media":3409,"comment_status":"closed","ping_status":"closed","template":"","meta":[],"product_cat":[15,42],"class_list":{"0":"post-3327","1":"product","2":"type-product","3":"status-publish","4":"has-post-thumbnail","6":"product_cat-carbon-steel","7":"product_cat-carbon-steel-rod","9":"first","10":"instock","11":"shipping-taxable","12":"product-type-simple"},"_links":{"self":[{"href":"https:\/\/steelsupplydirect.com\/es\/wp-json\/wp\/v2\/product\/3327","targetHints":{"allow":["GET"]}}],"collection":[{"href":"https:\/\/steelsupplydirect.com\/es\/wp-json\/wp\/v2\/product"}],"about":[{"href":"https:\/\/steelsupplydirect.com\/es\/wp-json\/wp\/v2\/types\/product"}],"replies":[{"embeddable":true,"href":"https:\/\/steelsupplydirect.com\/es\/wp-json\/wp\/v2\/comments?post=3327"}],"wp:featuredmedia":[{"embeddable":true,"href":"https:\/\/steelsupplydirect.com\/es\/wp-json\/wp\/v2\/media\/3409"}],"wp:attachment":[{"href":"https:\/\/steelsupplydirect.com\/es\/wp-json\/wp\/v2\/media?parent=3327"}],"wp:term":[{"taxonomy":"product_cat","embeddable":true,"href":"https:\/\/steelsupplydirect.com\/es\/wp-json\/wp\/v2\/product_cat?post=3327"}],"curies":[{"name":"wp","href":"https:\/\/api.w.org\/{rel}","templated":true}]}}