{"id":3328,"date":"2023-08-25T10:09:58","date_gmt":"2023-08-25T02:09:58","guid":{"rendered":"https:\/\/steelsupplydirect.com\/?post_type=product&#038;p=3328"},"modified":"2023-09-26T09:11:32","modified_gmt":"2023-09-26T01:11:32","slug":"barra-redonda-de-acero-al-carbono-brillante-estirada-en-frio-plana-y-lisa-10-20-35-40-para-mecanizado","status":"publish","type":"product","link":"https:\/\/steelsupplydirect.com\/es\/product\/barra-redonda-de-acero-al-carbono-brillante-estirada-en-frio-plana-y-lisa-10-20-35-40-para-mecanizado","title":{"rendered":"Acero al carbono brillante estirado en fr\u00edo Barra redonda plana y lisa 10# 20# 35# 40# para mecanizado"},"content":{"rendered":"<p>Acero redondo estirado en fr\u00edo<\/p>\n<p>El acero redondo estirado en fr\u00edo, tambi\u00e9n conocido como acero redondo estirado en fr\u00edo y redondo ligero, es un tipo de acero estirado en fr\u00edo. Tanto si se trata de acero redondo estirado en fr\u00edo como de acero redondo, su forma es circular, pero la superficie del acero redondo estirado en fr\u00edo es muy lisa, su precisi\u00f3n dimensional es alta y sus propiedades mec\u00e1nicas son elevadas. Debido a su alta precisi\u00f3n dimensional, se puede utilizar directamente sin procesamiento. La norma ejecutiva es GB\/T3078-2008. El grado del material puede ser acero al carbono, acero al carbono de alta calidad, acero aleado.<\/p>\n<p>-Especificaci\u00f3n: \u04243mm-\u0424100mm<\/p>\n<p>-Nombre del grado: Q235 Q215 20# 35# 45# 20Cr 40Cr 20CrMo GCr15<\/p>\n<p>Diferencia entre el redondo estirado en fr\u00edo y el redondo normal: El acero redondo estirado en fr\u00edo es un tipo de acero redondo de alta precisi\u00f3n. Se puede utilizar directamente como v\u00e1stago sin m\u00e1s procesamiento. El acero redondo ordinario correspondiente es el acero redondo com\u00fan utilizado en la construcci\u00f3n. El estado de tratamiento t\u00e9rmico del suministro es \"Normalizado\", tanto si se trata de precisi\u00f3n dimensional como de material, es de nivel ordinario.<\/p>\n<p>&nbsp;<\/p>\n<p>Definici\u00f3n y caracter\u00edsticas del acero al carbono redondo<\/p>\n<p>El redondo de acero al carbono es un acero con carbono como principal elemento de aleaci\u00f3n y una peque\u00f1a cantidad de manganeso y silicio. El contenido de carbono suele estar entre 0,15% y 0,75%. Las principales ventajas de los redondos de acero al carbono son su buena mecanizabilidad, soldabilidad, maquinabilidad y propiedades mec\u00e1nicas.<\/p>\n<p>Norma ejecutiva de la barra redonda de acero al carbono<\/p>\n<p>1. GB\/T 699-2015 \"Aceros estructurales al carbono de alta calidad\".<\/p>\n<p>2. ASTM A108-13A \"Standard Specification for Steel Bar, Carbon and Alloy, Cold-Finished\".<\/p>\n<p>3. JIS G4051-2009 \"Aceros al carbono para uso estructural en maquinaria\".<\/p>\n<p>4. EN 10083-2-2006 \"Aceros para temple y revenido - Parte 2: Condiciones t\u00e9cnicas de suministro para aceros no aleados\".<\/p>\n<p>Entre las normas mencionadas, GB\/T 699 es la norma de calidad del acero promulgada por mi pa\u00eds, que se aplica a diversos productos de acero, como el acero inoxidable y el acero aleado, incluido el acero redondo al carbono. ASTM A108 es una norma de acero al carbono redondo formulada por Estados Unidos, que es adecuada para la fabricaci\u00f3n de piezas mec\u00e1nicas y cojinetes. JIS G4051 es una norma de acero al carbono en barra redonda formulada por Jap\u00f3n, que es adecuada para el acero al carbono y el acero para rodamientos para estructuras mec\u00e1nicas. EN 10083-2 es una norma de barras redondas de acero al carbono formulada en Europa, que es adecuada para la fabricaci\u00f3n de diversas piezas estructurales de ingenier\u00eda y piezas mec\u00e1nicas.<\/p>\n<p>Tomando como ejemplo la norma GB\/T 699-2015, se detallan la composici\u00f3n qu\u00edmica, las propiedades mec\u00e1nicas, la dureza, la resistencia a la tracci\u00f3n, el l\u00edmite el\u00e1stico, la tenacidad al impacto y otros requisitos del acero redondo. Entre ellos, el contenido de carbono oscila entre 0,08% y 0,60%, el di\u00e1metro del acero redondo debe estar entre 5mm y 150mm, la resistencia a la tracci\u00f3n no debe ser inferior a 335MPa, la reducci\u00f3n de \u00e1rea no debe ser inferior a 10%, y la prueba de dureza debe cumplir las normas pertinentes.<\/p>\n<p>Gama de aplicaciones de las varillas de acero al carbono<\/p>\n<p>1.Las barras de acero al carbono se utilizan a menudo para fabricar piezas de m\u00e1quinas y herramientas. El acero al carbono tiene mayor resistencia y rigidez, lo que puede aumentar la presi\u00f3n y la fatiga. Por lo tanto, las barras de acero al carbono se utilizan a menudo para fabricar piezas mec\u00e1nicas respectivas, como engranajes de cojinetes. Adem\u00e1s, las varillas de acero al carbono tambi\u00e9n pueden utilizarse para fabricar diversos cuchillos y herramientas, como cuchillas, alicates, llaves, etc. La alta resistencia de las varillas de acero al carbono y las placas de acero hace que estas piezas de m\u00e1quinas y herramientas sean m\u00e1s duraderas y fiables.<\/p>\n<p>2.Las barras de acero al carbono tambi\u00e9n tienen importantes aplicaciones en el campo de la construcci\u00f3n. Las varillas de acero al carbono pueden utilizarse para fabricar barras de acero, que se emplean para reforzar la resistencia y la estabilidad de las estructuras de hormig\u00f3n. En la construcci\u00f3n, las barras de acero se incrustan en el hormig\u00f3n para formar una uni\u00f3n herm\u00e9tica con \u00e9ste, mejorando el rendimiento a la compresi\u00f3n y la capacidad portante del hormig\u00f3n. Adem\u00e1s, la alta resistencia y estabilidad de las barras de acero al carbono hacen que la estructura del edificio sea m\u00e1s estable y segura.<\/p>\n<p>3.Existen otros usos, por ejemplo, puede utilizarse para fabricar piezas de autom\u00f3viles como ruedas, bastidores, etc. La alta resistencia y la resistencia a la corrosi\u00f3n de las varillas de acero al carbono hacen que el coche sea m\u00e1s estable y seguro. Adem\u00e1s, las varillas de acero al carbono tambi\u00e9n pueden utilizarse para fabricar piezas estructurales de barcos y aviones, como cascos, alas y similares. El peso ligero y la alta resistencia de las varillas de acero al carbono hacen que los barcos y los aviones sean m\u00e1s eficientes energ\u00e9ticamente y fiables. Tambi\u00e9n puede utilizarse para fabricar diversos muebles y utensilios, y su resistencia a la corrosi\u00f3n garantiza la higiene y durabilidad de estos utensilios.<\/p>","protected":false},"excerpt":{"rendered":"<p>Acero redondo estirado en fr\u00edo El acero redondo estirado en fr\u00edo, tambi\u00e9n conocido como acero redondo estirado en fr\u00edo y redondo ligero, es un tipo de acero estirado en fr\u00edo. Si se trata de acero redondo estirado en fr\u00edo o acero redondo, su forma es circular, pero la superficie de acero redondo estirado en fr\u00edo es muy suave, su precisi\u00f3n dimensional es alta, y sus propiedades mec\u00e1nicas son altas. [...]","protected":false},"featured_media":3308,"comment_status":"closed","ping_status":"closed","template":"","meta":[],"product_cat":[15,42],"class_list":{"0":"post-3328","1":"product","2":"type-product","3":"status-publish","4":"has-post-thumbnail","6":"product_cat-carbon-steel","7":"product_cat-carbon-steel-rod","9":"first","10":"instock","11":"shipping-taxable","12":"product-type-simple"},"_links":{"self":[{"href":"https:\/\/steelsupplydirect.com\/es\/wp-json\/wp\/v2\/product\/3328","targetHints":{"allow":["GET"]}}],"collection":[{"href":"https:\/\/steelsupplydirect.com\/es\/wp-json\/wp\/v2\/product"}],"about":[{"href":"https:\/\/steelsupplydirect.com\/es\/wp-json\/wp\/v2\/types\/product"}],"replies":[{"embeddable":true,"href":"https:\/\/steelsupplydirect.com\/es\/wp-json\/wp\/v2\/comments?post=3328"}],"wp:featuredmedia":[{"embeddable":true,"href":"https:\/\/steelsupplydirect.com\/es\/wp-json\/wp\/v2\/media\/3308"}],"wp:attachment":[{"href":"https:\/\/steelsupplydirect.com\/es\/wp-json\/wp\/v2\/media?parent=3328"}],"wp:term":[{"taxonomy":"product_cat","embeddable":true,"href":"https:\/\/steelsupplydirect.com\/es\/wp-json\/wp\/v2\/product_cat?post=3328"}],"curies":[{"name":"wp","href":"https:\/\/api.w.org\/{rel}","templated":true}]}}