{"id":3331,"date":"2023-08-25T11:36:52","date_gmt":"2023-08-25T03:36:52","guid":{"rendered":"https:\/\/steelsupplydirect.com\/?post_type=product&#038;p=3331"},"modified":"2023-10-30T13:57:33","modified_gmt":"2023-10-30T05:57:33","slug":"astm-laminado-en-frio-galvanizado-bobina-de-acero-para-techos-de-metal-de-hierro-precio-de-la-hoja","status":"publish","type":"product","link":"https:\/\/steelsupplydirect.com\/es\/product\/astm-laminado-en-frio-galvanizado-bobina-de-acero-para-techos-de-metal-de-hierro-precio-de-la-hoja","title":{"rendered":"ASTM laminado en fr\u00edo galvanizado bobina de acero para techos de metal de hierro Precio de la hoja"},"content":{"rendered":"<div style=\"overflow: auto\">\n<table>\n<thead>\n<tr>\n<th>Nombre del producto<\/th>\n<th>Bobina de acero galvanizado<\/th>\n<\/tr>\n<\/thead>\n<tbody>\n<tr>\n<td rowspan=\"3\">Norma y Materia<\/td>\n<td>SGCC;SGCD1;SGCD2;SGCD3;SGC340SGC400;SGC440;SGC590;<\/td>\n<\/tr>\n<tr>\n<td>DX51D+Z;DX52D+Z;DX53D+Z;DX54D+Z;S250GD+Z;<\/td>\n<\/tr>\n<tr>\n<td>                                               S280GD+Z;S320GD+Z;S350GD+Z;S550GD+Z;Q-BQB420-2009                                            <\/td>\n<\/tr>\n<tr>\n<td>Espesor<\/td>\n<td>0,13-0,8 mm<\/td>\n<\/tr>\n<tr>\n<td>Anchura<\/td>\n<td>600-1250 mm<\/td>\n<\/tr>\n<tr>\n<td>Revestimiento de zinc<\/td>\n<td>20- 275g\/m2<\/td>\n<\/tr>\n<tr>\n<td>Peso de la bobina<\/td>\n<td>3-8 toneladas o seg\u00fan las necesidades<\/td>\n<\/tr>\n<tr>\n<td>Tratamiento de superficies<\/td>\n<td>Mini\/Big Spangle<\/td>\n<\/tr>\n<tr>\n<td>Aplicaci\u00f3n<\/td>\n<td>Se aplica al sector de la construcci\u00f3n, la construcci\u00f3n naval, el intercambiador de calor de calderas, la industria qu\u00edmica del petr\u00f3leo, la industria el\u00e9ctrica, la industria alimentaria, la industria m\u00e9dica, la maquinaria y la ferreter\u00eda.<\/td>\n<\/tr>\n<tr>\n<td>Pago<\/td>\n<td> T\/T, L\/C, Western Union<\/td>\n<\/tr>\n<tr>\n<td>M\u00e9todo de embalaje<\/td>\n<td> Papel impermeable+pal\u00e9s de madera o seg\u00fan las necesidades<\/td>\n<\/tr>\n<\/tbody>\n<\/table>\n<\/div>\n<h2>Parte 1 Descripci\u00f3n del producto<\/h2>\n<p>El galvanizado es una tecnolog\u00eda de tratamiento de superficies que recubre la superficie de metales, aleaciones u otros materiales con una capa de zinc con fines est\u00e9ticos y antioxidantes. El principal m\u00e9todo utilizado es el galvanizado en caliente. El zinc es f\u00e1cilmente soluble en \u00e1cidos y \u00e1lcalis, por lo que se denomina metal anf\u00f3tero. El zinc apenas cambia en aire seco. En aire h\u00famedo, se formar\u00e1 una densa pel\u00edcula b\u00e1sica de carbonato de zinc en la superficie del zinc.<\/p>\n<p>En la atm\u00f3sfera que contiene di\u00f3xido de azufre, sulfuro de hidr\u00f3geno y atm\u00f3sfera marina, la resistencia a la corrosi\u00f3n del zinc es pobre, especialmente en la atm\u00f3sfera de alta temperatura, alta humedad y \u00e1cido org\u00e1nico, el recubrimiento de zinc se corroe f\u00e1cilmente. El potencial de electrodo est\u00e1ndar del zinc es de -0,76 V. Para el sustrato de acero, el revestimiento de zinc es un revestimiento an\u00f3dico. Se utiliza principalmente para evitar la corrosi\u00f3n del acero. La calidad de su rendimiento protector est\u00e1 estrechamente relacionada con el grosor del revestimiento. Despu\u00e9s de pasivar el revestimiento de zinc, te\u00f1irlo o recubrirlo con un agente de protecci\u00f3n contra la luz, se puede mejorar significativamente su protecci\u00f3n y decoraci\u00f3n.<\/p>\n<h2>Parte 2 Artesan\u00eda galvanizada:<\/h2>\n<p>Por proceso alcalino se entiende que el valor de pH de la soluci\u00f3n galv\u00e1nica es alcalino. Sin embargo, debido a los diferentes agentes complejantes, puede dividirse en soluci\u00f3n alcalina binaria de cianuro y soluci\u00f3n acuosa de sulfato. El cianuro en s\u00ed es una especie muy antigua de galvanoplastia. En la soluci\u00f3n galvanopl\u00e1stica hay principalmente componentes transparentes: sal principal \u00f3xido de zinc, agente complejante cianuro de sodio y sal conductora hidr\u00f3xido de sodio (com\u00fanmente conocida como sosa c\u00e1ustica). En los primeros ba\u00f1os de cianuro no hab\u00eda abrillantador.<\/p>\n<p>Con la mejora de los requisitos est\u00e9ticos de la gente, se a\u00f1ade un agente abrillantador a la transparencia de la soluci\u00f3n de cianuro. El proceso de la soluci\u00f3n de cianuro es estable, y la capacidad de dispersi\u00f3n de la soluci\u00f3n galv\u00e1nica es buena. Seg\u00fan el contenido de la soluci\u00f3n de cianuro, puede dividirse en clarificaci\u00f3n con alto contenido de cianuro, medio contenido de cianuro y bajo contenido de cianuro. La mayor desventaja del cianuro es que es muy t\u00f3xico y perjudicial para el medio ambiente.<\/p>\n<h2>Parte 3 Varios rollos galvanizados comunes<\/h2>\n<h4>1. Bobina galvanizada Q235<\/h4>\n<p>La bobina galvanizada Q235 es una bobina galvanizada superficial con un l\u00edmite el\u00e1stico de 235MPa. La bobina galvanizada es una fina l\u00e1mina de acero que se sumerge en un ba\u00f1o de zinc fundido para adherir una capa de zinc a su superficie. Se produce principalmente mediante el proceso de galvanizado continuo, en el que rollos de chapa de acero se sumergen continuamente en un ba\u00f1o de zinc fundido para fabricar chapa de acero galvanizada.<\/p>\n<h4>2. Bobina galvanizada Q195<\/h4>\n<p>La bobina galvanizada Q195 es una bobina galvanizada superficial con un l\u00edmite el\u00e1stico de 195MPa. La bobina galvanizada es una fina l\u00e1mina de acero que se sumerge en un ba\u00f1o de zinc fundido para adherir una capa de zinc a su superficie. Se produce principalmente mediante el proceso de galvanizaci\u00f3n en continuo, en el que rollos de chapa de acero se sumergen continuamente en un ba\u00f1o de zinc fundido para fabricar chapa de acero galvanizada.<\/p>\n<h4>3. DC01 Bobina de acero galvanizado<\/h4>\n<p>La bobina de acero galvanizado DC01 se utiliza en autom\u00f3viles, sanitarios, maquinaria alimentaria, recipientes a presi\u00f3n, energ\u00eda nuclear, equipos qu\u00edmicos, ascensores, transporte ferroviario, fabricaci\u00f3n de maquinaria, tuber\u00edas estructurales y decoraci\u00f3n arquitect\u00f3nica.<\/p>\n<h4>4.DX52D Bobina de acero galvanizado<\/h4>\n<p>DX52D En la industria de la construcci\u00f3n, se utiliza principalmente para fabricar paneles anticorrosi\u00f3n para tejados y rejillas para tejados de edificios industriales y civiles; En la industria ligera, se utiliza para fabricar carcasas de electrodom\u00e9sticos, chimeneas civiles, aparatos de cocina, etc. En la industria del autom\u00f3vil, se utiliza principalmente para fabricar piezas resistentes a la corrosi\u00f3n de autom\u00f3viles, etc; Agricultura, animal.<\/p>\n<h4>5. G550 Bobina de acero galvanizado<\/h4>\n<p>La bobina galvanizada G550 pertenece a la serie de chapas galvanizadas de alta resistencia, con altos requisitos de resistencia a la tracci\u00f3n y l\u00edmite el\u00e1stico. Su l\u00edmite el\u00e1stico m\u00ednimo es de 560Mpa, su resistencia a la tracci\u00f3n m\u00ednima es de 650Mpa y el espesor de la capa de zinc es de 275g\/m2. Tiene una fuerte resistencia a la corrosi\u00f3n y se utiliza principalmente para la construcci\u00f3n de estructuras de alta resistencia.<\/p>","protected":false},"excerpt":{"rendered":"<p>Nombre del producto Bobina de acero galvanizado Est\u00e1ndar y Materia SGCC;SGCD1;SGCD2;SGCD3;SGC340SGC400;SGC440;SGC590; DX51D+Z;DX52D+Z;DX53D+Z;DX54D+Z;S250GD+Z; S280GD+Z;S320GD+Z;S350GD+Z;S550GD+Z;Q-BQB420-2009 Espesor 0.13-0.8mm Anchura 600-1250mm Recubrimiento de zinc 20- 275g\/m2 Peso de la bobina 3-8 toneladas o seg\u00fan requirment Tratamiento superficial Mini \/ Big Spangle Aplicaci\u00f3n Se aplica al campo de la construcci\u00f3n, la industria de la construcci\u00f3n naval intercambiador de calor de la caldera industrias qu\u00edmicas del petr\u00f3leo guerra y electricitvindustries, procesamiento de alimentos y la industria m\u00e9dica campos de maquinaria y hardware. Pago T\/T, L\/C, Western [...]","protected":false},"featured_media":3124,"comment_status":"closed","ping_status":"closed","template":"","meta":[],"product_cat":[17,43],"class_list":{"0":"post-3331","1":"product","2":"type-product","3":"status-publish","4":"has-post-thumbnail","6":"product_cat-galvanized-steel-manufacturer","7":"product_cat-galvanized-steel-coil-manufacturer","9":"first","10":"instock","11":"shipping-taxable","12":"product-type-simple"},"_links":{"self":[{"href":"https:\/\/steelsupplydirect.com\/es\/wp-json\/wp\/v2\/product\/3331","targetHints":{"allow":["GET"]}}],"collection":[{"href":"https:\/\/steelsupplydirect.com\/es\/wp-json\/wp\/v2\/product"}],"about":[{"href":"https:\/\/steelsupplydirect.com\/es\/wp-json\/wp\/v2\/types\/product"}],"replies":[{"embeddable":true,"href":"https:\/\/steelsupplydirect.com\/es\/wp-json\/wp\/v2\/comments?post=3331"}],"wp:featuredmedia":[{"embeddable":true,"href":"https:\/\/steelsupplydirect.com\/es\/wp-json\/wp\/v2\/media\/3124"}],"wp:attachment":[{"href":"https:\/\/steelsupplydirect.com\/es\/wp-json\/wp\/v2\/media?parent=3331"}],"wp:term":[{"taxonomy":"product_cat","embeddable":true,"href":"https:\/\/steelsupplydirect.com\/es\/wp-json\/wp\/v2\/product_cat?post=3331"}],"curies":[{"name":"wp","href":"https:\/\/api.w.org\/{rel}","templated":true}]}}