{"id":3340,"date":"2023-08-28T15:09:22","date_gmt":"2023-08-28T07:09:22","guid":{"rendered":"https:\/\/steelsupplydirect.com\/?post_type=product&#038;p=3340"},"modified":"2023-11-06T11:01:44","modified_gmt":"2023-11-06T03:01:44","slug":"20-26-28-calibre-corrugado-galvanizado-chapa-de-acero-para-material-de-construccion-z80g-z100g","status":"publish","type":"product","link":"https:\/\/steelsupplydirect.com\/es\/product\/20-26-28-calibre-corrugado-galvanizado-chapa-de-acero-para-material-de-construccion-z80g-z100g","title":{"rendered":"Hoja de acero galvanizada acanalada del calibrador 20 26 28 para el material de construcci\u00f3n Z80g Z100g"},"content":{"rendered":"<div style=\"overflow: auto\">\n<table>\n<thead>\n<tr>\n<th>Nombre del producto<\/th>\n<th>Chapa de acero galvanizada ondulada para tejados<\/th>\n<\/tr>\n<\/thead>\n<tbody>\n<tr>\n<td>Talla<\/td>\n<td>0,12 mm-1,2 mm<\/td>\n<\/tr>\n<tr>\n<td>Anchura<\/td>\n<td>600mm-1500mm<\/td>\n<\/tr>\n<tr>\n<td>Revestimiento de zinc<\/td>\n<td>40-275 g\/m2<\/td>\n<\/tr>\n<tr>\n<td>Longitud<\/td>\n<td>Longitud: longitud aleatoria simple\/longitud aleatoria doble<br \/>5m-14m,5.8m,6m,10m-12m,12m o como reques real del cliente<\/td>\n<\/tr>\n<tr>\n<td>T\u00e9cnica<\/td>\n<td>L\u00e1minas de impermeabilizaci\u00f3n de Gi lron<\/td>\n<\/tr>\n<tr>\n<td>Tratamiento de superficies<\/td>\n<td>1. Galvanizado <br \/>2. PVC,Negro y pintura de color <br \/>3. Aceite transparente, aceite antioxidante <br \/>4. Seg\u00fan los requisitos del cliente<\/td>\n<\/tr>\n<tr>\n<td>Plazo de entrega<\/td>\n<td>De 7 a 15 d\u00edas despu\u00e9s de recibir el anticipo<\/td>\n<\/tr>\n<\/tbody>\n<\/table>\n<\/div>\n<h2>Parte 1 Descripci\u00f3n del producto<\/h2>\n<p>La chapa de acero corrugado galvanizado tambi\u00e9n se denomina chapa galvanizada o chapa de hierro blanco: es una chapa fina de acero y fleje de acero galvanizado en caliente continuo laminado en fr\u00edo con un grosor de 0,25-2,5 mm. La superficie de la chapa de acero es hermosa, con patrones de cristales de zinc macizos o en forma de hoja, la capa galvanizada es firme y tiene una excelente resistencia a la corrosi\u00f3n atmosf\u00e9rica. En comparaci\u00f3n con las chapas finas de acero electrogalvanizadas, las chapas finas de acero galvanizadas en caliente tienen una capa galvanizada m\u00e1s gruesa y se utilizan principalmente para componentes que requieren una mayor resistencia a la corrosi\u00f3n.<\/p>\n<p>Las materias primas utilizadas son chapas de acero de color, y los sustratos de las chapas de acero recubiertas de color incluyen chapas de acero electrogalvanizado, chapas de acero laminado en fr\u00edo, chapas de acero galvanizado en caliente y chapas de acero galvanizado. Los sustratos se recubren con una capa tras los procesos de desengrasado y fosfatado. La pintura org\u00e1nica se hornea y finalmente se convierte en una chapa de acero de colores brillantes y vistosos. La chapa de acero de color se somete a procesos como el laminado, el doblado en fr\u00edo y el prensado, y finalmente adopta diversas formas como las tejas.<\/p>\n<h2>Parte 2 Especificaci\u00f3n del producto<\/h2>\n<p>Espesor de la l\u00e1mina: 0,2-1,0 mm,<\/p>\n<p>Ancho: 50-250 mm.<\/p>\n<p>\u2462C\u00f3digo de aplicaci\u00f3n: L (para edificios), Q (para paredes), W (para casas), X (Panel universal).<\/p>\n<p>\u2463Materiales m\u00e1s utilizados: Q235A, Q235B, etc.La norma de fabricaci\u00f3n del cart\u00f3n ondulado de acero con revestimiento de color es GB\/T 12755.<\/p>\n<p>\u2464Color acero corrugado hoja Especificaci\u00f3n com\u00fan:<\/p>\n<p>YW35-1000-205-0.4, Q235B, GB\/T 12755<\/p>\n<p>YX15-1000-125-0.8, Q235B, GB\/T 12755<\/p>\n<p>YW30-970-240-0.4, Q235B, GB\/T12755<\/p>\n<p>YW51-600-250-0.8, Q235A, GB\/T 12755<\/p>\n<p>YX15-850-65-0.5, Q235B, GB\/T 12755<\/p>\n<p>YW51-760-380-0.8, Q235B, GB\/T 12755<\/p>\n<h2>Parte 3 Clasificaci\u00f3n<\/h2>\n<p>Seg\u00fan el m\u00e9todo de producci\u00f3n y transformaci\u00f3n, puede dividirse en las siguientes categor\u00edas:<\/p>\n<h4>1.Cart\u00f3n ondulado galvanizado.<\/h4>\n<p>La chapa de acero se sumerge en un ba\u00f1o de zinc fundido, con lo que la chapa de acero queda adherida a la superficie con la capa de zinc. En la actualidad, adopta principalmente el proceso de galvanizaci\u00f3n en continuo, es decir, la chapa de acero enrollada se sumerge continuamente en un tanque de galvanizaci\u00f3n y se convierte en chapa de acero galvanizada junto con zinc fundido.<\/p>\n<h4>2. Cart\u00f3n ondulado galvanizado de aleaci\u00f3n.<\/h4>\n<p>Este tipo de chapa de acero tambi\u00e9n se fabrica por inmersi\u00f3n en caliente, pero inmediatamente despu\u00e9s de ser descargada del tanque, se calienta a unos 500\u00b0C para formar una pel\u00edcula de aleaci\u00f3n de zinc y hierro. La chapa galvanizada tiene buena adherencia de pintura y soldabilidad.<\/p>\n<h4>3.Cart\u00f3n ondulado galvanizado.<\/h4>\n<p>Las chapas de acero galvanizado producidas por galvanoplastia tienen buena maquinabilidad. Sin embargo, el revestimiento es m\u00e1s fino y su resistencia a la corrosi\u00f3n no es tan buena como la de los paneles galvanizados en caliente.<\/p>\n<h4>4.Chapas onduladas galvanizadas por una cara y por las dos caras.<\/h4>\n<p>La chapa de acero galvanizada por una sola cara es un producto galvanizado por una sola cara. En t\u00e9rminos de soldadura, pintura, tratamiento antioxidante, procesamiento, etc., tiene mejor adaptabilidad que los paneles galvanizados por las dos caras. Para superar el inconveniente de no estar galvanizada por una cara, se recubre otra chapa galvanizada con una fina capa de zinc por la otra cara, es decir, chapa galvanizada diferencial de doble cara.<\/p>\n<h4>5.Cart\u00f3n ondulado galvanizado aleado y compuesto.<\/h4>\n<p>Se trata de una placa de acero fabricada con zinc y otros metales, como aleaciones de plomo y zinc, o incluso revestimientos compuestos. Esta placa de acero no solo tiene un excelente rendimiento antioxidante, sino tambi\u00e9n un buen rendimiento de revestimiento.<\/p>\n<h2>Parte 4 Especificaciones comunes<\/h2>\n<h4>Chapa ondulada de acero cincado tipo 1.840<\/h4>\n<p>El cart\u00f3n ondulado de zinc-acero tipo 840 es una especificaci\u00f3n com\u00fan. Su grosor efectivo es de 840 mm, la altura de onda es de 25 mm, la distancia de onda es de 210 mm y el grosor de la placa es de 0,3-0,8 mm. Esta especificaci\u00f3n de cart\u00f3n ondulado de zinc-acero es adecuada para plantas industriales, tejados y paredes de edificios como almacenes y garajes.<\/p>\n<h4>2. Chapa ondulada de acero cincado 820<\/h4>\n<p>Su espesor efectivo es de 820 mm, la altura de onda es de 25 mm, la distancia de onda es de 205 mm y el espesor de la placa es de 0,3-0,8 mm. Esta especificaci\u00f3n de cart\u00f3n ondulado de zinc-acero es adecuada para edificios civiles, tejados y paredes de edificios como edificios comerciales y plantas industriales.<\/p>\n<h4>3.760Tipo Chapa ondulada de zinc-acero<\/h4>\n<p>La anchura efectiva es de 760 mm, la altura de onda es de 18 mm, la distancia de onda es de 76 mm y el grosor del cart\u00f3n es de 0,3-0,8 mm. Esta especificaci\u00f3n de cart\u00f3n ondulado de zinc-acero es adecuada para edificios civiles, edificios comerciales, plantas industriales y otros tejados y paredes de edificios.<\/p>\n<h4>4. Chapa ondulada galvanizada tipo 900<\/h4>\n<p>La anchura efectiva de la l\u00e1mina es de 900 mm, la altura de onda es de 25 mm, la distancia de onda es de 225 mm, y el grosor del tablero es de 0,3-0,8 mm. Esta especificaci\u00f3n de cart\u00f3n ondulado de zinc-acero es adecuada para tejados y paredes de edificios de gran envergadura, como gimnasios o salas de exposiciones.<\/p>\n<h4>5.1000Tipo Chapa ondulada de zinc-acero<\/h4>\n<p>La anchura efectiva es de 1000 mm, la altura de onda es de 25 mm, la distancia de onda es de 200 mm y el grosor de la placa es de 0,3-0,8 mm. Esta especificaci\u00f3n de cart\u00f3n ondulado de zinc-acero es adecuada para el tejado y la pared de edificios de grandes luces. Por ejemplo, gimnasios, salas de exposiciones.<\/p>\n<p>-Caracter\u00edsticas materiales de la chapa ondulada galvanizada<\/p>\n<p>1. Tipo de chapa de acero<\/p>\n<p>Hay muchos tipos de chapas de acero para chapas onduladas galvanizadas, pero principalmente incluyen acero estructural al carbono ordinario, acero de alta resistencia de baja aleaci\u00f3n y acero resistente a la corrosi\u00f3n. Estas chapas de acero tienen diferente resistencia, dureza, resistencia a la corrosi\u00f3n y maquinabilidad, y son adecuadas para diferentes campos.<\/p>\n<p>2. Espesor<\/p>\n<p>El grosor general de la chapa galvanizada ondulada es de 0,4 mm-1,2 mm, que depende principalmente del campo de aplicaci\u00f3n y de las condiciones de uso. Al seleccionar los materiales, tenga en cuenta los requisitos de producci\u00f3n y los requisitos de uso, y elija un espesor adecuado.<\/p>\n<p>3. Espesor de la capa de zinc<\/p>\n<p>El grosor de la capa galvanizada es uno de los factores importantes que afectan a la calidad de la chapa ondulada galvanizada. Por lo general, el grosor de la capa galvanizada es de 20-60 \u03bcm. Diferentes espesores de capas galvanizadas tendr\u00e1n diferentes efectos sobre la resistencia a la corrosi\u00f3n y la durabilidad del material, y deben seleccionarse de acuerdo con los requisitos de la aplicaci\u00f3n.<\/p>\n<p>-Campo de aplicaci\u00f3n de la chapa ondulada galvanizada<\/p>\n<p>Las chapas onduladas galvanizadas se utilizan ampliamente en la construcci\u00f3n, la automoci\u00f3n, los electrodom\u00e9sticos, la agricultura y la aviaci\u00f3n. Entre ellos, la industria de la construcci\u00f3n es uno de los principales campos de aplicaci\u00f3n de la chapa ondulada galvanizada, que se utiliza para construir tejados, muros, almacenes, tuber\u00edas, etc.<\/p>\n<p>-Ventajas de la chapa galvanizada ondulada<\/p>\n<p>1. Alto rendimiento anticorrosi\u00f3n<\/p>\n<p>El grosor de la chapa ondulada galvanizada es moderado, y la superficie est\u00e1 galvanizada. Tiene un buen rendimiento anticorrosi\u00f3n y puede utilizarse durante mucho tiempo en un entorno h\u00famedo.<\/p>\n<p>2. Buena durabilidad<\/p>\n<p>La chapa ondulada galvanizada se ha procesado bien, y no habr\u00e1 problemas como alabeos y grietas durante su uso, y tiene una excelente durabilidad.<\/p>\n<p>3. 3. Bajo coste<\/p>\n<p>En comparaci\u00f3n con otros materiales, la chapa galvanizada ondulada es barata y tiene un excelente rendimiento en la vida \u00fatil, lo que tiene un alto rendimiento de costes.<\/p>\n<p>Chapa galvanizada es un utilizado principalmente: un gran n\u00famero de chapa galvanizada shet utilizado en la fabricaci\u00f3n de autom\u00f3viles, refrigerador, construcci\u00f3n, instalaciones de ventilaci\u00f3n y calefacci\u00f3n y fabricaci\u00f3n de muebles y otros campos. Galvanizado convertido en importante m\u00e9todo anticorrosi\u00f3n de acero, no onlt porque el zinc se puede formar en la capa protectora de la superficie de acero de denso, pero tambi\u00e9n debido a que el zinc tiene el efecto de protecci\u00f3n cat\u00f3dica, cuando la capa galvanizada da\u00f1ada, todav\u00eda puede a trav\u00e9s de la protecci\u00f3n cat\u00f3dica corrocion para evitar que la base de hierro.<\/p>\n<p>La chapa de acero galvanizado sirve para evitar la corrosi\u00f3n de la superficie de la chapa y prolongar su vida \u00fatil. Se recubre la superficie de la chapa de acero con una capa de zinc met\u00e1lico. Esta chapa de acero galvanizada se denomina chapa galvanizada. La superficie de la chapa de acero es hermosa, con patrones de cristales de zinc masivos o en forma de hoja, la capa galvanizada es firme, y tiene una excelente resistencia a la corrosi\u00f3n atmosf\u00e9rica. Al mismo tiempo, la chapa de acero tambi\u00e9n tiene un buen rendimiento de soldadura y rendimiento de conformado en fr\u00edo. En comparaci\u00f3n con las chapas finas de acero electrogalvanizadas, las chapas finas de acero galvanizadas en caliente tienen una capa galvanizada m\u00e1s gruesa y se utilizan principalmente para componentes que requieren una mayor resistencia a la corrosi\u00f3n. Las chapas de acero corrugado galvanizado son chapas de acero galvanizado en caliente laminadas en fr\u00edo y tiras de acero con un espesor de 0,25-2,5 mm. Se utiliza ampliamente en la construcci\u00f3n, el embalaje, los veh\u00edculos ferroviarios, la fabricaci\u00f3n de maquinaria agr\u00edcola y las necesidades diarias.<\/p>\n<p>&nbsp;<\/p>\n<p>&nbsp;<\/p>\n<p>&nbsp;<\/p>","protected":false},"excerpt":{"rendered":"<p>Nombre del producto Galvanizado Hoja de acero corrugado para techos Tama\u00f1o 0.12mm-1.2mm Ancho 600mm-1500mm Recubrimiento de zinc 40-275g\/m2 Longitud Longitud: Longitud aleatoria simple \/ Longitud aleatoria doble5m-14m,5.8m,6m,10m-12m,12m o como reques real del cliente T\u00e9cnica Gi lron Hoja para techos Tratamiento de superficie 1. Galvanizado Galvanizado 2. PVC, negro y pintura de color 3. Aceite transparente, aceite antioxidante Aceite transparente, aceite antioxidante 4. Seg\u00fan el requisito de clientes Plazo de entrega 7 a 15 d\u00edas despu\u00e9s de [...]","protected":false},"featured_media":3135,"comment_status":"closed","ping_status":"closed","template":"","meta":[],"product_cat":[17,44,48],"class_list":{"0":"post-3340","1":"product","2":"type-product","3":"status-publish","4":"has-post-thumbnail","6":"product_cat-galvanized-steel-manufacturer","7":"product_cat-galvanized-corrugated-steel","8":"product_cat-ppgi-corrugated","10":"first","11":"instock","12":"shipping-taxable","13":"product-type-simple"},"_links":{"self":[{"href":"https:\/\/steelsupplydirect.com\/es\/wp-json\/wp\/v2\/product\/3340","targetHints":{"allow":["GET"]}}],"collection":[{"href":"https:\/\/steelsupplydirect.com\/es\/wp-json\/wp\/v2\/product"}],"about":[{"href":"https:\/\/steelsupplydirect.com\/es\/wp-json\/wp\/v2\/types\/product"}],"replies":[{"embeddable":true,"href":"https:\/\/steelsupplydirect.com\/es\/wp-json\/wp\/v2\/comments?post=3340"}],"wp:featuredmedia":[{"embeddable":true,"href":"https:\/\/steelsupplydirect.com\/es\/wp-json\/wp\/v2\/media\/3135"}],"wp:attachment":[{"href":"https:\/\/steelsupplydirect.com\/es\/wp-json\/wp\/v2\/media?parent=3340"}],"wp:term":[{"taxonomy":"product_cat","embeddable":true,"href":"https:\/\/steelsupplydirect.com\/es\/wp-json\/wp\/v2\/product_cat?post=3340"}],"curies":[{"name":"wp","href":"https:\/\/api.w.org\/{rel}","templated":true}]}}