{"id":3342,"date":"2023-08-28T15:49:49","date_gmt":"2023-08-28T07:49:49","guid":{"rendered":"https:\/\/steelsupplydirect.com\/?post_type=product&#038;p=3342"},"modified":"2025-09-29T17:28:54","modified_gmt":"2025-09-29T09:28:54","slug":"astm-a53-a500-en39-grado-redondo-galvanizado-tuberia-de-acero-z120-z275-6m-de-longitud-2xsch40","status":"publish","type":"product","link":"https:\/\/steelsupplydirect.com\/es\/product\/astm-a53-a500-en39-grado-redondo-galvanizado-tuberia-de-acero-z120-z275-6m-de-longitud-2xsch40","title":{"rendered":"Tubo de acero galvanizado redondo ASTM A53 A500 En39 Grado Z120 Z275 6M Longitud 2 \"xSch40"},"content":{"rendered":"<h2>Parte 1 Descripci\u00f3n del producto<\/h2>\n<div style=\"overflow: auto;\">\n<table>\n<thead>\n<tr>\n<th>Nombre del producto<\/th>\n<th>Tubos de acero galvanizado<\/th>\n<\/tr>\n<\/thead>\n<tbody>\n<tr>\n<td>Material<\/td>\n<td>10#, 20#, 45#, 16Mn, A53(A,B), Q235, Q345, Q195, Q215, St37, St42, St37-2, St35.4, St52.4, ST35 etc.<\/td>\n<\/tr>\n<tr>\n<td>Espesor de pared<\/td>\n<td>1MM~12MM o seg\u00fan sus necesidades<\/td>\n<\/tr>\n<tr>\n<td>Di\u00e1metro exterior<\/td>\n<td>20MM~508MM o seg\u00fan sus necesidades<\/td>\n<\/tr>\n<tr>\n<td>Longitud<\/td>\n<td>Longitud:Longitud aleatoria simple\/Longitud aleatoria doble5m-14m,5.8m,6m,10m-12m,12m o como reques real del cliente<\/td>\n<\/tr>\n<tr>\n<td>Est\u00e1ndar<\/td>\n<td>API 5L, ASTM A53-2007, ASTM A671-2006, ASTM A252-1998, ASTM A450-1996, ASME B36.10M-2004, ASTM A523-1996, BS 1387, BS EN10296, BS6323, BS 6363, BS EN10219, GB\/T 3091-2001, GB\/T 13793-1992, GB\/T9711, etc.<\/td>\n<\/tr>\n<tr>\n<td>Grado<\/td>\n<td>10#-45#, 16Mn, A53-A369, Q195-Q345, ST35-ST52Grado A, Grado B, Grado C<\/td>\n<\/tr>\n<tr>\n<td>T\u00e9cnica<\/td>\n<td>Tubo redondo de acero galvanizado en caliente<\/td>\n<\/tr>\n<tr>\n<td>Embalaje<\/td>\n<td>Bundle, o con todo tipo de colores de PVC o como sus necesidades<\/td>\n<\/tr>\n<tr>\n<td>Extremos de tuber\u00eda<\/td>\n<td>Extremo liso\/Biselado, protegido por tapones de pl\u00e1stico en ambos extremos, cut quare, ranurado, roscado y acoplamiento, etc.<\/td>\n<\/tr>\n<tr>\n<td>Tratamiento de superficies<\/td>\n<td>1. Galvanizado2. PVC, pintura negra y de color3. Aceite transparente, aceite antioxidante4. Seg\u00fan el requisito de los clientes<\/td>\n<\/tr>\n<tr>\n<td>MOQ<\/td>\n<td>1 tonelada<\/td>\n<\/tr>\n<tr>\n<td>Plazo de entrega<\/td>\n<td>en un plazo de 7 d\u00edas,Seg\u00fan la cantidad de mercanc\u00eda solicitada por el cliente<\/td>\n<\/tr>\n<\/tbody>\n<\/table>\n<h2>Parte 2 Pliego de condiciones Clasificaci\u00f3n<\/h2>\n<h4>1. Especificaci\u00f3n peque\u00f1a<\/h4>\n<p>DN15, DN20, DN25, DN32, y DN40 son tubos de acero galvanizado de peque\u00f1o tama\u00f1o, que se utilizan con frecuencia en la vida cotidiana. Sus respectivos di\u00e1metros exteriores son diferentes, respectivamente 21,3 mm, 26,9 mm, 33,7 mm, y 42. mm y 48,3 mm.<\/p>\n<h4>2. Especificaci\u00f3n del medio<\/h4>\n<p>Los modelos DN50, DN65, DN80 y DN100 pertenecen a los tubos de acero galvanizado de tama\u00f1o medio. Sus di\u00e1metros exteriores van desde 60,3 mm a 114,3 mm, y el espesor de la pared del tubo tambi\u00e9n es diferente, como 3,5 mm, 3,8 mm, y 4 mm. El peso tambi\u00e9n aumenta<\/p>\n<h4>3. Especificaci\u00f3n grande<\/h4>\n<p>DN125, DN200, DN450 y otros modelos pertenecen a los tubos de acero galvanizado a gran escala. Sus di\u00e1metros exteriores son relativamente grandes, con diferentes tama\u00f1os como 140 mm y 219,1 mm, y el espesor de la pared y el peso tambi\u00e9n aumentan en consecuencia.<\/p>\n<h2>Parte 3 Clasificaci\u00f3n de los tubos de acero galvanizado<\/h2>\n<h4>1. Tubo galvanizado en caliente<\/h4>\n<p>Este tipo de tubo galvanizado se decapa primero para eliminar el \u00f3xido de hierro de la superficie. Despu\u00e9s de que el decapado se ha completado, cloruro de amonio y cloruro de zinc se mezclan, se utiliza para limpiar el tanque, y luego se env\u00eda al agua caliente. tanque de inmersi\u00f3n. En el caso de los tubos galvanizados por inmersi\u00f3n en caliente, el revestimiento es muy uniforme y tiene una fuerte adherencia, y por supuesto la vida \u00fatil es relativamente larga.<\/p>\n<h4>2. Tubo galvanizado en fr\u00edo<\/h4>\n<p>El galvanizado en fr\u00edo es en realidad electrogalvanizado, y la cantidad de galvanizado en \u00e9l es muy peque\u00f1a, por lo que la resistencia a la corrosi\u00f3n es mucho peor que la de los tubos galvanizados en caliente. Para los fabricantes regulares, con el fin de garantizar la calidad de la tuber\u00eda durante el proceso de producci\u00f3n, b\u00e1sicamente no utilizar\u00e1n la electrogalvanizaci\u00f3n. Para los fabricantes de peque\u00f1a escala y con equipos anticuados, utilizar\u00e1n el electrogalvanizado, porque el coste ser\u00e1 menor y sus propios beneficios ser\u00e1n mayores, por lo que todos deben prestar atenci\u00f3n a la hora de comprar.<\/p>\n<p>El tubo de acero galvanizado es un tubo de acero soldado con una capa de galvanizado en caliente o electrogalvanizado en la superficie. El galvanizado puede aumentar la resistencia a la corrosi\u00f3n de los tubos de acero y prolongar su vida \u00fatil. Los tubos galvanizados son ampliamente utilizados. Adem\u00e1s de utilizarse como tuber\u00edas para fluidos de baja presi\u00f3n en general, como agua, gas y petr\u00f3leo, tambi\u00e9n se utilizan como tuber\u00edas para pozos de petr\u00f3leo y oleoductos en la industria petrolera, especialmente en los campos petrol\u00edferos en alta mar, y calentadores de aceite y tuber\u00edas de condensaci\u00f3n para equipos de coquizaci\u00f3n qu\u00edmica. Tuber\u00edas para enfriadores, intercambiadores de aceite de lavado de destilaci\u00f3n de carb\u00f3n, pilotes de caballete y tuber\u00edas de soporte para t\u00faneles de minas, etc.<\/p>\n<\/div>","protected":false},"excerpt":{"rendered":"<p>Parte 1 Descripci\u00f3n del producto Nombre del producto Tubo de acero galvanizado Material 10#, 20#, 45#, 16Mn, A53(A,B), Q235, Q345, Q195, Q215, St37, St42, St37-2, St35.4, St52.4, ST35 etc. Espesor de la pared 1MM~12MM o como su requisito Di\u00e1metro exterior 20MM~508MM o como su requisito Longitud Longitud:Longitud aleatoria simple\/Longitud aleatoria doble5m-14m,5.8m,6m,10m-12m,12m o como reques real del cliente Est\u00e1ndar API 5L, ASTM [...]","protected":false},"featured_media":3227,"comment_status":"closed","ping_status":"closed","template":"","meta":[],"product_cat":[17,45],"class_list":{"0":"post-3342","1":"product","2":"type-product","3":"status-publish","4":"has-post-thumbnail","6":"product_cat-galvanized-steel-manufacturer","7":"product_cat-galvanized-steel-pipe","9":"first","10":"instock","11":"shipping-taxable","12":"product-type-simple"},"_links":{"self":[{"href":"https:\/\/steelsupplydirect.com\/es\/wp-json\/wp\/v2\/product\/3342","targetHints":{"allow":["GET"]}}],"collection":[{"href":"https:\/\/steelsupplydirect.com\/es\/wp-json\/wp\/v2\/product"}],"about":[{"href":"https:\/\/steelsupplydirect.com\/es\/wp-json\/wp\/v2\/types\/product"}],"replies":[{"embeddable":true,"href":"https:\/\/steelsupplydirect.com\/es\/wp-json\/wp\/v2\/comments?post=3342"}],"wp:featuredmedia":[{"embeddable":true,"href":"https:\/\/steelsupplydirect.com\/es\/wp-json\/wp\/v2\/media\/3227"}],"wp:attachment":[{"href":"https:\/\/steelsupplydirect.com\/es\/wp-json\/wp\/v2\/media?parent=3342"}],"wp:term":[{"taxonomy":"product_cat","embeddable":true,"href":"https:\/\/steelsupplydirect.com\/es\/wp-json\/wp\/v2\/product_cat?post=3342"}],"curies":[{"name":"wp","href":"https:\/\/api.w.org\/{rel}","templated":true}]}}