{"id":3346,"date":"2023-08-28T17:51:45","date_gmt":"2023-08-28T09:51:45","guid":{"rendered":"https:\/\/steelsupplydirect.com\/?post_type=product&#038;p=3346"},"modified":"2024-06-27T16:51:54","modified_gmt":"2024-06-27T08:51:54","slug":"chapa-de-acero-galvanizada","status":"publish","type":"product","link":"https:\/\/steelsupplydirect.com\/es\/product\/chapa-de-acero-galvanizada","title":{"rendered":"Suministro directo de f\u00e1brica SGCC DX51D+Z Z80 Z180 Chapa de acero galvanizado"},"content":{"rendered":"<div style=\"overflow: auto\">\n<table>\n<thead>\n<tr>\n<th>Nombre del producto<\/th>\n<th>Chapa de acero galvanizado<\/th>\n<\/tr>\n<\/thead>\n<tbody>\n<tr>\n<td rowspan=\"3\">Norma y Materia<\/td>\n<td>SGCC;SGCD1;SGCD2;SGCD3;SGC340;SGC400;SGC440;SGC590;<\/td>\n<\/tr>\n<tr>\n<td>DX51D+Z;DX52D+Z;DX53D+Z;DX54D+Z;S250GD+Z;<\/td>\n<\/tr>\n<tr>\n<td>                                               S280GD+Z;S320GD+Z;S350GD+Z;S550GD+Z;Q-BQB420-2009                                            <\/td>\n<\/tr>\n<tr>\n<td>Espesor<\/td>\n<td>0,13-0,8 mm<\/td>\n<\/tr>\n<tr>\n<td>Anchura<\/td>\n<td>600-1250 mm<\/td>\n<\/tr>\n<tr>\n<td>Revestimiento de zinc<\/td>\n<td>20- 275g\/m2<\/td>\n<\/tr>\n<tr>\n<td>Peso de la bobina<\/td>\n<td>3-8 toneladas o seg\u00fan las necesidades<\/td>\n<\/tr>\n<tr>\n<td>Tratamiento de superficies<\/td>\n<td>Mini\/Big Spangle<\/td>\n<\/tr>\n<tr>\n<td>Aplicaci\u00f3n<\/td>\n<td>Se aplica al sector de la construcci\u00f3n, la construcci\u00f3n naval, el intercambiador de calor de calderas, la industria qu\u00edmica del petr\u00f3leo, la industria el\u00e9ctrica, la industria alimentaria, la industria m\u00e9dica, la maquinaria y la ferreter\u00eda.<\/td>\n<\/tr>\n<tr>\n<td>Pago<\/td>\n<td> T\/T, L\/C, Western Union<\/td>\n<\/tr>\n<tr>\n<td>M\u00e9todo de embalaje<\/td>\n<td> Papel impermeable+pal\u00e9s de madera o seg\u00fan las necesidades<\/td>\n<\/tr>\n<\/tbody>\n<\/table>\n<\/div>\n<h2>Parte 1 Producci\u00f3n Descripci\u00f3n<\/h2>\n<p>La chapa de acero galvanizado sirve para evitar la corrosi\u00f3n de la superficie de la chapa y prolongar su vida \u00fatil. Se recubre la superficie de la chapa de acero con una capa de zinc met\u00e1lico. Esta chapa de acero galvanizada se denomina chapa galvanizada.<\/p>\n<p>Seg\u00fan los m\u00e9todos de producci\u00f3n y transformaci\u00f3n, puede dividirse en las siguientes categor\u00edas:<\/p>\n<h4>1.Chapa de acero galvanizada en caliente.<\/h4>\n<p>Sumergir la chapa fina de acero en el tanque de zinc fundido para hacer la chapa fina de acero con una capa de zinc adherida a su superficie. En la actualidad, el proceso de galvanizado continuo se utiliza principalmente para la producci\u00f3n, es decir, la placa de acero enrollada se sumerge continuamente en un tanque de galvanizado con zinc fundido para hacer una placa de acero galvanizado;<\/p>\n<h4>2.Chapa de acero galvanizado aleado.<\/h4>\n<p>Este tipo de panel de acero tambi\u00e9n se fabrica por el m\u00e9todo de inmersi\u00f3n en caliente, pero se calienta a unos 500\u2103 inmediatamente despu\u00e9s de salir del tanque, para que pueda formar una pel\u00edcula de aleaci\u00f3n de zinc y hierro. Esta l\u00e1mina galvanizada tiene buena adherencia de pintura y soldabilidad;<\/p>\n<h4>3.Chapa de acero electrogalvanizada.<\/h4>\n<p>El panel de acero galvanizado fabricado mediante galvanoplastia tiene una buena procesabilidad. Sin embargo, el revestimiento es m\u00e1s fino y su resistencia a la corrosi\u00f3n no es tan buena como la de los paneles galvanizados en caliente;<\/p>\n<h4>4. Acero galvanizado por una cara y acero galvanizado por las dos caras.<\/h4>\n<p>La chapa galvanizada por una cara es un producto galvanizado por una sola cara. En t\u00e9rminos de soldadura, pintura, tratamiento antioxidante, procesamiento, etc., tiene mejor adaptabilidad que la chapa galvanizada por las dos caras. Para superar las deficiencias de una cara sin galvanizar, existe otro tipo de chapa galvanizada recubierta con una fina capa de zinc en la otra cara, es decir, la chapa galvanizada diferencial de doble cara;<\/p>\n<h4>5. Aleaci\u00f3n, acero compuesto galvanizado.<\/h4>\n<p>Es una aleaci\u00f3n de zinc y otros metales como aluminio, plomo, zinc, o incluso una placa de acero chapada compuesta. Este tipo de placa de acero no solo tiene un excelente rendimiento antioxidante, sino tambi\u00e9n un buen rendimiento de revestimiento;<br \/>Adem\u00e1s de los cinco tipos anteriores, tambi\u00e9n hay paneles de acero galvanizado de colores, paneles de acero galvanizado impresos, paneles de acero galvanizado laminado con PVC, etc. Pero el m\u00e1s utilizado sigue siendo la chapa galvanizada en caliente.<\/p>\n<h2>Parte 2 Dimensiones y especificaciones<\/h2>\n<p>0,20-1,2*1000*C, Zincado 80, DX51D+Z<\/p>\n<p>1,2*1050*C,Recubrimiento de zinc 150, CSB<\/p>\n<p>1,55*1000*C, Zincado 180, S280GD+Z<\/p>\n<p>1,95*1000*C, Zincado 275, S350GD+Z<\/p>\n<p>Las normas de producto correspondientes indican el grosor, la longitud y la anchura est\u00e1ndar recomendados para las chapas galvanizadas, as\u00ed como las desviaciones permitidas. En general, cuanto mayor es el grosor de la chapa galvanizada, mayor es el error admisible, en lugar de los 0,02-0,04 mm fijos. La desviaci\u00f3n del espesor tambi\u00e9n tiene diferentes requisitos seg\u00fan el coeficiente de fluencia, tracci\u00f3n, etc. La desviaci\u00f3n de longitud y anchura suele ser de 5 mm, y el grosor de la chapa suele oscilar entre 0,4-3,2 mm.<\/p>\n<h2>Parte 3 Aspecto<\/h2>\n<h4>1. Estado de la superficie<\/h4>\n<p>Debido a los diferentes m\u00e9todos de tratamiento en el proceso de revestimiento y chapado, el estado de la superficie de las chapas galvanizadas tambi\u00e9n es diferente, como la superficie con lentejuelas ordinarias, con lentejuelas finas, con lentejuelas planas, sin lentejuelas y con fosfatado. Las normas alemanas tambi\u00e9n especifican los grados de superficie.<\/p>\n<h4>2.Ventajas<\/h4>\n<p>La chapa galvanizada deber\u00e1 tener un buen aspecto y no presentar defectos perjudiciales para el uso del producto, como ausencia de chapado, agujeros, grietas y escoria, exceso de espesor del chapado, ara\u00f1azos, suciedad de \u00e1cido cr\u00f3mico, \u00f3xido blanco, etc. Las normas extranjeras no son muy claras sobre los defectos de aspecto espec\u00edficos.<\/p>","protected":false},"excerpt":{"rendered":"<p>Nombre de producto Chapa de acero galvanizado Est\u00e1ndar y Materia SGCC;SGCD1;SGCD2;SGCD3;SGC340;SGC400;SGC440;SGC590; DX51D+Z;DX52D+Z;DX53D+Z;DX54D+Z;S250GD+Z; S280GD+Z;S320GD+Z;S350GD+Z;S550GD+Z;Q-BQB420-2009 Espesor 0.13-0.8mm Anchura 600-1250mm Recubrimiento de zinc 20- 275g\/m2 Peso de la bobina 3-8 toneladas o seg\u00fan requirment Tratamiento superficial Mini \/ Big Spangle Aplicaci\u00f3n Se aplica al campo de la construcci\u00f3n, la industria de la construcci\u00f3n naval intercambiador de calor de la caldera industrias qu\u00edmicas del petr\u00f3leo guerra y electricitvindustries, procesamiento de alimentos y la industria m\u00e9dica campos de maquinaria y hardware. Pago T\/T, L\/C, Western [...]","protected":false},"featured_media":3146,"comment_status":"closed","ping_status":"closed","template":"","meta":[],"product_cat":[17,46],"class_list":{"0":"post-3346","1":"product","2":"type-product","3":"status-publish","4":"has-post-thumbnail","6":"product_cat-galvanized-steel-manufacturer","7":"product_cat-galvanized-steel-sheet","9":"first","10":"instock","11":"shipping-taxable","12":"product-type-simple"},"_links":{"self":[{"href":"https:\/\/steelsupplydirect.com\/es\/wp-json\/wp\/v2\/product\/3346","targetHints":{"allow":["GET"]}}],"collection":[{"href":"https:\/\/steelsupplydirect.com\/es\/wp-json\/wp\/v2\/product"}],"about":[{"href":"https:\/\/steelsupplydirect.com\/es\/wp-json\/wp\/v2\/types\/product"}],"replies":[{"embeddable":true,"href":"https:\/\/steelsupplydirect.com\/es\/wp-json\/wp\/v2\/comments?post=3346"}],"wp:featuredmedia":[{"embeddable":true,"href":"https:\/\/steelsupplydirect.com\/es\/wp-json\/wp\/v2\/media\/3146"}],"wp:attachment":[{"href":"https:\/\/steelsupplydirect.com\/es\/wp-json\/wp\/v2\/media?parent=3346"}],"wp:term":[{"taxonomy":"product_cat","embeddable":true,"href":"https:\/\/steelsupplydirect.com\/es\/wp-json\/wp\/v2\/product_cat?post=3346"}],"curies":[{"name":"wp","href":"https:\/\/api.w.org\/{rel}","templated":true}]}}