{"id":3350,"date":"2023-08-29T13:39:21","date_gmt":"2023-08-29T05:39:21","guid":{"rendered":"https:\/\/steelsupplydirect.com\/?post_type=product&#038;p=3350"},"modified":"2024-06-27T16:53:38","modified_gmt":"2024-06-27T08:53:38","slug":"materiales-de-construccion-ppgi","status":"publish","type":"product","link":"https:\/\/steelsupplydirect.com\/es\/product\/materiales-de-construccion-ppgi","title":{"rendered":"Materiales de construcci\u00f3n PPGI Bobinas prelacadas revestidas de color"},"content":{"rendered":"<p>La bobina revestida de color se basa en chapa galvanizada en caliente, chapa galvanizada en caliente, chapa electrogalvanizada, etc. Tras el pretratamiento de la superficie (desengrasado qu\u00edmico y tratamiento de conversi\u00f3n qu\u00edmica), se aplican una o varias capas de revestimientos org\u00e1nicos sobre la superficie y, a continuaci\u00f3n, se hornea y se cura. Se denomina as\u00ed a las bobinas de acero de color revestidas con diversos colores de revestimientos org\u00e1nicos, denominadas bobinas revestidas de color.<\/p>\n<p>El fleje de acero con revestimiento de color que utiliza fleje de acero galvanizado en caliente como material de base no s\u00f3lo est\u00e1 protegido por la capa de zinc, sino que el revestimiento org\u00e1nico sobre la capa de zinc desempe\u00f1a una funci\u00f3n de cobertura y protecci\u00f3n para evitar que el fleje de acero se oxide, y su vida \u00fatil es m\u00e1s larga que la del fleje galvanizado, aproximadamente 1,5 veces.<\/p>\n<p>-El proceso de producci\u00f3n del rollo recubierto de color<\/p>\n<p>La producci\u00f3n de bobinas de acero con revestimiento de color suele dividirse en dos etapas: la preparaci\u00f3n del revestimiento y el proceso de revestimiento. La preparaci\u00f3n del revestimiento se refiere a la preparaci\u00f3n del revestimiento de color en un estado adecuado para el revestimiento, incluyendo el dise\u00f1o de la f\u00f3rmula, el proceso de producci\u00f3n, el control de calidad y otros aspectos del revestimiento. El proceso de recubrimiento se refiere a la aplicaci\u00f3n de recubrimientos de color en la placa de acero, por lo general de dos maneras: recubrimiento con rodillo y pulverizaci\u00f3n. El revestimiento con rodillo consiste en aplicar el revestimiento de color sobre la chapa de acero y, a continuaci\u00f3n, utilizar equipos de rodillos para llevar a cabo procesos como el calandrado, el secado y el curado. La pulverizaci\u00f3n consiste en pulverizar el revestimiento de color sobre la chapa de acero y, a continuaci\u00f3n, utilizar equipos de secado y curado para el posprocesamiento.<\/p>\n<p>-Caracter\u00edsticas de las bobinas de acero prelacado<\/p>\n<p>1. Rendimiento est\u00e9tico: Las bobinas de acero con revestimiento de color tienen ricos colores y texturas, que pueden satisfacer diferentes requisitos de dise\u00f1o en los campos de la construcci\u00f3n y los electrodom\u00e9sticos. Al mismo tiempo, la superficie de la bobina de acero con revestimiento de color es lisa y plana, y tiene un buen efecto decorativo.<\/p>\n<p>2. Resistencia a la corrosi\u00f3n: El revestimiento de la superficie de las bobinas de acero con revestimiento de color tiene una excelente resistencia a la corrosi\u00f3n y puede utilizarse en entornos dif\u00edciles durante muchos a\u00f1os sin sufrir da\u00f1os.<\/p>\n<p>3. Resistencia a la intemperie: El revestimiento de la superficie de la bobina de acero recubierto de color tiene una excelente resistencia a la intemperie, que puede resistir la erosi\u00f3n de los ambientes naturales como la luz solar, la lluvia y el viento, y mantener una apariencia estable a largo plazo.<\/p>\n<p>4. 4. Propiedades mec\u00e1nicas: Las bobinas de acero con revestimiento de color tienen una gran resistencia mec\u00e1nica y rigidez, y pueden soportar la carga de las estructuras de los edificios y los equipos mec\u00e1nicos.<\/p>\n<p>5. 5. Rendimiento de procesamiento: Las bobinas de acero con revestimiento de color pueden procesarse mediante doblado en fr\u00edo, estampado, cizallado y soldadura, y tienen un buen rendimiento de procesamiento y formabilidad.<\/p>\n<p>-Aplicaci\u00f3n de la bobina de acero con revestimiento de color<\/p>\n<p>1. Campo de la construcci\u00f3n: Las bobinas de acero con revestimiento de color se utilizan ampliamente en la construcci\u00f3n de tejados, paneles de pared, puertas y ventanas, cerchas, tabiques y techos. Las bobinas de acero con revestimiento de color no s\u00f3lo son bonitas, sino que tambi\u00e9n son impermeables, ign\u00edfugas y aislantes del calor, por lo que constituyen un excelente material de construcci\u00f3n.<\/p>\n<p>2. Electrodom\u00e9sticos: Las bobinas de acero con revestimiento de color se utilizan ampliamente para fabricar carcasas de electrodom\u00e9sticos, como frigor\u00edficos, aparatos de aire acondicionado, lavadoras, hornos microondas y hornos el\u00e9ctricos. La bobina de acero con revestimiento de color tiene las caracter\u00edsticas de resistencia al desgaste, anticorrosi\u00f3n, f\u00e1cil limpieza y bella apariencia, que puede satisfacer los requisitos de la industria de electrodom\u00e9sticos en cuanto a apariencia y rendimiento.<\/p>\n<p>3. Campo del transporte: Las bobinas de acero lacado en color pueden utilizarse para fabricar piezas como carrocer\u00edas, techos, chasis y bastidores. La bobina de acero prelacado tiene las caracter\u00edsticas de peso ligero, alta resistencia, resistencia a la corrosi\u00f3n, resistencia al desgaste y est\u00e9tica, lo que puede mejorar la seguridad y la est\u00e9tica de las herramientas de transporte.<\/p>\n<p>4. Campo del mobiliario: Las bobinas de acero lacado en color pueden utilizarse para fabricar muebles de oficina, muebles de cocina, estanter\u00edas, armarios y otros muebles. La bobina de acero prelacado tiene las caracter\u00edsticas de belleza, resistencia al desgaste, facilidad de limpieza y resistencia a la corrosi\u00f3n, que pueden satisfacer los requisitos de la industria del mueble en cuanto a aspecto y rendimiento de los materiales.<\/p>\n<p>5. Campo de los equipos electr\u00f3nicos: Las bobinas de acero lacado en color pueden utilizarse para fabricar carcasas de equipos electr\u00f3nicos como carcasas de TV, carcasas de audio y carcasas de ordenador. La bobina de acero prelacado tiene las caracter\u00edsticas de belleza, resistencia al desgaste, resistencia a la corrosi\u00f3n e interferencia antielectromagn\u00e9tica, que pueden mejorar la seguridad y la est\u00e9tica de los equipos electr\u00f3nicos.<\/p>\n<p>&nbsp;<\/p>\n<p>&nbsp;<\/p>\n<p>&nbsp;<\/p>","protected":false},"excerpt":{"rendered":"<p>La bobina revestida de color se basa en chapa galvanizada en caliente, chapa galvanizada en caliente, chapa electrogalvanizada, etc. Tras el pretratamiento de la superficie (desengrasado qu\u00edmico y tratamiento de conversi\u00f3n qu\u00edmica), se aplican una o varias capas de revestimientos org\u00e1nicos en la superficie y, a continuaci\u00f3n, se hornea y se cura. Recibe su nombre de las bobinas de acero de color recubiertas con diversos [...]","protected":false},"featured_media":3204,"comment_status":"closed","ping_status":"closed","template":"","meta":[],"product_cat":[17,47],"class_list":{"0":"post-3350","1":"product","2":"type-product","3":"status-publish","4":"has-post-thumbnail","6":"product_cat-galvanized-steel-manufacturer","7":"product_cat-ppgi-coil","9":"first","10":"instock","11":"shipping-taxable","12":"product-type-simple"},"_links":{"self":[{"href":"https:\/\/steelsupplydirect.com\/es\/wp-json\/wp\/v2\/product\/3350","targetHints":{"allow":["GET"]}}],"collection":[{"href":"https:\/\/steelsupplydirect.com\/es\/wp-json\/wp\/v2\/product"}],"about":[{"href":"https:\/\/steelsupplydirect.com\/es\/wp-json\/wp\/v2\/types\/product"}],"replies":[{"embeddable":true,"href":"https:\/\/steelsupplydirect.com\/es\/wp-json\/wp\/v2\/comments?post=3350"}],"wp:featuredmedia":[{"embeddable":true,"href":"https:\/\/steelsupplydirect.com\/es\/wp-json\/wp\/v2\/media\/3204"}],"wp:attachment":[{"href":"https:\/\/steelsupplydirect.com\/es\/wp-json\/wp\/v2\/media?parent=3350"}],"wp:term":[{"taxonomy":"product_cat","embeddable":true,"href":"https:\/\/steelsupplydirect.com\/es\/wp-json\/wp\/v2\/product_cat?post=3350"}],"curies":[{"name":"wp","href":"https:\/\/api.w.org\/{rel}","templated":true}]}}