{"id":3352,"date":"2023-08-29T14:27:20","date_gmt":"2023-08-29T06:27:20","guid":{"rendered":"https:\/\/steelsupplydirect.com\/?post_type=product&#038;p=3352"},"modified":"2024-06-27T16:53:41","modified_gmt":"2024-06-27T08:53:41","slug":"venta-al-por-mayor-0-12-1-5mm-bobinas-de-acero-galvanizado-prepintado-para-chapa-de-techo","status":"publish","type":"product","link":"https:\/\/steelsupplydirect.com\/es\/product\/venta-al-por-mayor-0-12-1-5mm-bobinas-de-acero-galvanizado-prepintado-para-chapa-de-techo","title":{"rendered":"Venta al por mayor 0.12-1.5mm bobinas de acero galvanizado prepintado para la hoja de techo"},"content":{"rendered":"<p>El fleje de acero con revestimiento de color que utiliza fleje de acero galvanizado en caliente como material de base no s\u00f3lo est\u00e1 protegido por la capa de zinc, sino que el revestimiento org\u00e1nico sobre la capa de zinc desempe\u00f1a una funci\u00f3n de cobertura y protecci\u00f3n para evitar que el fleje de acero se oxide, y su vida \u00fatil es m\u00e1s larga que la del fleje galvanizado, aproximadamente 1,5 veces.<\/p>\n<p>La bobina revestida de color se basa en chapa galvanizada en caliente, chapa galvanizada en caliente, chapa electrogalvanizada, etc. Tras el pretratamiento de la superficie (desengrasado qu\u00edmico y tratamiento de conversi\u00f3n qu\u00edmica), se aplican una o varias capas de revestimientos org\u00e1nicos sobre la superficie y, a continuaci\u00f3n, se hornea y se cura. Se denomina as\u00ed a las bobinas de acero de color revestidas con diversos colores de revestimientos org\u00e1nicos, denominadas bobinas revestidas de color.<\/p>\n<p>v Tipo de estructura de revestimiento<br \/>\n2\/1: Recubrir la superficie superior dos veces, recubrir la superficie inferior una vez y hornear dos veces.<br \/>\n2\/1M: Recubrir dos veces las superficies superior e inferior y hornear una vez.<br \/>\n2\/2: Recubrir dos veces las superficies superior e inferior y hornear dos veces.<br \/>\nv Aplicaci\u00f3n de diferentes estructuras de revestimiento:<br \/>\n2\/1: La resistencia a la corrosi\u00f3n y al rayado de la pintura posterior monocapa son malas, pero tiene buena adherencia.<br \/>\npara su aplicaci\u00f3n en paneles s\u00e1ndwich.<br \/>\n2\/1M: La pintura posterior tiene mejor resistencia a la corrosi\u00f3n, a los ara\u00f1azos y a la deformaci\u00f3n, adem\u00e1s de una buena adherencia.<br \/>\nAdecuado para paneles perfilados monocapa y paneles s\u00e1ndwich.<br \/>\n2\/2: La resistencia a la corrosi\u00f3n, la resistencia al rayado y la procesabilidad de la pintura posterior de doble capa son mejores, y la mayor\u00eda de ellas se utilizan para una sola.<br \/>\nLos paneles laminados, pero su escasa adherencia, no deben utilizarse para paneles s\u00e1ndwich.<\/p>\n<p>Clasificaci\u00f3n de sustratos recubiertos de color<\/p>\n<p>Sustrato galvanizado en caliente<br \/>\nEl producto obtenido aplicando un recubrimiento org\u00e1nico sobre una chapa de acero galvanizada en caliente es una chapa galvanizada en caliente con recubrimiento de color. Adem\u00e1s del efecto protector del zinc, la chapa galvanizada en caliente con revestimiento de color tambi\u00e9n tiene la funci\u00f3n de protecci\u00f3n aislante y prevenci\u00f3n de la oxidaci\u00f3n, y su vida \u00fatil es mayor que la de la chapa galvanizada en caliente. El contenido de zinc del sustrato galvanizado en caliente suele ser de 180 g\/m2 (doble cara), y la mayor cantidad galvanizada del sustrato galvanizado en caliente para exteriores de edificios es de 275 g\/m2.<br \/>\nSustrato galvanizado en caliente<br \/>\nLa chapa de acero galvanizada en caliente (55% Al-Zn) se utiliza como sustrato de nuevo recubrimiento, y suele contener 150 g\/\u33a1 de aluminio y zinc (por ambas caras). La resistencia a la corrosi\u00f3n de la chapa galvanizada en caliente es de 2 a 5 veces la de la chapa galvanizada en caliente. El uso continuo o intermitente a temperaturas de hasta 490\u00b0C no oxidar\u00e1 gravemente ni producir\u00e1 incrustaciones. La capacidad de reflejar el calor y la luz es el doble que la del acero galvanizado en caliente, y la reflectividad superior a 0,75 es un material de construcci\u00f3n ideal para ahorrar energ\u00eda.<\/p>\n<p>Sustrato galvanizado<\/p>\n<p>La chapa electrogalvanizada se utiliza como sustrato, y el producto obtenido mediante el recubrimiento con pintura org\u00e1nica y la cocci\u00f3n es una chapa electrogalvanizada recubierta de color. Dado que la capa de zinc de la chapa electrogalvanizada es fina, el contenido de zinc suele ser de 20\/20g\/m2, por lo que este producto no es adecuado para su uso. para hacer paredes, tejados, etc. en el exterior. Sin embargo, debido a su bello aspecto y excelente rendimiento de procesamiento, se utiliza principalmente en electrodom\u00e9sticos, audio, muebles de acero, decoraci\u00f3n de interiores, etc.<\/p>\n<p>Tipo de revestimiento<\/p>\n<p>1. Poli\u00e9ster<br \/>\nBuena adherencia, colores vivos, amplia gama de conformabilidad y durabilidad exterior, resistencia qu\u00edmica moderada, bajo coste.<br \/>\n2. Poli\u00e9ster modificado con silicio<br \/>\nEs decir (SMP), la pel\u00edcula de revestimiento tiene buena dureza, resistencia al desgaste y resistencia al calor, as\u00ed como buena durabilidad externa y resistencia al caleo, retenci\u00f3n del brillo, flexibilidad general y coste medio.<br \/>\n3. Poli\u00e9ster de alta durabilidad<br \/>\nEs decir (HDP), excelente retenci\u00f3n del color y resistencia a los rayos UV, excelente durabilidad en exteriores y resistencia al caleo, buena adherencia de la pel\u00edcula, colores vivos, excelente relaci\u00f3n coste-rendimiento.<br \/>\n4. Fluoruro de polivinilideno<br \/>\nA saber (PVDF), excelente retenci\u00f3n del color y resistencia a los rayos UV, excelente durabilidad en exteriores y resistencia al caleo, excelente resistencia a los disolventes, buena conformabilidad, resistencia a la suciedad, color limitado, coste elevado.<\/p>","protected":false},"excerpt":{"rendered":"<p>El fleje de acero con revestimiento de color que utiliza fleje de acero galvanizado en caliente como material de base no s\u00f3lo est\u00e1 protegido por la capa de zinc, sino que el revestimiento org\u00e1nico sobre la capa de zinc desempe\u00f1a una funci\u00f3n de cobertura y protecci\u00f3n para evitar que el fleje de acero se oxide, y su vida \u00fatil es m\u00e1s larga que la del fleje galvanizado, aproximadamente [...].","protected":false},"featured_media":3168,"comment_status":"closed","ping_status":"closed","template":"","meta":[],"product_cat":[17,47],"class_list":{"0":"post-3352","1":"product","2":"type-product","3":"status-publish","4":"has-post-thumbnail","6":"product_cat-galvanized-steel-manufacturer","7":"product_cat-ppgi-coil","9":"first","10":"instock","11":"shipping-taxable","12":"product-type-simple"},"_links":{"self":[{"href":"https:\/\/steelsupplydirect.com\/es\/wp-json\/wp\/v2\/product\/3352","targetHints":{"allow":["GET"]}}],"collection":[{"href":"https:\/\/steelsupplydirect.com\/es\/wp-json\/wp\/v2\/product"}],"about":[{"href":"https:\/\/steelsupplydirect.com\/es\/wp-json\/wp\/v2\/types\/product"}],"replies":[{"embeddable":true,"href":"https:\/\/steelsupplydirect.com\/es\/wp-json\/wp\/v2\/comments?post=3352"}],"wp:featuredmedia":[{"embeddable":true,"href":"https:\/\/steelsupplydirect.com\/es\/wp-json\/wp\/v2\/media\/3168"}],"wp:attachment":[{"href":"https:\/\/steelsupplydirect.com\/es\/wp-json\/wp\/v2\/media?parent=3352"}],"wp:term":[{"taxonomy":"product_cat","embeddable":true,"href":"https:\/\/steelsupplydirect.com\/es\/wp-json\/wp\/v2\/product_cat?post=3352"}],"curies":[{"name":"wp","href":"https:\/\/api.w.org\/{rel}","templated":true}]}}