{"id":3354,"date":"2023-08-29T17:03:37","date_gmt":"2023-08-29T09:03:37","guid":{"rendered":"https:\/\/steelsupplydirect.com\/?post_type=product&#038;p=3354"},"modified":"2023-11-06T10:58:32","modified_gmt":"2023-11-06T02:58:32","slug":"yw35-1000","status":"publish","type":"product","link":"https:\/\/steelsupplydirect.com\/es\/product\/yw35-1000","title":{"rendered":"YW35-1000 PPGI Hoja Tipo L Espesor 0.2-1mm"},"content":{"rendered":"<div style=\"overflow: auto\">\n<table>\n<thead>\n<tr>\n<th>Nombre del producto<\/th>\n<th>Chapa de acero ondulada para tejados<\/th>\n<\/tr>\n<\/thead>\n<tbody>\n<tr>\n<td>Talla<\/td>\n<td>0,12 mm-1,2 mm<\/td>\n<\/tr>\n<tr>\n<td>Anchura<\/td>\n<td>600mm-1500mm<\/td>\n<\/tr>\n<tr>\n<td>Revestimiento de zinc<\/td>\n<td>40-275 g\/m2<\/td>\n<\/tr>\n<tr>\n<td>Longitud<\/td>\n<td>Longitud: longitud aleatoria simple\/longitud aleatoria doble<br \/>5m-14m,5.8m,6m,10m-12m,12m o como reques real del cliente<\/td>\n<\/tr>\n<tr>\n<td>T\u00e9cnica<\/td>\n<td>L\u00e1minas de impermeabilizaci\u00f3n de Gi lron<\/td>\n<\/tr>\n<tr>\n<td>Tratamiento de superficies<\/td>\n<td>1. Galvanizado <br \/>2. PVC,Negro y pintura de color <br \/>3. Aceite transparente, aceite antioxidante <br \/>4. Seg\u00fan los requisitos del cliente<\/td>\n<\/tr>\n<tr>\n<td>Plazo de entrega<\/td>\n<td>De 7 a 15 d\u00edas despu\u00e9s de recibir el anticipo<\/td>\n<\/tr>\n<\/tbody>\n<\/table>\n<\/div>\n<h2>Parte 1 Descripci\u00f3n del producto<\/h2>\n<p>La chapa ondulada con revestimiento de color, tambi\u00e9n llamada chapa perfilada, est\u00e1 hecha de chapa de acero con revestimiento de color, chapa galvanizada y otras chapas met\u00e1licas que se laminan y se doblan en fr\u00edo para formar diversas chapas onduladas. Es adecuada para edificios industriales y civiles, almacenes y edificios especiales, tejados, paredes y decoraci\u00f3n de paredes interiores y exteriores de casas de estructura de acero de gran envergadura. Tiene las caracter\u00edsticas de peso ligero, alta resistencia, color rico, construcci\u00f3n conveniente y r\u00e1pida, antis\u00edsmica, a prueba de fuego, a prueba de lluvia, larga vida, libre de mantenimiento, etc., y ha sido ampliamente promovido y aplicado.<\/p>\n<p>El cart\u00f3n ondulado tiene forma de panal curvado, por lo que tambi\u00e9n tiene funciones de aislamiento ac\u00fastico, aislamiento t\u00e9rmico, prevenci\u00f3n de incendios y resistencia a los golpes. El panel se fabrica mediante un proceso de pulverizaci\u00f3n en l\u00ednea, por lo que no hay problemas de aberraci\u00f3n crom\u00e1tica, y tambi\u00e9n puede someterse a procesos secundarios, como anticorrosi\u00f3n, gofrado, pintura, etc. Lo m\u00e1s importante es que su coste es muy bajo, y el efecto decorativo ser\u00e1 mejor, y el efecto decorativo general del edificio mejorar\u00e1 mucho. Pero a la hora de utilizarlo, hay que prestar atenci\u00f3n a la posici\u00f3n de colocaci\u00f3n, no todas las posiciones son adecuadas para su instalaci\u00f3n.<\/p>\n<h2>Parte 2 Especificaci\u00f3n del producto<\/h2>\n<p>Espesor de la l\u00e1mina: 0,2-1,0 mm,<\/p>\n<p>Ancho: 50-250 mm.<\/p>\n<p>\u2462C\u00f3digo de aplicaci\u00f3n: L (para edificios), Q (para paredes), W (para casas), X (Panel universal).<\/p>\n<p>\u2463Materiales m\u00e1s utilizados: Q235A, Q235B, etc.La norma de fabricaci\u00f3n del cart\u00f3n ondulado de acero con revestimiento de color es GB\/T 12755.<\/p>\n<p>\u2464Color acero corrugado hoja Especificaci\u00f3n com\u00fan:<\/p>\n<p>YW35-1000-205-0.4, Q235B, GB\/T 12755<\/p>\n<p>YX15-1000-125-0.8, Q235B, GB\/T 12755<\/p>\n<p>YW30-970-240-0.4, Q235B, GB\/T12755<\/p>\n<p>YW51-600-250-0.8, Q235A, GB\/T 12755<\/p>\n<p>YX15-850-65-0.5, Q235B, GB\/T 12755<\/p>\n<p>YW51-760-380-0.8, Q235B, GB\/T 12755<\/p>\n<h2>Parte 3 Clasificaci\u00f3n<\/h2>\n<p>Seg\u00fan el m\u00e9todo de producci\u00f3n y transformaci\u00f3n, puede dividirse en las siguientes categor\u00edas:<\/p>\n<h4>1.Cart\u00f3n ondulado galvanizado.<\/h4>\n<p>La chapa de acero se sumerge en un ba\u00f1o de zinc fundido, con lo que la chapa de acero queda adherida a la superficie con la capa de zinc. En la actualidad, adopta principalmente el proceso de galvanizaci\u00f3n en continuo, es decir, la chapa de acero enrollada se sumerge continuamente en un tanque de galvanizaci\u00f3n y se convierte en chapa de acero galvanizada junto con zinc fundido.<\/p>\n<h4>2. Cart\u00f3n ondulado galvanizado de aleaci\u00f3n.<\/h4>\n<p>Este tipo de chapa de acero tambi\u00e9n se fabrica por inmersi\u00f3n en caliente, pero inmediatamente despu\u00e9s de ser descargada del tanque, se calienta a unos 500\u00b0C para formar una pel\u00edcula de aleaci\u00f3n de zinc y hierro. La chapa galvanizada tiene buena adherencia de pintura y soldabilidad.<\/p>\n<h4>3.Cart\u00f3n ondulado galvanizado.<\/h4>\n<p>Las chapas de acero galvanizado producidas por galvanoplastia tienen buena maquinabilidad. Sin embargo, el revestimiento es m\u00e1s fino y su resistencia a la corrosi\u00f3n no es tan buena como la de los paneles galvanizados en caliente.<\/p>\n<h4>4.Chapas onduladas galvanizadas por una cara y por las dos caras.<\/h4>\n<p>La chapa de acero galvanizada por una sola cara es un producto galvanizado por una sola cara. En t\u00e9rminos de soldadura, pintura, tratamiento antioxidante, procesamiento, etc., tiene mejor adaptabilidad que los paneles galvanizados por las dos caras. Para superar el inconveniente de no estar galvanizada por una cara, se recubre otra chapa galvanizada con una fina capa de zinc por la otra cara, es decir, chapa galvanizada diferencial de doble cara.<\/p>\n<h4>5.Cart\u00f3n ondulado galvanizado aleado y compuesto.<\/h4>\n<p>Se trata de una placa de acero fabricada con zinc y otros metales, como aleaciones de plomo y zinc, o incluso revestimientos compuestos. Esta placa de acero no solo tiene un excelente rendimiento antioxidante, sino tambi\u00e9n un buen rendimiento de revestimiento.<\/p>\n<h2>Parte 4 Especificaciones comunes<\/h2>\n<h4>Chapa ondulada de acero cincado tipo 1.840<\/h4>\n<p>El cart\u00f3n ondulado de zinc-acero tipo 840 es una especificaci\u00f3n com\u00fan. Su grosor efectivo es de 840 mm, la altura de onda es de 25 mm, la distancia de onda es de 210 mm y el grosor de la placa es de 0,3-0,8 mm. Esta especificaci\u00f3n de cart\u00f3n ondulado de zinc-acero es adecuada para plantas industriales, tejados y paredes de edificios como almacenes y garajes.<\/p>\n<h4>2. Chapa ondulada de acero cincado 820<\/h4>\n<p>Su espesor efectivo es de 820 mm, la altura de onda es de 25 mm, la distancia de onda es de 205 mm y el espesor de la placa es de 0,3-0,8 mm. Esta especificaci\u00f3n de cart\u00f3n ondulado de zinc-acero es adecuada para edificios civiles, tejados y paredes de edificios como edificios comerciales y plantas industriales.<\/p>\n<h4>3.760Tipo Chapa ondulada de zinc-acero<\/h4>\n<p>La anchura efectiva es de 760 mm, la altura de onda es de 18 mm, la distancia de onda es de 76 mm y el grosor del cart\u00f3n es de 0,3-0,8 mm. Esta especificaci\u00f3n de cart\u00f3n ondulado de zinc-acero es adecuada para edificios civiles, edificios comerciales, plantas industriales y otros tejados y paredes de edificios.<\/p>\n<h4>4. Chapa ondulada galvanizada tipo 900<\/h4>\n<p>La anchura efectiva de la l\u00e1mina es de 900 mm, la altura de onda es de 25 mm, la distancia de onda es de 225 mm, y el grosor del tablero es de 0,3-0,8 mm. Esta especificaci\u00f3n de cart\u00f3n ondulado de zinc-acero es adecuada para tejados y paredes de edificios de gran envergadura, como gimnasios o salas de exposiciones.<\/p>\n<h4>5.1000Tipo Chapa ondulada de zinc-acero<\/h4>\n<p>La anchura efectiva es de 1000 mm, la altura de onda es de 25 mm, la distancia de onda es de 200 mm y el grosor de la placa es de 0,3-0,8 mm. Esta especificaci\u00f3n de cart\u00f3n ondulado de zinc-acero es adecuada para el tejado y la pared de edificios de grandes luces. Por ejemplo, gimnasios, salas de exposiciones.<\/p>","protected":false},"excerpt":{"rendered":"<p>Nombre del producto Hoja de acero corrugado para techos Tama\u00f1o 0.12mm-1.2mm Ancho 600mm-1500mm Recubrimiento de zinc 40-275g\/m2 Longitud Longitud: Longitud aleatoria simple \/ Longitud aleatoria doble5m-14m,5.8m,6m,10m-12m,12m o como reques real del cliente T\u00e9cnica Gi lron Hoja para techos Tratamiento de la superficie 1. Galvanizado Galvanizado 2. PVC, negro y pintura de color 3. Aceite transparente, aceite antioxidante Aceite transparente, aceite antioxidante 4. Seg\u00fan el requisito de clientes Plazo de entrega 7 a 15 d\u00edas despu\u00e9s de recibir [...]","protected":false},"featured_media":3130,"comment_status":"closed","ping_status":"closed","template":"","meta":[],"product_cat":[17,44,48],"class_list":{"0":"post-3354","1":"product","2":"type-product","3":"status-publish","4":"has-post-thumbnail","6":"product_cat-galvanized-steel-manufacturer","7":"product_cat-galvanized-corrugated-steel","8":"product_cat-ppgi-corrugated","10":"first","11":"instock","12":"shipping-taxable","13":"product-type-simple"},"_links":{"self":[{"href":"https:\/\/steelsupplydirect.com\/es\/wp-json\/wp\/v2\/product\/3354","targetHints":{"allow":["GET"]}}],"collection":[{"href":"https:\/\/steelsupplydirect.com\/es\/wp-json\/wp\/v2\/product"}],"about":[{"href":"https:\/\/steelsupplydirect.com\/es\/wp-json\/wp\/v2\/types\/product"}],"replies":[{"embeddable":true,"href":"https:\/\/steelsupplydirect.com\/es\/wp-json\/wp\/v2\/comments?post=3354"}],"wp:featuredmedia":[{"embeddable":true,"href":"https:\/\/steelsupplydirect.com\/es\/wp-json\/wp\/v2\/media\/3130"}],"wp:attachment":[{"href":"https:\/\/steelsupplydirect.com\/es\/wp-json\/wp\/v2\/media?parent=3354"}],"wp:term":[{"taxonomy":"product_cat","embeddable":true,"href":"https:\/\/steelsupplydirect.com\/es\/wp-json\/wp\/v2\/product_cat?post=3354"}],"curies":[{"name":"wp","href":"https:\/\/api.w.org\/{rel}","templated":true}]}}