{"id":3357,"date":"2023-08-31T14:35:38","date_gmt":"2023-08-31T06:35:38","guid":{"rendered":"https:\/\/steelsupplydirect.com\/?post_type=product&#038;p=3357"},"modified":"2025-11-10T15:44:21","modified_gmt":"2025-11-10T07:44:21","slug":"fabricante-de-serpentines-de-refrigeracion-de-acero-inoxidable","status":"publish","type":"product","link":"https:\/\/steelsupplydirect.com\/es\/product\/fabricante-de-serpentines-de-refrigeracion-de-acero-inoxidable","title":{"rendered":"Bobina de enfriamiento de acero inoxidable de calidad 304 201 316 430 Superficie laminada en fr\u00edo 2B"},"content":{"rendered":"<p data-block-id=\"427913d3-4961-4fda-ae67-e2cb4815950d\" data-pm-slice=\"1 1 []\">El acero inoxidable contiene al menos 10,5% de cromo y no m\u00e1s de 1,2% de carbono. Esto es conforme a GB\/T20878-2007.<\/p>\n<p data-block-id=\"28741483-9dde-4fb4-b66d-d98483d1ac2f\">La resistencia a la corrosi\u00f3n del acero inoxidable disminuye con el aumento del contenido de carbono. Por lo tanto, el contenido de carbono de la mayor\u00eda de los aceros inoxidables es bajo, con un m\u00e1ximo no superior a 1,2%. El \u03c9c (contenido de carbono) de algunos aceros es incluso inferior a 0,03% (como el 00Cr12 ). El principal elemento de aleaci\u00f3n del acero inoxidable es el Cr (cromo). S\u00f3lo cuando el contenido de Cr alcanza un determinado valor, el acero tiene resistencia a la corrosi\u00f3n. Por lo tanto, el acero inoxidable suele tener un contenido de Cr (cromo) de al menos 10,5%. El acero inoxidable tambi\u00e9n contiene Ni, Ti, Mn, N, Nb, Mo, Si, Cu y otros elementos. El acero inoxidable es un tipo de acero que resiste la corrosi\u00f3n d\u00e9bil. Esto incluye la exposici\u00f3n al aire, vapor y agua. El acero resistente a los \u00e1cidos es un acero que resiste la corrosi\u00f3n de los \u00e1cidos, \u00e1lcalis y sales.<\/p>\n<p data-block-id=\"44f5c7e1-6d67-4e7e-a92a-00eec24c4cb4\">Ambos tienen composiciones qu\u00edmicas diferentes, por lo que su resistencia a la corrosi\u00f3n var\u00eda. El acero inoxidable ordinario suele corroerse cuando se expone a productos qu\u00edmicos. En cambio, el acero resistente a los \u00e1cidos suele ser inoxidable. Las piezas de \"acero inoxidable\" incluyen m\u00e1s de cien tipos de acero inoxidable. Cada tipo est\u00e1 dise\u00f1ado para aplicaciones espec\u00edficas y rinde bien en su campo. Por lo general, s\u00f3lo hay seis tipos de acero relevantes para las aplicaciones de construcci\u00f3n de edificios. Todos contienen entre 17 y 22% de cromo, y los mejores tipos de acero contienen tambi\u00e9n n\u00edquel. La adici\u00f3n de molibdeno puede mejorar a\u00fan m\u00e1s la corrosi\u00f3n atmosf\u00e9rica, especialmente la resistencia a la corrosi\u00f3n en atm\u00f3sferas con cloruros. El acero inoxidable es m\u00e1s duro que una aleaci\u00f3n de aluminio normal. Tambi\u00e9n es m\u00e1s caro que la aleaci\u00f3n de aluminio.<\/p>\n<p data-block-id=\"ac391ce7-161b-4e73-a4a4-9d54bcccdc2d\">\n<p data-block-id=\"d87a1f9c-79ec-4bf6-8fd9-b64a3d358445\">Tipo principal: El acero inoxidable tiene cinco categor\u00edas principales basadas en su estructura:<\/p>\n<ul data-block-id=\"d95d9b3c-cb20-48c5-85cf-d2ead02dff20\">\n<li>\n<p data-block-id=\"937eb774-bd0c-46cc-a362-c738c97df5ce\">Acero martens\u00edtico<\/p>\n<\/li>\n<li>\n<p data-block-id=\"b3bb925f-7821-4cfb-a4b3-78cb2a0d79d3\">Acero ferr\u00edtico<\/p>\n<\/li>\n<li>\n<p data-block-id=\"80a34bbc-4276-44fc-8ad0-8a726ebe3e5d\">Acero austen\u00edtico<\/p>\n<\/li>\n<li>\n<p data-block-id=\"3c66bfb1-61ef-4a94-8517-ffe5ab66cb53\">Acero inoxidable austen\u00edtico-ferr\u00edtico (d\u00faplex)<\/p>\n<\/li>\n<li>\n<p data-block-id=\"9f516790-397c-4533-be7e-bc145a77fa99\">Acero inoxidable endurecido por precipitaci\u00f3n<\/p>\n<\/li>\n<\/ul>\n<p data-block-id=\"792987dd-6f17-48da-bbba-137d08a6c324\">El acero inoxidable tambi\u00e9n puede dividirse por su composici\u00f3n. Esto incluye:<\/p>\n<ul data-block-id=\"7ca1e182-71c5-4c28-8e62-ac94c022cb99\">\n<li>\n<p data-block-id=\"b839d6b4-756f-457a-a7c5-9adf788721b2\">Acero inoxidable al cromo<\/p>\n<\/li>\n<li>\n<p data-block-id=\"5eff8bd2-aedb-412d-8212-828fa8608c58\">Acero inoxidable al cromo-n\u00edquel<\/p>\n<\/li>\n<li>\n<p data-block-id=\"1965880b-a456-4225-a49f-63cfff85d483\">Acero inoxidable al cromo, manganeso y nitr\u00f3geno<\/p>\n<\/li>\n<\/ul>\n<p data-block-id=\"0c48a886-7a99-4708-a9c0-bcecb16dcada\">Tambi\u00e9n hay un acero inoxidable especial para recipientes a presi\u00f3n. Se llama \"GB24511_2009_Placas y flejes de acero inoxidable para equipos a presi\u00f3n\".<\/p>\n<p data-block-id=\"cd1e0f99-da40-42d1-ad64-d25069125650\">La composici\u00f3n se divide en varias series:<\/p>\n<ul data-block-id=\"291d4a5e-4f02-4f5f-bc3b-67db50013141\">\n<li>\n<p data-block-id=\"e961651e-2b41-4f47-bc60-20bde40f9573\">Serie Cr (serie 400)<\/p>\n<\/li>\n<li>\n<p data-block-id=\"987467b3-c6cd-4c30-b452-94a8757918b5\">Serie Cr-Ni (serie 300)<\/p>\n<\/li>\n<li>\n<p data-block-id=\"fd8d2d4d-b2ef-4410-a879-620fbcfbeb44\">Serie Cr-Mn-Ni (serie 200)<\/p>\n<\/li>\n<li>\n<p data-block-id=\"a42f44aa-9954-470e-b9aa-3b9fb6b9c546\">Acero aleado al cromo resistente al calor (serie 500)<\/p>\n<\/li>\n<li>\n<p data-block-id=\"fe0e4a5e-1128-4feb-b7d8-bf8fa014f5a4\">Serie de endurecimiento por precipitaci\u00f3n (serie 600)<\/p>\n<\/li>\n<\/ul>\n<p data-block-id=\"41072788-9e47-4771-9672-2b0ee17d5911\">Serie 200: Cromo-Manganeso-N\u00edquel<\/p>\n<p data-block-id=\"f58f9fa8-7f42-41f9-860b-abb7734a2c1a\">201, 202, etc.: El n\u00edquel se sustituye por el manganeso, que tiene poca resistencia a la corrosi\u00f3n y se utiliza mucho como sustituto barato de la serie 300 en China.<\/p>\n<p data-block-id=\"a33d2e28-0ee8-453d-bf27-a89919f11c6c\">Serie 300: Acero inoxidable austen\u00edtico al cromo-n\u00edquel<\/p>\n<p data-block-id=\"0f13ccde-133f-411e-8755-ada8a7936389\">304: Modelo universal; es decir, acero inoxidable 18\/8. Productos como: recipientes resistentes a la corrosi\u00f3n, vajillas, muebles, barandillas y equipos m\u00e9dicos. La composici\u00f3n est\u00e1ndar es 18% de cromo m\u00e1s 8% de n\u00edquel. Es un acero inoxidable no magn\u00e9tico. El tratamiento t\u00e9rmico no cambia su estructura metalogr\u00e1fica. El grado GB es 06Cr19Ni10.<\/p>\n<p data-block-id=\"4dd5d1c3-f33e-4a73-b9f8-5a3f3fed83ca\">304 L: Similar al 304, pero con bajo contenido en carbono. Esto lo hace m\u00e1s resistente a la corrosi\u00f3n y m\u00e1s f\u00e1cil de tratar t\u00e9rmicamente. Sin embargo, sus propiedades mec\u00e1nicas son malas. Es bueno para soldar y para productos dif\u00edciles de tratar t\u00e9rmicamente.<\/p>\n<p data-block-id=\"3b7bd95b-8889-4de1-b2e7-2a36f2143c2e\">309 S: Tiene mucho cromo y n\u00edquel, por lo que presenta una buena resistencia al calor y a la oxidaci\u00f3n. Productos como: intercambiadores de calor, componentes de calderas y motores a reacci\u00f3n.<\/p>\n<p data-block-id=\"66a180e4-4067-41dc-b754-7f804f45122d\">310: Excelente resistencia a la oxidaci\u00f3n a alta temperatura, temperatura m\u00e1xima de uso 1200\u2103.<\/p>\n<p data-block-id=\"30bef819-4edf-4d47-9992-c819df911771\">316: Despu\u00e9s del 304, el siguiente grado de acero m\u00e1s popular se utiliza sobre todo en la industria alimentaria, piezas de relojer\u00eda, productos farmac\u00e9uticos y herramientas quir\u00fargicas. La adici\u00f3n del elemento molibdeno hace que obtenga una estructura especial resistente a la corrosi\u00f3n. Como tiene mejor resistencia a la corrosi\u00f3n por cloruros que el 304, tambi\u00e9n se utiliza como \"acero marino\". El SS316 suele utilizarse en dispositivos de recuperaci\u00f3n de combustible nuclear. El acero inoxidable de grado 18\/10 tambi\u00e9n suele ser adecuado para este nivel de aplicaci\u00f3n.<\/p>\n<p data-block-id=\"ea50afc3-6d31-4267-9d52-828dd1db4bc1\">316 L: Bajo contenido en carbono, por lo que es m\u00e1s resistente a la corrosi\u00f3n y f\u00e1cil de tratar t\u00e9rmicamente. Productos como: equipos de procesamiento qu\u00edmico, generadores de energ\u00eda nuclear y tanques de almacenamiento de refrigerantes.<\/p>\n<p data-block-id=\"35a93791-e629-4b36-a1e8-c4ac04c9bbce\">321: Adem\u00e1s de reducir el riesgo de corrosi\u00f3n de la soldadura del material debido a la adici\u00f3n de titanio, otras propiedades son similares al 304.<\/p>\n<p data-block-id=\"1e74647d-1703-4b7d-bb01-b85c76c75c41\">Serie 400: acero inoxidable ferr\u00edtico y martens\u00edtico, sin manganeso, puede sustituir en cierta medida al acero inoxidable 304.<\/p>\n<p data-block-id=\"42bf9291-7f08-4731-a082-dc636da18f28\">430: Acero inoxidable ferr\u00edtico, para decoraci\u00f3n, por ejemplo para accesorios de automoci\u00f3n. Buena conformabilidad, pero escasa resistencia a la temperatura y a la corrosi\u00f3n.<\/p>\n<p data-block-id=\"d5e175c7-dc6e-4403-ad27-ab895e1eef8e\">Serie 500: Acero aleado al cromo resistente al calor. Serie 600: Acero inoxidable martens\u00edtico endurecido por precipitaci\u00f3n.<\/p>\n<p data-block-id=\"8dba944d-10d5-40e6-8cde-5e14e23ee5d6\">Grado de tratamiento de la superficie de acero inoxidable<\/p>\n<p data-block-id=\"956e100b-f29e-4f56-a34a-fdde1945f0a8\">NO.1 El proceso somete la superficie a un tratamiento t\u00e9rmico y a un tratamiento de decapado despu\u00e9s del laminado en caliente. Se utiliza generalmente para materiales laminados en fr\u00edo.<\/p>\n<p data-block-id=\"649b868e-a579-4b79-9b3d-cde67d724af1\">-Superficie roma: NO.2D, que ha sido tratada t\u00e9rmicamente y decapada despu\u00e9s del laminado en fr\u00edo. El material es blando y la superficie es de color blanco plateado. Se utiliza para el procesamiento de estampaci\u00f3n profunda.<\/p>\n<p data-block-id=\"9d293fb5-2170-4f18-9e91-483f8fbcaef7\">-Superficie mate: NO.2B Despu\u00e9s del laminado en fr\u00edo, se somete a un tratamiento t\u00e9rmico, se decapa y se acaba de laminar para que la superficie sea moderadamente brillante.<\/p>\n<p data-block-id=\"e91f0606-faac-4edf-9720-36855e2af227\">-El grano grueso NO.3 es un producto rectificado con una banda abrasiva del n\u00ba 100-120. Tiene mejor brillo y l\u00edneas \u00e1speras discontinuas.<\/p>\n<p data-block-id=\"96bf7710-6d3f-42a3-9071-dde3ff00eeb8\">-L\u00cdNEA DE PULIDO: HLNO.4 se fabrica utilizando una banda de pulido con un tama\u00f1o de part\u00edcula espec\u00edfico. Esto crea un patr\u00f3n de pulido \u00fanico a trav\u00e9s del pulido continuo. Se utiliza principalmente para la decoraci\u00f3n arquitect\u00f3nica.<\/p>\n<p data-block-id=\"88d88cef-8bbd-48ab-b61f-5b7299146b8f\">- Superficie brillante: La BA se fabrica mediante laminado en fr\u00edo, recocido brillante y alisado. La superficie tiene buen brillo y alta reflectividad, como un espejo.<\/p>\n<p data-block-id=\"2b9be454-c0ef-40d0-8feb-8baeeb6ba2ce\">\n<p data-block-id=\"31d82e34-fc40-4849-b308-1133bb862ec0\">","protected":false},"excerpt":{"rendered":"<p>El acero inoxidable contiene al menos 10,5% de cromo y no m\u00e1s de 1,2% de carbono. Esto es conforme a GB\/T20878-2007. La resistencia a la corrosi\u00f3n del acero inoxidable disminuye con el aumento del contenido de carbono. Por lo tanto, el contenido de carbono de la mayor\u00eda de los aceros inoxidables es bajo, con un m\u00e1ximo de no m\u00e1s de 1,2%. El \u03c9c (contenido de carbono) de algunos [...]","protected":false},"featured_media":3286,"comment_status":"closed","ping_status":"closed","template":"","meta":[],"product_cat":[54,55],"class_list":{"0":"post-3357","1":"product","2":"type-product","3":"status-publish","4":"has-post-thumbnail","6":"product_cat-stainless-steel","7":"product_cat-stainless-steel-coil","9":"first","10":"instock","11":"shipping-taxable","12":"product-type-simple"},"_links":{"self":[{"href":"https:\/\/steelsupplydirect.com\/es\/wp-json\/wp\/v2\/product\/3357","targetHints":{"allow":["GET"]}}],"collection":[{"href":"https:\/\/steelsupplydirect.com\/es\/wp-json\/wp\/v2\/product"}],"about":[{"href":"https:\/\/steelsupplydirect.com\/es\/wp-json\/wp\/v2\/types\/product"}],"replies":[{"embeddable":true,"href":"https:\/\/steelsupplydirect.com\/es\/wp-json\/wp\/v2\/comments?post=3357"}],"wp:featuredmedia":[{"embeddable":true,"href":"https:\/\/steelsupplydirect.com\/es\/wp-json\/wp\/v2\/media\/3286"}],"wp:attachment":[{"href":"https:\/\/steelsupplydirect.com\/es\/wp-json\/wp\/v2\/media?parent=3357"}],"wp:term":[{"taxonomy":"product_cat","embeddable":true,"href":"https:\/\/steelsupplydirect.com\/es\/wp-json\/wp\/v2\/product_cat?post=3357"}],"curies":[{"name":"wp","href":"https:\/\/api.w.org\/{rel}","templated":true}]}}