{"id":3360,"date":"2023-08-31T15:53:53","date_gmt":"2023-08-31T07:53:53","guid":{"rendered":"https:\/\/steelsupplydirect.com\/?post_type=product&#038;p=3360"},"modified":"2023-10-10T10:12:24","modified_gmt":"2023-10-10T02:12:24","slug":"3360","status":"publish","type":"product","link":"https:\/\/steelsupplydirect.com\/es\/product\/3360","title":{"rendered":"Los fabricantes m\u00e1s vendidos con precio bajo y alta calidad 2B No.1 310s bobina de acero inoxidable"},"content":{"rendered":"<p>El acero inoxidable es un acero con un contenido de cromo de al menos 10,5% y un contenido m\u00e1ximo de carbono no superior a 1,2%, tal como se especifica en GB\/T20878-2007.<\/p>\n<p>La resistencia a la corrosi\u00f3n del acero inoxidable disminuye con el aumento del contenido de carbono. Por lo tanto, el contenido de carbono de la mayor\u00eda de los aceros inoxidables es bajo, con un m\u00e1ximo no superior a 1,2%. El \u03c9c (contenido de carbono) de algunos aceros es incluso inferior a 0,03% (como el 00Cr12 ). El principal elemento de aleaci\u00f3n del acero inoxidable es el Cr (cromo). S\u00f3lo cuando el contenido de Cr alcanza un determinado valor, el acero tiene resistencia a la corrosi\u00f3n. Por lo tanto, el acero inoxidable suele tener un contenido de Cr (cromo) de al menos 10,5%. El acero inoxidable tambi\u00e9n contiene Ni, Ti, Mn, N, Nb, Mo, Si, Cu y otros elementos.<br \/>\nEl acero inoxidable es un tipo de acero resistente a medios corrosivos d\u00e9biles como el aire, el vapor, el agua, etc.<\/p>\n<p>Tipo principal:<br \/>\nEl acero inoxidable suele dividirse en acero martens\u00edtico, acero ferr\u00edtico, acero austen\u00edtico, acero inoxidable austen\u00edtico-ferr\u00edtico (d\u00faplex) y acero inoxidable de endurecimiento por precipitaci\u00f3n seg\u00fan el estado de organizaci\u00f3n. Adem\u00e1s, puede dividirse seg\u00fan su composici\u00f3n: acero inoxidable al cromo, acero inoxidable al cromo-n\u00edquel, acero inoxidable al cromo-manganeso-nitr\u00f3geno, etc. Tambi\u00e9n hay acero inoxidable especial para recipientes a presi\u00f3n \u300aGB24511_2009_Placas y flejes de acero inoxidable para equipos a presi\u00f3n\u300b<\/p>\n<p>Las principales caracter\u00edsticas son soldabilidad, resistencia a la corrosi\u00f3n, pulibilidad y resistencia al calor.<\/p>\n<p>Seg\u00fan su composici\u00f3n, puede dividirse en serie Cr (serie 400), serie Cr-Ni (serie 300), Cr-Mn-Ni (serie 200), acero aleado al cromo resistente al calor (serie 500) y serie de endurecimiento por precipitaci\u00f3n (serie 600).<\/p>\n<p>Serie 200: Cromo-Manganeso-N\u00edquel: SS201, SS202.<\/p>\n<p>Serie 300: Acero inoxidable austen\u00edtico al cromo-n\u00edquel: SS304, SS301, SS302, SS304L, SS309, SS310, SS316, SS316L, SS321, SS347.<\/p>\n<p>Serie 400: Acero inoxidable ferr\u00edtico y martens\u00edtico, sin manganeso, puede sustituir en cierta medida al acero inoxidable 304. SS408, SS409, SS410, SS416, SS420, SS430, SS440.<\/p>\n<p>Serie 500:  Acero de aleaci\u00f3n de cromo resistente al calor.<\/p>\n<p>Serie 600: Acero inoxidable martens\u00edtico de endurecimiento por precipitaci\u00f3n.<\/p>\n<p>Grado de acabado superficial:<\/p>\n<p>-Superficie original: NO.1 La superficie sometida a tratamiento t\u00e9rmico y tratamiento de decapado despu\u00e9s de la laminaci\u00f3n en caliente. Generalmente se utiliza para materiales laminados en fr\u00edo.<\/p>\n<p>-Superficie roma: NO.2D, que ha sido tratada t\u00e9rmicamente y decapada despu\u00e9s del laminado en fr\u00edo. El material es blando y la superficie es de color blanco plateado. Se utiliza para el procesamiento de estampaci\u00f3n profunda.<\/p>\n<p>-Superficie mate: NO.2B Despu\u00e9s del laminado en fr\u00edo, se somete a un tratamiento t\u00e9rmico, se decapa y se acaba de laminar para que la superficie sea moderadamente brillante.<\/p>\n<p>-El grano grueso NO.3 es un producto rectificado con la banda abrasiva No. 100-120. Tiene mejor brillo y l\u00edneas \u00e1speras discontinuas.<\/p>\n<p>-El HLNO.4 es un producto con un patr\u00f3n de esmerilado producido por esmerilado continuo con una cinta pulidora de tama\u00f1o de part\u00edcula adecuado. Se utiliza principalmente para la decoraci\u00f3n arquitect\u00f3nica.<\/p>\n<p>-Superficie brillante: BA es un producto obtenido por laminaci\u00f3n en fr\u00edo, recocido brillante y alisado. La superficie tiene buen brillo y alta reflectividad, como un espejo.<\/p>\n<p>C\u00e1lculo del peso te\u00f3rico de los productos de acero inoxidable:<\/p>\n<p>1. F\u00f3rmula de referencia de la chapa\/tira de acero inoxidable: peso de la chapa de acero inoxidable (kg) = longitud (m) * anchura (m) * espesor (mm) * densidad \u03c1 (g\/cm\u00b3).<br \/>\n2. F\u00f3rmula de referencia de la varilla redonda de acero inoxidable\/alambre de acero: peso de la varilla redonda de acero inoxidable (kg)=(di\u00e1metro (mm)\/2)*(di\u00e1metro (mm)\/2)*\u03c0*longitud (m)*densidad \u03c1(g\/cm\u00b3)\/1000 .<br \/>\n3. F\u00f3rmula de referencia del tubo redondo de acero inoxidable: peso del tubo redondo de acero inoxidable (kg)=((di\u00e1metro exterior (mm)\/2)*(di\u00e1metro exterior (mm)\/2)-(di\u00e1metro interior (mm)\/2)*(di\u00e1metro interior (mm)\/2))*\u03c0*longitud (m)*densidad \u03c1(g\/cm\u00b3)\/1000; **espesor de la pared (mm)=(di\u00e1metro exterior (mm)-di\u00e1metro interior (mm))\/2.<br \/>\n4. F\u00f3rmula de referencia del tubo cuadrado de acero inoxidable: peso del tubo cuadrado de acero inoxidable (kg)=(longitud de la secci\u00f3n (mm)*2-anchura de la secci\u00f3n (mm)*2-espesor de la pared (mm)*4)*espesor de la pared (mm)*longitud (m) *Densidad \u03c1(g\/cm\u00b3)\/1000.<br \/>\n5. F\u00f3rmula de referencia del \u00e1ngulo equil\u00e1tero de acero inoxidable: peso del \u00e1ngulo equil\u00e1tero de acero inoxidable (kg)=(longitud del lado de la secci\u00f3n (mm)*espesor del lado de la secci\u00f3n (mm)*longitud (m)*densidad \u03c1(g\/cm\u00b3)\/1000<\/p>\n<p>&nbsp;<\/p>","protected":false},"excerpt":{"rendered":"<p>El acero inoxidable es un acero con un contenido de cromo de al menos 10,5% y un contenido m\u00e1ximo de carbono no superior a 1,2%, tal y como se especifica en GB\/T20878-2007. La resistencia a la corrosi\u00f3n del acero inoxidable disminuye con el aumento del contenido de carbono. Por lo tanto, el contenido de carbono de la mayor\u00eda de los aceros inoxidables es bajo, con un m\u00e1ximo de no m\u00e1s de [...]","protected":false},"featured_media":3053,"comment_status":"closed","ping_status":"closed","template":"","meta":[],"product_cat":[54,55],"class_list":{"0":"post-3360","1":"product","2":"type-product","3":"status-publish","4":"has-post-thumbnail","6":"product_cat-stainless-steel","7":"product_cat-stainless-steel-coil","9":"first","10":"instock","11":"shipping-taxable","12":"product-type-simple"},"_links":{"self":[{"href":"https:\/\/steelsupplydirect.com\/es\/wp-json\/wp\/v2\/product\/3360","targetHints":{"allow":["GET"]}}],"collection":[{"href":"https:\/\/steelsupplydirect.com\/es\/wp-json\/wp\/v2\/product"}],"about":[{"href":"https:\/\/steelsupplydirect.com\/es\/wp-json\/wp\/v2\/types\/product"}],"replies":[{"embeddable":true,"href":"https:\/\/steelsupplydirect.com\/es\/wp-json\/wp\/v2\/comments?post=3360"}],"wp:featuredmedia":[{"embeddable":true,"href":"https:\/\/steelsupplydirect.com\/es\/wp-json\/wp\/v2\/media\/3053"}],"wp:attachment":[{"href":"https:\/\/steelsupplydirect.com\/es\/wp-json\/wp\/v2\/media?parent=3360"}],"wp:term":[{"taxonomy":"product_cat","embeddable":true,"href":"https:\/\/steelsupplydirect.com\/es\/wp-json\/wp\/v2\/product_cat?post=3360"}],"curies":[{"name":"wp","href":"https:\/\/api.w.org\/{rel}","templated":true}]}}