{"id":3362,"date":"2023-08-31T16:48:32","date_gmt":"2023-08-31T08:48:32","guid":{"rendered":"https:\/\/steelsupplydirect.com\/?post_type=product&#038;p=3362"},"modified":"2023-10-10T10:09:46","modified_gmt":"2023-10-10T02:09:46","slug":"astm-aisi-acabado-espejo-sus-316l-bobinas-de-acero-inoxidable-para-la-decoracion","status":"publish","type":"product","link":"https:\/\/steelsupplydirect.com\/es\/product\/astm-aisi-acabado-espejo-sus-316l-bobinas-de-acero-inoxidable-para-la-decoracion","title":{"rendered":"ASTM AISI Acabado Espejo SUS 316L Bobinas de Acero Inoxidable para Decoraci\u00f3n"},"content":{"rendered":"<p>Las tiras de acero inoxidable tambi\u00e9n se denominan flejes, bobinas, rollos y rollos, y la dureza de las tiras tambi\u00e9n var\u00eda. Caracter\u00edsticas del acero inoxidable: 1. Especificaciones completas del producto y diversos materiales; 2. Alta precisi\u00f3n dimensional, hasta \u00b10,1 mm; 3. Excelente calidad superficial y buen brillo; 4. Fuerte resistencia a la corrosi\u00f3n, resistencia a la tracci\u00f3n y resistencia a la fatiga Alta resistencia; 5. Composici\u00f3n qu\u00edmica estable, acero puro, bajo contenido de inclusi\u00f3n; 6. Bien embalado, precio favorable; 7. Personalizaci\u00f3n no est\u00e1ndar est\u00e1 disponible.<\/p>\n<p>Especificaciones: Anchura 3.5mm\uff5e1550mm, espesor 0.025mm\uff5e16mm.<\/p>\n<p>1. 0,25 mm-0,3 mm: Generalmente adecuado para la fabricaci\u00f3n de productos peque\u00f1os como celdas de bater\u00edas, tubos de escape de autom\u00f3viles y carcasas de productos electr\u00f3nicos.<\/p>\n<p>2. 0,4mm-0,8mm: Adecuado para las industrias del mueble, la construcci\u00f3n, la cocina y el ba\u00f1o, la fabricaci\u00f3n de paneles de pared, techos, utensilios de cocina, etc.<\/p>\n<p>3. 1.0mm-1.5mm: Adecuado para la fabricaci\u00f3n de equipos, tanques de almacenamiento, maquinaria de transporte, etc. en las industrias qu\u00edmica, papelera, alimentaria y otras.<\/p>\n<p>4. 2.0mm-3.0mm: Adecuado para la fabricaci\u00f3n de grandes tanques de almacenamiento, tanques de almacenamiento, cilindros, reactores, etc, principalmente utilizados en la industria farmac\u00e9utica, qu\u00edmica, fabricaci\u00f3n de papel y otras industrias.<\/p>\n<p>5. 4.0mm-5.0mm: Adecuado para la fabricaci\u00f3n de piezas estructurales de edificios, equipos qu\u00edmicos resistentes a la corrosi\u00f3n, etc.<\/p>\n<p>Acero inoxidable es la abreviatura de acero inoxidable resistente a los \u00e1cidos. Se denomina acero inoxidable a los tipos de acero que son resistentes a medios corrosivos d\u00e9biles como el aire, el vapor y el agua, o que son inoxidables.<\/p>\n<p>El acero inoxidable es un acero con un contenido de cromo de al menos 10,5% y un contenido m\u00e1ximo de carbono no superior a 1,2%, tal como se especifica en GB\/T20878-2007.<\/p>\n<p>La resistencia a la corrosi\u00f3n del acero inoxidable disminuye con el aumento del contenido de carbono. Por lo tanto, el contenido de carbono de la mayor\u00eda de los aceros inoxidables es bajo, con un m\u00e1ximo no superior a 1,2%. El \u03c9c (contenido de carbono) de algunos aceros es incluso inferior a 0,03% (como el 00Cr12 ). El principal elemento de aleaci\u00f3n del acero inoxidable es el Cr (cromo). S\u00f3lo cuando el contenido de Cr alcanza un determinado valor, el acero tiene resistencia a la corrosi\u00f3n. Por lo tanto, el acero inoxidable suele tener un contenido de Cr (cromo) de al menos 10,5%. El acero inoxidable tambi\u00e9n contiene Ni, Ti, Mn, N, Nb, Mo, Si, Cu y otros elementos.<br \/>\nEl acero inoxidable es un tipo de acero resistente a medios corrosivos d\u00e9biles como el aire, el vapor, el agua, etc. o es inoxidable. Los tipos de acero resistentes a los medios corrosivos qu\u00edmicos (corrosi\u00f3n qu\u00edmica como \u00e1cidos, \u00e1lcalis, sales, etc.) se denominan aceros resistentes a los \u00e1cidos.<\/p>\n<p>Debido a la diferencia de composici\u00f3n qu\u00edmica entre ambos, su resistencia a la corrosi\u00f3n es diferente. El acero inoxidable ordinario no suele ser resistente a la corrosi\u00f3n por medios qu\u00edmicos, mientras que el acero resistente a los \u00e1cidos suele ser inoxidable. Las piezas de \"acero inoxidable\" no s\u00f3lo se refieren a un tipo de acero inoxidable, sino que representan m\u00e1s de cien aceros inoxidables industriales, por lo que los aceros inoxidables desarrollados tienen un buen rendimiento en sus campos de aplicaci\u00f3n espec\u00edficos. Por lo general, s\u00f3lo hay seis tipos de acero relevantes para las aplicaciones de construcci\u00f3n de edificios. Todos ellos contienen entre 17 y 22% de cromo, y los mejores tipos de acero tambi\u00e9n contienen n\u00edquel. La adici\u00f3n de molibdeno puede mejorar a\u00fan m\u00e1s la corrosi\u00f3n atmosf\u00e9rica, especialmente la resistencia a la corrosi\u00f3n en atm\u00f3sferas con cloruros.<\/p>\n<p>Tipo principal:<\/p>\n<p>El acero inoxidable suele dividirse en acero martens\u00edtico, acero ferr\u00edtico, acero austen\u00edtico, acero inoxidable austen\u00edtico-ferr\u00edtico (d\u00faplex) y acero inoxidable de endurecimiento por precipitaci\u00f3n seg\u00fan el estado de organizaci\u00f3n. Adem\u00e1s, puede dividirse en: acero inoxidable al cromo, acero inoxidable al cromo-n\u00edquel y acero inoxidable al cromo manganeso nitr\u00f3geno, etc.<\/p>\n<p>Caracter\u00edsticas principales: Soldabilidad, Resistencia a la corrosi\u00f3n, Pulibilidad, Resistencia al calor.<\/p>\n<p>La resistencia a la corrosi\u00f3n del acero inoxidable disminuye con el aumento del contenido de carbono. Por lo tanto, el contenido de carbono de la mayor\u00eda de los aceros inoxidables es bajo, con un m\u00e1ximo no superior a 1,2%. El \u03c9c (contenido de carbono) de algunos aceros es incluso inferior a 0,03% (como el 00Cr12 ). El principal elemento de aleaci\u00f3n del acero inoxidable es el Cr (cromo). S\u00f3lo cuando el contenido de Cr alcanza un determinado valor, el acero tiene resistencia a la corrosi\u00f3n. Por lo tanto, el acero inoxidable suele tener un contenido de Cr (cromo) de al menos 10,5%. El acero inoxidable tambi\u00e9n contiene Ni, Ti, Mn, N, Nb, Mo, Si, Cu y otros elementos.<\/p>\n<p>Seg\u00fan su composici\u00f3n, puede dividirse en serie Cr (serie 400), serie Cr-Ni (serie 300), Cr-Mn-Ni (serie 200), acero aleado al cromo resistente al calor (serie 500) y serie de endurecimiento por precipitaci\u00f3n (serie 600). SS201, SS202, SS301,SS302,SS303, SS304, SS304L, SS304N, SS309,SS309S, SS310, SS316, SS316L, SS321, SS347, SS408, SS409, SS410, SS416, SS420, SS430, SS440.<\/p>\n<p>Bobina de acero inoxidable F\u00f3rmula de c\u00e1lculo del peso te\u00f3rico: peso de la chapa de acero inoxidable (kg) = longitud (m) * anchura (m) * espesor (mm) * densidad \u03c1 (g\/cm\u00b3).<\/p>\n<p>&nbsp;<\/p>","protected":false},"excerpt":{"rendered":"<p>Las tiras de acero inoxidable tambi\u00e9n se denominan flejes, bobinas, rollos y rollos, y la dureza de las tiras tambi\u00e9n var\u00eda. Caracter\u00edsticas del acero inoxidable: 1. Completas especificaciones del producto y diversos materiales; 2. Alta precisi\u00f3n dimensional, hasta \u00b10,1 mm; 3. Excelente calidad superficial y buen brillo; 4. Fuerte resistencia a la corrosi\u00f3n, resistencia a la tracci\u00f3n y resistencia a la fatiga Alta resistencia; [...].","protected":false},"featured_media":3075,"comment_status":"closed","ping_status":"closed","template":"","meta":[],"product_cat":[54,55],"class_list":{"0":"post-3362","1":"product","2":"type-product","3":"status-publish","4":"has-post-thumbnail","6":"product_cat-stainless-steel","7":"product_cat-stainless-steel-coil","9":"first","10":"instock","11":"shipping-taxable","12":"product-type-simple"},"_links":{"self":[{"href":"https:\/\/steelsupplydirect.com\/es\/wp-json\/wp\/v2\/product\/3362","targetHints":{"allow":["GET"]}}],"collection":[{"href":"https:\/\/steelsupplydirect.com\/es\/wp-json\/wp\/v2\/product"}],"about":[{"href":"https:\/\/steelsupplydirect.com\/es\/wp-json\/wp\/v2\/types\/product"}],"replies":[{"embeddable":true,"href":"https:\/\/steelsupplydirect.com\/es\/wp-json\/wp\/v2\/comments?post=3362"}],"wp:featuredmedia":[{"embeddable":true,"href":"https:\/\/steelsupplydirect.com\/es\/wp-json\/wp\/v2\/media\/3075"}],"wp:attachment":[{"href":"https:\/\/steelsupplydirect.com\/es\/wp-json\/wp\/v2\/media?parent=3362"}],"wp:term":[{"taxonomy":"product_cat","embeddable":true,"href":"https:\/\/steelsupplydirect.com\/es\/wp-json\/wp\/v2\/product_cat?post=3362"}],"curies":[{"name":"wp","href":"https:\/\/api.w.org\/{rel}","templated":true}]}}