{"id":3363,"date":"2023-09-11T09:43:37","date_gmt":"2023-09-11T01:43:37","guid":{"rendered":"https:\/\/steelsupplydirect.com\/?post_type=product&#038;p=3363"},"modified":"2023-09-11T09:43:37","modified_gmt":"2023-09-11T01:43:37","slug":"personalizacion-basica-laminado-en-caliente-3mm-4mm-304-304l-316l-placa-de-acero-inoxidable","status":"publish","type":"product","link":"https:\/\/steelsupplydirect.com\/es\/product\/personalizacion-basica-laminado-en-caliente-3mm-4mm-304-304l-316l-placa-de-acero-inoxidable","title":{"rendered":"Personalizaci\u00f3n B\u00e1sica Laminado en Caliente 3mm 4mm 304 304L 316L Placa de Acero Inoxidable"},"content":{"rendered":"<p>Las chapas de acero inoxidable son resistentes a la corrosi\u00f3n por medios d\u00e9biles como la atm\u00f3sfera, el vapor y el agua, mientras que las chapas de acero resistentes a los \u00e1cidos son resistentes a la corrosi\u00f3n por medios qu\u00edmicamente corrosivos como \u00e1cidos, \u00e1lcalis y sales.<\/p>\n<p>composici\u00f3n qu\u00edmica:<\/p>\n<p>Grado de acero inoxidable 304: 0Cr18Ni9 (0Cr19Ni9) 06Cr19Ni9 S30408<br \/>\nComposici\u00f3n qu\u00edmica: C: \u22640,08, Si: \u22641,0 Mn: \u22642,0, Cr: 18,0\uff5e20,0, Ni: 8,0\uff5e10,5, S: \u22640,03, P: \u22640,035 N\u22640,1.<br \/>\ncon 304L<br \/>\nEl 304L es m\u00e1s resistente a la corrosi\u00f3n y contiene menos carbono.<br \/>\nEl 304 es ampliamente utilizado, con buena resistencia a la corrosi\u00f3n, resistencia al calor, resistencia a baja temperatura y propiedades mec\u00e1nicas; buena trabajabilidad en caliente como estampaci\u00f3n y doblado, y sin fen\u00f3meno de endurecimiento por tratamiento t\u00e9rmico (no magn\u00e9tico, temperatura de servicio -196\u00b0C~800\u00b0C).<br \/>\nEl 304L tiene una excelente resistencia a la corrosi\u00f3n del l\u00edmite de grano despu\u00e9s de la soldadura o el alivio de tensiones; tambi\u00e9n puede mantener una buena resistencia a la corrosi\u00f3n sin tratamiento t\u00e9rmico, y la temperatura de servicio es de -196\u00b0C-800\u00b0C.<\/p>\n<p>Situaci\u00f3n b\u00e1sica:<br \/>\nSeg\u00fan el m\u00e9todo de producci\u00f3n, se divide en dos tipos: laminado en caliente y laminado en fr\u00edo. Seg\u00fan las caracter\u00edsticas estructurales del tipo de acero, se divide en 5 categor\u00edas: austenita, austenita-ferrita, ferrita, martensita y endurecimiento por precipitaci\u00f3n. Es necesario para soportar la corrosi\u00f3n de diversos \u00e1cidos como el \u00e1cido ox\u00e1lico, \u00e1cido sulf\u00farico-sulfato de hierro, \u00e1cido n\u00edtrico, \u00e1cido n\u00edtrico-\u00e1cido fluorh\u00eddrico, \u00e1cido sulf\u00farico-sulfato de cobre, \u00e1cido fosf\u00f3rico, \u00e1cido f\u00f3rmico, \u00e1cido ac\u00e9tico y otros \u00e1cidos. Se utiliza ampliamente en la industria qu\u00edmica, la alimentaci\u00f3n, la medicina, la fabricaci\u00f3n de papel, el petr\u00f3leo, la energ\u00eda at\u00f3mica, etc. Industria, as\u00ed como construcci\u00f3n, utensilios de cocina, vajillas, veh\u00edculos, diversas piezas de electrodom\u00e9sticos.<br \/>\nLa chapa de acero inoxidable tiene una superficie lisa, gran plasticidad, tenacidad y resistencia mec\u00e1nica, y es resistente a la corrosi\u00f3n por \u00e1cidos, gases alcalinos, soluciones y otros medios. Es un acero aleado que no es f\u00e1cil de oxidar, pero no est\u00e1 absolutamente libre de \u00f3xido.<br \/>\nLas chapas de acero inoxidable se dividen en dos tipos: laminado en caliente y laminado en fr\u00edo seg\u00fan el m\u00e9todo de producci\u00f3n, incluyendo chapas finas en fr\u00edo con un grosor de 0,02-4 mm y chapas medias y gruesas con un grosor de 4,5-100 mm.<\/p>\n<p>Para garantizar que las propiedades mec\u00e1nicas como el l\u00edmite el\u00e1stico, la resistencia a la tracci\u00f3n, el alargamiento y la dureza de las distintas chapas de acero inoxidable cumplen los requisitos, las chapas de acero deben someterse a un tratamiento t\u00e9rmico como el recocido, el tratamiento de disoluci\u00f3n y el tratamiento de envejecimiento antes de la entrega 05.10 88.57.29.38 S\u00edmbolos especiales<br \/>\nLa resistencia a la corrosi\u00f3n del acero inoxidable depende principalmente de su composici\u00f3n de aleaci\u00f3n (cromo, n\u00edquel, titanio, silicio, aluminio, etc.) y de su estructura organizativa interna. El cromo desempe\u00f1a el papel principal. El cromo tiene una gran estabilidad qu\u00edmica y puede formar una pel\u00edcula de pasivaci\u00f3n en la superficie del acero para aislar el metal del mundo exterior, proteger la placa de acero de la oxidaci\u00f3n y aumentar la resistencia a la corrosi\u00f3n de la placa de acero. Una vez destruida la pel\u00edcula de pasivaci\u00f3n, la resistencia a la corrosi\u00f3n disminuye.<\/p>\n<p>Car\u00e1cter de norma nacional:<br \/>\nResistencia a la tracci\u00f3n (Mpa) 520<br \/>\nL\u00edmite el\u00e1stico (Mpa) 205-210<br \/>\nAlargamiento (%) 40%<br \/>\nDureza HB187 HRB90 HV200<br \/>\nLa densidad del acero inoxidable 304 es de 7,93 g\/cm3. El acero inoxidable austen\u00edtico suele utilizar este valor. 304 contenido de cromo (%) 17,00-19,00, contenido de n\u00edquel (%) 8,00-10,00, 304 es equivalente al acero inoxidable 0Cr19Ni9 (0Cr18Ni9) de mi pa\u00eds.<\/p>\n<p>Caracter\u00edsticas generales:<\/p>\n<p>La chapa de acero inoxidable 304 tiene una bella superficie y diversas posibilidades de uso<br \/>\nBuena resistencia a la corrosi\u00f3n, mejor que el acero ordinario<br \/>\nSu gran resistencia permite utilizar chapas finas<br \/>\nResistente a la oxidaci\u00f3n a alta temperatura y de alta resistencia, por lo tanto resistente al fuego<br \/>\nTransformaci\u00f3n a temperatura ambiente, es decir, f\u00e1cil transformaci\u00f3n del pl\u00e1stico<br \/>\nMantenimiento sencillo y f\u00e1cil porque no requiere tratamiento de la superficie<br \/>\nAcabado limpio y alto<br \/>\nBuen rendimiento de soldadura<\/p>","protected":false},"excerpt":{"rendered":"<p>Las placas de acero inoxidable se refieren a placas de acero resistentes a la corrosi\u00f3n por medios d\u00e9biles como la atm\u00f3sfera, el vapor y el agua, mientras que las placas de acero resistentes a los \u00e1cidos se refieren a placas de acero resistentes a la corrosi\u00f3n por medios qu\u00edmicamente corrosivos como \u00e1cidos, \u00e1lcalis y sales. composici\u00f3n qu\u00edmica: 304 grado de acero inoxidable: 0Cr18Ni9 (0Cr19Ni9) 06Cr19Ni9 S30408 Qu\u00edmica [...]","protected":false},"featured_media":3214,"comment_status":"closed","ping_status":"closed","template":"","meta":[],"product_cat":[54,56],"class_list":{"0":"post-3363","1":"product","2":"type-product","3":"status-publish","4":"has-post-thumbnail","6":"product_cat-stainless-steel","7":"product_cat-stainless-steel-plate","9":"first","10":"instock","11":"shipping-taxable","12":"product-type-simple"},"_links":{"self":[{"href":"https:\/\/steelsupplydirect.com\/es\/wp-json\/wp\/v2\/product\/3363","targetHints":{"allow":["GET"]}}],"collection":[{"href":"https:\/\/steelsupplydirect.com\/es\/wp-json\/wp\/v2\/product"}],"about":[{"href":"https:\/\/steelsupplydirect.com\/es\/wp-json\/wp\/v2\/types\/product"}],"replies":[{"embeddable":true,"href":"https:\/\/steelsupplydirect.com\/es\/wp-json\/wp\/v2\/comments?post=3363"}],"wp:featuredmedia":[{"embeddable":true,"href":"https:\/\/steelsupplydirect.com\/es\/wp-json\/wp\/v2\/media\/3214"}],"wp:attachment":[{"href":"https:\/\/steelsupplydirect.com\/es\/wp-json\/wp\/v2\/media?parent=3363"}],"wp:term":[{"taxonomy":"product_cat","embeddable":true,"href":"https:\/\/steelsupplydirect.com\/es\/wp-json\/wp\/v2\/product_cat?post=3363"}],"curies":[{"name":"wp","href":"https:\/\/api.w.org\/{rel}","templated":true}]}}