{"id":3365,"date":"2023-09-11T10:41:58","date_gmt":"2023-09-11T02:41:58","guid":{"rendered":"https:\/\/steelsupplydirect.com\/?post_type=product&#038;p=3365"},"modified":"2025-09-26T11:32:27","modified_gmt":"2025-09-26T03:32:27","slug":"astm-a240-321-310s-309s-430-2b-ba-8k-espejo-en-relieve-a-cuadros-placa-de-acero-inoxidable","status":"publish","type":"product","link":"https:\/\/steelsupplydirect.com\/es\/product\/astm-a240-321-310s-309s-430-2b-ba-8k-espejo-en-relieve-a-cuadros-placa-de-acero-inoxidable","title":{"rendered":"ASTM A240 321 310S 309S 430 2b\/Ba\/8K\/Espejo\/Embossed\/Checkered Placa de acero inoxidable"},"content":{"rendered":"<p data-block-id=\"b9c73f7b-04c6-40e8-b09a-54dd3700000a\" data-pm-slice=\"1 1 []\">Las placas de acero inoxidable resisten la corrosi\u00f3n de medios d\u00e9biles como el aire, el vapor y el agua. Las placas de acero resistentes a los \u00e1cidos pueden resistir la corrosi\u00f3n de productos qu\u00edmicos fuertes. Esto incluye \u00e1cidos, \u00e1lcalis y sales. La placa de acero inoxidable tiene una superficie lisa. Ofrece plasticidad, tenacidad y resistencia mec\u00e1nica. Adem\u00e1s, resiste la corrosi\u00f3n de \u00e1cidos, gases alcalinos, soluciones y otras sustancias. Es una aleaci\u00f3n de acero propensa a la oxidaci\u00f3n, pero no est\u00e1 absolutamente exenta de \u00f3xido.<\/p>\n<h2 data-block-id=\"bc4b2fe3-38bd-4174-a305-a353c443a234\">Rendimiento<\/h2>\n<p data-block-id=\"493c982d-444f-4791-a47d-2da451801dd2\">- Resistencia a la corrosi\u00f3n**: Las placas de acero inoxidable resisten bien la corrosi\u00f3n. Sin embargo, la aleaci\u00f3n de n\u00edquel-cromo 304 es menos estable. El calentamiento prolongado en la gama de temperaturas de los niveles de carburo de cromo puede afectar a las aleaciones 321 y 347 en medios corrosivos agresivos. Estos materiales resisten la sensibilizaci\u00f3n, lo que los hace adecuados para aplicaciones de alta temperatura. Esto ayuda a evitar la corrosi\u00f3n intergranular, incluso a temperaturas m\u00e1s bajas.<\/p>\n<p data-block-id=\"6b3d61be-8748-4d03-a95b-3b92ddebdd07\">- Resistencia a la oxidaci\u00f3n a altas temperaturas: Las placas de acero inoxidable resisten la oxidaci\u00f3n a altas temperaturas. Pero su velocidad de oxidaci\u00f3n depende de factores como el entorno y la forma del producto.<\/p>\n<p data-block-id=\"198d7376-62c0-4a9e-9ab8-ad59ed939aee\">- Propiedades f\u00edsicas**: El coeficiente global de transferencia de calor de un metal depende de algo m\u00e1s que de su conductividad t\u00e9rmica. En la mayor\u00eda de los casos, son importantes el coeficiente de disipaci\u00f3n de calor de la pel\u00edcula, la cascarilla de \u00f3xido y el estado de la superficie del metal. El acero inoxidable se mantiene limpio. Tambi\u00e9n conduce el calor mejor que los metales con conductividades t\u00e9rmicas m\u00e1s altas. La llama de ox\u00edgeno m\u00e1s gas no puede cortar las placas de acero inoxidable porque \u00e9ste resiste la oxidaci\u00f3n.<\/p>\n<p data-block-id=\"27ac8618-9f57-4655-9817-f0892e2775a1\">Efectos elementales - Carbono (C): 1. Mejora la resistencia de la hoja a la deformaci\u00f3n y a la tracci\u00f3n; 2. Aumenta su dureza y mejora su resistencia al desgaste. - Cromo (Cr): 1. 1. Mejora la dureza, la resistencia a la tracci\u00f3n y la tenacidad; 2. Evita el desgaste y la corrosi\u00f3n. - Cobalto (Co): 1. 1. Aumenta la dureza y la resistencia para que pueda soportar el temple a alta temperatura; 2. Se utiliza en aleaciones m\u00e1s complejas para reforzar ciertas propiedades individuales de otros elementos. - Cobre (Cu): 1. 1. Aumenta la resistencia a la corrosi\u00f3n; 2. Aumenta la resistencia al desgaste. - Manganeso (Mn): 1. 1. Aumenta la templabilidad, la resistencia al desgaste y la resistencia a la tracci\u00f3n; 2. Elimina el ox\u00edgeno del metal fundido mediante oxidaci\u00f3n separada y vaporizaci\u00f3n separada; 3. Cuando se a\u00f1ade en grandes cantidades, mejora la dureza pero aumenta la fragilidad. - Molibdeno (Mo): 1. 1. Aumenta la resistencia, la dureza, la templabilidad y la tenacidad. 2. Mejora la maquinabilidad y la resistencia a la corrosi\u00f3n. - N\u00edquel (Ni): 1. 1. Aumenta la resistencia, la dureza y la resistencia a la corrosi\u00f3n. - F\u00f3sforo (P): Mejora la resistencia, la maquinabilidad y la dureza.<\/p>\n<h2 data-block-id=\"85d89e79-8dc0-480f-983b-21df19f37282\"><strong>Espesor<\/strong><\/h2>\n<ul>\n<li data-block-id=\"8cefa97b-b7ad-4b27-a718-bbf4dfb1549b\">Placa fina: 0,2 mm a 4 mm<\/li>\n<li data-block-id=\"8cefa97b-b7ad-4b27-a718-bbf4dfb1549b\">Placa mediana: 4 mm a 20 mm<\/li>\n<li data-block-id=\"8cefa97b-b7ad-4b27-a718-bbf4dfb1549b\">Chapa gruesa: de 20 mm a 60 mm<\/li>\n<li data-block-id=\"8cefa97b-b7ad-4b27-a718-bbf4dfb1549b\">Placa extra gruesa: 60 mm a 115 mm<\/li>\n<\/ul>\n<p data-block-id=\"8020c25f-316e-4aae-837a-5b6addaf1cef\">\n<h2 data-block-id=\"8020c25f-316e-4aae-837a-5b6addaf1cef\"><strong>M\u00e9todo de producci\u00f3n<br \/>\n<\/strong><\/h2>\n<p data-block-id=\"8020c25f-316e-4aae-837a-5b6addaf1cef\">(1) Chapa de acero laminada en caliente (2) Chapa de acero laminada en fr\u00edo<\/p>\n<h2 data-block-id=\"8020c25f-316e-4aae-837a-5b6addaf1cef\"><strong>Caracter\u00edsticas de la superficie<\/strong><\/h2>\n<ol>\n<li data-block-id=\"a36d4464-65ae-45e8-8639-dd686d2a3e76\">O.1, blanco plateado, mate, laminado en caliente al espesor especificado.<\/li>\n<li data-block-id=\"ae60fab9-97fb-4381-8120-0a9679af7dba\">\u00a0NO.2D es de color blanco plateado. Se somete a tratamiento t\u00e9rmico y se decapa despu\u00e9s del laminado en fr\u00edo. Se utiliza para embutici\u00f3n profunda.<\/li>\n<li data-block-id=\"ba010533-18b3-4adb-861c-71dd915f3147\">NO.2B, m\u00e1s brillante que NO.2D. Tras el tratamiento NO.2D, se realiza el laminado ligero en fr\u00edo final mediante rodillos de pulido.<\/li>\n<li data-block-id=\"23313fe3-18b2-4189-a188-e3ff33e1216c\">BA, brillante como un espejo. No existe una norma, pero suele ser un acabado superficial recocido brillante con una superficie muy reflectante. Materiales de construcci\u00f3n, utensilios de cocina.<\/li>\n<li data-block-id=\"a7aba415-7cf1-49a4-9163-22a8a3e194ea\">NO. 3, Molienda gruesa<\/li>\n<li data-block-id=\"16558981-0b00-407d-806c-68cba2a54e3d\">NO. 4, Rectificado intermedio<\/li>\n<li data-block-id=\"8548a288-9316-49b6-a6ed-f78d48cc9bd3\">NO. 240, Molienda fina<\/li>\n<li data-block-id=\"292d14cf-e37d-4849-867d-6b935d032c8b\">NO. 320, Molienda extremadamente fina<\/li>\n<li data-block-id=\"0a57f40e-f18f-47bc-b07b-b81721b72d3b\">NO. 400, Gloss cerca de BA<\/li>\n<li data-block-id=\"88e342ec-8dfb-431a-92a5-0082b6b2c2db\">HL, Materiales de construcci\u00f3n<\/li>\n<li data-block-id=\"fe5baba8-0a08-4c02-8313-f5fa0ac5be4c\">NO.7, esmerilado espejo<\/li>\n<li data-block-id=\"eca2bc08-3ca0-4953-a40f-2ab7a0ceb24d\">NO. 8, Lijado de espejos<\/li>\n<\/ol>","protected":false},"excerpt":{"rendered":"<p>Las placas de acero inoxidable resisten la corrosi\u00f3n de medios d\u00e9biles como el aire, el vapor y el agua. Las placas de acero resistentes a los \u00e1cidos pueden resistir la corrosi\u00f3n de productos qu\u00edmicos fuertes. Esto incluye \u00e1cidos, \u00e1lcalis y sales. La placa de acero inoxidable tiene una superficie lisa. Ofrece plasticidad, tenacidad y resistencia mec\u00e1nica. Adem\u00e1s, resiste la corrosi\u00f3n de \u00e1cidos, gases alcalinos, soluciones y otras sustancias. [...]","protected":false},"featured_media":3283,"comment_status":"closed","ping_status":"closed","template":"","meta":[],"product_cat":[54,56],"class_list":{"0":"post-3365","1":"product","2":"type-product","3":"status-publish","4":"has-post-thumbnail","6":"product_cat-stainless-steel","7":"product_cat-stainless-steel-plate","9":"first","10":"instock","11":"shipping-taxable","12":"product-type-simple"},"_links":{"self":[{"href":"https:\/\/steelsupplydirect.com\/es\/wp-json\/wp\/v2\/product\/3365","targetHints":{"allow":["GET"]}}],"collection":[{"href":"https:\/\/steelsupplydirect.com\/es\/wp-json\/wp\/v2\/product"}],"about":[{"href":"https:\/\/steelsupplydirect.com\/es\/wp-json\/wp\/v2\/types\/product"}],"replies":[{"embeddable":true,"href":"https:\/\/steelsupplydirect.com\/es\/wp-json\/wp\/v2\/comments?post=3365"}],"wp:featuredmedia":[{"embeddable":true,"href":"https:\/\/steelsupplydirect.com\/es\/wp-json\/wp\/v2\/media\/3283"}],"wp:attachment":[{"href":"https:\/\/steelsupplydirect.com\/es\/wp-json\/wp\/v2\/media?parent=3365"}],"wp:term":[{"taxonomy":"product_cat","embeddable":true,"href":"https:\/\/steelsupplydirect.com\/es\/wp-json\/wp\/v2\/product_cat?post=3365"}],"curies":[{"name":"wp","href":"https:\/\/api.w.org\/{rel}","templated":true}]}}