{"id":3366,"date":"2023-09-11T11:12:57","date_gmt":"2023-09-11T03:12:57","guid":{"rendered":"https:\/\/steelsupplydirect.com\/?post_type=product&#038;p=3366"},"modified":"2023-09-11T11:16:08","modified_gmt":"2023-09-11T03:16:08","slug":"chapa-de-acero-inoxidable-316l","status":"publish","type":"product","link":"https:\/\/steelsupplydirect.com\/es\/product\/chapa-de-acero-inoxidable-316l","title":{"rendered":"Placa de acero inoxidable ASTM laminada en caliente\/fr\u00edo AISI 316L Austen\u00edtica 1.4308 1.4408 Grado"},"content":{"rendered":"<p>Las chapas de acero inoxidable son resistentes a la corrosi\u00f3n por medios d\u00e9biles como la atm\u00f3sfera, el vapor y el agua, mientras que las chapas de acero resistentes a los \u00e1cidos son resistentes a la corrosi\u00f3n por medios qu\u00edmicamente corrosivos como \u00e1cidos, \u00e1lcalis y sales.<\/p>\n<p>Composici\u00f3n qu\u00edmica:<\/p>\n<p>-304 grado de acero inoxidable: 0Cr18Ni9 (0Cr19Ni9) 06Cr19Ni9 S30408<br \/>\nComposici\u00f3n qu\u00edmica: C: \u22640,08, Si: \u22641,0 Mn: \u22642,0, Cr: 18,0\uff5e20,0, Ni: 8,0\uff5e10,5, S: \u22640,03, P: \u22640,035 N\u22640,1.<br \/>\ncon 304L<br \/>\nEl 304L es m\u00e1s resistente a la corrosi\u00f3n y contiene menos carbono.<br \/>\nEl 304 es ampliamente utilizado, con buena resistencia a la corrosi\u00f3n, resistencia al calor, resistencia a baja temperatura y propiedades mec\u00e1nicas; buena trabajabilidad en caliente como estampaci\u00f3n y doblado, y sin fen\u00f3meno de endurecimiento por tratamiento t\u00e9rmico (no magn\u00e9tico, temperatura de servicio -196\u00b0C~800\u00b0C).<br \/>\nEl 304L tiene una excelente resistencia a la corrosi\u00f3n del l\u00edmite de grano despu\u00e9s de la soldadura o el alivio de tensiones; tambi\u00e9n puede mantener una buena resistencia a la corrosi\u00f3n sin tratamiento t\u00e9rmico, y la temperatura de servicio es de -196\u00b0C-800\u00b0C.<\/p>\n<p>-316L: (AISI 316L\/ SUS316L\/S31603\/022Cr17Ni12Mo2\/022Cr17Ni14Mo2)<\/p>\n<p>C \uff1a\u22640,030, Si\uff1a \u22641,00, Mn\uff1a\u22642,00, S \uff1a \u22640,030, P \uff1a \u22640,045, Cr\uff1a16,00\uff5e18,00, Ni\uff1a10,00\uff5e14,00, <span style=\"color: #333333;font-size: 14.4px\">Mo\uff1a2.00\uff5e3.00<\/span><\/p>\n<p>Propiedades mec\u00e1nicas:<\/p>\n<p>Resistencia a la tracci\u00f3n \u03c3b (MPa): \u2265480<br \/>\nL\u00edmite el\u00e1stico condicional \u03c30,2 (MPa): \u2265177<br \/>\nElongaci\u00f3n \u03b45(%): \u226540<br \/>\nEncogimiento del \u00e1rea \u03c8 (%): \u226560<br \/>\nDureza: \u2264187HB; \u226490HRB; \u2264200HV<br \/>\nDensidad: 7,98 g\/cm3;<br \/>\nRelaci\u00f3n de capacidad calor\u00edfica espec\u00edfica (20\u2103): 0,502J\/(g*K)<\/p>\n<p>Seg\u00fan la estructura organizativa, se divide en cuatro categor\u00edas: chapa de acero inoxidable austen\u00edtica, chapa de acero inoxidable martens\u00edtica (incluida la chapa de acero inoxidable endurecida por precipitaci\u00f3n), chapa de acero inoxidable ferr\u00edtica y chapa de acero inoxidable d\u00faplex de austenita m\u00e1s ferrita. Seg\u00fan la chapa de acero clasificada por la composici\u00f3n qu\u00edmica principal o algunos elementos caracter\u00edsticos de la chapa de acero, se divide en chapa de acero inoxidable al cromo, chapa de acero inoxidable al cromo-n\u00edquel, chapa de acero inoxidable al cromo-n\u00edquel-molibdeno, chapa de acero inoxidable de bajo contenido en carbono, chapa de acero inoxidable de alto contenido en molibdeno, chapa de acero inoxidable de alta pureza, etc. Seg\u00fan las caracter\u00edsticas de rendimiento y los usos de las placas de acero, se dividen en placas de acero inoxidable resistentes al \u00e1cido n\u00edtrico, placas de acero inoxidable resistentes al \u00e1cido sulf\u00farico, placas de acero inoxidable resistentes a las picaduras, placas de acero inoxidable resistentes a la corrosi\u00f3n bajo tensi\u00f3n, placas de acero inoxidable de alta resistencia, etc. Seg\u00fan las caracter\u00edsticas funcionales de las placas de acero, se dividen en placas de acero inoxidable de baja temperatura, placas de acero inoxidable no magn\u00e9ticas, placas de acero inoxidable de corte f\u00e1cil, placas de acero inoxidable superpl\u00e1sticas, etc. El m\u00e9todo de clasificaci\u00f3n com\u00fanmente utilizado se basa en las caracter\u00edsticas estructurales de la placa de acero, las caracter\u00edsticas de composici\u00f3n qu\u00edmica de la placa de acero, y una combinaci\u00f3n de los dos. Generalmente se divide en placas de acero inoxidable martens\u00edtico, placas de acero inoxidable ferr\u00edtico, placas de acero inoxidable austen\u00edtico, placas de acero inoxidable d\u00faplex y placas de acero inoxidable endurecido por precipitaci\u00f3n, o se divide en dos categor\u00edas: placas de acero inoxidable al cromo y placas de acero inoxidable al n\u00edquel. Tiene una amplia gama de usos. Usos t\u00edpicos: intercambiadores de calor para equipos de fabricaci\u00f3n de pasta y papel, equipos mec\u00e1nicos, equipos de te\u00f1ido, equipos de procesamiento de pel\u00edculas, tuber\u00edas, materiales exteriores para edificios en zonas costeras, etc.<\/p>\n<p>Rendimiento:<\/p>\n<p>-Resistencia a la corrosi\u00f3n<br \/>\nLas chapas de acero inoxidable tienen una resistencia a la corrosi\u00f3n general similar a la de la aleaci\u00f3n inestable de n\u00edquel-cromo 304. El calentamiento prolongado en la gama de temperaturas de los niveles de carburo de cromo puede afectar a las Aleaciones 321 y 347 en medios corrosivos agresivos. Se utilizan principalmente en aplicaciones de alta temperatura, que requieren materiales con fuerte capacidad antisensibilizante para evitar la corrosi\u00f3n intergranular a temperaturas m\u00e1s bajas.<\/p>\n<p>-Resistencia a la oxidaci\u00f3n a altas temperaturas<br \/>\nTodas las placas de acero inoxidable tienen resistencia a la oxidaci\u00f3n a alta temperatura, pero la velocidad de oxidaci\u00f3n se ver\u00e1 afectada por factores inherentes, como el entorno de exposici\u00f3n y la forma del producto.<\/p>\n<p>-Propiedades f\u00edsicas<br \/>\nEl coeficiente global de transferencia de calor de un metal depende de otros factores adem\u00e1s de la conductividad t\u00e9rmica del metal. En la mayor\u00eda de los casos, depende del coeficiente de disipaci\u00f3n t\u00e9rmica de la pel\u00edcula, del \u00f3xido y del estado de la superficie del metal. El acero inoxidable mantiene su superficie limpia y, por tanto, conduce mejor el calor que otros metales con mayor conductividad t\u00e9rmica.<\/p>\n<p>&nbsp;<\/p>","protected":false},"excerpt":{"rendered":"<p>Las placas de acero inoxidable se refieren a placas de acero resistentes a la corrosi\u00f3n por medios d\u00e9biles como la atm\u00f3sfera, el vapor y el agua, mientras que las placas de acero resistentes a los \u00e1cidos se refieren a placas de acero resistentes a la corrosi\u00f3n por medios qu\u00edmicamente corrosivos como \u00e1cidos, \u00e1lcalis y sales. Composici\u00f3n qu\u00edmica: -304 grado de acero inoxidable: 0Cr18Ni9 (0Cr19Ni9) 06Cr19Ni9 S30408 Qu\u00edmica [...]","protected":false},"featured_media":3265,"comment_status":"closed","ping_status":"closed","template":"","meta":[],"product_cat":[54,56],"class_list":{"0":"post-3366","1":"product","2":"type-product","3":"status-publish","4":"has-post-thumbnail","6":"product_cat-stainless-steel","7":"product_cat-stainless-steel-plate","9":"first","10":"instock","11":"shipping-taxable","12":"product-type-simple"},"_links":{"self":[{"href":"https:\/\/steelsupplydirect.com\/es\/wp-json\/wp\/v2\/product\/3366","targetHints":{"allow":["GET"]}}],"collection":[{"href":"https:\/\/steelsupplydirect.com\/es\/wp-json\/wp\/v2\/product"}],"about":[{"href":"https:\/\/steelsupplydirect.com\/es\/wp-json\/wp\/v2\/types\/product"}],"replies":[{"embeddable":true,"href":"https:\/\/steelsupplydirect.com\/es\/wp-json\/wp\/v2\/comments?post=3366"}],"wp:featuredmedia":[{"embeddable":true,"href":"https:\/\/steelsupplydirect.com\/es\/wp-json\/wp\/v2\/media\/3265"}],"wp:attachment":[{"href":"https:\/\/steelsupplydirect.com\/es\/wp-json\/wp\/v2\/media?parent=3366"}],"wp:term":[{"taxonomy":"product_cat","embeddable":true,"href":"https:\/\/steelsupplydirect.com\/es\/wp-json\/wp\/v2\/product_cat?post=3366"}],"curies":[{"name":"wp","href":"https:\/\/api.w.org\/{rel}","templated":true}]}}