{"id":3368,"date":"2023-09-11T11:47:26","date_gmt":"2023-09-11T03:47:26","guid":{"rendered":"https:\/\/steelsupplydirect.com\/?post_type=product&#038;p=3368"},"modified":"2024-06-27T16:50:54","modified_gmt":"2024-06-27T08:50:54","slug":"venta-a-granel-astm-aisi-409l-430-440-no-1-superficie-tubo-de-acero-inoxidable","status":"publish","type":"product","link":"https:\/\/steelsupplydirect.com\/es\/product\/venta-a-granel-astm-aisi-409l-430-440-no-1-superficie-tubo-de-acero-inoxidable","title":{"rendered":"Venta a granel ASTM AISI 409L 430 440 Tubo de acero inoxidable No.1 Laminado en fr\u00edo Superficie de decapado"},"content":{"rendered":"<p>Introducci\u00f3n detallada:<\/p>\n<p>-Dureza<br \/>\nLos tubos de acero inoxidable suelen utilizar tres indicadores de dureza: Brinell, Rockwell y Vickers para medir su dureza.<\/p>\n<p>-Dureza Brinell<br \/>\nEntre las normas para tubos de acero inoxidable, la dureza Brinell es la m\u00e1s utilizada. El di\u00e1metro de indentaci\u00f3n se utiliza a menudo para expresar la dureza del material, lo que resulta intuitivo y c\u00f3modo. Sin embargo, no es adecuado para tubos de acero m\u00e1s duro o m\u00e1s fino.<\/p>\n<p>-Dureza Rockwell<br \/>\nEl ensayo de dureza Rockwell de los tubos de acero inoxidable es el mismo que el ensayo de dureza Brinell, que es un m\u00e9todo de ensayo de indentaci\u00f3n. La diferencia es que mide la profundidad de la indentaci\u00f3n. La prueba de dureza Rockwell es actualmente un m\u00e9todo ampliamente utilizado, entre los cuales el HRC se utiliza en las normas de tuber\u00edas de acero en segundo lugar despu\u00e9s de la dureza Brinell HB. La dureza Rockwell puede utilizarse para medir materiales met\u00e1licos desde extremadamente blandos hasta extremadamente duros. Compensa las deficiencias del m\u00e9todo Brinell. Es m\u00e1s sencillo que el m\u00e9todo Brinell y el valor de dureza puede leerse directamente en la esfera del dur\u00f3metro. Sin embargo, debido a su peque\u00f1a indentaci\u00f3n, el valor de dureza no es tan preciso como el m\u00e9todo Brinell.<\/p>\n<p>-Dureza Vickers<br \/>\nEl ensayo de dureza Vickers de tubos de acero inoxidable es tambi\u00e9n un m\u00e9todo de ensayo de indentaci\u00f3n que puede utilizarse para determinar la dureza de materiales met\u00e1licos muy finos y capas superficiales. Tiene las principales ventajas de los m\u00e9todos Brinell y Rockwell y supera sus deficiencias b\u00e1sicas, pero no es tan sencillo como el m\u00e9todo Rockwell. El m\u00e9todo Vickers rara vez se utiliza en las normas de tuber\u00edas de acero.<\/p>\n<p>-Pruebas de dureza<br \/>\nLa dureza de la pared interior del tubo tambi\u00e9n puede comprobarse con un dur\u00f3metro Rockwell o Rockwell de superficie.<\/p>\n<p>El proceso de producci\u00f3n de tubos de acero inoxidable sin soldadura:<br \/>\na. Preparaci\u00f3n de acero redondo;<br \/>\nb. calefacci\u00f3n;<br \/>\nc. perforaci\u00f3n laminada en caliente;<br \/>\nd. cortar la cabeza;<br \/>\ne. decapado;<br \/>\nf. moler; esmerilar<br \/>\ng. lubricaci\u00f3n;<br \/>\nh. Proceso de laminaci\u00f3n en fr\u00edo;<br \/>\ni. Descremada;<br \/>\nj\uff0e Tratamiento t\u00e9rmico en soluci\u00f3n;<br \/>\nk\uff0e enderezar; enderezar<br \/>\nl\uff0e tubo cortado;<br \/>\nm. decapado;<br \/>\nn\uff0e Prueba del producto.<\/p>\n<p>Clasificaci\u00f3n: Los tubos de acero inoxidable se dividen en dos categor\u00edas: tubos sin soldadura y tubos soldados seg\u00fan los m\u00e9todos de producci\u00f3n. Los tubos de acero sin soldadura pueden dividirse en tubos laminados en caliente, tubos laminados en fr\u00edo, tubos estirados en fr\u00edo y tubos extruidos. Los tubos estirados en fr\u00edo y los tubos laminados en fr\u00edo son procesos secundarios de los tubos de acero. Los tubos soldados se dividen en tubos soldados con costura recta y tubos soldados en espiral.<\/p>\n<p>Normas de aplicaci\u00f3n de tuber\u00edas de acero inoxidable:<\/p>\n<p>GB\/T14976-2012 Tubos de acero inoxidable sin soldadura para transporte de fluidos<br \/>\n(Sustituir GB\/T14976-2002, sustituir GB\/T14976-1994, sustituir GB2270-1980)<br \/>\nGB\/T14975-2012 Tubos de acero inoxidable sin soldadura para uso estructural (sustituye a GB\/T14975-2002)<br \/>\nGB13296-2013 Tubos de acero inoxidable para tubos de calderas e intercambiadores de calor<br \/>\n(GJB2608-96) (YB676-73) Tubos estructurales de aviaci\u00f3n, tubos de acero sin soldadura de pared gruesa<br \/>\n(GJB2296-95) (YB678-71) Tubo de acero inoxidable para la aviaci\u00f3n<br \/>\n(YB\/T679-97) (YB679-71) Tubo de acero sin soldadura de pared delgada con remache hueco 18A para aviaci\u00f3n<br \/>\n(GJB2609-96) (YB680-71) Tubos estructurales de aviaci\u00f3n, tubos de acero sin soldadura de pared delgada<br \/>\n(YB\/T681-97) (YB681-71) Conducto de aviaci\u00f3n 20A tubo de acero sin soldadura de pared delgada<br \/>\nTubo de acero inoxidable de peque\u00f1o di\u00e1metro GB3090-2000<br \/>\nGB5310-2017 Tubos de acero sin soldadura para calderas de alta presi\u00f3n<br \/>\nGB3087-2008 Tubos para calderas de baja y media presi\u00f3n<br \/>\nGB3089-2008 Tubo de acero inoxidable sin soldadura de pared extremadamente fina resistente a los \u00e1cidos<br \/>\nGB9948-2013 Acero sin soldadura para craqueo de petr\u00f3leo<br \/>\nASTM A213 Tubos de aleaciones ferr\u00edticas y austen\u00edticas para calderas e intercambiadores de calor<br \/>\nTubos de acero inoxidable austen\u00edtico de uso general y tubos soldados ASTM A269<br \/>\nASTM A312 acero inoxidable austen\u00edtico tubo de acero sin soldadura tubo de acero soldado<br \/>\nASTM A450 Requisitos generales para tuber\u00edas de acero al carbono, ferr\u00edtico y aleado austen\u00edtico<br \/>\nASTM A530 Requisitos generales para aceros ferrosos y aleados para usos especiales<br \/>\nASTM A789 Requisitos generales para tuber\u00edas de acero inoxidable carbon\u00edtico austen\u00edtico sin soldadura y soldadas<br \/>\nJIS G3456-88 Tubos de acero inoxidable para estructuras mec\u00e1nicas<br \/>\nJIS G3448-88 Tubos de acero inoxidable para tuber\u00edas ordinarias<br \/>\nJIS G3459-88 Tubos de acero inoxidable para tuber\u00edas<br \/>\nJIS G3463-88 Tubos de acero inoxidable para calderas e intercambiadores de calor<br \/>\nQ\/HYAD tubo de acero sin soldadura para la industria qu\u00edmica<br \/>\n(0Cr18NI11T) Q\/HYAD Cr18Ni5MO3Si2 tubo de acero inoxidable d\u00faplex sin soldadura<\/p>\n<p>&nbsp;<\/p>\n<p>&nbsp;<\/p>","protected":false},"excerpt":{"rendered":"<p>Introducci\u00f3n detallada: -Dureza Los tubos de acero inoxidable suelen utilizar tres indicadores de dureza: Brinell, Rockwell y Vickers para medir su dureza. -Dureza Brinell Entre las normas para tubos de acero inoxidable, la dureza Brinell es la m\u00e1s utilizada. A menudo se utiliza el di\u00e1metro de la indentaci\u00f3n para expresar la dureza del material, lo que resulta intuitivo y c\u00f3modo. Pero es [...]","protected":false},"featured_media":3155,"comment_status":"closed","ping_status":"closed","template":"","meta":[],"product_cat":[54,57],"class_list":{"0":"post-3368","1":"product","2":"type-product","3":"status-publish","4":"has-post-thumbnail","6":"product_cat-stainless-steel","7":"product_cat-stainless-steel-tube","9":"first","10":"instock","11":"shipping-taxable","12":"product-type-simple"},"_links":{"self":[{"href":"https:\/\/steelsupplydirect.com\/es\/wp-json\/wp\/v2\/product\/3368","targetHints":{"allow":["GET"]}}],"collection":[{"href":"https:\/\/steelsupplydirect.com\/es\/wp-json\/wp\/v2\/product"}],"about":[{"href":"https:\/\/steelsupplydirect.com\/es\/wp-json\/wp\/v2\/types\/product"}],"replies":[{"embeddable":true,"href":"https:\/\/steelsupplydirect.com\/es\/wp-json\/wp\/v2\/comments?post=3368"}],"wp:featuredmedia":[{"embeddable":true,"href":"https:\/\/steelsupplydirect.com\/es\/wp-json\/wp\/v2\/media\/3155"}],"wp:attachment":[{"href":"https:\/\/steelsupplydirect.com\/es\/wp-json\/wp\/v2\/media?parent=3368"}],"wp:term":[{"taxonomy":"product_cat","embeddable":true,"href":"https:\/\/steelsupplydirect.com\/es\/wp-json\/wp\/v2\/product_cat?post=3368"}],"curies":[{"name":"wp","href":"https:\/\/api.w.org\/{rel}","templated":true}]}}