{"id":3369,"date":"2023-09-11T13:35:52","date_gmt":"2023-09-11T05:35:52","guid":{"rendered":"https:\/\/steelsupplydirect.com\/?post_type=product&#038;p=3369"},"modified":"2024-06-27T16:50:31","modified_gmt":"2024-06-27T08:50:31","slug":"china-factory-wholesale-astm-aisi-ss316l-201-321-310-32570-32670-a312-grade-seamless-stainless-steel-tube","status":"publish","type":"product","link":"https:\/\/steelsupplydirect.com\/es\/product\/china-factory-wholesale-astm-aisi-ss316l-201-321-310-32570-32670-a312-grade-seamless-stainless-steel-tube","title":{"rendered":"China Factory Wholesale ASTM AISI SS316L 201 321 310 32570 32670 A312 Grade Seamless Stainless Steel Tube"},"content":{"rendered":"<p>La tuber\u00eda de acero inoxidable es un tipo de acero redondo largo y hueco, que se utiliza principalmente en tuber\u00edas de transporte industrial y componentes estructurales mec\u00e1nicos como el petr\u00f3leo, la industria qu\u00edmica, el tratamiento m\u00e9dico, la alimentaci\u00f3n, la industria ligera, la instrumentaci\u00f3n mec\u00e1nica, etc. Adem\u00e1s, cuando la resistencia a la flexi\u00f3n y a la torsi\u00f3n son iguales, el peso es menor, por lo que tambi\u00e9n se utiliza ampliamente en la fabricaci\u00f3n de piezas mec\u00e1nicas y estructuras de ingenier\u00eda. Tambi\u00e9n se suele utilizar en muebles, utensilios de cocina, etc.<\/p>\n<p>-Clasificaci\u00f3n: Los tubos de acero inoxidable se dividen en dos categor\u00edas: tubos sin soldadura y tubos soldados seg\u00fan los m\u00e9todos de producci\u00f3n. Los tubos de acero sin soldadura se dividen en tubos laminados en caliente, tubos laminados en fr\u00edo, tubos estirados en fr\u00edo y tubos extruidos. Los tubos estirados en fr\u00edo y los tubos laminados en fr\u00edo son procesos secundarios de los tubos de acero. Los tubos soldados se dividen en tubos soldados con costura recta y tubos soldados en espiral.<\/p>\n<p>-Pruebas de dureza: Dureza Brinell; Dureza Rockwell; Dureza Vickers<\/p>\n<p>-Normas de aplicaci\u00f3n de los tubos de acero inoxidable:<\/p>\n<p>GB\/T14976-2012 Tubos de acero inoxidable sin soldadura para transporte de fluidos<br \/>\n(Sustituir GB\/T14976-2002, sustituir GB\/T14976-1994, sustituir GB2270-1980)<br \/>\nGB\/T14975-2012 Tubos de acero inoxidable sin soldadura para uso estructural (sustituye a GB\/T14975-2002)<br \/>\nGB13296-2013 Tubos de acero inoxidable para tubos de calderas e intercambiadores de calor<br \/>\n(GJB2608-96) (YB676-73) Tubos estructurales de aviaci\u00f3n, tubos de acero sin soldadura de pared gruesa<br \/>\n(GJB2296-95) (YB678-71) Tubo de acero inoxidable para la aviaci\u00f3n<br \/>\n(YB\/T679-97) (YB679-71) Tubo de acero sin soldadura de pared delgada con remache hueco 18A para aviaci\u00f3n<br \/>\n(GJB2609-96) (YB680-71) Tubos estructurales de aviaci\u00f3n, tubos de acero sin soldadura de pared delgada<br \/>\n(YB\/T681-97) (YB681-71) Conducto de aviaci\u00f3n 20A tubo de acero sin soldadura de pared delgada<br \/>\nTubo de acero inoxidable de peque\u00f1o di\u00e1metro GB3090-2000<br \/>\nGB5310-2017 Tubos de acero sin soldadura para calderas de alta presi\u00f3n<br \/>\nGB3087-2008 Tubos para calderas de baja y media presi\u00f3n<br \/>\nGB3089-2008 Tubo de acero inoxidable sin soldadura de pared extremadamente fina resistente a los \u00e1cidos<br \/>\nGB9948-2013 Acero sin soldadura para craqueo de petr\u00f3leo<br \/>\nASTM A213 Tubos de aleaciones ferr\u00edticas y austen\u00edticas para calderas e intercambiadores de calor<br \/>\nTubos de acero inoxidable austen\u00edtico de uso general y tubos soldados ASTM A269<br \/>\nASTM A312 acero inoxidable austen\u00edtico tubo de acero sin soldadura tubo de acero soldado<br \/>\nASTM A450 Requisitos generales para tuber\u00edas de acero al carbono, ferr\u00edtico y aleado austen\u00edtico<br \/>\nASTM A530 Requisitos generales para aceros ferrosos y aleados para usos especiales<br \/>\nASTM A789 Requisitos generales para tuber\u00edas de acero inoxidable carbon\u00edtico austen\u00edtico sin soldadura y soldadas<br \/>\nJIS G3456-88 Tubos de acero inoxidable para estructuras mec\u00e1nicas<br \/>\nJIS G3448-88 Tubos de acero inoxidable para tuber\u00edas ordinarias<br \/>\nJIS G3459-88 Tubos de acero inoxidable para tuber\u00edas<br \/>\nJIS G3463-88 Tubos de acero inoxidable para calderas e intercambiadores de calor<br \/>\nQ\/HYAD tubo de acero sin soldadura para la industria qu\u00edmica<br \/>\n(0Cr18NI11T) Q\/HYAD Cr18Ni5MO3Si2 tubo de acero inoxidable d\u00faplex sin soldadura<\/p>\n<p>-El proceso de producci\u00f3n de tubos de acero inoxidable sin soldadura:<br \/>\na. Preparaci\u00f3n de acero redondo;<br \/>\nb. calefacci\u00f3n;<br \/>\nc. perforaci\u00f3n laminada en caliente;<br \/>\nd. cortar la cabeza;<br \/>\ne. decapado;<br \/>\nf. moler; esmerilar<br \/>\ng. lubricaci\u00f3n;<br \/>\nh. Proceso de laminaci\u00f3n en fr\u00edo;<br \/>\ni. Descremada;<br \/>\nj\uff0e Tratamiento t\u00e9rmico en soluci\u00f3n;<br \/>\nk\uff0e enderezar; enderezar<br \/>\nl\uff0e tubo cortado;<br \/>\nm. decapado;<br \/>\nn\uff0e Pruebas de productos<\/p>\n<p>Aplicaci\u00f3n:<\/p>\n<p>-Industria automovil\u00edstica<br \/>\nEl acero inoxidable se utiliza principalmente en los sistemas de escape. Los tipos de acero m\u00e1s utilizados son el 409L, el 436L, etc., que representan m\u00e1s de la mitad del total de acero inoxidable utilizado en automoci\u00f3n, y el 80%, que es acero inoxidable ferr\u00edtico.<\/p>\n<p>-Industria petroqu\u00edmica, incluida la de fertilizantes<br \/>\nEsta industria utiliza principalmente tubos de acero inoxidable sin soldadura, las especificaciones incluyen: 304, 321, 316, 316L, 347, 317L, etc., el di\u00e1metro exterior es de alrededor de \u03c618-\u03c6610, y el espesor de pared es de alrededor de 6mm-50mm.<\/p>\n<p>-Transporte de fluidos como agua y gas<br \/>\nLas tuber\u00edas de acero inoxidable y sus equipos de suministro de agua son los materiales b\u00e1sicos de purificaci\u00f3n de agua m\u00e1s avanzados del mundo en la actualidad.<\/p>\n<p>-Fabricaci\u00f3n y reparaci\u00f3n de equipos<br \/>\nEl consumo anual de tubos de acero inoxidable supera las 20.000 toneladas. Se utilizan principalmente tuber\u00edas de acero inoxidable de grado sanitario o antibacteriano. Tubos higi\u00e9nicos sin soldadura de SUS304 y 316L importados.<\/p>\n<p>&nbsp;<\/p>","protected":false},"excerpt":{"rendered":"<p>La tuber\u00eda de acero inoxidable es un tipo de acero redondo largo hueco, que se utiliza principalmente en tuber\u00edas de transporte industrial y componentes estructurales mec\u00e1nicos como el petr\u00f3leo, la industria qu\u00edmica, el tratamiento m\u00e9dico, la alimentaci\u00f3n, la industria ligera, la instrumentaci\u00f3n mec\u00e1nica, etc. Adem\u00e1s, cuando la resistencia a la flexi\u00f3n y a la torsi\u00f3n son iguales, el peso es m\u00e1s ligero, por lo que es [...]","protected":false},"featured_media":3139,"comment_status":"closed","ping_status":"closed","template":"","meta":[],"product_cat":[57,54],"class_list":{"0":"post-3369","1":"product","2":"type-product","3":"status-publish","4":"has-post-thumbnail","6":"product_cat-stainless-steel-tube","7":"product_cat-stainless-steel","9":"first","10":"instock","11":"shipping-taxable","12":"product-type-simple"},"_links":{"self":[{"href":"https:\/\/steelsupplydirect.com\/es\/wp-json\/wp\/v2\/product\/3369","targetHints":{"allow":["GET"]}}],"collection":[{"href":"https:\/\/steelsupplydirect.com\/es\/wp-json\/wp\/v2\/product"}],"about":[{"href":"https:\/\/steelsupplydirect.com\/es\/wp-json\/wp\/v2\/types\/product"}],"replies":[{"embeddable":true,"href":"https:\/\/steelsupplydirect.com\/es\/wp-json\/wp\/v2\/comments?post=3369"}],"wp:featuredmedia":[{"embeddable":true,"href":"https:\/\/steelsupplydirect.com\/es\/wp-json\/wp\/v2\/media\/3139"}],"wp:attachment":[{"href":"https:\/\/steelsupplydirect.com\/es\/wp-json\/wp\/v2\/media?parent=3369"}],"wp:term":[{"taxonomy":"product_cat","embeddable":true,"href":"https:\/\/steelsupplydirect.com\/es\/wp-json\/wp\/v2\/product_cat?post=3369"}],"curies":[{"name":"wp","href":"https:\/\/api.w.org\/{rel}","templated":true}]}}