{"id":3370,"date":"2023-09-11T14:06:34","date_gmt":"2023-09-11T06:06:34","guid":{"rendered":"https:\/\/steelsupplydirect.com\/?post_type=product&#038;p=3370"},"modified":"2024-06-27T16:50:00","modified_gmt":"2024-06-27T08:50:00","slug":"tubo-de-acero-inoxidable-duplex-brillante-estirado-en-frio-serie-300-serie-200-diametro-pequeno-para-proyecto-de-agua","status":"publish","type":"product","link":"https:\/\/steelsupplydirect.com\/es\/product\/tubo-de-acero-inoxidable-duplex-brillante-estirado-en-frio-serie-300-serie-200-diametro-pequeno-para-proyecto-de-agua","title":{"rendered":"Tubo de acero inoxidable brillante\/d\u00faplex\/estirado en fr\u00edo serie 300 serie 200 de di\u00e1metro peque\u00f1o para proyectos de agua"},"content":{"rendered":"<p>La tuber\u00eda de acero inoxidable es un tipo de acero redondo largo y hueco, que se utiliza principalmente en tuber\u00edas de transporte industrial y componentes estructurales mec\u00e1nicos como el petr\u00f3leo, la industria qu\u00edmica, el tratamiento m\u00e9dico, la alimentaci\u00f3n, la industria ligera, la instrumentaci\u00f3n mec\u00e1nica, etc. Adem\u00e1s, cuando la resistencia a la flexi\u00f3n y a la torsi\u00f3n son iguales, el peso es menor, por lo que tambi\u00e9n se utiliza ampliamente en la fabricaci\u00f3n de piezas mec\u00e1nicas y estructuras de ingenier\u00eda. Tambi\u00e9n se suele utilizar en muebles, utensilios de cocina, etc.<\/p>\n<p>-Los tubos de acero inoxidable suelen utilizar indicadores de transparencia Brinell, Rockwell y Vickers para reducir su dureza.<\/p>\n<p>-El proceso de producci\u00f3n de tubos de acero inoxidable sin soldadura:<br \/>\na. Preparaci\u00f3n de acero redondo;<br \/>\nb. calefacci\u00f3n;<br \/>\nc. perforaci\u00f3n laminada en caliente;<br \/>\nd. cortar la cabeza;<br \/>\ne. decapado;<br \/>\nf. moler; esmerilar<br \/>\ng. lubricaci\u00f3n;<br \/>\nh. Proceso de laminaci\u00f3n en fr\u00edo;<br \/>\ni. Descremada;<br \/>\nj\uff0e Tratamiento t\u00e9rmico en soluci\u00f3n;<br \/>\nk\uff0e enderezar; enderezar<br \/>\nl\uff0e tubo cortado;<br \/>\nm. decapado;<br \/>\nn\uff0e Prueba del producto.<\/p>\n<p>Los tubos de acero inoxidable se dividen en dos categor\u00edas: tubos sin soldadura y tubos soldados, seg\u00fan los m\u00e9todos de producci\u00f3n. Los tubos de acero sin soldadura pueden dividirse en tubos laminados en caliente, tubos laminados en fr\u00edo, tubos estirados en fr\u00edo y tubos extruidos. Los tubos estirados en fr\u00edo y los tubos laminados en fr\u00edo son procesos secundarios de los tubos de acero. Procesamiento; los tubos soldados se dividen en tubos soldados con costura recta y tubos soldados en espiral, etc.<\/p>\n<p>-Proceso de producci\u00f3n de tubos soldados de acero inoxidable:<br \/>\nMaterias primas-corte-fabricaci\u00f3n de tubos soldados-recorte final-pulido-inspecci\u00f3n (impresi\u00f3n)-embalaje-env\u00edo (almacenamiento) (tubos soldados decorativos)<\/p>\n<p>Materias primas - corte - fabricaci\u00f3n de tubos soldados - tratamiento t\u00e9rmico - correcci\u00f3n - enderezado - recorte - decapado - prueba hidr\u00e1ulica - inspecci\u00f3n (impresi\u00f3n) - embalaje - env\u00edo (almacenamiento) (Tubos soldados para tuber\u00edas industriales).<\/p>\n<p>-Especificaciones de los tubos de acero inoxidable:<\/p>\n<p>\u03c66-12\u00d71,5-2,5, \u03c614\u00d71,5-2,5-3, \u03c616\u00d71,5-2,5-4, \u03c618\u00d72,3-4-5, \u03c620\u00d72,5-3-5, \u03c624\u00d72,5-3-4-5-6, ...\u03c695\u00d74,5-6-8, \u03c6102\u00d74,5-5-6-10-12-14-16-20, \u03c6152\u00d74,5-6-10-12-14,...\u03c6219\u00d76-8-12-16-18-20-25<\/p>\n<p>-Tama\u00f1o de la tuber\u00eda de acero y desviaci\u00f3n admisible:<\/p>\n<p>D1: \u00b11,5%\uff0cMin \u00b10,75mm; D2: \u00b11%\uff0cMin \u00b10,50mm; D3: \u00b10,75%\uff0cMin \u00b10,30mm; D4: \u00b10,5%\uff0cMin \u00b10,10mm<\/p>\n<p>S-Espesor nominal de la pared del tubo de acero, mm;<br \/>\nD-Di\u00e1metro exterior nominal del tubo de acero, mm.<br \/>\nW=(di\u00e1metro exterior-espesor de la pared)\u00d7espesor de la pared\u00d70,02491=KG\/M (peso por metro)<\/p>\n<p>-Clasificaci\u00f3n de los tubos de acero inoxidable<\/p>\n<p>Los tubos de acero inoxidable pueden dividirse en serie Cr (serie 400), serie Cr-Ni (serie 300), serie Cr-Mn-Ni (serie 200) y serie de endurecimiento por precipitaci\u00f3n (serie 600) en funci\u00f3n de su composici\u00f3n.<br \/>\nSerie 200-Acero inoxidable austen\u00edtico al cromo, n\u00edquel y manganeso Serie 300-Acero inoxidable austen\u00edtico al cromo, n\u00edquel y manganeso.<\/p>\n<p>301--Buena ductilidad, se utiliza para productos moldeados. Tambi\u00e9n puede endurecerse mediante procesamiento mec\u00e1nico. Buena soldabilidad. La resistencia al desgaste y la resistencia a la fatiga son mejores que las del acero inoxidable 304.<br \/>\n302--La resistencia a la corrosi\u00f3n es la misma que la del 304, pero la resistencia es mejor debido al contenido relativamente m\u00e1s alto de carbono.<br \/>\n303--Al a\u00f1adir una peque\u00f1a cantidad de azufre y f\u00f3sforo, es m\u00e1s f\u00e1cil de cortar que el 304.<br \/>\n304, es decir, acero inoxidable 18\/8. El grado GB es 0Cr18Ni9. 309-tiene mejor resistencia a la temperatura que 304.<br \/>\n316--Despu\u00e9s del 304, es el segundo tipo de acero m\u00e1s utilizado, principalmente en la industria alimentaria, farmac\u00e9utica y equipos quir\u00fargicos, la adici\u00f3n del elemento molibdeno le confiere una estructura especial resistente a la corrosi\u00f3n. Como tiene mejor resistencia a la corrosi\u00f3n por cloruros que los tubos de acero inoxidable 304, tambi\u00e9n se utiliza como \"acero marino\". El SS316 suele utilizarse en dispositivos de recuperaci\u00f3n de combustible nuclear. Los tubos de acero inoxidable 18\/10 tambi\u00e9n suelen cumplir este grado de aplicaci\u00f3n.<\/p>\n<p>SS321-Similar al 304 excepto en que la adici\u00f3n de titanio reduce el riesgo de corrosi\u00f3n de la soldadura del material.<br \/>\nSerie 400-aceros inoxidables ferr\u00edticos y martens\u00edticos.<br \/>\n408-Buena resistencia al calor, d\u00e9bil resistencia a la corrosi\u00f3n, 11% Cr, 8% Ni.<br \/>\n409 - el modelo m\u00e1s barato (brit\u00e1nico y estadounidense), utilizado habitualmente como tubos de escape de autom\u00f3viles, es un acero inoxidable ferr\u00edtico (acero al cromo).<br \/>\n410-Martensita (acero al cromo de alta resistencia), buena resistencia al desgaste, escasa resistencia a la corrosi\u00f3n.<br \/>\n416-La adici\u00f3n de azufre mejora las propiedades de transformaci\u00f3n del material.<br \/>\n420- Acero martens\u00edtico de \"calidad de corte\", similar al acero Brinell de alto contenido en cromo, el primer acero inoxidable. Tambi\u00e9n se utiliza en cuchillos quir\u00fargicos, que pueden ser muy brillantes.<br \/>\nAcero inoxidable ferr\u00edtico 430, para fines decorativos, como accesorios de automoci\u00f3n. Buena conformabilidad, pero escasa resistencia a la temperatura y a la corrosi\u00f3n.<br \/>\n440-Acero de alta resistencia para herramientas de corte con un contenido de carbono ligeramente superior. Tras un tratamiento t\u00e9rmico adecuado, puede obtener un mayor l\u00edmite el\u00e1stico y su dureza puede alcanzar los 58HRC, que es uno de los aceros inoxidables m\u00e1s duros. El ejemplo de aplicaci\u00f3n m\u00e1s com\u00fan son las \"hojas de afeitar\". Hay tres modelos de uso com\u00fan: 440A, 440B, 440C y 440F (tipo f\u00e1cil de procesar).<br \/>\nSerie 500-Acero de aleaci\u00f3n de cromo resistente al calor.<br \/>\nSerie 600-Tubo de acero inoxidable endurecido por precipitaci\u00f3n martens\u00edtica.<\/p>","protected":false},"excerpt":{"rendered":"<p>La tuber\u00eda de acero inoxidable es un tipo de acero redondo largo hueco, que se utiliza principalmente en tuber\u00edas de transporte industrial y componentes estructurales mec\u00e1nicos como el petr\u00f3leo, la industria qu\u00edmica, el tratamiento m\u00e9dico, la alimentaci\u00f3n, la industria ligera, la instrumentaci\u00f3n mec\u00e1nica, etc. Adem\u00e1s, cuando la resistencia a la flexi\u00f3n y a la torsi\u00f3n son iguales, el peso es m\u00e1s ligero, por lo que es [...]","protected":false},"featured_media":2828,"comment_status":"closed","ping_status":"closed","template":"","meta":[],"product_cat":[54,57],"class_list":{"0":"post-3370","1":"product","2":"type-product","3":"status-publish","4":"has-post-thumbnail","6":"product_cat-stainless-steel","7":"product_cat-stainless-steel-tube","9":"first","10":"instock","11":"shipping-taxable","12":"product-type-simple"},"_links":{"self":[{"href":"https:\/\/steelsupplydirect.com\/es\/wp-json\/wp\/v2\/product\/3370","targetHints":{"allow":["GET"]}}],"collection":[{"href":"https:\/\/steelsupplydirect.com\/es\/wp-json\/wp\/v2\/product"}],"about":[{"href":"https:\/\/steelsupplydirect.com\/es\/wp-json\/wp\/v2\/types\/product"}],"replies":[{"embeddable":true,"href":"https:\/\/steelsupplydirect.com\/es\/wp-json\/wp\/v2\/comments?post=3370"}],"wp:featuredmedia":[{"embeddable":true,"href":"https:\/\/steelsupplydirect.com\/es\/wp-json\/wp\/v2\/media\/2828"}],"wp:attachment":[{"href":"https:\/\/steelsupplydirect.com\/es\/wp-json\/wp\/v2\/media?parent=3370"}],"wp:term":[{"taxonomy":"product_cat","embeddable":true,"href":"https:\/\/steelsupplydirect.com\/es\/wp-json\/wp\/v2\/product_cat?post=3370"}],"curies":[{"name":"wp","href":"https:\/\/api.w.org\/{rel}","templated":true}]}}