{"id":3371,"date":"2023-09-11T15:15:40","date_gmt":"2023-09-11T07:15:40","guid":{"rendered":"https:\/\/steelsupplydirect.com\/?post_type=product&#038;p=3371"},"modified":"2023-09-11T15:15:41","modified_gmt":"2023-09-11T07:15:41","slug":"china-proveedor-astm-a213-304-316l-321-310s-brillante-espejo-pulido-de-acero-inoxidable-redondo-cuadrado-varilla","status":"publish","type":"product","link":"https:\/\/steelsupplydirect.com\/es\/product\/china-proveedor-astm-a213-304-316l-321-310s-brillante-espejo-pulido-de-acero-inoxidable-redondo-cuadrado-varilla","title":{"rendered":"China Proveedor ASTM A213 304 316L 321 310S Brillante Espejo Pulido Acero Inoxidable Redondo Cuadrado Rod"},"content":{"rendered":"<p>La varilla de acero inoxidable 304 es un material de aleaci\u00f3n de acero con resistencia a la corrosi\u00f3n por picadura, resistencia a altas temperaturas, resistencia a la fluencia y alta resistencia.<\/p>\n<p>-Normas de aplicaci\u00f3n<br \/>\nNorma china:<br \/>\nVarillas de acero inoxidable laminadas en caliente y forjadas: GB\/T1220-2007<br \/>\nVarilla de acero inoxidable procesada en fr\u00edo: GB4226-2009<br \/>\nEst\u00e1ndar americano:<br \/>\nVarillas y perfiles de acero inoxidable Norma: ASTM A276-2011<br \/>\nNorma general para barras, tochos y piezas forjadas de acero inoxidable ASTM A484-2011<br \/>\nNorma para varillas de acero inoxidable f\u00e1cilmente mecanizables ASTM A582-2011<br \/>\nASME SA276-2010, ASME SA484-2010<\/p>\n<p>ASTM A484\/A484M, ASTM A213\/213A, ASTM A269\/269M<\/p>\n<p>Excelente resistencia a la corrosi\u00f3n por picadura y excelente resistencia a la fluencia a alta temperatura.<\/p>\n<p>2. Caracter\u00edsticas 1) El producto laminado en fr\u00edo tiene buen brillo y bella apariencia; 2) A\u00f1adido Mo, excelente resistencia a la corrosi\u00f3n, especialmente a la corrosi\u00f3n por picaduras; 3) Excelente resistencia a altas temperaturas; 4) Excelente endurecimiento por deformaci\u00f3n (magnetismo d\u00e9bil despu\u00e9s del procesamiento ) 5) No magn\u00e9tico en estado de soluci\u00f3n s\u00f3lida; 6) Comparado con el acero inoxidable 304, el precio es m\u00e1s alto.<br \/>\n3. \u00c1mbito de aplicaci\u00f3n: tuber\u00edas, intercambiadores de calor, industria alimentaria, industria qu\u00edmica, etc.<\/p>\n<p>Varilla redonda de acero inoxidable 304, varilla capilar de acero inoxidable 304<br \/>\nMarca: 0Cr18Ni9 (0Cr19Ni9)<br \/>\nElemento<br \/>\nC: \u22640,07, Si: \u22641,0,<br \/>\nMn: \u22642.0,<br \/>\nCr: 17.0\uff5e19.0,<br \/>\nNi: 8.0~11.0,<br \/>\nS: \u22640.03,<br \/>\nP: \u22640.035.<br \/>\nResistencia a la tracci\u00f3n (Mpa) 620 MIN<br \/>\nL\u00edmite el\u00e1stico (Mpa) 310 MIN<br \/>\nAlargamiento (%) 30 MIN<br \/>\nReducci\u00f3n de superficie (%) 40 MIN<br \/>\nLa densidad del acero inoxidable 304 es de 7,93 g\/cm3. El acero inoxidable austen\u00edtico suele utilizar este valor. El contenido de cromo del 304 (%) es de 18-20. El 304 es equivalente al acero inoxidable 0Cr19Ni9 (0Cr18Ni9) de mi pa\u00eds. El acero inoxidable 304 es un material de acero inoxidable universal. El rendimiento antioxidante es m\u00e1s fuerte que el de los materiales de acero inoxidable de la serie 200. Tambi\u00e9n es relativamente bueno en t\u00e9rminos de resistencia a altas temperaturas y puede alcanzar temperaturas de hasta 1000-1200 grados. El acero inoxidable 304 tiene una excelente resistencia a la corrosi\u00f3n inoxidable y una buena resistencia a la corrosi\u00f3n intergranular. Para los \u00e1cidos oxidantes, se encontr\u00f3 en experimentos que el acero inoxidable 304 tiene una fuerte resistencia a la corrosi\u00f3n en \u00e1cido n\u00edtrico por debajo de la temperatura de ebullici\u00f3n con una concentraci\u00f3n de \u226465%. Tambi\u00e9n tiene buena resistencia a la corrosi\u00f3n en soluciones alcalinas y en la mayor\u00eda de los \u00e1cidos org\u00e1nicos e inorg\u00e1nicos.<\/p>\n<p>-F\u00f3rmula de c\u00e1lculo del peso<\/p>\n<p>Peso (kg)=Di\u00e1metro (mm)*Di\u00e1metro (mm)*Longitud (m)*0,00623<br \/>\nPeso espec\u00edfico del acero inoxidable:<br \/>\n\u25cfEl acero inoxidable al cromo requiere 7,75 toneladas\/M3<br \/>\n\u25cfEl acero inoxidable al cromo-n\u00edquel es de 7,93 toneladas\/M3<br \/>\n\u25cfExtracci\u00f3n de hierro 7,87 toneladas\/M3<br \/>\nF\u00f3rmula de c\u00e1lculo del peso te\u00f3rico de la chapa de acero inoxidable<br \/>\nPeso te\u00f3rico de los productos de acero Peso (kg) = Espesor (mm) \u00d7 Anchura (mm) \u00d7 Longitud (mm) \u00d7 Valor de densidad<\/p>\n<p>-Espesor est\u00e1ndar americano y nacional:<br \/>\n28GA=0.015inches=0.38mm<br \/>\n26GA=0.018inches=0.46mm<br \/>\n24GA=0.024inches=0.61mm<br \/>\n22GA=0.030inches=0.76mm<br \/>\n20GA=0.036inches=1.00mm<br \/>\n18GA=0.048inches=1.25mm<br \/>\n16GA=0.060inches=1.60mm<br \/>\n14GA=0.075inches=2.00mm<br \/>\n12GA=0.105inches=2.70mm<\/p>\n<p>Materiales: 304, 304L, 321, 316, 316L, 310S, 630, 1Cr13, 2Cr13, 3Cr13, 1Cr17Ni2, acero d\u00faplex, acero antibacteriano y otros materiales.<\/p>\n<p>Material 304 (18Cr-8Ni):<\/p>\n<p>Como un acero ampliamente utilizado, tiene buena resistencia a la corrosi\u00f3n, resistencia al calor, baja resistencia y propiedades mec\u00e1nicas; buena trabajabilidad en caliente como estampado y doblado, y ning\u00fan fen\u00f3meno de tratamiento t\u00e9rmico (ning\u00fan fen\u00f3meno de tratamiento t\u00e9rmico) Brillo, usos: Productos dom\u00e9sticos (sanitarios de clase 1 y 2, armarios, cableado interior, calentadores de agua, calderas, ba\u00f1eras), piezas de autom\u00f3vil (limpiaparabrisas, silenciadores, productos moldeados), equipos m\u00e9dicos, materiales de construcci\u00f3n, qu\u00edmica, industria alimentaria, agricultura, piezas de barcos.<\/p>\n<p>-Grado de la varilla de acero inoxidable:<\/p>\n<p>Acero inoxidable serie 200: 201, 202 (cromo, n\u00edquel, acero inoxidable manganeso-austen\u00edtico)<br \/>\nSerie 300 de acero inoxidable: 301, 302, 302HQ, 303, 304, 304L, 304F, 304HC, 316, 316L, 316F, 316S, 316Ti, 310, 310S, 314, 314L, 317, 317L, 321 (acero inoxidable al cromo, n\u00edquel-austen\u00edtico)<br \/>\nSerie 400 de acero inoxidable: 410, 420, 420J2, 430, 430F, 431 (acero inoxidable ferr\u00edtico y martens\u00edtico)<\/p>\n<p>Nota: L significa bajo contenido en carbono. Por ejemplo, 304L tiene menos contenido de carbono que 304. H y S representan resistencia a altas temperaturas. Por ejemplo, 310S es m\u00e1s resistente al calor que 310, y 304H es m\u00e1s resistente al calor que 304.<br \/>\nLas varillas de acero inoxidable se dividen en redondas, hexagonales, cuadradas, planas, redondas y macizas. Las de superficie brillante son m\u00e1s caras que las de superficie negra. El 303 es un material \u00fanico en varillas. Es un material f\u00e1cil de tornear (cortar) y se utiliza principalmente para el corte autom\u00e1tico en torno. Adem\u00e1s: 304F, 303CU y 316F tambi\u00e9n son materiales f\u00e1ciles de cortar. Especificaciones: \u04241mm\uff5e\u0424280mm.<\/p>\n<p>&nbsp;<\/p>\n<p>&nbsp;<\/p>","protected":false},"excerpt":{"rendered":"<p>La varilla de acero inoxidable 304 es un material de acero de aleaci\u00f3n con resistencia a la corrosi\u00f3n por picadura, resistencia a altas temperaturas, resistencia a la fluencia y alta resistencia -Normas de aplicaci\u00f3n Norma china: Varilla de acero inoxidable laminada en caliente y forjada GB\/T1220-2007 Varilla de acero inoxidable procesada en fr\u00edo: GB4226-2009 Norma americana: Norma de varillas y perfiles de acero inoxidable: ASTM A276-2011 Norma general para barras de acero inoxidable, [...]","protected":false},"featured_media":2908,"comment_status":"closed","ping_status":"closed","template":"","meta":[],"product_cat":[54,58],"class_list":{"0":"post-3371","1":"product","2":"type-product","3":"status-publish","4":"has-post-thumbnail","6":"product_cat-stainless-steel","7":"product_cat-stainless-steel-rod","9":"first","10":"instock","11":"shipping-taxable","12":"product-type-simple"},"_links":{"self":[{"href":"https:\/\/steelsupplydirect.com\/es\/wp-json\/wp\/v2\/product\/3371","targetHints":{"allow":["GET"]}}],"collection":[{"href":"https:\/\/steelsupplydirect.com\/es\/wp-json\/wp\/v2\/product"}],"about":[{"href":"https:\/\/steelsupplydirect.com\/es\/wp-json\/wp\/v2\/types\/product"}],"replies":[{"embeddable":true,"href":"https:\/\/steelsupplydirect.com\/es\/wp-json\/wp\/v2\/comments?post=3371"}],"wp:featuredmedia":[{"embeddable":true,"href":"https:\/\/steelsupplydirect.com\/es\/wp-json\/wp\/v2\/media\/2908"}],"wp:attachment":[{"href":"https:\/\/steelsupplydirect.com\/es\/wp-json\/wp\/v2\/media?parent=3371"}],"wp:term":[{"taxonomy":"product_cat","embeddable":true,"href":"https:\/\/steelsupplydirect.com\/es\/wp-json\/wp\/v2\/product_cat?post=3371"}],"curies":[{"name":"wp","href":"https:\/\/api.w.org\/{rel}","templated":true}]}}