{"id":3372,"date":"2023-09-11T14:35:47","date_gmt":"2023-09-11T06:35:47","guid":{"rendered":"https:\/\/steelsupplydirect.com\/?post_type=product&#038;p=3372"},"modified":"2023-09-11T14:39:11","modified_gmt":"2023-09-11T06:39:11","slug":"varilla-de-acero-inoxidable","status":"publish","type":"product","link":"https:\/\/steelsupplydirect.com\/es\/product\/varilla-de-acero-inoxidable","title":{"rendered":"F\u00e1brica de alta velocidad de acero inoxidable Ronda Varilla pulida decapado ASTM AISI 200 300 400 Di\u00e1metro"},"content":{"rendered":"<p>La varilla de acero inoxidable 304 es un material de acero aleado con resistencia a la corrosi\u00f3n por picadura, resistencia a altas temperaturas, resistencia a la fluencia y alta resistencia.<\/p>\n<p>-Normas de aplicaci\u00f3n<br \/>\nNorma china:<br \/>\nVarillas de acero inoxidable laminadas en caliente y forjadas: GB\/T1220-2007;<br \/>\nVarilla de acero inoxidable procesada en fr\u00edo: GB4226-2009<\/p>\n<p>GB\/T14975-2002, GB\/T14976-2002, GB\/T13296-91<\/p>\n<p>Est\u00e1ndar americano:<br \/>\nVarillas y perfiles de acero inoxidable Norma: ASTM A276-2011<br \/>\nNorma general para barras, tochos y piezas forjadas de acero inoxidable ASTM A484-2011<br \/>\nNorma para varillas de acero inoxidable f\u00e1cilmente mecanizables ASTM A582-2011<br \/>\nASME SA276-2010<br \/>\nASME SA484-2010<\/p>\n<p>ASTM A484\/A484M, ASTM A213\/213A, ASTM A269\/269M<\/p>\n<p>Materiales de la varilla de acero inoxidable: 304, 304L, 321, 316, 316L, 310S, 630, 1Cr13, 2Cr13, 3Cr13, 1Cr17Ni2, acero d\u00faplex, acero antibacteriano y otros materiales.<\/p>\n<p>-Clasificaci\u00f3n:<\/p>\n<p>Las varillas de acero inoxidable pueden dividirse en tres tipos seg\u00fan la tecnolog\u00eda de producci\u00f3n: laminado en caliente, forjado y estirado en fr\u00edo. Varillas de acero inoxidable laminadas en caliente y forjadas con dimensiones (di\u00e1metro, longitud lateral, espesor o distancia entre caras opuestas) no superiores a 250 mm.<br \/>\nLas especificaciones de las barras redondas de acero inoxidable laminadas en caliente son de 5,5-250 mm. Entre ellas: las peque\u00f1as barras redondas de acero inoxidable de 5,5-25 mm se suministran principalmente en tiras rectas y se utilizan com\u00fanmente como barras de acero, pernos y diversas piezas mec\u00e1nicas; las barras redondas de acero inoxidable de m\u00e1s de 25 mm se utilizan principalmente para fabricar piezas mec\u00e1nicas o piezas brutas de tubos de acero sin soldadura.<\/p>\n<p>Excelente resistencia a la corrosi\u00f3n por picadura y excelente resistencia a la fluencia a alta temperatura.<br \/>\n-Caracter\u00edsticas 1) El producto laminado en fr\u00edo tiene buen brillo y bella apariencia; 2) A\u00f1adido Mo, excelente resistencia a la corrosi\u00f3n, especialmente a la corrosi\u00f3n por picaduras; 3) Excelente resistencia a altas temperaturas; 4) Excelente endurecimiento por deformaci\u00f3n (magnetismo d\u00e9bil despu\u00e9s del procesamiento ) 5) No magn\u00e9tico en estado de soluci\u00f3n s\u00f3lida; 6) Comparado con el acero inoxidable 304, el precio es m\u00e1s alto.<br \/>\n-\u00c1mbito de aplicaci\u00f3n: tuber\u00edas, intercambiadores de calor, industria alimentaria, industria qu\u00edmica, etc.<br \/>\nVarilla redonda de acero inoxidable 304, varilla capilar de acero inoxidable 304<br \/>\nMarca: 0Cr18Ni9 (0Cr19Ni9)<br \/>\nElemento qu\u00edmico componente<br \/>\nC: \u22640,07, Si: \u22641,0,<br \/>\nMn: \u22642.0,<br \/>\nCr: 17.0\uff5e19.0,<br \/>\nNi: 8.0~11.0,<br \/>\nS: \u22640.03,<br \/>\nP: \u22640.035.<br \/>\nResistencia a la tracci\u00f3n (Mpa) 620 MIN<br \/>\nL\u00edmite el\u00e1stico (Mpa) 310 MIN<br \/>\nAlargamiento (%) 30 MIN<br \/>\nReducci\u00f3n de superficie (%) 40 MIN<br \/>\nLa densidad del acero inoxidable 304 es de 7,93 g\/cm3. El acero inoxidable austen\u00edtico suele utilizar este valor. El contenido de cromo del 304 (%) es de 18-20. El 304 es equivalente al acero inoxidable 0Cr19Ni9 (0Cr18Ni9) de mi pa\u00eds. El acero inoxidable 304 es un material de acero inoxidable universal. El rendimiento antioxidante es m\u00e1s fuerte que el de los materiales de acero inoxidable de la serie 200. Tambi\u00e9n es relativamente bueno en t\u00e9rminos de resistencia a altas temperaturas y puede alcanzar temperaturas de hasta 1000-1200 grados. El acero inoxidable 304 tiene una excelente resistencia a la corrosi\u00f3n inoxidable y una buena resistencia a la corrosi\u00f3n intergranular. Para los \u00e1cidos oxidantes, se encontr\u00f3 en experimentos que el acero inoxidable 304 tiene una fuerte resistencia a la corrosi\u00f3n en \u00e1cido n\u00edtrico por debajo de la temperatura de ebullici\u00f3n con una concentraci\u00f3n de \u226465%. Tambi\u00e9n tiene buena resistencia a la corrosi\u00f3n en soluciones alcalinas y en la mayor\u00eda de los \u00e1cidos org\u00e1nicos e inorg\u00e1nicos.<\/p>\n<p>Nature-Advantage:<br \/>\nL\u00edmite el\u00e1stico (Mpa) 310 MIN<br \/>\nAlargamiento (%) 30 MIN<br \/>\nReducci\u00f3n de superficie (%) 40 MIN<br \/>\nLa densidad del acero inoxidable 304: 7,93 g\/cm3. El acero inoxidable austen\u00edtico generalmente utiliza este valor: 304 contenido de cromo (%) 18-20. En comparaci\u00f3n con el acero inoxidable 0Cr19Ni9 (0Cr18Ni9) de mi pa\u00eds, el acero inoxidable 304 es un material de acero inoxidable universal con un rendimiento antioxidante m\u00e1s fuerte que los materiales de acero inoxidable de la serie 200. Tambi\u00e9n es mejor en t\u00e9rminos de alta temperatura. Tambi\u00e9n es mejor en t\u00e9rminos de resistencia a altas temperaturas.<br \/>\nPuede alcanzar los 1000-1200 grados. El acero inoxidable 304 tiene una excelente resistencia a la corrosi\u00f3n inoxidable y una buena resistencia a la corrosi\u00f3n intergranular. Los resultados en el experimento: El acero inoxidable 304 tiene la mayor resistencia a la corrosi\u00f3n en \u00e1cido n\u00edtrico por debajo de la temperatura de calentamiento con una concentraci\u00f3n de \u226465%. Tiene buena resistencia a la corrosi\u00f3n en soluciones alcalinas y en la mayor\u00eda de los \u00e1cidos org\u00e1nicos e inorg\u00e1nicos.<\/p>\n<p>Material 304 (18Cr-8Ni): Como acero ampliamente utilizado, tiene buena resistencia a la corrosi\u00f3n\/resistencia al calor, resistencia a bajas temperaturas y propiedades mec\u00e1nicas; buena trabajabilidad en caliente como estampaci\u00f3n\/doblado, sin fen\u00f3meno de endurecimiento por tratamiento t\u00e9rmico (no magn\u00e9tico, Utiliza una temperatura de -196\u2103\uff5e800\u2103). Utilizaci\u00f3n: Productos para el hogar (vajilla\/armarios\/tuber\u00edas de interior\/calentadores de agua\/calderas\/ba\u00f1eras de clase 1\/2), piezas de autom\u00f3vil (limpiaparabrisas\/amortiguadores\/productos moldeados), equipos m\u00e9dicos, materiales de construcci\u00f3n, productos qu\u00edmicos, industria alimentaria, agricultura, piezas de barcos.<\/p>\n<p>&nbsp;<\/p>","protected":false},"excerpt":{"rendered":"<p>La varilla de acero inoxidable 304 es un material de acero de aleaci\u00f3n con resistencia a la corrosi\u00f3n por picadura, resistencia a altas temperaturas, resistencia a la fluencia y alta resistencia. -Normas de aplicaci\u00f3n Norma china: Varilla de acero inoxidable laminada en caliente y forjada: GB\/T1220-2007; Varilla de acero inoxidable procesada en fr\u00edo: GB4226-2009 GB\/T14975-2002, GB\/T14976-2002, GB\/T13296-91 Norma americana: Norma de barras y perfiles de acero inoxidable: ASTM A276-2011 Norma general para [...]","protected":false},"featured_media":3308,"comment_status":"closed","ping_status":"closed","template":"","meta":[],"product_cat":[54,58],"class_list":{"0":"post-3372","1":"product","2":"type-product","3":"status-publish","4":"has-post-thumbnail","6":"product_cat-stainless-steel","7":"product_cat-stainless-steel-rod","9":"first","10":"instock","11":"shipping-taxable","12":"product-type-simple"},"_links":{"self":[{"href":"https:\/\/steelsupplydirect.com\/es\/wp-json\/wp\/v2\/product\/3372","targetHints":{"allow":["GET"]}}],"collection":[{"href":"https:\/\/steelsupplydirect.com\/es\/wp-json\/wp\/v2\/product"}],"about":[{"href":"https:\/\/steelsupplydirect.com\/es\/wp-json\/wp\/v2\/types\/product"}],"replies":[{"embeddable":true,"href":"https:\/\/steelsupplydirect.com\/es\/wp-json\/wp\/v2\/comments?post=3372"}],"wp:featuredmedia":[{"embeddable":true,"href":"https:\/\/steelsupplydirect.com\/es\/wp-json\/wp\/v2\/media\/3308"}],"wp:attachment":[{"href":"https:\/\/steelsupplydirect.com\/es\/wp-json\/wp\/v2\/media?parent=3372"}],"wp:term":[{"taxonomy":"product_cat","embeddable":true,"href":"https:\/\/steelsupplydirect.com\/es\/wp-json\/wp\/v2\/product_cat?post=3372"}],"curies":[{"name":"wp","href":"https:\/\/api.w.org\/{rel}","templated":true}]}}