{"id":3375,"date":"2023-09-11T16:42:28","date_gmt":"2023-09-11T08:42:28","guid":{"rendered":"https:\/\/steelsupplydirect.com\/?post_type=product&#038;p=3375"},"modified":"2023-09-11T16:42:29","modified_gmt":"2023-09-11T08:42:29","slug":"varilla-de-acero-inoxidable-2","status":"publish","type":"product","link":"https:\/\/steelsupplydirect.com\/es\/product\/varilla-de-acero-inoxidable-2","title":{"rendered":"Varilla de acero inoxidable"},"content":{"rendered":"<p>Varilla redonda de acero inoxidable<\/p>\n<p>-Barra redonda de acero inoxidable serie 300: Barra redonda de acero inoxidable 316, barra redonda de acero inoxidable 304L, barra redonda de acero inoxidable 304, barra redonda de acero inoxidable 310, barra redonda de acero inoxidable 303, barra redonda de acero inoxidable 302, barra redonda de acero inoxidable 301,<br \/>\n-Barras redondas de acero inoxidable serie 200: barras redondas de acero inoxidable 202, barras redondas de acero inoxidable 201,<br \/>\n-Barra redonda de acero inoxidable serie 400: Barra redonda de acero inoxidable 410, Barra redonda de acero inoxidable 420, Barra redonda de acero inoxidable 430<br \/>\n-Explicaci\u00f3n detallada de las varillas redondas de acero inoxidable de la serie 300:<\/p>\n<p>Varilla redonda de acero inoxidable 316L: El acero inoxidable 316 contiene molibdeno y bajo contenido en carbono. Su resistencia a la corrosi\u00f3n por picadura en el oc\u00e9ano y el entorno industrial qu\u00edmico es mucho mejor que la del acero inoxidable 304. (316L tiene bajo contenido de carbono, 316N contiene nitr\u00f3geno y tiene alta resistencia, 316F acero inoxidable tiene alto contenido de azufre y es f\u00e1cil de cortar acero inoxidable.<\/p>\n<p>Barra redonda de acero inoxidable 304L: Como acero 304 de bajo contenido en carbono, en circunstancias normales, su resistencia a la corrosi\u00f3n es similar a la del 304. Sin embargo, despu\u00e9s de la soldadura o el alivio de tensi\u00f3n, su resistencia a la corrosi\u00f3n del l\u00edmite de grano es excelente. Tambi\u00e9n puede resistir la corrosi\u00f3n sin tratamiento t\u00e9rmico. Mantiene una buena resistencia a la corrosi\u00f3n.<\/p>\n<p>Barra redonda de acero inoxidable 304: Tiene buena resistencia a la corrosi\u00f3n, resistencia al calor, resistencia a baja temperatura y propiedades mec\u00e1nicas, buena trabajabilidad en caliente, como estampaci\u00f3n y doblado, y ning\u00fan fen\u00f3meno de endurecimiento por tratamiento t\u00e9rmico. Uso: vajilla, armarios, calderas, piezas de autom\u00f3viles, equipos m\u00e9dicos, materiales de construcci\u00f3n, industria alimentaria (temperatura de uso -196\u00b0C-700\u00b0C) Barra redonda de acero inoxidable 310: sus principales caracter\u00edsticas son: resistencia a altas temperaturas, se utiliza generalmente en calderas y tubos de escape de autom\u00f3viles. Otras propiedades son medias.<\/p>\n<p>Barra redonda de acero inoxidable 303: Al a\u00f1adir una peque\u00f1a cantidad de azufre y f\u00f3sforo, es m\u00e1s f\u00e1cil de cortar que el 304, y otras propiedades son similares al 304.<br \/>\nVarilla redonda de acero inoxidable 302: La varilla de acero inoxidable 302 se utiliza ampliamente en autopartes, aviaci\u00f3n, herramientas de hardware aeroespacial e industria qu\u00edmica. Artesan\u00eda, rodamientos, patrones de deslizamiento, instrumentos m\u00e9dicos, electrodom\u00e9sticos, etc. Caracter\u00edsticas: La bola de acero inoxidable 302 es un acero austen\u00edtico, cercano al 304, pero la dureza del 302 es mayor, HRC\u226428, y tiene buenas propiedades antioxidantes y anticorrosivas.<br \/>\nVarilla redonda de acero inoxidable 301: buena ductilidad, se utiliza para productos moldeados. Tambi\u00e9n puede endurecerse mediante procesamiento mec\u00e1nico. Buena soldabilidad. La resistencia al desgaste y la resistencia a la fatiga son mejores que las del acero inoxidable 304.<\/p>\n<p>-Explicaci\u00f3n detallada de las varillas redondas de acero inoxidable de la serie 200:<\/p>\n<p>Barra redonda de acero inoxidable 202: Es un acero inoxidable austen\u00edtico al cromo-n\u00edquel-manganeso con mejores prestaciones que el acero inoxidable 201.<br \/>\nBarra redonda de acero inoxidable 201: pertenece al acero inoxidable austen\u00edtico al cromo-n\u00edquel-manganeso con un magnetismo relativamente bajo. Explicaci\u00f3n detallada de la barra redonda de acero inoxidable serie 400:<br \/>\nVarilla redonda de acero inoxidable 410: pertenece al tipo martens\u00edtico (acero al cromo de alta resistencia), tiene buena resistencia al desgaste y poca resistencia a la corrosi\u00f3n.<br \/>\nBarra redonda de acero inoxidable 420: Acero martens\u00edtico \"de calidad para herramientas de corte\", similar a los primeros aceros inoxidables como el acero Brinell de alto contenido en cromo. Tambi\u00e9n se utiliza en cuchillos quir\u00fargicos, que pueden hacerse muy brillantes.<br \/>\nVarilla redonda de acero inoxidable 430: acero inoxidable ferr\u00edtico, utilizado para decoraci\u00f3n, como accesorios de autom\u00f3viles. Buena conformabilidad, pero escasa resistencia a la temperatura y a la corrosi\u00f3n.<\/p>\n<p>-Norma nacional para varillas de acero inoxidable: GB\/T14975-2002, GB\/T14976-2002, GB\/T13296-91<br \/>\nNormas americanas: ASTM A484\/A484M, ASTM A213\/213A, ASTM A269\/269M<\/p>\n<p>Las barras de acero inoxidable pueden dividirse en tres tipos seg\u00fan la tecnolog\u00eda de producci\u00f3n: laminado en caliente, forjado y estirado en fr\u00edo. Las especificaciones de las barras redondas de acero inoxidable laminadas en caliente son de 5,5-250 mm. Entre ellas: las peque\u00f1as barras redondas de acero inoxidable de 5,5-25 mm se suministran sobre todo en tiras rectas y se utilizan habitualmente como barras de acero, pernos y diversas piezas mec\u00e1nicas; las barras redondas de acero inoxidable de m\u00e1s de 25 mm se utilizan principalmente para fabricar piezas mec\u00e1nicas o piezas brutas de tubos de acero sin soldadura.<\/p>\n<p>&nbsp;<\/p>","protected":false},"excerpt":{"rendered":"<p>Barra redonda de acero inoxidable -Barra redonda de acero inoxidable serie 300: Barra redonda de acero inoxidable 316, barra redonda de acero inoxidable 304L, barra redonda de acero inoxidable 304, barra redonda de acero inoxidable 310, barra redonda de acero inoxidable 303, barra redonda de acero inoxidable 302, barra redonda de acero inoxidable 301, -Barras redondas de acero inoxidable serie 200: barra redonda de acero inoxidable 202 [...]","protected":false},"featured_media":2907,"comment_status":"closed","ping_status":"closed","template":"","meta":[],"product_cat":[54,58],"class_list":{"0":"post-3375","1":"product","2":"type-product","3":"status-publish","4":"has-post-thumbnail","6":"product_cat-stainless-steel","7":"product_cat-stainless-steel-rod","9":"first","10":"instock","11":"shipping-taxable","12":"product-type-simple"},"_links":{"self":[{"href":"https:\/\/steelsupplydirect.com\/es\/wp-json\/wp\/v2\/product\/3375","targetHints":{"allow":["GET"]}}],"collection":[{"href":"https:\/\/steelsupplydirect.com\/es\/wp-json\/wp\/v2\/product"}],"about":[{"href":"https:\/\/steelsupplydirect.com\/es\/wp-json\/wp\/v2\/types\/product"}],"replies":[{"embeddable":true,"href":"https:\/\/steelsupplydirect.com\/es\/wp-json\/wp\/v2\/comments?post=3375"}],"wp:featuredmedia":[{"embeddable":true,"href":"https:\/\/steelsupplydirect.com\/es\/wp-json\/wp\/v2\/media\/2907"}],"wp:attachment":[{"href":"https:\/\/steelsupplydirect.com\/es\/wp-json\/wp\/v2\/media?parent=3375"}],"wp:term":[{"taxonomy":"product_cat","embeddable":true,"href":"https:\/\/steelsupplydirect.com\/es\/wp-json\/wp\/v2\/product_cat?post=3375"}],"curies":[{"name":"wp","href":"https:\/\/api.w.org\/{rel}","templated":true}]}}