{"id":3379,"date":"2023-09-12T11:27:25","date_gmt":"2023-09-12T03:27:25","guid":{"rendered":"https:\/\/steelsupplydirect.com\/?post_type=product&#038;p=3379"},"modified":"2023-10-30T13:37:36","modified_gmt":"2023-10-30T05:37:36","slug":"3379","status":"publish","type":"product","link":"https:\/\/steelsupplydirect.com\/es\/product\/3379","title":{"rendered":"Chapa ondulada de acero inoxidable 316L 430 Inox laminado en fr\u00edo"},"content":{"rendered":"<h2>Parte 1 Descripci\u00f3n de la producci\u00f3n<\/h2>\n<p>El cart\u00f3n ondulado de acero inoxidable es un cart\u00f3n perfilado que se fabrica con rollos finos de acero inoxidable y se lamina y dobla en fr\u00edo mediante equipos en diversas formas onduladas. Es adecuado para tejados, paredes y apliques decorativos interiores y exteriores de edificios industriales y civiles, almacenes, edificios especiales y casas con estructuras de acero de gran envergadura. Tiene las caracter\u00edsticas de protecci\u00f3n contra incendios, impermeabilidad, larga vida \u00fatil y ausencia de mantenimiento, y ha sido ampliamente promovido y aplicado.<\/p>\n<p>Las planchas onduladas de acero inoxidable de una capa se utilizan generalmente en f\u00e1bricas y otros lugares donde no se requiere aislamiento t\u00e9rmico y ac\u00fastico. En comparaci\u00f3n con el cart\u00f3n ondulado ordinario, el cart\u00f3n ondulado de acero tiene buenas propiedades mec\u00e1nicas, alta resistencia, gran envergadura y durabilidad (resistencia a la lluvia \u00e1cida, los gases corrosivos, los \u00e1cidos d\u00e9biles y los \u00e1lcalis).<\/p>\n<p>Los paneles ondulados de acero inoxidable resisten los duros efectos de la lluvia, el hielo, el sol y la nieve. Esto significa que, para aplicaciones exteriores, dispondr\u00e1 de una superficie atractiva a\u00f1o tras a\u00f1o con un mantenimiento m\u00ednimo. Esta resistencia a la corrosi\u00f3n se combina con la alta resistencia del acero, lo que significa que puede estar seguro de que su tarima ondulada, tejado o revestimiento ser\u00e1 lo suficientemente resistente como para soportar grandes esfuerzos. Si busca paneles ondulados atractivos que requieran poco mantenimiento, considere el acero inoxidable como su opci\u00f3n.<\/p>\n<p>El cart\u00f3n ondulado de acero inoxidable es un material met\u00e1lico de alta resistencia a la corrosi\u00f3n que se utiliza ampliamente en la construcci\u00f3n, la decoraci\u00f3n, la fabricaci\u00f3n y otros campos con diversas especificaciones. Las siguientes son las especificaciones comunes de acero inoxidable corrugado -Sheet.<\/p>\n<div style=\"overflow: auto\">\n<table>\n<thead>\n<tr>\n<th>Est\u00e1ndar:<\/th>\n<th>JIS, AiSi, ASTM, GB, DIN, EN.<\/th>\n<\/tr>\n<\/thead>\n<tbody>\n<tr>\n<td>Grosor:<\/td>\n<td>0,3 mm - 3,0 mm.<\/td>\n<\/tr>\n<tr>\n<td>Anchura:<\/td>\n<td>1000mm, 1219mm, 1250mm, 1500mm, Personalizado.<\/td>\n<\/tr>\n<tr>\n<td>Longitud:<\/td>\n<td>2000mm, 2438mm, 2500mm, 3000mm, 3048mm, Personalizado.<\/td>\n<\/tr>\n<tr>\n<td>Tolerancia:<\/td>\n<td>\u00b11%.<\/td>\n<\/tr>\n<tr>\n<td>Grado SS:<\/td>\n<td>304, 316, 201, 430, etc.<\/td>\n<\/tr>\n<\/tbody>\n<\/table>\n<\/div>\n<h2>Parte 2 Clasificaci\u00f3n de la producci\u00f3n:<\/h2>\n<p>Entre sus propiedades destacan la resistencia a la corrosi\u00f3n, la resistencia a la oxidaci\u00f3n a alta temperatura y la transferencia de calor.<\/p>\n<p>1. Peso ligero: 4-8 kg\/metros cuadrados<\/p>\n<p>2. Conductividad t\u00e9rmica:<\/p>\n<p>3. Alta resistencia: puede utilizarse como placa de pesaje para la estructura del cerramiento del techo, que es resistente a la flexi\u00f3n y a la compresi\u00f3n; en las casas generales no se utilizan vigas ni pilares.<\/p>\n<p>4. Color: No necesita decoraci\u00f3n superficial, acero inoxidable de color natural, tambi\u00e9n puede ser procesado por recubrimiento de color.<\/p>\n<p>5. Vida \u00fatil: 20-30 a\u00f1os<\/p>\n<p>6. Instalaci\u00f3n flexible y r\u00e1pida: el periodo de construcci\u00f3n puede acortarse en m\u00e1s de 40%.<\/p>\n<p>La placa de acero inoxidable tiene una superficie lisa, gran plasticidad, tenacidad y resistencia mec\u00e1nica, y es resistente a la corrosi\u00f3n por \u00e1cidos, gases alcalinos, soluciones y otros medios.<\/p>","protected":false},"excerpt":{"rendered":"<p>Parte 1 Descripci\u00f3n de la producci\u00f3n El cart\u00f3n ondulado de acero inoxidable es un cart\u00f3n perfilado que se fabrica con rollos finos de acero inoxidable y se lamina y dobla en fr\u00edo mediante equipos para darle diversas formas onduladas. Es adecuado para tejados, paredes y apliques decorativos interiores y exteriores de edificios industriales y civiles, almacenes, edificios especiales y estructuras de acero de grandes [...].","protected":false},"featured_media":2873,"comment_status":"closed","ping_status":"closed","template":"","meta":[],"product_cat":[59,44,54],"class_list":{"0":"post-3379","1":"product","2":"type-product","3":"status-publish","4":"has-post-thumbnail","6":"product_cat-stainless-steel-corrugated","7":"product_cat-galvanized-corrugated-steel","8":"product_cat-stainless-steel","10":"first","11":"instock","12":"shipping-taxable","13":"product-type-simple"},"_links":{"self":[{"href":"https:\/\/steelsupplydirect.com\/es\/wp-json\/wp\/v2\/product\/3379","targetHints":{"allow":["GET"]}}],"collection":[{"href":"https:\/\/steelsupplydirect.com\/es\/wp-json\/wp\/v2\/product"}],"about":[{"href":"https:\/\/steelsupplydirect.com\/es\/wp-json\/wp\/v2\/types\/product"}],"replies":[{"embeddable":true,"href":"https:\/\/steelsupplydirect.com\/es\/wp-json\/wp\/v2\/comments?post=3379"}],"wp:featuredmedia":[{"embeddable":true,"href":"https:\/\/steelsupplydirect.com\/es\/wp-json\/wp\/v2\/media\/2873"}],"wp:attachment":[{"href":"https:\/\/steelsupplydirect.com\/es\/wp-json\/wp\/v2\/media?parent=3379"}],"wp:term":[{"taxonomy":"product_cat","embeddable":true,"href":"https:\/\/steelsupplydirect.com\/es\/wp-json\/wp\/v2\/product_cat?post=3379"}],"curies":[{"name":"wp","href":"https:\/\/api.w.org\/{rel}","templated":true}]}}