{"id":3382,"date":"2023-09-12T15:14:45","date_gmt":"2023-09-12T07:14:45","guid":{"rendered":"https:\/\/steelsupplydirect.com\/?post_type=product&#038;p=3382"},"modified":"2023-09-12T15:14:46","modified_gmt":"2023-09-12T07:14:46","slug":"bajo-carbono-45-a36-serie-igual-angulo-de-acero-para-la-industria-de-la-construccion-60x60x5","status":"publish","type":"product","link":"https:\/\/steelsupplydirect.com\/es\/product\/bajo-carbono-45-a36-serie-igual-angulo-de-acero-para-la-industria-de-la-construccion-60x60x5","title":{"rendered":"\u00c1ngulo de acero bajo en carbono 45# serie A36 para la industria de la construcci\u00f3n 60x60x5"},"content":{"rendered":"<p>El \u00e1ngulo de acero es una tira larga de acero con dos lados perpendiculares entre s\u00ed. Existen \u00e1ngulos equil\u00e1teros y \u00e1ngulos desiguales. La anchura de ambos lados del \u00e1ngulo de acero equil\u00e1tero es igual. Sus especificaciones se expresan en mil\u00edmetros de anchura lateral \u00d7 anchura lateral \u00d7 grosor lateral.<\/p>\n<p>-Clasificaci\u00f3n:<\/p>\n<p>Se divide principalmente en dos tipos: \u00c1ngulo de acero equil\u00e1tero y \u00c1ngulo de acero desigual.<\/p>\n<p>El \u00e1ngulo de acero desigual puede dividirse en dos tipos: lados desiguales y grosor igual y lados desiguales y grosor desigual.<br \/>\nLas especificaciones del \u00e1ngulo de acero se expresan mediante las dimensiones de longitud lateral y grosor lateral. Las especificaciones de los \u00e1ngulos de acero nacionales van del n\u00ba 2 al n\u00ba 20, siendo el n\u00famero en cent\u00edmetros de la longitud lateral. El mismo \u00e1ngulo de acero suele tener de 2 a 7 espesores laterales diferentes. Los \u00e1ngulos de acero importados indican el tama\u00f1o real y el grosor de ambos lados, as\u00ed como las normas correspondientes. Generalmente, los que tienen una longitud lateral de m\u00e1s de 12,5 cm son aceros angulares grandes, los que tienen una longitud lateral entre 12,5 cm y 5 cm son aceros angulares medianos, y los que tienen una longitud lateral de menos de 5 cm son aceros angulares peque\u00f1os.<\/p>\n<p>La altura de la secci\u00f3n transversal del acero de \u00e1ngulo desigual se calcula en funci\u00f3n de la anchura del lado largo del acero de \u00e1ngulo desigual. Se refiere al acero con secci\u00f3n transversal angular y longitudes desiguales en ambos lados. Es un tipo de acero angular. Su longitud lateral oscila entre 25mm\u00d716mm y 200mm\u00d7125mm. Se lamina en caliente. Las especificaciones generales del \u00e1ngulo de acero desigual son: \u221f50*32~\u221f200*125, espesor 4-18mm.<\/p>\n<p>-\u00c1mbito de aplicaci\u00f3n:<\/p>\n<p>El \u00e1ngulo de acero Q235B se puede componer de varios componentes portantes seg\u00fan las diferentes necesidades de la estructura, y tambi\u00e9n se puede utilizar como conector entre componentes. Se utiliza ampliamente en diversas estructuras de construcci\u00f3n y estructuras de ingenier\u00eda, como vigas de tejado, puentes, torres de transmisi\u00f3n, maquinaria de elevaci\u00f3n y transporte, barcos, hornos industriales, torres de reacci\u00f3n, estanter\u00edas para contenedores y estanter\u00edas de almac\u00e9n, etc.<br \/>\nEl \u00e1ngulo de acero es un acero estructural al carbono utilizado en la construcci\u00f3n. Es un material de acero de secci\u00f3n transversal simple. Se utiliza principalmente para componentes met\u00e1licos y armazones de edificios industriales. Requiere buena soldabilidad, rendimiento de deformaci\u00f3n pl\u00e1stica y cierta resistencia mec\u00e1nica durante su uso. La materia prima para la producci\u00f3n de acero angular es acero cuadrado bajo en carbono, y el acero angular acabado se suministra en estado laminado en caliente, normalizado o laminado en caliente.<\/p>\n<p>-Especificaciones y modelos de \u00e1ngulos equil\u00e1teros de acero:<\/p>\n<p>2.5#: 25*25*3=1.124kg\/m, 25*25*4=1.459kg\/m<\/p>\n<p>3#: 30*30*3=1,373kg\/m, 30*30*4=1,786kg\/m<\/p>\n<p>4#: 40*40*3=1,852kg\/m, 40*40*4=2,422kg\/m, 40*40*5=2,976kg\/m<\/p>\n<p>5#: 50*50*4=3,059kg\/m, 50*50*5=3,77kg\/m, 50*50*6=4,465kg\/m,<\/p>\n<p>6#: 60*60*5=4,57kg\/m, 60*60*6=5,42kg\/m<\/p>\n<p>7#: 70*70*5=5.397kg\/m, 70*70*6=6.406kg\/m,70*70*8=8.373kg\/m<\/p>\n<p>7,5#: 75*75*5=5,818kg\/m, 75*75*6=6,905kg\/m, 75*75*7=7,976kg\/m<\/p>\n<p>8#: 80*80*6=7,376kg\/m, 80*80*8=9,658kg\/m, 80*80*10=11,874kg\/m<\/p>\n<p>9#: 90*90*8=10,946kg\/m, 90*90*10=13,476kg\/m, 90*90*12=15,94kg\/m<\/p>\n<p>10#: 100*100*6=9,366kg\/m, 100*100*8=12,276kg\/m, 100*100*10=15,12kg\/m, 100*100*12=17,898kg\/m<\/p>\n<p>11#: 110*110*8=13.532kg\/m, 110*110*10=16.69kg\/m,110*110*14=22.809kg\/m<\/p>\n<p>12,5#: 125*125*8=15,504kg\/m, 125*125*10=19,133kg\/m, 125*125*14=26,193kg\/m<\/p>\n<p>14#: 140*140*10=21,488kg\/m, 140*140*12=25,522kg\/m, 140*140*14=29,49kg\/m<\/p>\n<p>16#: 160*160*12=29,391kg\/m, 160*160*14=33,987kg\/m, 160*160*16=38,518kg\/m, 160*160*18=48,634kg\/m<\/p>\n<p>18#: 180*180*12=33.159kg\/m, 180*180*14=38.383kg\/m, 180*180*16=43.542kg\/m,180*180*18=48.634kg\/m<\/p>\n<p>20#: 200*200*14=42,894kg\/m, 200*200*16=48,68kg\/m, 200*200*18=54,401kg\/m, 200*200*20=60,056kg\/m<\/p>\n<p>-Acero de \u00e1ngulo desigual:<\/p>\n<p>Q235B: 56*36*4, 63*40*5, 75*50*6, 100*63*6*9m, 125*80*10*9m, 110*70*8*9m, 160*100*10*9m...<\/p>\n<p>-Composici\u00f3n qu\u00edmica:<\/p>\n<p>(1) \u00cdndice de composici\u00f3n: La composici\u00f3n qu\u00edmica del acero angular pertenece a la serie general de acero laminado estructural, y los principales \u00edndices de verificaci\u00f3n son C, Mn, P y S. El contenido var\u00eda en funci\u00f3n de la marca. El rango general es C&lt;0,22%, Mn: 0,30-0,65%, P&lt;0,060%, S&lt;0,060%.<br \/>\n(2) M\u00e9todos de inspecci\u00f3n: Al probar los componentes qu\u00edmicos anteriores, los m\u00e9todos de inspecci\u00f3n est\u00e1ndar com\u00fanmente utilizados incluyen GB223, JISG1211-1215, BS1837, BS Manual 19, \u0413\u041e\u0421\u042222536, etc.<\/p>\n<p>-Rendimiento: Los elementos de inspecci\u00f3n son principalmente la prueba de tracci\u00f3n y la prueba de flexi\u00f3n. Los indicadores incluyen el l\u00edmite el\u00e1stico, la resistencia a la tracci\u00f3n, el alargamiento y la calificaci\u00f3n de flexi\u00f3n.<\/p>\n<p>-F\u00f3rmula de c\u00e1lculo del peso:<br \/>\nPeso por metro = 0,00785 \u00d7 (anchura lateral + anchura lateral - grosor lateral) \u00d7 grosor lateral<\/p>\n<p>&nbsp;<\/p>","protected":false},"excerpt":{"rendered":"<p>El \u00e1ngulo de acero es una tira larga de acero con dos lados perpendiculares entre s\u00ed. Existen \u00e1ngulos equil\u00e1teros y \u00e1ngulos desiguales. La anchura de ambos lados del \u00e1ngulo de acero equil\u00e1tero es igual. Sus especificaciones se expresan en mil\u00edmetros de anchura lateral \u00d7 anchura lateral \u00d7 espesor lateral. -Clasificaci\u00f3n: Es principalmente [...]","protected":false},"featured_media":2851,"comment_status":"closed","ping_status":"closed","template":"","meta":[],"product_cat":[18,49],"class_list":{"0":"post-3382","1":"product","2":"type-product","3":"status-publish","4":"has-post-thumbnail","6":"product_cat-steel-profile","7":"product_cat-angle-steel","9":"first","10":"instock","11":"shipping-taxable","12":"product-type-simple"},"_links":{"self":[{"href":"https:\/\/steelsupplydirect.com\/es\/wp-json\/wp\/v2\/product\/3382","targetHints":{"allow":["GET"]}}],"collection":[{"href":"https:\/\/steelsupplydirect.com\/es\/wp-json\/wp\/v2\/product"}],"about":[{"href":"https:\/\/steelsupplydirect.com\/es\/wp-json\/wp\/v2\/types\/product"}],"replies":[{"embeddable":true,"href":"https:\/\/steelsupplydirect.com\/es\/wp-json\/wp\/v2\/comments?post=3382"}],"wp:featuredmedia":[{"embeddable":true,"href":"https:\/\/steelsupplydirect.com\/es\/wp-json\/wp\/v2\/media\/2851"}],"wp:attachment":[{"href":"https:\/\/steelsupplydirect.com\/es\/wp-json\/wp\/v2\/media?parent=3382"}],"wp:term":[{"taxonomy":"product_cat","embeddable":true,"href":"https:\/\/steelsupplydirect.com\/es\/wp-json\/wp\/v2\/product_cat?post=3382"}],"curies":[{"name":"wp","href":"https:\/\/api.w.org\/{rel}","templated":true}]}}