{"id":3383,"date":"2023-09-12T15:46:33","date_gmt":"2023-09-12T07:46:33","guid":{"rendered":"https:\/\/steelsupplydirect.com\/?post_type=product&#038;p=3383"},"modified":"2023-09-12T15:46:33","modified_gmt":"2023-09-12T07:46:33","slug":"no-aleado-estandar-de-calidad-superior-a36-q235-q345-forma-l-angulo-de-acero-suave-de-acero","status":"publish","type":"product","link":"https:\/\/steelsupplydirect.com\/es\/product\/no-aleado-estandar-de-calidad-superior-a36-q235-q345-forma-l-angulo-de-acero-suave-de-acero","title":{"rendered":"\u00c1ngulo de acero dulce sin aleaci\u00f3n de calidad superior A36 Q235 Q345 en forma de L"},"content":{"rendered":"<p>-Introducci\u00f3n:<\/p>\n<p>El \u00e1ngulo de acero es una tira larga de acero con dos lados perpendiculares entre s\u00ed. Existen \u00e1ngulos de acero equil\u00e1teros y \u00e1ngulos de acero desiguales. La anchura de ambos lados del \u00e1ngulo de acero equil\u00e1tero es igual. Sus especificaciones se expresan en mil\u00edmetros de anchura lateral \u00d7 anchura lateral \u00d7 grosor lateral. Por ejemplo, \"\u221f30\u00d730\u00d73\" significa un \u00e1ngulo de acero equil\u00e1tero con un ancho lateral de 30 mm y un espesor lateral de 3 mm. Tambi\u00e9n puede expresarse mediante el n\u00famero de modelo, que es el n\u00famero de cent\u00edmetros de anchura lateral, como \u221f3#. El n\u00famero de modelo no indica las dimensiones de los diferentes grosores laterales en el mismo modelo. Por lo tanto, las dimensiones de la anchura lateral y el espesor lateral del \u00e1ngulo de acero deben rellenarse completamente en el contrato y otros documentos para evitar utilizar s\u00f3lo el n\u00famero de modelo. Las especificaciones del \u00e1ngulo de acero equil\u00e1tero laminado en caliente son 2#-20#. El \u00e1ngulo de acero puede estar compuesto de varios componentes de soporte de tensi\u00f3n de acuerdo a las diferentes necesidades de la estructura, y tambi\u00e9n puede ser utilizado como un conector entre los componentes. Se utiliza ampliamente en diversas estructuras de construcci\u00f3n y estructuras de ingenier\u00eda, como vigas de techo, puentes, torres de transmisi\u00f3n, maquinaria de elevaci\u00f3n y transporte, barcos, hornos industriales, torres de reacci\u00f3n, bastidores de contenedores y almacenes.<\/p>\n<p>Composici\u00f3n qu\u00edmica del \u00e1ngulo de acero Q345C:<\/p>\n<p>Q representa el l\u00edmite el\u00e1stico de este material, y 345 se refiere al valor de l\u00edmite el\u00e1stico de este material, que es de alrededor de 345. Y a medida que aumenta el espesor del material, disminuye su valor de fluencia.<br \/>\nComposici\u00f3n: C\u22640,20 Si\u22640,55 Mn\u22641,70 P\u22640,035 S \u22640,035 V:0,02-0,15 Nb 0,015-0,060 Al\u22650,015 Ti:0,02-0,20<br \/>\nDiferencia entre el \u00e1ngulo de acero Q345C y otros perfiles de acero:<br \/>\nQ235-A<br \/>\nCarbono C: 0,14\uff5e0,22; Manganeso Mn: 0.30\uff5e0.65;<br \/>\nQ235-B<br \/>\nCarbono C: 0,12\uff5e0,20; Manganeso Mn: 0.30\uff5e0.70;<br \/>\nSe aplica a piezas carburizadas o cianuradas con bajos requisitos de resistencia del n\u00facleo, como tirantes, bielas, ganchos, pernos, ejes y piezas de soldadura, etc.<\/p>\n<p>-Est\u00e1ndar de rejilla:<br \/>\nGB\/T2101-89 (Disposiciones generales para la aceptaci\u00f3n, embalaje, marcado y certificados de calidad del acero perfilado); GB9787-88\/GB9788-88 (tama\u00f1o, forma, peso y desviaci\u00f3n admisible del acero angular equil\u00e1tero\/ingular laminado en caliente); JISG3192- 94 (forma, tama\u00f1o, peso y tolerancia del acero laminado en caliente); DIN17100-80 (norma de calidad del acero estructural ordinario); \u0413\u041e\u0421\u0422535-88 (condiciones t\u00e9cnicas del acero al carbono ordinario).<br \/>\nDe acuerdo con las disposiciones de las normas anteriores, el \u00e1ngulo de acero debe entregarse en paquetes, y el n\u00famero de pasadas de agrupaci\u00f3n y la longitud del paquete deben cumplir con la normativa. Los \u00e1ngulos de acero suelen entregarse desnudos, y es necesario protegerlos de la humedad durante el transporte y el almacenamiento.<\/p>\n<p>-Composici\u00f3n qu\u00edmica:<br \/>\n(1) \u00cdndice de composici\u00f3n: La composici\u00f3n qu\u00edmica del acero angular pertenece a la serie general de acero laminado estructural, y los principales \u00edndices de verificaci\u00f3n son C, Mn, P y S. El contenido var\u00eda en funci\u00f3n de la marca. El rango general es C&lt;0,22%, Mn: 0,30-0,65%, P&lt;0,060%, S&lt;0,060%.<br \/>\n(2) M\u00e9todos de inspecci\u00f3n: Al probar los componentes qu\u00edmicos anteriores, los m\u00e9todos de inspecci\u00f3n est\u00e1ndar com\u00fanmente utilizados incluyen GB223, JISG1211-1215, BS1837, BS Manual 19, \u0413\u041e\u0421\u042222536, etc.<\/p>\n<p>-Aplicaci\u00f3n:<\/p>\n<p>El \u00e1ngulo de acero se puede utilizar para formar varios componentes de soporte de tensi\u00f3n de acuerdo con diferentes estructuras, y tambi\u00e9n se puede utilizar como conectores entre componentes. Se utiliza ampliamente en diversas estructuras de edificios y estructuras de ingenier\u00eda, como vigas de casas, puentes, torres de transmisi\u00f3n y equipos de elevaci\u00f3n. El acero angular utilizado en maquinaria de transporte, barcos, hornos industriales, torres de reacci\u00f3n, bastidores de contenedores, soportes de zanjas para cables, tuber\u00edas de energ\u00eda, instalaci\u00f3n de soportes de barras colectoras y estanter\u00edas de almacenes es un acero estructural al carbono utilizado en la construcci\u00f3n. Es un material de acero de secci\u00f3n transversal simple y se utiliza principalmente para componentes met\u00e1licos. Y el armaz\u00f3n del edificio de la f\u00e1brica, etc. Requiere buena soldabilidad, rendimiento de deformaci\u00f3n pl\u00e1stica y cierta resistencia mec\u00e1nica durante su uso. El tocho de materia prima para la producci\u00f3n de acero angular es el tocho cuadrado de acero bajo en carbono, y el acero angular acabado se suministra en estado laminado en caliente, normalizado o laminado en caliente.<\/p>\n<p>&nbsp;<\/p>","protected":false},"excerpt":{"rendered":"<p>-Introducci\u00f3n: El \u00e1ngulo de acero es una tira larga de acero con dos lados perpendiculares entre s\u00ed. Existen \u00e1ngulos de acero equil\u00e1teros y \u00e1ngulos de acero desiguales. La anchura de ambos lados del \u00e1ngulo de acero equil\u00e1tero es igual. Sus especificaciones se expresan en mil\u00edmetros de anchura lateral \u00d7 anchura lateral \u00d7 grosor lateral. Por ejemplo, \"\u221f30\u00d730\u00d73\" [...]","protected":false},"featured_media":2860,"comment_status":"closed","ping_status":"closed","template":"","meta":[],"product_cat":[18,49],"class_list":{"0":"post-3383","1":"product","2":"type-product","3":"status-publish","4":"has-post-thumbnail","6":"product_cat-steel-profile","7":"product_cat-angle-steel","9":"first","10":"instock","11":"shipping-taxable","12":"product-type-simple"},"_links":{"self":[{"href":"https:\/\/steelsupplydirect.com\/es\/wp-json\/wp\/v2\/product\/3383","targetHints":{"allow":["GET"]}}],"collection":[{"href":"https:\/\/steelsupplydirect.com\/es\/wp-json\/wp\/v2\/product"}],"about":[{"href":"https:\/\/steelsupplydirect.com\/es\/wp-json\/wp\/v2\/types\/product"}],"replies":[{"embeddable":true,"href":"https:\/\/steelsupplydirect.com\/es\/wp-json\/wp\/v2\/comments?post=3383"}],"wp:featuredmedia":[{"embeddable":true,"href":"https:\/\/steelsupplydirect.com\/es\/wp-json\/wp\/v2\/media\/2860"}],"wp:attachment":[{"href":"https:\/\/steelsupplydirect.com\/es\/wp-json\/wp\/v2\/media?parent=3383"}],"wp:term":[{"taxonomy":"product_cat","embeddable":true,"href":"https:\/\/steelsupplydirect.com\/es\/wp-json\/wp\/v2\/product_cat?post=3383"}],"curies":[{"name":"wp","href":"https:\/\/api.w.org\/{rel}","templated":true}]}}