{"id":3384,"date":"2023-09-12T16:07:32","date_gmt":"2023-09-12T08:07:32","guid":{"rendered":"https:\/\/steelsupplydirect.com\/?post_type=product&#038;p=3384"},"modified":"2023-09-12T16:07:33","modified_gmt":"2023-09-12T08:07:33","slug":"china-fabricante-no-aleado-astm-a36-a53-q235-q345-laminado-en-caliente-estructura-angulo-de-acero","status":"publish","type":"product","link":"https:\/\/steelsupplydirect.com\/es\/product\/china-fabricante-no-aleado-astm-a36-a53-q235-q345-laminado-en-caliente-estructura-angulo-de-acero","title":{"rendered":"China Fabricante No Aleado ASTM A36 A53\/Q235\/Q345 Acero Angular Laminado en Caliente para Estructuras"},"content":{"rendered":"<p>El \u00e1ngulo de acero es un acero estructural al carbono utilizado en la construcci\u00f3n. Es un material de acero de secci\u00f3n transversal simple. Se utiliza principalmente para componentes met\u00e1licos y armazones de edificios industriales. Requiere buena soldabilidad, rendimiento de deformaci\u00f3n pl\u00e1stica y cierta resistencia mec\u00e1nica durante su uso. La materia prima para la producci\u00f3n de acero angular es acero cuadrado bajo en carbono, y el acero angular acabado se suministra en estado laminado en caliente, normalizado o laminado en caliente.<\/p>\n<p>El \u00e1ngulo de acero, com\u00fanmente conocido como \u00e1ngulo de hierro, es una tira larga de acero con dos lados perpendiculares entre s\u00ed. Existen \u00e1ngulos equil\u00e1teros y \u00e1ngulos desiguales. La anchura de ambos lados del \u00e1ngulo de acero equil\u00e1tero es igual. Sus especificaciones se expresan en mil\u00edmetros de anchura lateral \u00d7 anchura lateral \u00d7 grosor lateral. Por ejemplo, \"\u221f30\u00d730\u00d73\" significa un \u00e1ngulo de acero equil\u00e1tero con un ancho lateral de 30 mm y un espesor lateral de 3 mm. Tambi\u00e9n puede expresarse mediante el n\u00famero de modelo, que es el n\u00famero de cent\u00edmetros de anchura lateral, como \u221f3#. El n\u00famero de modelo no indica las dimensiones de los diferentes grosores laterales en el mismo modelo. Por lo tanto, las dimensiones de la anchura lateral y el espesor lateral del \u00e1ngulo de acero deben rellenarse completamente en el contrato y otros documentos para evitar utilizar s\u00f3lo el n\u00famero de modelo. Las especificaciones del \u00e1ngulo de acero equil\u00e1tero laminado en caliente son 2#-20#. El \u00e1ngulo de acero puede estar compuesto de varios componentes de soporte de tensi\u00f3n de acuerdo a las diferentes necesidades de la estructura, y tambi\u00e9n puede ser utilizado como un conector entre los componentes. Se utiliza ampliamente en diversas estructuras de construcci\u00f3n y estructuras de ingenier\u00eda, como vigas de techo, puentes, torres de transmisi\u00f3n, maquinaria de elevaci\u00f3n y transporte, barcos, hornos industriales, torres de reacci\u00f3n, bastidores de contenedores y almacenes.<\/p>\n<p>-Composici\u00f3n qu\u00edmica:<br \/>\n(1) \u00cdndice de composici\u00f3n: La composici\u00f3n qu\u00edmica del acero angular pertenece a la serie general de acero laminado estructural, y los principales \u00edndices de verificaci\u00f3n son C, Mn, P y S. El contenido var\u00eda en funci\u00f3n de la marca. El rango general es C&lt;0,22%, Mn: 0,30-0,65%, P&lt;0,060%, S&lt;0,060%.<br \/>\n(2) M\u00e9todos de inspecci\u00f3n: Al probar los componentes qu\u00edmicos anteriores, los m\u00e9todos de inspecci\u00f3n est\u00e1ndar com\u00fanmente utilizados incluyen GB223, JISG1211-1215, BS1837, BS Manual 19, \u0413\u041e\u0421\u042222536, etc.<\/p>\n<p>-C\u00e1lculo del peso:<br \/>\nPeso por metro =0,00785*(anchura lateral+anchura lateral-espesor lateral)*espesor lateral<\/p>\n<p>-Est\u00e1ndar de rejilla:<br \/>\nGB\/T2101-89 (Disposiciones generales para la aceptaci\u00f3n, embalaje, marcado y certificados de calidad del acero perfilado); GB9787-88\/GB9788-88 (tama\u00f1o, forma, peso y desviaci\u00f3n admisible del acero angular equil\u00e1tero\/ingular laminado en caliente); JISG3192- 94 (forma, tama\u00f1o, peso y tolerancia del acero laminado en caliente); DIN17100-80 (norma de calidad del acero estructural ordinario); \u0413\u041e\u0421\u0422535-88 (condiciones t\u00e9cnicas del acero al carbono ordinario).<br \/>\nDe acuerdo con las disposiciones de las normas anteriores, el \u00e1ngulo de acero debe entregarse en paquetes, y el n\u00famero de pasadas de agrupaci\u00f3n y la longitud del paquete deben cumplir con la normativa. Los \u00e1ngulos de acero suelen entregarse desnudos, y es necesario protegerlos de la humedad durante el transporte y el almacenamiento.<\/p>\n<p>-Especificaciones y modelos de \u00e1ngulos equil\u00e1teros de acero:<\/p>\n<p>2.5#: 25*25*3=1.124kg\/m, 25*25*4=1.459kg\/m<\/p>\n<p>3#: 30*30*3=1,373kg\/m, 30*30*4=1,786kg\/m<\/p>\n<p>4#: 40*40*3=1,852kg\/m, 40*40*4=2,422kg\/m, 40*40*5=2,976kg\/m<\/p>\n<p>5#: 50*50*4=3,059kg\/m, 50*50*5=3,77kg\/m, 50*50*6=4,465kg\/m,<\/p>\n<p>6#: 60*60*5=4,57kg\/m, 60*60*6=5,42kg\/m<\/p>\n<p>7#: 70*70*5=5.397kg\/m, 70*70*6=6.406kg\/m,70*70*8=8.373kg\/m<\/p>\n<p>7,5#: 75*75*5=5,818kg\/m, 75*75*6=6,905kg\/m, 75*75*7=7,976kg\/m<\/p>\n<p>8#: 80*80*6=7,376kg\/m, 80*80*8=9,658kg\/m, 80*80*10=11,874kg\/m<\/p>\n<p>9#: 90*90*8=10,946kg\/m, 90*90*10=13,476kg\/m, 90*90*12=15,94kg\/m<\/p>\n<p>10#: 100*100*6=9,366kg\/m, 100*100*8=12,276kg\/m, 100*100*10=15,12kg\/m, 100*100*12=17,898kg\/m<\/p>\n<p>-Acero de \u00e1ngulo desigual:<\/p>\n<p>Q235B: 56*36*4, 63*40*5, 75*50*6, 100*63*6*9m, 125*80*10*9m, 110*70*8*9m, 160*100*10*9m...<\/p>\n<p>-Comportamiento mec\u00e1nico:<\/p>\n<p>(1) M\u00e9todo de inspecci\u00f3n:<br \/>\n\u2460 M\u00e9todo de ensayo de tracci\u00f3n. Los m\u00e9todos de inspecci\u00f3n est\u00e1ndar m\u00e1s utilizados incluyen GB\/T228-87, JISZ2201, JISZ2241, ASTMA370, \u0413\u041e\u0421\u04221497, BS18, DIN50145, etc.; \u2461 M\u00e9todo de ensayo de flexi\u00f3n. Los m\u00e9todos de inspecci\u00f3n est\u00e1ndar com\u00fanmente utilizados incluyen GB\/T232-88, JISZ2204, JISZ2248, ASTME290, \u0413\u041e\u0421\u042214019, DIN50111, etc.<br \/>\n(2) Indicadores de rendimiento: Los elementos de inspecci\u00f3n para evaluar el rendimiento del \u00e1ngulo de acero son principalmente la prueba de tracci\u00f3n y la prueba de flexi\u00f3n. Los indicadores incluyen el l\u00edmite el\u00e1stico, la resistencia a la tracci\u00f3n, el alargamiento y la calificaci\u00f3n de flexi\u00f3n.<\/p>","protected":false},"excerpt":{"rendered":"<p>El \u00e1ngulo de acero es un acero estructural al carbono utilizado en la construcci\u00f3n. Es un material de acero de secci\u00f3n transversal simple. Se utiliza principalmente para componentes met\u00e1licos y armazones de edificios industriales. Requiere buena soldabilidad, rendimiento de deformaci\u00f3n pl\u00e1stica y cierta resistencia mec\u00e1nica durante su uso. La palanquilla de materia prima para la producci\u00f3n de acero angular es de bajo carbono cuadrado [...]","protected":false},"featured_media":2848,"comment_status":"closed","ping_status":"closed","template":"","meta":[],"product_cat":[18,49],"class_list":{"0":"post-3384","1":"product","2":"type-product","3":"status-publish","4":"has-post-thumbnail","6":"product_cat-steel-profile","7":"product_cat-angle-steel","9":"first","10":"instock","11":"shipping-taxable","12":"product-type-simple"},"_links":{"self":[{"href":"https:\/\/steelsupplydirect.com\/es\/wp-json\/wp\/v2\/product\/3384","targetHints":{"allow":["GET"]}}],"collection":[{"href":"https:\/\/steelsupplydirect.com\/es\/wp-json\/wp\/v2\/product"}],"about":[{"href":"https:\/\/steelsupplydirect.com\/es\/wp-json\/wp\/v2\/types\/product"}],"replies":[{"embeddable":true,"href":"https:\/\/steelsupplydirect.com\/es\/wp-json\/wp\/v2\/comments?post=3384"}],"wp:featuredmedia":[{"embeddable":true,"href":"https:\/\/steelsupplydirect.com\/es\/wp-json\/wp\/v2\/media\/2848"}],"wp:attachment":[{"href":"https:\/\/steelsupplydirect.com\/es\/wp-json\/wp\/v2\/media?parent=3384"}],"wp:term":[{"taxonomy":"product_cat","embeddable":true,"href":"https:\/\/steelsupplydirect.com\/es\/wp-json\/wp\/v2\/product_cat?post=3384"}],"curies":[{"name":"wp","href":"https:\/\/api.w.org\/{rel}","templated":true}]}}