{"id":3385,"date":"2023-09-12T16:43:02","date_gmt":"2023-09-12T08:43:02","guid":{"rendered":"https:\/\/steelsupplydirect.com\/?post_type=product&#038;p=3385"},"modified":"2023-09-26T10:24:49","modified_gmt":"2023-09-26T02:24:49","slug":"uso-profesional-de-la-construccion-laminado-en-caliente-en-forma-de-u-c-canal-de-acero-de-bajo-carbono-de-acero","status":"publish","type":"product","link":"https:\/\/steelsupplydirect.com\/es\/product\/uso-profesional-de-la-construccion-laminado-en-caliente-en-forma-de-u-c-canal-de-acero-de-bajo-carbono-de-acero","title":{"rendered":"Uso profesional de la construcci\u00f3n laminado en caliente en forma de U C canal de acero de bajo carbono de acero"},"content":{"rendered":"<p>El canal de acero es una tira larga de acero con una secci\u00f3n transversal en forma de ranura. Es un acero estructural al carbono utilizado en construcci\u00f3n y maquinaria. Es un perfil de acero con una secci\u00f3n transversal compleja y tiene una secci\u00f3n transversal en forma de ranura. Se utiliza principalmente en estructuras de edificios, ingenier\u00eda de muros cortina, equipos mec\u00e1nicos y fabricaci\u00f3n de veh\u00edculos.<\/p>\n<p>-Situaci\u00f3n b\u00e1sica:<br \/>\nEn su uso, se requiere que tenga un buen rendimiento de soldadura, remachado y propiedades mec\u00e1nicas completas. La materia prima para la producci\u00f3n de acero para canalizaciones son los tochos de acero al carbono o de acero de baja aleaci\u00f3n con un contenido de carbono no superior a 0,25%. El acero canal acabado se suministra conformado en caliente, normalizado o laminado en caliente. Las especificaciones se expresan en mil\u00edmetros de altura de cintura (h) * anchura de pata (b) * espesor de cintura (d). Por ejemplo, 100*48*5,3 significa que la altura de la cintura es de 100 mm, la anchura de las piernas es de 48 mm y el grosor de la cintura es de 5,3 mm. Acero, o acero canal 10#. En el caso del acero para canalizaciones con la misma altura de cintura, si hay varios anchos de pata y grosores de cintura diferentes, es necesario a\u00f1adir un b c a la derecha del n\u00famero de modelo para distinguirlos, como 25#a 25#b 25#c, etc.<br \/>\n-Clasificaci\u00f3n:<br \/>\nEl acero para canaletas se divide en acero para canaletas ordinario y acero para canaletas ligero. Las especificaciones del acero canal ordinario laminado en caliente son 5-40#. Las especificaciones del acero de canal modificado laminado en caliente suministrado por acuerdo entre el proveedor y el comprador son 6,5-30#. El canal de acero se utiliza principalmente en estructuras de edificios, fabricaci\u00f3n de veh\u00edculos, otras estructuras industriales y paneles fijos. A menudo se utiliza junto con vigas en I.<br \/>\nEl acero para canaletas puede dividirse en 4 tipos seg\u00fan su forma: acero para canaletas de bordes iguales conformado en fr\u00edo, acero para canaletas de bordes desiguales conformado en fr\u00edo, acero para canaletas rizado interior conformado en fr\u00edo y acero para canaletas rizado exterior conformado en fr\u00edo.<br \/>\nDe acuerdo con la teor\u00eda de la estructura de acero, la placa de ala de acero de canal debe soportar la fuerza, es decir, el acero de canal debe estar de pie en lugar de acostado.<\/p>\n<p>-Especificaciones:<br \/>\nLas especificaciones del canal de acero se expresan principalmente por la altura (h), la anchura de la pata (b), el grosor de la cintura (d) y otras dimensiones. Las especificaciones del canal de acero dom\u00e9stico van de 5 a 40, es decir, la altura correspondiente es de 5 a 40 cm.<br \/>\nA la misma altura, el acero canal ligero tiene patas m\u00e1s estrechas, cintura m\u00e1s delgada y peso m\u00e1s ligero que el acero canal ordinario. Los n\u00ba 18 a 40 son aceros para canal grande, y los n\u00ba 5 a 16 son aceros para canal medio. El acero de canal importado est\u00e1 marcado con las especificaciones reales, dimensiones y normas relacionadas. Los pedidos de importaci\u00f3n y exportaci\u00f3n de acero para canalizaciones se basan generalmente en las especificaciones requeridas para su uso tras determinar el grado de acero al carbono (o acero de baja aleaci\u00f3n) correspondiente. Aparte de los n\u00fameros de especificaci\u00f3n, el acero para canalizaciones no tiene una serie espec\u00edfica de composici\u00f3n y rendimiento.<br \/>\nLa longitud de suministro del canal de acero se divide en dos tipos: longitud fija y longitud doble, y el valor de tolerancia se especifica en la norma correspondiente. El rango de selecci\u00f3n de longitud del canal de acero nacional se divide en tres tipos seg\u00fan las diferentes especificaciones: 5-12m, 5-19m, y 6-19m. El rango de selecci\u00f3n de longitud del canal de acero importado es generalmente de 6-15m.<\/p>\n<p>-Peso te\u00f3rico:<\/p>\n<p>5#: 50*37*4,5=5,438kg\/m<\/p>\n<p>6.3#: 63*40*4.8=6.634kg\/m<\/p>\n<p>6.5#: 65*40*4.3=6.709kg\/m<\/p>\n<p>8#: 80*43*5,0=8,045kg\/m<\/p>\n<p>10#: 100*48*5,3=10,007kg\/m<\/p>\n<p>12#: 120*53*5,5=12,059kg\/m<\/p>\n<p>&#8230;.<\/p>\n<p>-Desviaci\u00f3n admisible (mm):<br \/>\nAltura h \u00b11,5 \u00b12,0 \u00b12,0 \u00b13,0 \u00b13,0<br \/>\nAnchura de la piernab \u00b11,5 \u00b12,0 \u00b12,5 \u00b13,0 \u00b13,5<br \/>\nGrosor de la cintura d \u00b10,4 \u00b10,5 \u00b10,6 \u00b10,7 \u00b10,8<br \/>\nLa deformaci\u00f3n por flexi\u00f3n no debe superar 0,15d<br \/>\nLongitud habitual 5 ~ 12m 5 ~ 19m 6 ~ 19m<\/p>","protected":false},"excerpt":{"rendered":"<p>El canal de acero es una tira larga de acero con una secci\u00f3n transversal en forma de ranura. Es un acero estructural al carbono utilizado en construcci\u00f3n y maquinaria. Es un perfil de acero con una secci\u00f3n transversal compleja y tiene una secci\u00f3n transversal en forma de ranura. El acero de canal se utiliza principalmente en estructuras de edificios, ingenier\u00eda de muros cortina, equipos mec\u00e1nicos y fabricaci\u00f3n de veh\u00edculos. -Situaci\u00f3n b\u00e1sica: [...]","protected":false},"featured_media":3411,"comment_status":"closed","ping_status":"closed","template":"","meta":[],"product_cat":[18,50],"class_list":{"0":"post-3385","1":"product","2":"type-product","3":"status-publish","4":"has-post-thumbnail","6":"product_cat-steel-profile","7":"product_cat-channel-steel","9":"first","10":"instock","11":"shipping-taxable","12":"product-type-simple"},"_links":{"self":[{"href":"https:\/\/steelsupplydirect.com\/es\/wp-json\/wp\/v2\/product\/3385","targetHints":{"allow":["GET"]}}],"collection":[{"href":"https:\/\/steelsupplydirect.com\/es\/wp-json\/wp\/v2\/product"}],"about":[{"href":"https:\/\/steelsupplydirect.com\/es\/wp-json\/wp\/v2\/types\/product"}],"replies":[{"embeddable":true,"href":"https:\/\/steelsupplydirect.com\/es\/wp-json\/wp\/v2\/comments?post=3385"}],"wp:featuredmedia":[{"embeddable":true,"href":"https:\/\/steelsupplydirect.com\/es\/wp-json\/wp\/v2\/media\/3411"}],"wp:attachment":[{"href":"https:\/\/steelsupplydirect.com\/es\/wp-json\/wp\/v2\/media?parent=3385"}],"wp:term":[{"taxonomy":"product_cat","embeddable":true,"href":"https:\/\/steelsupplydirect.com\/es\/wp-json\/wp\/v2\/product_cat?post=3385"}],"curies":[{"name":"wp","href":"https:\/\/api.w.org\/{rel}","templated":true}]}}