{"id":3386,"date":"2023-09-12T17:27:47","date_gmt":"2023-09-12T09:27:47","guid":{"rendered":"https:\/\/steelsupplydirect.com\/?post_type=product&#038;p=3386"},"modified":"2023-09-26T10:33:41","modified_gmt":"2023-09-26T02:33:41","slug":"chino-proveedor-de-fabrica-astm-a36-ss400-q235b-bajo-carbono-acero-20-c-canal","status":"publish","type":"product","link":"https:\/\/steelsupplydirect.com\/es\/product\/chino-proveedor-de-fabrica-astm-a36-ss400-q235b-bajo-carbono-acero-20-c-canal","title":{"rendered":"China proveedor de f\u00e1brica ASTM A36 Ss400 Q235B Bajo Carbono Acero 20# C Canal"},"content":{"rendered":"<p>-Canal de acero Introducci\u00f3n:<\/p>\n<p>El canal es un material de acero largo con una secci\u00f3n transversal en forma de canal. Es un tipo de acero estructural al carbono utilizado en construcci\u00f3n y maquinaria. Es un tipo de acero con una secci\u00f3n transversal compleja y una secci\u00f3n transversal en forma de ranura. El acero de canal se utiliza principalmente en estructuras de edificios, ingenier\u00eda de muros cortina, equipos mec\u00e1nicos y fabricaci\u00f3n de veh\u00edculos. Durante su uso se requiere un buen rendimiento de soldadura, remachado y propiedades mec\u00e1nicas completas. Los tochos de materia prima para la producci\u00f3n de acero de canal son de acero al carbono o tochos de acero de baja aleaci\u00f3n con un contenido de carbono no superior a 0,25%. El acero canal acabado se suministra conformado en caliente, normalizado o laminado en caliente. Las especificaciones se expresan en mil\u00edmetros de altura de cintura (h) * anchura de pata (b) * grosor de cintura (d). Por ejemplo, 100*48*5,3 significa que la altura de la cintura es de 100 mm, la anchura de las piernas es de 48 mm y el grosor de la cintura es de 5,3 mm. Acero, o acero canal 10#. Para el acero de canal con la misma altura de cintura, si hay varios anchos de pierna y grosores de cintura diferentes, es necesario a\u00f1adir una bc a la derecha del modelo para distinguirlos, como 25#a 25#b 25#c, etc.<\/p>\n<p>-Clasificaci\u00f3n:<br \/>\nEl acero para canaletas se divide en acero para canaletas ordinario y acero para canaletas ligero. Las especificaciones del acero canal ordinario laminado en caliente son 5-40#. Las especificaciones del acero de canal modificado laminado en caliente suministrado por acuerdo entre el proveedor y el comprador son 6,5-30#. El canal de acero se utiliza principalmente en estructuras de edificios, fabricaci\u00f3n de veh\u00edculos, otras estructuras industriales y paneles fijos. A menudo se utiliza junto con vigas en I.<br \/>\nEl acero para canaletas puede dividirse en 4 tipos seg\u00fan su forma: acero para canaletas de bordes iguales conformado en fr\u00edo, acero para canaletas de bordes desiguales conformado en fr\u00edo, acero para canaletas rizado interior conformado en fr\u00edo y acero para canaletas rizado exterior conformado en fr\u00edo.<\/p>\n<p>-Especificaciones:<br \/>\nLas especificaciones del canal de acero se expresan principalmente por la altura (h), la anchura de la pata (b), el grosor de la cintura (d) y otras dimensiones. Las especificaciones del canal de acero dom\u00e9stico van de 5 a 40, es decir, la altura correspondiente es de 5 a 40 cm.<br \/>\nA la misma altura, el acero canal ligero tiene patas m\u00e1s estrechas, cintura m\u00e1s delgada y peso m\u00e1s ligero que el acero canal ordinario. Los n\u00ba 18 a 40 son aceros para canal grande, y los n\u00ba 5 a 16 son aceros para canal medio. El acero de canal importado est\u00e1 marcado con las especificaciones reales, dimensiones y normas relacionadas. Los pedidos de importaci\u00f3n y exportaci\u00f3n de acero para canalizaciones se basan generalmente en las especificaciones requeridas para su uso tras determinar el grado de acero al carbono (o acero de baja aleaci\u00f3n) correspondiente. Aparte de los n\u00fameros de especificaci\u00f3n, el acero para canalizaciones no tiene una serie espec\u00edfica de composici\u00f3n y rendimiento.<br \/>\nLa longitud de suministro del canal de acero se divide en dos tipos: longitud fija y longitud doble, y el valor de tolerancia se especifica en la norma correspondiente. El rango de selecci\u00f3n de longitud del canal de acero nacional se divide en tres tipos seg\u00fan las diferentes especificaciones: 5-12m, 5-19m, y 6-19m. El rango de selecci\u00f3n de longitud del canal de acero importado es generalmente de 6-15m.<\/p>\n<p>-Peso te\u00f3rico<\/p>\n<p>5#: 50*37*4,5=5,438kg\/m<\/p>\n<p>6.3#: 63*40*4.8=6.634kg\/m<\/p>\n<p>6.5#: 65*40*4.3=6.709kg\/m<\/p>\n<p>8#: 80*43*5,0=8,045kg\/m<\/p>\n<p>10#: 100*48*5,3=10,007kg\/m<\/p>\n<p>12#: 120*53*5,5=12,059kg\/m<\/p>\n<p>&#8230;.40#<\/p>\n<p>-Desviaci\u00f3n admisible (mm):<br \/>\nAltura h \u00b11,5 \u00b12,0 \u00b12,0 \u00b13,0 \u00b13,0<br \/>\nAnchura de la pierna b \u00b11,5 \u00b12,0 \u00b12,5 \u00b13,0 \u00b13,5<br \/>\nGrosor de la cintura d \u00b10,4 \u00b10,5 \u00b10,6 \u00b10,7 \u00b10,8<br \/>\nLa deformaci\u00f3n por flexi\u00f3n no debe superar 0,15d<br \/>\nLongitud habitual 5 ~ 12m 5 ~ 19m 6 ~ 19m<\/p>\n<p>-Inspecci\u00f3n de la composici\u00f3n qu\u00edmica:<\/p>\n<p>\u00cdndice de composici\u00f3n. El acero de canal pertenece a la serie de acero laminado para uso estructural. Los principales indicadores para la inspecci\u00f3n de la composici\u00f3n qu\u00edmica son C, Mn, P y S. Los n\u00fameros de acero de fabricaci\u00f3n del acero de canal nacional son Q235A, Q235B, Q295A y Q345A. espere. Los grados de acero de fabricaci\u00f3n del acero de canal importado incluyen principalmente SS400, SS490 (Est\u00e1ndar Industrial Japon\u00e9s), St44-3, St52-3 (Est\u00e1ndar Alem\u00e1n), etc.<\/p>\n<p>Inspecci\u00f3n del rendimiento mec\u00e1nico: principalmente ensayo de tracci\u00f3n y ensayo de flexi\u00f3n, los indicadores incluyen el l\u00edmite el\u00e1stico, la resistencia a la tracci\u00f3n, el alargamiento y la calificaci\u00f3n de flexi\u00f3n, etc.<\/p>\n<p>-Especificaciones y normas normales:<\/p>\n<p>GB\/T228-87\u3001JISZ2201\u3001JISZ2241\u3001ASTMA370\u3001\u0413\u041e\u0421\u04221497\u3001BS18\u3001DIN50145<\/p>\n<p>GB\/T232-88\u3001JISZ2204\u3001JISZ2248\u3001ASTME290\u3001\u0413\u041e\u0421\u042214019\u3001DIN50111<\/p>\n<p>&nbsp;<\/p>","protected":false},"excerpt":{"rendered":"<p>-Canal de acero Introducci\u00f3n: El canal es un material de acero largo con una secci\u00f3n transversal en forma de canal. Es un tipo de acero estructural al carbono utilizado en construcci\u00f3n y maquinaria. Es un tipo de acero con una secci\u00f3n transversal compleja y una secci\u00f3n transversal en forma de ranura. El acero de canal se utiliza principalmente en estructuras de edificios, ingenier\u00eda de muros cortina, equipos mec\u00e1nicos y veh\u00edculos [...].","protected":false},"featured_media":3416,"comment_status":"closed","ping_status":"closed","template":"","meta":[],"product_cat":[18,50],"class_list":{"0":"post-3386","1":"product","2":"type-product","3":"status-publish","4":"has-post-thumbnail","6":"product_cat-steel-profile","7":"product_cat-channel-steel","9":"first","10":"instock","11":"shipping-taxable","12":"product-type-simple"},"_links":{"self":[{"href":"https:\/\/steelsupplydirect.com\/es\/wp-json\/wp\/v2\/product\/3386","targetHints":{"allow":["GET"]}}],"collection":[{"href":"https:\/\/steelsupplydirect.com\/es\/wp-json\/wp\/v2\/product"}],"about":[{"href":"https:\/\/steelsupplydirect.com\/es\/wp-json\/wp\/v2\/types\/product"}],"replies":[{"embeddable":true,"href":"https:\/\/steelsupplydirect.com\/es\/wp-json\/wp\/v2\/comments?post=3386"}],"wp:featuredmedia":[{"embeddable":true,"href":"https:\/\/steelsupplydirect.com\/es\/wp-json\/wp\/v2\/media\/3416"}],"wp:attachment":[{"href":"https:\/\/steelsupplydirect.com\/es\/wp-json\/wp\/v2\/media?parent=3386"}],"wp:term":[{"taxonomy":"product_cat","embeddable":true,"href":"https:\/\/steelsupplydirect.com\/es\/wp-json\/wp\/v2\/product_cat?post=3386"}],"curies":[{"name":"wp","href":"https:\/\/api.w.org\/{rel}","templated":true}]}}