{"id":3389,"date":"2023-09-13T11:08:45","date_gmt":"2023-09-13T03:08:45","guid":{"rendered":"https:\/\/steelsupplydirect.com\/?post_type=product&#038;p=3389"},"modified":"2025-09-26T11:50:49","modified_gmt":"2025-09-26T03:50:49","slug":"h-haz-2","status":"publish","type":"product","link":"https:\/\/steelsupplydirect.com\/es\/product\/h-haz-2","title":{"rendered":"Ms aleaci\u00f3n de acero H Beam para la casa prefabricada de acero Q235 Q345"},"content":{"rendered":"<p data-block-id=\"40c501fb-e266-49b8-98b1-7b6e647efa20\" data-pm-slice=\"1 3 []\">Un perfil de secci\u00f3n transversal barata se parece a la letra H. Tambi\u00e9n se conoce como viga de acero universal, viga en I de canto ancho o viga en I de alas paralelas.<\/p>\n<p data-block-id=\"40c501fb-e266-49b8-98b1-7b6e647efa20\" data-pm-slice=\"1 3 []\">La secci\u00f3n transversal del acero en forma de H suele constar de dos partes: alma y placa de brida, tambi\u00e9n conocidas como cintura y borde.<\/p>\n<h2 data-block-id=\"02c3321a-1986-4c10-8e3c-da7d27c89e0f\">Caracter\u00edsticas:<\/h2>\n<p data-block-id=\"ff9ce22c-49a0-48ce-b33e-e581c70dec1e\">Los lados interior y exterior de las bridas de acero en forma de H son paralelos o casi. Los extremos de las alas forman \u00e1ngulos rectos, por lo que se denomina viga en I de alas paralelas. El espesor del alma del acero en forma de H es menor que el de las vigas en I normales con la misma altura de alma. Sin embargo, la anchura de su ala es mayor que la de las vigas en I normales de la misma altura. Por este motivo, a menudo se denomina viga en I de ala ancha. El acero en forma de H tiene mejor m\u00f3dulo de secci\u00f3n, momento de inercia y resistencia que las vigas en I normales del mismo peso. Esta ventaja se debe a su forma. Destaca en estructuras met\u00e1licas con diversas necesidades. Funciona bien bajo momentos de flexi\u00f3n, cargas de presi\u00f3n y cargas exc\u00e9ntricas. Puede aumentar considerablemente la capacidad de carga en comparaci\u00f3n con las vigas en I ordinarias y ahorrar entre 10% y 40% de metal. El acero en forma de H tiene alas anchas, almas delgadas, m\u00faltiples especificaciones y un uso flexible. Puede ahorrar de 15% a 20% de metal cuando se utiliza en diversas estructuras de cerchas. El ala tiene lados interiores y exteriores paralelos, con los extremos en \u00e1ngulo recto. Este dise\u00f1o facilita su montaje en diferentes componentes. Como resultado, ahorra unos 25% en soldadura y remachado. Esto puede acelerar la construcci\u00f3n y acortar los plazos del proyecto.<\/p>\n<h2 data-block-id=\"88f8b045-f276-46ec-addb-3db5e4de8e8f\">Clasificaci\u00f3n<\/h2>\n<p data-block-id=\"a743a380-c1e2-4b48-8bbe-01518bca5ad8\">Hay muchas especificaciones de productos de acero en forma de H, y los m\u00e9todos de clasificaci\u00f3n son los siguientes. (1) La anchura de la brida del producto lo divide en acero en forma de H de brida ancha, brida media y brida estrecha.<\/p>\n<p data-block-id=\"86f6f7a6-82c2-456f-b873-53695d0d5721\">En los aceros de ala ancha y ala media en forma de H, la anchura del ala B es al menos tan ancha como la altura del alma H.<\/p>\n<p data-block-id=\"5adf1d8b-2184-4ce8-a71f-e1d259baeebb\">En el acero en forma de H de ala estrecha, la anchura del ala B es aproximadamente la mitad de la altura del alma H.<\/p>\n<p data-block-id=\"cc5663e1-5bc1-4b67-ba08-009f0c8bdafe\">Adem\u00e1s, en funci\u00f3n de su uso, el acero en forma de H se clasifica en:<\/p>\n<ul data-block-id=\"3d6229f2-5f5f-4544-846e-f88d87833e52\">\n<li>\n<p data-block-id=\"abb0421f-dc22-4d72-ad7e-f80708f932e8\">Vigas de acero en forma de H<\/p>\n<\/li>\n<li>\n<p data-block-id=\"e8304289-d88d-4ed4-a299-1a03e6922d9c\">Columnas de acero en forma de H<\/p>\n<\/li>\n<li>\n<p data-block-id=\"260b4827-abd6-44d9-8008-e90d6a3327f9\">Pilotes de acero en forma de H<\/p>\n<\/li>\n<li>\n<p data-block-id=\"65a25042-df01-4c98-a7f4-ff4cdf5f4062\">Vigas de acero en forma de H de ala extremadamente gruesa<\/p>\n<\/li>\n<\/ul>\n<p data-block-id=\"3e6c88cf-2f14-4955-b766-43b0a114d180\">A veces, el acero en forma de H tambi\u00e9n incluye el acero en forma de canal de pata paralela y el acero en forma de T de ala paralela. Los ingenieros suelen utilizar acero en forma de H de ala estrecha para vigas, mientras que utilizan acero en forma de H de ala ancha para columnas. En consecuencia, tambi\u00e9n se denomina acero en forma de H tipo viga y acero en forma de H tipo columna. (3) De acuerdo con el m\u00e9todo de producci\u00f3n, se divide en acero en forma de H soldado y acero en forma de H laminado. (4) Seg\u00fan el tama\u00f1o, se divide en acero en forma de H grande, mediano y peque\u00f1o. Los productos con una altura de alma (H) superior a 700 mm son grandes. Los que tienen entre 300 mm y 700 mm son medianos. Los productos con una altura de alma inferior a 300 mm son peque\u00f1os. A finales de 1990, el alma de acero en forma de H m\u00e1s grande del mundo ten\u00eda una altura de 1.200 mm y una anchura de ala de 530 mm.<\/p>\n<h2 data-block-id=\"b2d6a407-3651-4a35-ae13-696b0124edbf\">Ventajas de las vigas H laminadas en caliente<\/h2>\n<ol data-block-id=\"20c9177a-7b35-4eb9-86c6-9658caa029f7\">\n<li>\n<p data-block-id=\"0185893c-ce7e-4d3a-b316-0c92cc04b3eb\">Las estructuras de acero fabricadas con acero laminado en caliente en forma de H tienen un alto grado de fabricaci\u00f3n. Permiten una producci\u00f3n mec\u00e1nica y una instalaci\u00f3n sencillas. Este m\u00e9todo garantiza una gran precisi\u00f3n y calidad, por lo que resulta muy c\u00f3modo. Pueden fabricarse para construir casas, puentes, plantas industriales, etc.<\/p>\n<\/li>\n<li>\n<p data-block-id=\"29fe1cae-ad15-41fb-a75c-2ac27afeeb14\">El proyecto tiene una r\u00e1pida velocidad de construcci\u00f3n. Abarca una superficie peque\u00f1a y es apto para trabajar en cualquier condici\u00f3n meteorol\u00f3gica. Esto significa que se ve menos afectado por las condiciones clim\u00e1ticas.<\/p>\n<\/li>\n<li>\n<p data-block-id=\"0dce3428-f8a7-43eb-a209-477cab304bfb\">Aumentar la superficie de uso efectivo de la estructura.<\/p>\n<\/li>\n<li>\n<p data-block-id=\"9ea8f7b2-de00-4768-b153-a3083da812b0\">El uso de acero en forma de H en lugar de soldadura ahorra mano de obra y materiales. Reduce el uso de materias primas, energ\u00eda y mano de obra. Adem\u00e1s, reduce la tensi\u00f3n residual y ofrece un aspecto y una calidad de superficie excelentes.<\/p>\n<\/li>\n<li>\n<p data-block-id=\"60a26e03-59a8-488b-852a-6d01c6121701\">Facilita el mecanizado, la conexi\u00f3n estructural y la instalaci\u00f3n. Adem\u00e1s, es f\u00e1cil de desmontar y reutilizar.<\/p>\n<\/li>\n<\/ol>","protected":false},"excerpt":{"rendered":"<p>Un perfil de secci\u00f3n transversal barata se parece a la letra H. Tambi\u00e9n se conoce como viga de acero universal, viga I de canto ancho o viga I de ala paralela. La secci\u00f3n transversal del acero en forma de H suele incluir dos partes: alma y placa de ala, tambi\u00e9n conocidas como cintura y borde. Caracter\u00edsticas: Los lados interior y exterior de las bridas de acero en forma de H son [...]","protected":false},"featured_media":3084,"comment_status":"closed","ping_status":"closed","template":"","meta":[],"product_cat":[18,51],"class_list":{"0":"post-3389","1":"product","2":"type-product","3":"status-publish","4":"has-post-thumbnail","6":"product_cat-steel-profile","7":"product_cat-h-beam","9":"first","10":"instock","11":"shipping-taxable","12":"product-type-simple"},"_links":{"self":[{"href":"https:\/\/steelsupplydirect.com\/es\/wp-json\/wp\/v2\/product\/3389","targetHints":{"allow":["GET"]}}],"collection":[{"href":"https:\/\/steelsupplydirect.com\/es\/wp-json\/wp\/v2\/product"}],"about":[{"href":"https:\/\/steelsupplydirect.com\/es\/wp-json\/wp\/v2\/types\/product"}],"replies":[{"embeddable":true,"href":"https:\/\/steelsupplydirect.com\/es\/wp-json\/wp\/v2\/comments?post=3389"}],"wp:featuredmedia":[{"embeddable":true,"href":"https:\/\/steelsupplydirect.com\/es\/wp-json\/wp\/v2\/media\/3084"}],"wp:attachment":[{"href":"https:\/\/steelsupplydirect.com\/es\/wp-json\/wp\/v2\/media?parent=3389"}],"wp:term":[{"taxonomy":"product_cat","embeddable":true,"href":"https:\/\/steelsupplydirect.com\/es\/wp-json\/wp\/v2\/product_cat?post=3389"}],"curies":[{"name":"wp","href":"https:\/\/api.w.org\/{rel}","templated":true}]}}