{"id":3391,"date":"2023-09-13T11:31:59","date_gmt":"2023-09-13T03:31:59","guid":{"rendered":"https:\/\/steelsupplydirect.com\/?post_type=product&#038;p=3391"},"modified":"2023-10-09T14:11:05","modified_gmt":"2023-10-09T06:11:05","slug":"laminado-en-caliente-estructural-astm-s235-s355-ss400-s235jr-s355jr-viga-en-h-en-forma-de","status":"publish","type":"product","link":"https:\/\/steelsupplydirect.com\/es\/product\/laminado-en-caliente-estructural-astm-s235-s355-ss400-s235jr-s355jr-viga-en-h-en-forma-de","title":{"rendered":"Laminado en caliente estructural ASTM S235 S355 SS400 S235jr S355jr H Beam Shaped"},"content":{"rendered":"<p>El acero en forma de H es un perfil de secci\u00f3n transversal econ\u00f3mica y alto rendimiento con una distribuci\u00f3n del \u00e1rea de la secci\u00f3n transversal m\u00e1s optimizada y una relaci\u00f3n resistencia-peso m\u00e1s razonable. Su nombre se debe a que su secci\u00f3n transversal es igual a la letra inglesa \"H\".<\/p>\n<p>Los lados interior y exterior de las alas del acero en forma de H son paralelos o casi paralelos, y los extremos de las alas forman \u00e1ngulos rectos, de ah\u00ed el nombre de viga en I de alas paralelas. El espesor del alma del acero en forma de H es menor que el de las vigas en I ordinarias con la misma altura de alma, y la anchura del ala es mayor que la de las vigas en I ordinarias con la misma altura de alma, por lo que tambi\u00e9n se denomina viga en I de ala ancha. Determinados por su forma, el m\u00f3dulo de secci\u00f3n, el momento de inercia y la resistencia correspondiente del acero en forma de H son significativamente mejores que los de las vigas en I ordinarias del mismo peso unitario. Utilizada en estructuras met\u00e1licas con diferentes requisitos, muestra su rendimiento superior tanto si soporta momentos de flexi\u00f3n, cargas de presi\u00f3n o cargas exc\u00e9ntricas. Puede aumentar en gran medida la capacidad de carga en comparaci\u00f3n con las vigas en I ordinarias y ahorrar de 10% a 40% de metal. El acero en forma de H tiene alas anchas, almas delgadas, m\u00faltiples especificaciones y un uso flexible. Puede ahorrar de 15% a 20% de metal cuando se utiliza en diversas estructuras de cerchas. Debido a que los lados interior y exterior de la brida son paralelos y los extremos de los bordes est\u00e1n en \u00e1ngulo recto, es f\u00e1cil de montar y combinar en varios componentes, ahorrando as\u00ed alrededor de 25% del trabajo de soldadura y remachado, lo que puede acelerar en gran medida la velocidad de construcci\u00f3n del proyecto y acortar el per\u00edodo de construcci\u00f3n.<\/p>\n<p>-Flujo del proceso de la l\u00ednea de producci\u00f3n de vigas H laminadas en caliente\uff1a.<\/p>\n<p>Chapa de acero - decapado autom\u00e1tico - ensamblaje - soldadura autom\u00e1tica por arco sumergido - detecci\u00f3n de defectos - correcci\u00f3n de pesta\u00f1as - correcci\u00f3n de bandas - tratamiento de extremos - arenado y eliminaci\u00f3n de \u00f3xido - pintura. El corte, el ensamblaje y la soldadura de la l\u00ednea de producci\u00f3n de soldadura por arco sumergido totalmente autom\u00e1tica est\u00e1n controlados por microordenadores para garantizar que la precisi\u00f3n dimensional del acero en forma de H producido y la calidad de las soldaduras cumplen las normas nacionales. El edificio de estructura de acero tiene una estructura simple y ligera, que ampl\u00eda el espacio interior del edificio, ahorra acero y tiene un corto periodo de instalaci\u00f3n. El tejado y las paredes est\u00e1n hechos de chapas de acero perfiladas de colores.<\/p>\n<p>-Ventajas de las vigas H laminadas en caliente<\/p>\n<p>1.Las estructuras de acero basadas en acero laminado en caliente en forma de H tienen un alto grado de fabricaci\u00f3n industrial, son convenientes para la fabricaci\u00f3n mec\u00e1nica, producci\u00f3n intensiva, alta precisi\u00f3n, f\u00e1cil instalaci\u00f3n y f\u00e1cil de asegurar la calidad.<\/p>\n<p>2.La velocidad de construcci\u00f3n del proyecto es r\u00e1pida, el \u00e1rea es peque\u00f1a, y es adecuado para la construcci\u00f3n en cualquier clima y se ve menos afectado por las condiciones clim\u00e1ticas.<\/p>\n<p>3.Aumentar la superficie de uso efectivo de la estructura<\/p>\n<p>4.En comparaci\u00f3n con la soldadura de acero en forma de H, ahorra significativamente mano de obra y materiales, reduce el consumo de materia prima, energ\u00eda y mano de obra, tiene baja tensi\u00f3n residual, y tiene buena apariencia y calidad superficial.<\/p>\n<p>5.Facilita el mecanizado, la conexi\u00f3n estructural y la instalaci\u00f3n. Tambi\u00e9n es f\u00e1cil de desmontar y reutilizar.<\/p>\n<p>-\u00c1mbito de aplicaci\u00f3n<\/p>\n<p>Componentes de vigas y pilares en estructuras met\u00e1licas de edificaci\u00f3n industrial y civil. Apoyos portantes de estructuras de acero para estructuras industriales. Pilotes de acero y estructuras de soporte para proyectos subterr\u00e1neos. Estructuras de equipos industriales, como petroqu\u00edmicos y el\u00e9ctricos. Componentes de puentes de acero de grandes luces. Estructuras de bastidores para la fabricaci\u00f3n de barcos y maquinaria. Soportes de vigas para trenes, coches y tractores. Cinta transportadora portuaria, soporte de deflectores de autopistas.<\/p>","protected":false},"excerpt":{"rendered":"<p>El acero en forma de H es un perfil de secci\u00f3n transversal econ\u00f3mica y alto rendimiento con una distribuci\u00f3n del \u00e1rea de la secci\u00f3n transversal m\u00e1s optimizada y una relaci\u00f3n resistencia-peso m\u00e1s razonable. Su nombre se debe a que su secci\u00f3n transversal es igual a la letra inglesa \"H\". Los lados interior y exterior de las bridas del acero en forma de H son paralelos o casi paralelos, y los extremos de las bridas [...].","protected":false},"featured_media":3718,"comment_status":"closed","ping_status":"closed","template":"","meta":[],"product_cat":[18,51],"class_list":{"0":"post-3391","1":"product","2":"type-product","3":"status-publish","4":"has-post-thumbnail","6":"product_cat-steel-profile","7":"product_cat-h-beam","9":"first","10":"instock","11":"shipping-taxable","12":"product-type-simple"},"_links":{"self":[{"href":"https:\/\/steelsupplydirect.com\/es\/wp-json\/wp\/v2\/product\/3391","targetHints":{"allow":["GET"]}}],"collection":[{"href":"https:\/\/steelsupplydirect.com\/es\/wp-json\/wp\/v2\/product"}],"about":[{"href":"https:\/\/steelsupplydirect.com\/es\/wp-json\/wp\/v2\/types\/product"}],"replies":[{"embeddable":true,"href":"https:\/\/steelsupplydirect.com\/es\/wp-json\/wp\/v2\/comments?post=3391"}],"wp:featuredmedia":[{"embeddable":true,"href":"https:\/\/steelsupplydirect.com\/es\/wp-json\/wp\/v2\/media\/3718"}],"wp:attachment":[{"href":"https:\/\/steelsupplydirect.com\/es\/wp-json\/wp\/v2\/media?parent=3391"}],"wp:term":[{"taxonomy":"product_cat","embeddable":true,"href":"https:\/\/steelsupplydirect.com\/es\/wp-json\/wp\/v2\/product_cat?post=3391"}],"curies":[{"name":"wp","href":"https:\/\/api.w.org\/{rel}","templated":true}]}}