{"id":3392,"date":"2023-09-13T11:51:50","date_gmt":"2023-09-13T03:51:50","guid":{"rendered":"https:\/\/steelsupplydirect.com\/?post_type=product&#038;p=3392"},"modified":"2025-09-28T10:44:15","modified_gmt":"2025-09-28T02:44:15","slug":"materiales-de-acero-al-carbono-q235a-q345b-acero-estructural-viga-h-de-acero","status":"publish","type":"product","link":"https:\/\/steelsupplydirect.com\/es\/product\/materiales-de-acero-al-carbono-q235a-q345b-acero-estructural-viga-h-de-acero","title":{"rendered":"Materiales de acero al carbono, Q235a Q345b viga H de acero estructural"},"content":{"rendered":"<p data-block-id=\"d3380f90-751c-49da-8b42-0ffa2150123d\" data-pm-slice=\"1 1 []\">El acero en forma de H es un perfil rentable. Su forma se asemeja a la letra may\u00fascula H. Tambi\u00e9n se conoce como viga de acero universal, viga I de borde ancho o viga I de ala paralela. La secci\u00f3n transversal del acero en forma de H suele incluir dos partes: alma y placa de ala, tambi\u00e9n conocidas como cintura y borde.<\/p>\n<h2 class=\"p1\">M\u00e9todo de producci\u00f3n del acero para vigas H<\/h2>\n<p data-block-id=\"cd8da25e-e59f-499f-bf0a-d8c9ba285965\">Los fabricantes producen acero en forma de H mediante soldadura o laminaci\u00f3n. Para soldar acero en H, hay que cortar el fleje con el grosor y la anchura adecuados. A continuaci\u00f3n, se utiliza una unidad de soldadura continua para unir el ala y el alma. La soldadura del acero en H tiene algunas desventajas: utiliza mucho metal, la calidad puede variar y las opciones de tama\u00f1o son limitadas. Por lo tanto, la producci\u00f3n de acero en forma de H implica principalmente el m\u00e9todo de laminaci\u00f3n. En la producci\u00f3n moderna de acero laminado, se utilizan trenes de laminaci\u00f3n universales para laminar acero en forma de H. El alma del acero en forma de H es de acero laminado. El alma del acero en forma de H rueda entre los rodillos horizontales superior e inferior. Al mismo tiempo, la pesta\u00f1a rueda entre los lados de los rodillos horizontales y los rodillos verticales. El laminador universal no puede presionar el borde de la pesta\u00f1a por s\u00ed solo. Por lo tanto, debe instalarse detr\u00e1s una laminadora de bordes, tambi\u00e9n llamada laminadora de pesta\u00f1as. Esta m\u00e1quina presiona el borde de la pesta\u00f1a y controla su anchura. . En la operaci\u00f3n de laminado, los dos soportes trabajan juntos. Hacen que la pieza laminada pase varias veces de un lado a otro (v\u00e9ase la figura 2a). Alternativamente, la pieza laminada puede pasar por varios soportes universales y uno o dos soportes de extremo de laminaci\u00f3n de bordes. El grupo de laminaci\u00f3n continua reduce el material en cada pasada. Este proceso da forma a la pieza en bruto en productos con tama\u00f1os y especificaciones concretos.<\/p>\n<p data-block-id=\"12a9add5-05c8-4230-a536-eeaad39141de\">En la zona de la pesta\u00f1a de la pieza laminada, el rodillo horizontal se desliza contra ella. Esto provoca un desgaste importante del rodillo. Para ayudar a los rodillos a recuperar su forma despu\u00e9s de un fuerte laminado, incline los rodillos horizontales superior e inferior de la unidad de desbaste en un \u00e1ngulo de entre 3\u00ba y 8\u00ba. Lo mismo ocurre con las superficies verticales de los rodillos. Para fijar el \u00e1ngulo de inclinaci\u00f3n de la brida del producto acabado, montamos un laminador universal. Este laminador tambi\u00e9n se conoce como laminador universal de acabado. La cara del rodillo horizontal es perpendicular a su eje o tiene una ligera inclinaci\u00f3n, normalmente no superior a 20 grados. El rodillo vertical es cil\u00edndrico.<\/p>\n<h2 class=\"p1\">Acero para vigas H M\u00e9todo de representaci\u00f3n<\/h2>\n<p data-block-id=\"005570de-6d6d-4419-acd7-eb580848a401\">El acero en forma de H es de tres tipos:<\/p>\n<ul data-block-id=\"56c95e21-890a-4bce-8cff-7141a86ef637\">\n<li>\n<p data-block-id=\"febd9de7-d33b-42a3-90a9-8dd747ec8b7a\">Acero de ala ancha en forma de H (HK)<\/p>\n<\/li>\n<li>\n<p data-block-id=\"1c98dd06-62e9-490f-8147-8df70f3eac40\">Brida estrecha de acero en forma de H (HZ)<\/p>\n<\/li>\n<li>\n<p data-block-id=\"396a6ff9-abd4-4fdf-9640-0053cc516d9a\">Columna de acero en forma de H (HU)<\/p>\n<\/li>\n<\/ul>\n<p data-block-id=\"9209e3ce-c0ef-4b12-a8b2-9aff4fca6688\">El m\u00e9todo de expresi\u00f3n es: altura Hx anchura Bx espesor del alma t1x espesor de la chapa del ala t2. Por ejemplo, acero en forma de H Q235\\SS400: 200x200x8x12 significa que tiene una altura de 200 mm y una anchura de 200 mm. El grosor del alma es de 8 mm y el de la chapa del ala es de 12 mm. El grado es Q235 o SS400.<\/p>\n<h2 data-block-id=\"d40f2b8a-42a2-4967-85e4-e46e2b1a1071\">Ventajas de los materiales de acero al carbono laminados en caliente<\/h2>\n<p data-block-id=\"1e689451-57e7-4591-b61f-39ae14d9ed65\">1. Las estructuras de acero en forma de H laminadas en caliente se fabrican con gran facilidad. Son ideales para trabajos mec\u00e1nicos y producci\u00f3n intensiva. Estas estructuras ofrecen alta precisi\u00f3n, f\u00e1cil instalaci\u00f3n y calidad constante.<\/p>\n<p data-block-id=\"c25a5d63-afea-419e-942f-70936b059abc\">2. El proyecto se construye r\u00e1pidamente. Abarca una superficie reducida. Funciona bien con cualquier tiempo y se ve menos afectado por el clima.<\/p>\n<p data-block-id=\"412291f8-5e92-44ab-bf25-13bf093e6160\">3.Aumentar la superficie de uso efectivo de la estructura<\/p>\n<p data-block-id=\"6f55f2a5-1c28-43c3-b1bd-c0748a749400\">4. En comparaci\u00f3n con la soldadura del acero en forma de H, este m\u00e9todo ahorra mano de obra y materiales. Reduce el uso de materias primas, energ\u00eda y mano de obra. Tambi\u00e9n da lugar a una baja tensi\u00f3n residual y ofrece un gran aspecto y calidad superficial.<\/p>\n<p data-block-id=\"342c96ff-f553-4257-a529-5909091b0aaa\">5.Facilita el mecanizado, la conexi\u00f3n estructural y la instalaci\u00f3n. Tambi\u00e9n es f\u00e1cil de desmontar y reutilizar.<\/p>\n<p data-block-id=\"f93f0a15-20dc-4433-a224-d8e6151389e7\">","protected":false},"excerpt":{"rendered":"<p>El acero en forma de H es un perfil rentable. Su forma se asemeja a la letra may\u00fascula H. Tambi\u00e9n se conoce como viga de acero universal, viga I de borde ancho o viga I de ala paralela. La secci\u00f3n transversal del acero en forma de H suele incluir dos partes: alma y placa de ala, tambi\u00e9n conocidas como cintura y borde. M\u00e9todo de producci\u00f3n de la viga de acero en H Los fabricantes producen [...]","protected":false},"featured_media":3716,"comment_status":"closed","ping_status":"closed","template":"","meta":[],"product_cat":[18,51],"class_list":{"0":"post-3392","1":"product","2":"type-product","3":"status-publish","4":"has-post-thumbnail","6":"product_cat-steel-profile","7":"product_cat-h-beam","9":"first","10":"instock","11":"shipping-taxable","12":"product-type-simple"},"_links":{"self":[{"href":"https:\/\/steelsupplydirect.com\/es\/wp-json\/wp\/v2\/product\/3392","targetHints":{"allow":["GET"]}}],"collection":[{"href":"https:\/\/steelsupplydirect.com\/es\/wp-json\/wp\/v2\/product"}],"about":[{"href":"https:\/\/steelsupplydirect.com\/es\/wp-json\/wp\/v2\/types\/product"}],"replies":[{"embeddable":true,"href":"https:\/\/steelsupplydirect.com\/es\/wp-json\/wp\/v2\/comments?post=3392"}],"wp:featuredmedia":[{"embeddable":true,"href":"https:\/\/steelsupplydirect.com\/es\/wp-json\/wp\/v2\/media\/3716"}],"wp:attachment":[{"href":"https:\/\/steelsupplydirect.com\/es\/wp-json\/wp\/v2\/media?parent=3392"}],"wp:term":[{"taxonomy":"product_cat","embeddable":true,"href":"https:\/\/steelsupplydirect.com\/es\/wp-json\/wp\/v2\/product_cat?post=3392"}],"curies":[{"name":"wp","href":"https:\/\/api.w.org\/{rel}","templated":true}]}}