{"id":3393,"date":"2023-09-13T14:15:14","date_gmt":"2023-09-13T06:15:14","guid":{"rendered":"https:\/\/steelsupplydirect.com\/?post_type=product&#038;p=3393"},"modified":"2023-10-10T09:59:47","modified_gmt":"2023-10-10T01:59:47","slug":"i-haz-universal","status":"publish","type":"product","link":"https:\/\/steelsupplydirect.com\/es\/product\/i-haz-universal","title":{"rendered":"China F\u00e1brica A36 Ss400 S235 Q345 Q235 I Universal Beam Bajo Precio"},"content":{"rendered":"<p>La viga en I, tambi\u00e9n conocida como viga de acero (nombre ingl\u00e9s Universal Beam), es una barra larga de acero con secci\u00f3n transversal en forma de I.<\/p>\n<p>-Clasificaci\u00f3n:<\/p>\n<p>Las vigas en I se dividen principalmente en vigas en I ordinarias, vigas en I ligeras y vigas en I de ala ancha. Seg\u00fan la relaci\u00f3n de altura entre el ala y el alma, se dividen en vigas I de ala ancha, media y estrecha. Las dos primeras se fabrican en los tama\u00f1os 10-60, es decir, las alturas correspondientes son de 10 cm-60 cm. A la misma altura, las vigas I ligeras tienen alas estrechas, alma delgada y peso ligero. La viga I de ala ancha tambi\u00e9n se denomina acero en forma de H. La caracter\u00edstica de la secci\u00f3n transversal es que las patas son paralelas y no hay pendiente en el interior de las patas. Es un acero de secci\u00f3n econ\u00f3mica y se lamina en un laminador universal de cuatro rodillos, por lo que tambi\u00e9n se denomina \"viga en I universal\".<\/p>\n<p>-Especificaciones y modelos:<br \/>\nLas especificaciones se expresan como altura \u00d7 grosor de la pierna \u00d7 grosor de la cintura. Las dimensiones principales de las especificaciones tambi\u00e9n pueden expresarse mediante n\u00fameros. Por ejemplo, viga en I n\u00ba 18 significa una viga en I con una altura de 18 cm. Si las vigas I tienen la misma altura, se puede a\u00f1adir el c\u00f3digo de esquina a o b o c despu\u00e9s del n\u00famero para indicarlo, como 36a, 36b, 36c, etc. Se divide en viga I ordinaria, viga I ligera y viga I de ala ancha. Seg\u00fan la relaci\u00f3n de altura entre el ala y el alma, se divide en viga I de ala ancha, media y estrecha. Las dos primeras se fabrican en los tama\u00f1os 10-60, es decir, las alturas correspondientes son de 10 cm-60 cm.<\/p>\n<p>-Caracter\u00edsticas de la aplicaci\u00f3n:<br \/>\nIndependientemente de que el acero en forma de I sea ordinario o ligero, debido a las dimensiones relativamente altas y estrechas de la secci\u00f3n transversal, el momento de inercia de los dos ejes principales de la secci\u00f3n transversal es bastante diferente, por lo que s\u00f3lo puede utilizarse directamente para la flexi\u00f3n en el plano de su alma. componentes o formar con ellos componentes tensados de tipo celos\u00eda. No es adecuada para utilizar miembros de compresi\u00f3n axial o miembros perpendiculares al plano del alma y curvados, lo que limita enormemente su campo de aplicaci\u00f3n. Las vigas en I se utilizan ampliamente en edificios u otras estructuras met\u00e1licas.<br \/>\nLas vigas en I ordinarias y las vigas en I ligeras tienen dimensiones de secci\u00f3n transversal relativamente altas y estrechas, por lo que el momento de inercia de los dos ejes principales de la secci\u00f3n transversal es bastante diferente, lo que limita su campo de aplicaci\u00f3n.<\/p>\n<p>- Ventajas:<\/p>\n<p>Aspecto: Viga I laminada en caliente (YB(T)5601987),<\/p>\n<p>(1) Curvatura: cuando la altura de la viga en I es inferior o igual a 400mm. La curvatura por metro no ser\u00e1 superior a 1,5mm, y la curvatura total no ser\u00e1 superior a 0,15% de la longitud total. Cuando la altura sea superior a 400 mm, la curvatura por metro no ser\u00e1 superior a 1,0 mm, y la curvatura total no ser\u00e1 superior a 0,1% de la longitud total.<\/p>\n<p>(2) Longitud habitual: modelo 10-18. Longitud habitual 5-19m: modelo 20-63, longitud habitual 6-19m, longitud fija, longitud doble: Cuando la viga en I se entrega en longitud fija o doble longitud, debe incluirse en la Nota contractual. La longitud de longitud fija y doble longitud es menor o igual a 8M, y la desviaci\u00f3n permitida es de +40mm. Cuando la longitud es superior a 8M, por cada 1M adicional, la desviaci\u00f3n admisible aumenta en 5MM, pero el m\u00e1ximo no superar\u00e1 los 80MM.<\/p>\n<p>(3) Peso: Las vigas en I se suministran seg\u00fan el peso te\u00f3rico o el peso real: al calcular el peso te\u00f3rico, la densidad del acero es de 7,85G\/cent\u00edmetro c\u00fabico, y la f\u00f3rmula de c\u00e1lculo del \u00e1rea de la secci\u00f3n transversal es: HD+2T(B-D)+0,815(R cuadrado-R1 cuadrado).<\/p>","protected":false},"excerpt":{"rendered":"<p>La viga en I, tambi\u00e9n conocida como viga de acero (nombre ingl\u00e9s Universal Beam), es una barra larga de acero con secci\u00f3n transversal en forma de I. -Clasificaci\u00f3n: Las vigas en I se dividen principalmente en vigas en I ordinarias, vigas en I ligeras y vigas en I de ala ancha. Seg\u00fan la relaci\u00f3n de altura entre el ala y el alma, se dividen en vigas en I de ala ancha, media y estrecha. Las dos primeras [...]","protected":false},"featured_media":3414,"comment_status":"closed","ping_status":"closed","template":"","meta":[],"product_cat":[18,52],"class_list":{"0":"post-3393","1":"product","2":"type-product","3":"status-publish","4":"has-post-thumbnail","6":"product_cat-steel-profile","7":"product_cat-i-beam","9":"first","10":"instock","11":"shipping-taxable","12":"product-type-simple"},"_links":{"self":[{"href":"https:\/\/steelsupplydirect.com\/es\/wp-json\/wp\/v2\/product\/3393","targetHints":{"allow":["GET"]}}],"collection":[{"href":"https:\/\/steelsupplydirect.com\/es\/wp-json\/wp\/v2\/product"}],"about":[{"href":"https:\/\/steelsupplydirect.com\/es\/wp-json\/wp\/v2\/types\/product"}],"replies":[{"embeddable":true,"href":"https:\/\/steelsupplydirect.com\/es\/wp-json\/wp\/v2\/comments?post=3393"}],"wp:featuredmedia":[{"embeddable":true,"href":"https:\/\/steelsupplydirect.com\/es\/wp-json\/wp\/v2\/media\/3414"}],"wp:attachment":[{"href":"https:\/\/steelsupplydirect.com\/es\/wp-json\/wp\/v2\/media?parent=3393"}],"wp:term":[{"taxonomy":"product_cat","embeddable":true,"href":"https:\/\/steelsupplydirect.com\/es\/wp-json\/wp\/v2\/product_cat?post=3393"}],"curies":[{"name":"wp","href":"https:\/\/api.w.org\/{rel}","templated":true}]}}