{"id":3398,"date":"2023-09-13T17:22:21","date_gmt":"2023-09-13T09:22:21","guid":{"rendered":"https:\/\/steelsupplydirect.com\/?post_type=product&#038;p=3398"},"modified":"2023-09-13T17:22:22","modified_gmt":"2023-09-13T09:22:22","slug":"china-proveedor-laminado-en-caliente-u-z-tipo-pila-de-chapa-de-acero-para-la-construccion","status":"publish","type":"product","link":"https:\/\/steelsupplydirect.com\/es\/product\/china-proveedor-laminado-en-caliente-u-z-tipo-pila-de-chapa-de-acero-para-la-construccion","title":{"rendered":"China Proveedor Laminado en caliente U \/ Z Tipo de tablestaca de acero para la construcci\u00f3n"},"content":{"rendered":"<p>La tablestaca de acero es una estructura de acero con dispositivos de uni\u00f3n en los bordes, y los dispositivos de uni\u00f3n pueden combinarse libremente para formar un muro de contenci\u00f3n de tierras o de agua continuo y estanco.<\/p>\n<p>-Clasificaci\u00f3n:<\/p>\n<p>Los productos de tablestacas se dividen en dos tipos seg\u00fan la tecnolog\u00eda de producci\u00f3n: tablestacas de acero de pared delgada conformadas en fr\u00edo y tablestacas de acero laminadas en caliente.<br \/>\n(1) Las tablestacas de acero conformado en fr\u00edo incluyen las tablestacas de acero conformado en fr\u00edo sin mordida (tambi\u00e9n denominadas placas de canal) y las tablestacas de acero conformado en fr\u00edo con mordida (divididas en tipo L, tipo S, tipo U y tipo Z) . Proceso de producci\u00f3n: Las chapas finas (grosor habitual de 8 mm ~ 14 mm) se laminan en continuo y se conforman en una unidad de doblado en fr\u00edo. Ventajas: menor inversi\u00f3n en l\u00edneas de producci\u00f3n, menores costes de producci\u00f3n y control flexible de la longitud del producto. Desventajas: El grosor de todas las partes del cuerpo del pilote es el mismo, el tama\u00f1o de la secci\u00f3n transversal no se puede optimizar, lo que resulta en un aumento de la cantidad de acero utilizado, la forma de la parte de bloqueo es dif\u00edcil de controlar, las juntas no se sujetan firmemente, y el agua no se puede sellar, y el cuerpo del pilote es propenso a desgarrarse durante el uso.<\/p>\n<p>(2) Pilotes de chapa de acero laminados en caliente. Las tablestacas de acero laminado en caliente en el mundo incluyen principalmente las de tipo U, Z, AS, H y docenas de especificaciones. Los procesos de producci\u00f3n, procesamiento e instalaci\u00f3n de las tablestacas de acero en forma de Z y AS son relativamente complejos y se utilizan principalmente en Europa y Estados Unidos; en China, se utilizan principalmente las tablestacas de acero en forma de U. Proceso de producci\u00f3n: Se forma mediante laminaci\u00f3n a alta temperatura en un tren de laminaci\u00f3n de perfiles de acero. Ventajas: tama\u00f1o estandarizado, rendimiento superior, secci\u00f3n transversal razonable, alta calidad y cierre herm\u00e9tico a prueba de agua. Desventajas: mayor dificultad t\u00e9cnica, costes de producci\u00f3n m\u00e1s elevados y especificaciones poco flexibles.<\/p>\n<p>-Cat\u00e1logo de formas<\/p>\n<p>Pilote de chapa de acero en forma de U: WRU7 WRU8 WRU9 WRU10-450 WRU11-450<br \/>\nVentajas:<\/p>\n<p>1) Las tablestacas de acero en forma de U est\u00e1n disponibles en varias especificaciones y modelos.<br \/>\n2) Dise\u00f1ado y producido de acuerdo con las normas europeas, la estructura es sim\u00e9trica, lo que favorece el uso repetido y es equivalente a la laminaci\u00f3n en caliente en t\u00e9rminos de uso repetido.<br \/>\n3) La longitud se puede personalizar especialmente seg\u00fan los requisitos del cliente, lo que aporta una gran comodidad a la construcci\u00f3n y tambi\u00e9n reduce los costes.<br \/>\n4) Debido a la conveniencia de la producci\u00f3n, cuando se utilizan con pilas combinadas, se pueden pedir por adelantado antes de salir de la f\u00e1brica.<br \/>\n5) El dise\u00f1o y el ciclo de producci\u00f3n son cortos, y el rendimiento de las tablestacas de acero puede determinarse seg\u00fan los requisitos del cliente.<\/p>\n<p>Pilote de chapa de acero en forma de Z: WRZ16-635 WRZ18-635 WRZ28-635<br \/>\nLos cierres est\u00e1n distribuidos sim\u00e9tricamente a ambos lados del eje neutro, y el alma es continua, lo que mejora enormemente el m\u00f3dulo de secci\u00f3n y la rigidez a la flexi\u00f3n y garantiza que las propiedades mec\u00e1nicas de la secci\u00f3n puedan ejercerse plenamente. Gracias a su exclusiva forma de secci\u00f3n transversal y al fiable cierre Larssen.<br \/>\nVentajas de las tablestacas de acero en forma de Z:<br \/>\n1. Dise\u00f1o flexible, con m\u00f3dulo de secci\u00f3n y relaci\u00f3n de masas relativamente elevados;<br \/>\n2. Mayor momento de inercia, lo que aumenta la rigidez de la pared de tablestacas y reduce el desplazamiento y la deformaci\u00f3n;<br \/>\n3. 3. Gran anchura, lo que ahorra tiempo de elevaci\u00f3n y apilamiento;<br \/>\n4. El aumento de la anchura de la secci\u00f3n transversal reduce el n\u00famero de contracciones del muro de tablestacas y mejora directamente sus prestaciones de impermeabilizaci\u00f3n;<br \/>\n5. Las piezas con corrosi\u00f3n severa se engrosan para que la resistencia a la corrosi\u00f3n sea a\u00fan mayor.<\/p>","protected":false},"excerpt":{"rendered":"<p>La tablestaca de acero es una estructura de acero con dispositivos de uni\u00f3n en los bordes, y los dispositivos de uni\u00f3n pueden combinarse libremente para formar un muro de contenci\u00f3n de tierra o agua continuo y herm\u00e9tico. -Clasificaci\u00f3n: Los productos de tablestacas se dividen en dos tipos seg\u00fan la tecnolog\u00eda de producci\u00f3n: tablestacas de acero de pared delgada conformadas en fr\u00edo y tablestacas de acero laminadas en caliente [...]","protected":false},"featured_media":3302,"comment_status":"closed","ping_status":"closed","template":"","meta":[],"product_cat":[18,53],"class_list":{"0":"post-3398","1":"product","2":"type-product","3":"status-publish","4":"has-post-thumbnail","6":"product_cat-steel-profile","7":"product_cat-steel-sheet-pile","9":"first","10":"instock","11":"shipping-taxable","12":"product-type-simple"},"_links":{"self":[{"href":"https:\/\/steelsupplydirect.com\/es\/wp-json\/wp\/v2\/product\/3398","targetHints":{"allow":["GET"]}}],"collection":[{"href":"https:\/\/steelsupplydirect.com\/es\/wp-json\/wp\/v2\/product"}],"about":[{"href":"https:\/\/steelsupplydirect.com\/es\/wp-json\/wp\/v2\/types\/product"}],"replies":[{"embeddable":true,"href":"https:\/\/steelsupplydirect.com\/es\/wp-json\/wp\/v2\/comments?post=3398"}],"wp:featuredmedia":[{"embeddable":true,"href":"https:\/\/steelsupplydirect.com\/es\/wp-json\/wp\/v2\/media\/3302"}],"wp:attachment":[{"href":"https:\/\/steelsupplydirect.com\/es\/wp-json\/wp\/v2\/media?parent=3398"}],"wp:term":[{"taxonomy":"product_cat","embeddable":true,"href":"https:\/\/steelsupplydirect.com\/es\/wp-json\/wp\/v2\/product_cat?post=3398"}],"curies":[{"name":"wp","href":"https:\/\/api.w.org\/{rel}","templated":true}]}}