{"id":3399,"date":"2023-09-13T17:33:11","date_gmt":"2023-09-13T09:33:11","guid":{"rendered":"https:\/\/steelsupplydirect.com\/?post_type=product&#038;p=3399"},"modified":"2023-09-14T10:45:04","modified_gmt":"2023-09-14T02:45:04","slug":"proveedor-profesional-tipo-z-pila-de-chapa-de-acero-s355jr-s355j0-s355j2-con-calidad-superior","status":"publish","type":"product","link":"https:\/\/steelsupplydirect.com\/es\/product\/proveedor-profesional-tipo-z-pila-de-chapa-de-acero-s355jr-s355j0-s355j2-con-calidad-superior","title":{"rendered":"Proveedor Profesional Z Tipo Chapa de Acero Pila S355jr S355j0 S355j2 con Calidad Superior"},"content":{"rendered":"<p>La tablestaca de acero es una estructura de acero con dispositivos de uni\u00f3n en los bordes, y los dispositivos de uni\u00f3n pueden combinarse libremente para formar un muro de contenci\u00f3n de tierras o de agua continuo y estanco.<\/p>\n<p>-Clasificaci\u00f3n:<br \/>\nLos productos de tablestacas de acero se dividen en dos tipos seg\u00fan la tecnolog\u00eda de producci\u00f3n: tablestacas de acero de pared delgada conformadas en fr\u00edo y tablestacas de acero laminadas en caliente.<br \/>\n(1) Las tablestacas de acero conformadas en fr\u00edo incluyen las tablestacas de acero conformadas en fr\u00edo sin mordida (tambi\u00e9n denominadas placas de canal) y las tablestacas de acero conformadas en fr\u00edo con mordida (divididas en pilas tipo L, tipo S, tipo U y tipo Z) Proceso de producci\u00f3n: Las chapas finas (grosor com\u00fan de 8 mm ~ 14 mm) se laminan en continuo y se conforman en un marco de doblado en fr\u00edo. Ventajas: menor inversi\u00f3n en l\u00edneas de producci\u00f3n, menores costes de producci\u00f3n y control flexible de la longitud del producto. Desventajas: El grosor de cada parte del cuerpo de la pila es similar y no se puede optimizar el tama\u00f1o, lo que conlleva un aumento de la cantidad de acero utilizada. La forma de la parte de cierre es dif\u00edcil de controlar. Las juntas no est\u00e1n bien fijadas y no pueden detener el agua. El cuerpo del pilote es propenso a desgarrarse durante el uso.<\/p>\n<p>-Composici\u00f3n qu\u00edmica y propiedades mec\u00e1nicas de la marca\uff1a.<\/p>\n<p>Q345B: C\u22640.20\uff0cSi\u22640.50\uff0cMn\u22641.5\uff0cP\u22640.025\uff0cS\u22640.020\uff0cResistencia a la tracci\u00f3n\u2265345Mpa, Resistencia a la tracci\u00f3n=470-630Mpa, Alargamiento\u226521, Energ\u00eda de impacto\u226534<\/p>\n<p>Q235B: C=0,12-0,2\uff0cSi\u22640,30\uff0cMn=0,3-0,7\uff0cP\u22640,045\uff0cS\u22640,045\uff0cResistencia a la tracci\u00f3n\u2265235Mpa, Resistencia a la tracci\u00f3n=375-500Mpa, Alargamiento\u226526, Energ\u00eda de impacto\u226527<\/p>\n<p>(2) Pilotes de chapa de acero laminados en caliente Existen varios tipos principales de pilotes de chapa de acero laminados en caliente en el mundo, como los de tipo U, tipo Z, tipo AS, tipo H, etc. Tecnolog\u00eda de producci\u00f3n, procesamiento e instalaci\u00f3n de tablestacas de acero tipo Z y tipo AS Tecnolog\u00eda de producci\u00f3n: Las tablestacas de acero se forman por laminaci\u00f3n a alta temperatura en un tren de laminaci\u00f3n de perfiles de acero. Ventajas: especificaciones, rendimiento razonable, estructura razonable, alta calidad, cierre herm\u00e9tico y estructura de cierre. Desventajas: mayor tecnolog\u00eda, mayores costes de producci\u00f3n y series de especificaciones poco flexibles.<\/p>\n<p>-Composici\u00f3n qu\u00edmica y propiedades mec\u00e1nicas de la marca\uff1a.<\/p>\n<p>JIS A5523-SYW295: C\u22640.18\uff0cSi\u22640.55\uff0cMn\u22641.5\uff0cP\u22640.04\uff0cS\u22640.04\uff0cN\u22640.006\uff0c L\u00edmite el\u00e1stico\uff1e295N\/mm\u00b2, Resistencia a la tracci\u00f3n\uff1e490N\/mm\u00b2, Alargamiento\uff1e17<\/p>\n<p>SYW390:  C\u22640,18\uff0cSi\u22640,55\uff0cMn\u22641,5\uff0cP\u22640,04\uff0cS\u22640,04\uff0cN\u22640,006\uff0c Resistencia a la fluencia\uff1e540N\/mm\u00b2, Resistencia a la tracci\u00f3n\uff1e15N\/mm\u00b2,<\/p>\n<p>JIS A5528-SY295: L\u00edmite el\u00e1stico\uff1e295N\/mm\u00b2, Resistencia a la tracci\u00f3n\uff1e490N\/mm\u00b2, Alargamiento\uff1e17<\/p>\n<p>SY390: L\u00edmite el\u00e1stico\uff1e540N\/mm\u00b2, Alargamiento\uff1e15<\/p>\n<p>-Categor\u00eda de forma<\/p>\n<p>Ventajas del tipo U: WRU7(42kg\/m),WRU8(51kg\/m), WRU9(59.7kg\/m)...<br \/>\n1) Las tablestacas de acero en forma de U est\u00e1n disponibles en varias especificaciones y modelos.<br \/>\n2) Dise\u00f1ado y producido de acuerdo con las normas europeas, la estructura es sim\u00e9trica, lo que favorece el uso repetido y es equivalente a la laminaci\u00f3n en caliente en t\u00e9rminos de uso repetido.<br \/>\n3) La longitud se puede personalizar especialmente seg\u00fan los requisitos del cliente, lo que aporta una gran comodidad a la construcci\u00f3n y tambi\u00e9n reduce los costes.<br \/>\n4) Debido a la conveniencia de la producci\u00f3n, cuando se utilizan con pilas combinadas, se pueden pedir por adelantado antes de salir de la f\u00e1brica.<br \/>\n5) El dise\u00f1o y el ciclo de producci\u00f3n son cortos, y el rendimiento de las tablestacas de acero puede determinarse seg\u00fan los requisitos del cliente.<\/p>\n<p>Ventajas del tipo Z: WRZ16-635(61.5kg\/m), WRZ18-635, WRZ28-635...<\/p>\n<p>1) Dise\u00f1o flexible, con m\u00f3dulo de secci\u00f3n y relaci\u00f3n de masas relativamente elevados;<br \/>\n2) Mayor momento de inercia, lo que aumenta la rigidez de la pared de tablestacas y reduce el desplazamiento y la deformaci\u00f3n;<br \/>\n3) Gran anchura, lo que ahorra tiempo de elevaci\u00f3n y apilamiento;<br \/>\n4) El aumento de la anchura de la secci\u00f3n transversal reduce el n\u00famero de contracciones del muro de tablestacas y mejora directamente sus prestaciones de impermeabilizaci\u00f3n;<br \/>\n5) Las piezas con corrosi\u00f3n severa se engrosan para mejorar a\u00fan m\u00e1s la resistencia a la corrosi\u00f3n.<\/p>\n<p>Tablestacas tipo L: WRL1.5<\/p>\n<p>La secci\u00f3n transversal es ligera, el muro de pilotes ocupa poco espacio y los cierres est\u00e1n en la misma direcci\u00f3n, lo que facilita la construcci\u00f3n. Adecuado para la construcci\u00f3n de excavaciones de ingenier\u00eda municipal<\/p>\n<p>Tablestacas tipo S: WRS4<\/p>\n<p>Tipo de acero recto: Debido a su baja altura y cerca de una l\u00ednea recta, es m\u00e1s adecuado para la excavaci\u00f3n de algunas zanjas, especialmente cuando el espacio entre dos edificios no es grande y debe ser excavado.<\/p>","protected":false},"excerpt":{"rendered":"<p>La tablestaca de acero es una estructura de acero con dispositivos de uni\u00f3n en los bordes, y los dispositivos de uni\u00f3n pueden combinarse libremente para formar un muro de contenci\u00f3n de tierra o agua continuo y herm\u00e9tico. -Clasificaci\u00f3n: Los productos de tablestacas de acero se dividen en dos tipos seg\u00fan la tecnolog\u00eda de producci\u00f3n: tablestacas de acero de pared delgada conformadas en fr\u00edo y tablestacas [...]","protected":false},"featured_media":3247,"comment_status":"closed","ping_status":"closed","template":"","meta":[],"product_cat":[18,53],"class_list":{"0":"post-3399","1":"product","2":"type-product","3":"status-publish","4":"has-post-thumbnail","6":"product_cat-steel-profile","7":"product_cat-steel-sheet-pile","9":"first","10":"instock","11":"shipping-taxable","12":"product-type-simple"},"_links":{"self":[{"href":"https:\/\/steelsupplydirect.com\/es\/wp-json\/wp\/v2\/product\/3399","targetHints":{"allow":["GET"]}}],"collection":[{"href":"https:\/\/steelsupplydirect.com\/es\/wp-json\/wp\/v2\/product"}],"about":[{"href":"https:\/\/steelsupplydirect.com\/es\/wp-json\/wp\/v2\/types\/product"}],"replies":[{"embeddable":true,"href":"https:\/\/steelsupplydirect.com\/es\/wp-json\/wp\/v2\/comments?post=3399"}],"wp:featuredmedia":[{"embeddable":true,"href":"https:\/\/steelsupplydirect.com\/es\/wp-json\/wp\/v2\/media\/3247"}],"wp:attachment":[{"href":"https:\/\/steelsupplydirect.com\/es\/wp-json\/wp\/v2\/media?parent=3399"}],"wp:term":[{"taxonomy":"product_cat","embeddable":true,"href":"https:\/\/steelsupplydirect.com\/es\/wp-json\/wp\/v2\/product_cat?post=3399"}],"curies":[{"name":"wp","href":"https:\/\/api.w.org\/{rel}","templated":true}]}}