{"id":3401,"date":"2023-09-14T11:22:45","date_gmt":"2023-09-14T03:22:45","guid":{"rendered":"https:\/\/steelsupplydirect.com\/?post_type=product&#038;p=3401"},"modified":"2023-09-14T11:22:46","modified_gmt":"2023-09-14T03:22:46","slug":"lasern-frio-formado-en-forma-de-u-forma-de-z-tipo-de-chapa-de-acero-pilotes-sy390-sy295","status":"publish","type":"product","link":"https:\/\/steelsupplydirect.com\/es\/product\/lasern-frio-formado-en-forma-de-u-forma-de-z-tipo-de-chapa-de-acero-pilotes-sy390-sy295","title":{"rendered":"Tablestacas de acero conformadas en fr\u00edo Lasern en forma de U y en forma de Z Sy390 Sy295"},"content":{"rendered":"<p>Las tablestacas de acero son un tipo de acero con traba. Sus secciones transversales incluyen chapa recta, ranurada y en forma de Z, etc., y est\u00e1n disponibles en varios tama\u00f1os y formas de enclavamiento. Las m\u00e1s comunes son las de tipo Larson, tipo Lackawanna, etc. Sus ventajas son: alta resistencia, f\u00e1cil de hincar en suelos duros; se puede construir en aguas profundas, y si es necesario, se pueden a\u00f1adir soportes diagonales para formar una jaula. Tiene un buen rendimiento impermeable; puede formar atagu\u00edas de diversas formas seg\u00fan las necesidades y puede reutilizarse muchas veces, por lo que tiene una amplia gama de usos.<\/p>\n<p>Los productos de tablestacas de acero se dividen en dos tipos seg\u00fan la tecnolog\u00eda de producci\u00f3n: Las tablestacas de acero de pared delgada conformadas en fr\u00edo y las tablestacas de acero laminado en caliente (productos principales).<br \/>\n(1) Las tablestacas de acero conformado en fr\u00edo incluyen las tablestacas de acero conformado en fr\u00edo sin mordida (tambi\u00e9n denominadas placas de canal) y las tablestacas de acero conformado en fr\u00edo con mordida (divididas en tipo L, tipo S, tipo U y tipo Z) . Proceso de producci\u00f3n: Las chapas finas (grosor habitual de 8 mm ~ 14 mm) se laminan en continuo y se conforman en una unidad de doblado en fr\u00edo. Ventajas: menor inversi\u00f3n en l\u00edneas de producci\u00f3n, menores costes de producci\u00f3n y control flexible de la longitud del producto. Desventajas: El grosor de todas las partes del cuerpo del pilote es el mismo, el tama\u00f1o de la secci\u00f3n transversal no se puede optimizar, lo que resulta en un aumento de la cantidad de acero utilizado, la forma de la parte de bloqueo es dif\u00edcil de controlar, las juntas no se sujetan firmemente, y el agua no se puede sellar, y el cuerpo del pilote es propenso a desgarrarse durante el uso.<br \/>\n(2) Pilotes de chapa de acero laminados en caliente. Las tablestacas de acero laminado en caliente en el mundo incluyen principalmente las de tipo U, Z, AS, H y docenas de especificaciones. Los procesos de producci\u00f3n, procesamiento e instalaci\u00f3n de las tablestacas de acero en forma de Z y AS son relativamente complejos y se utilizan principalmente en Europa y Estados Unidos; en China, se utilizan principalmente las tablestacas de acero en forma de U. Proceso de producci\u00f3n: Se forma mediante laminaci\u00f3n a alta temperatura en un tren de laminaci\u00f3n de perfiles de acero. Ventajas: tama\u00f1o estandarizado, rendimiento superior, secci\u00f3n transversal razonable, alta calidad y cierre herm\u00e9tico a prueba de agua. Desventajas: mayor dificultad t\u00e9cnica, costes de producci\u00f3n m\u00e1s elevados y series de especificaciones poco flexibles.<\/p>\n<p>Nombre del grado:<\/p>\n<p>ES A5523-SYW295: C\u22640.18\uff0cSi\u22640.55\uff0cMn\u22641.5\uff0cP\u22640.04\uff0cS\u22640.04\uff0cN\u22640.006\uff0c Resistencia a la fluencia\uff1e295N\/mm\u00b2, Resistencia a la tracci\u00f3n\uff1e490N\/mm\u00b2, Alargamiento\uff1e17<\/p>\n<p>SYW390:  C\u22640,18\uff0cSi\u22640,55\uff0cMn\u22641,5\uff0cP\u22640,04\uff0cS\u22640,04\uff0cN\u22640,006\uff0c Resistencia a la fluencia\uff1e540N\/mm\u00b2, Resistencia a la tracci\u00f3n\uff1e15N\/mm\u00b2,<\/p>\n<p>JIS A5528-SY295: L\u00edmite el\u00e1stico\uff1e295N\/mm\u00b2, Resistencia a la tracci\u00f3n\uff1e490N\/mm\u00b2, Alargamiento\uff1e17<\/p>\n<p>SY390: L\u00edmite el\u00e1stico\uff1e540N\/mm\u00b2, Alargamiento\uff1e15<\/p>\n<p>-Categor\u00eda de forma<\/p>\n<p>Tipo U:<\/p>\n<p>1) Las tablestacas de acero en forma de U est\u00e1n disponibles en varias especificaciones y modelos.<br \/>\n2) Dise\u00f1ado y producido de acuerdo con las normas europeas, la estructura es sim\u00e9trica, lo que favorece el uso repetido y es equivalente a la laminaci\u00f3n en caliente en t\u00e9rminos de uso repetido.<br \/>\n3) La longitud se puede personalizar especialmente seg\u00fan los requisitos del cliente, lo que aporta una gran comodidad a la construcci\u00f3n y tambi\u00e9n reduce los costes.<br \/>\n4) Debido a la conveniencia de la producci\u00f3n, cuando se utilizan con pilas combinadas, se pueden pedir por adelantado antes de salir de la f\u00e1brica.<br \/>\n5) El dise\u00f1o y el ciclo de producci\u00f3n son cortos, y el rendimiento de las tablestacas de acero puede determinarse seg\u00fan los requisitos del cliente.<\/p>\n<p>Tipo Z:<\/p>\n<p>1). Dise\u00f1o flexible, con m\u00f3dulo de secci\u00f3n y relaci\u00f3n de masas relativamente elevados;<br \/>\n2). Mayor momento de inercia, lo que aumenta la rigidez de la pared de tablestacas y reduce el desplazamiento y la deformaci\u00f3n;<br \/>\n3). Gran anchura, lo que ahorra tiempo de elevaci\u00f3n y apilado;<br \/>\n4). El aumento de la anchura de la secci\u00f3n transversal reduce el n\u00famero de contracciones del muro de tablestacas y mejora directamente su capacidad de retenci\u00f3n de agua;<br \/>\n5). Las piezas con corrosi\u00f3n grave se engrosan para mejorar a\u00fan m\u00e1s la resistencia a la corrosi\u00f3n.<\/p>\n<p>Tipo L:<\/p>\n<p>El tipo L se utiliza principalmente para el sostenimiento de terraplenes, muros de presas, zanjas y excavaciones.<br \/>\nLa secci\u00f3n transversal es ligera, el muro de pilotes ocupa poco espacio y los cierres est\u00e1n en la misma direcci\u00f3n, lo que facilita la construcci\u00f3n.<\/p>\n<p>Pilotes lineales de chapa de acero:<\/p>\n<p>Por su baja altura y su proximidad a una l\u00ednea recta, son m\u00e1s adecuadas para excavar algunas zanjas, sobre todo cuando el espacio entre dos edificios no es grande y hay que excavarlo.<\/p>","protected":false},"excerpt":{"rendered":"<p>Las tablestacas de acero son un tipo de acero con traba. Sus secciones transversales incluyen chapa recta, ranurada y en forma de Z, etc., y est\u00e1n disponibles en varios tama\u00f1os y formas de enclavamiento. Las m\u00e1s comunes son las de tipo Larson, tipo Lackawanna, etc. Sus ventajas son: alta resistencia, f\u00e1cil de hincar en suelos duros; se puede construir en aguas profundas, [...].","protected":false},"featured_media":1616,"comment_status":"closed","ping_status":"closed","template":"","meta":[],"product_cat":[18,53],"class_list":{"0":"post-3401","1":"product","2":"type-product","3":"status-publish","4":"has-post-thumbnail","6":"product_cat-steel-profile","7":"product_cat-steel-sheet-pile","9":"first","10":"instock","11":"shipping-taxable","12":"product-type-simple"},"_links":{"self":[{"href":"https:\/\/steelsupplydirect.com\/es\/wp-json\/wp\/v2\/product\/3401","targetHints":{"allow":["GET"]}}],"collection":[{"href":"https:\/\/steelsupplydirect.com\/es\/wp-json\/wp\/v2\/product"}],"about":[{"href":"https:\/\/steelsupplydirect.com\/es\/wp-json\/wp\/v2\/types\/product"}],"replies":[{"embeddable":true,"href":"https:\/\/steelsupplydirect.com\/es\/wp-json\/wp\/v2\/comments?post=3401"}],"wp:featuredmedia":[{"embeddable":true,"href":"https:\/\/steelsupplydirect.com\/es\/wp-json\/wp\/v2\/media\/1616"}],"wp:attachment":[{"href":"https:\/\/steelsupplydirect.com\/es\/wp-json\/wp\/v2\/media?parent=3401"}],"wp:term":[{"taxonomy":"product_cat","embeddable":true,"href":"https:\/\/steelsupplydirect.com\/es\/wp-json\/wp\/v2\/product_cat?post=3401"}],"curies":[{"name":"wp","href":"https:\/\/api.w.org\/{rel}","templated":true}]}}