{"id":4405,"date":"2024-07-10T17:05:51","date_gmt":"2024-07-10T09:05:51","guid":{"rendered":"https:\/\/steelsupplydirect.com\/?post_type=product&#038;p=2994"},"modified":"2025-09-22T19:51:49","modified_gmt":"2025-09-22T11:51:49","slug":"tubo-de-acero-inoxidable-304","status":"publish","type":"product","link":"https:\/\/steelsupplydirect.com\/es\/product\/tubo-de-acero-inoxidable-304","title":{"rendered":"Tubos de acero inoxidable 304"},"content":{"rendered":"<h2>descripci\u00f3n del producto<\/h2>\n<p>El tubo de acero inoxidable es un material de acero hueco, alargado y circular muy utilizado en tuber\u00edas de transporte industrial y componentes estructurales mec\u00e1nicos como petr\u00f3leo, qu\u00edmica, medicina, alimentaci\u00f3n, industria ligera, instrumentos mec\u00e1nicos, etc. Adem\u00e1s, cuando la resistencia a la flexi\u00f3n y a la torsi\u00f3n son iguales, el peso es ligero, por lo que tambi\u00e9n se utiliza mucho para fabricar elementos de maquinaria y estructuras de ingenier\u00eda. Tambi\u00e9n se utiliza com\u00fanmente como muebles, utensilios de cocina, etc.<br \/>\nLos tubos de acero inoxidable suelen utilizar los indicadores de dureza Brinell, Rockwell y Vickers para medir su dureza.<\/p>\n<h3>Parte 1 Dureza Brinell<\/h3>\n<p>Entre las normas para tubos de acero inoxidable, la dureza Brinell es la m\u00e1s utilizada, y la dureza del material suele representarse por el di\u00e1metro de la indentaci\u00f3n, lo que resulta intuitivo y c\u00f3modo. Sin embargo, no es adecuada para tubos de acero m\u00e1s duros o delgados.<\/p>\n<h3>Parte 2 Dureza Rockwell<\/h3>\n<p>La escala Rockwell de los tubos de acero inoxidable es la misma que la escala Brinell, que es un m\u00e9todo de ensayo de indentaci\u00f3n. La diferencia es que mide la profundidad de la indentaci\u00f3n. La escala Rockwell es un m\u00e9todo ampliamente utilizado en la actualidad, en la que HRC es el segundo despu\u00e9s de la dureza Brinell HB en las normas de tubos de acero. La dureza Rockwell es adecuada para medir materiales met\u00e1licos desde extremadamente blandos hasta extremadamente duros. Compensa las deficiencias del m\u00e9todo Brinell y es m\u00e1s sencillo que \u00e9ste. Puede leer directamente el valor de dureza en el dial del dur\u00f3metro. Sin embargo, debido a su peque\u00f1a indentaci\u00f3n, el valor de dureza no es tan preciso como el m\u00e9todo Brinell.<\/p>\n<h3>Parte 3 Dureza Vickers<\/h3>\n<p>El ensayo de dureza Vickers de los tubos de acero inoxidable es tambi\u00e9n un m\u00e9todo de ensayo de indentaci\u00f3n, que puede utilizarse para medir la dureza de materiales met\u00e1licos muy finos y capas superficiales. Tiene las principales ventajas de los m\u00e9todos Brinell y Rockwell y supera sus desventajas b\u00e1sicas, pero no es tan simple como el m\u00e9todo Rockwell, y el m\u00e9todo Vickers rara vez se utiliza en las normas de tuber\u00edas de acero.<\/p>\n<h3>Parte 4 Pruebas de dureza<\/h3>\n<p>Los tubos de acero inoxidable con un di\u00e1metro interior superior a 6,0 mm y un grosor de pared inferior a 13 mm pueden probarse con un dur\u00f3metro Vickers W-B75, que es muy r\u00e1pido y sencillo, y resulta adecuado para la inspecci\u00f3n de cualificaci\u00f3n no destructiva r\u00e1pida de tubos de acero inoxidable. Los tubos de acero inoxidable con un di\u00e1metro interior superior a 30 mm y un grosor de pared superior a 1,2 mm se someten a pruebas de dureza HRB y HRC con un dur\u00f3metro Rockwell. Los tubos de acero inoxidable con un di\u00e1metro interior superior a 30 mm y un grosor de pared inferior a 1,2 mm se someten a ensayos de dureza HRT o HRN utilizando un dur\u00f3metro Rockwell de superficie. Los tubos de acero inoxidable con un di\u00e1metro interior inferior a 0 mm y superior a 4,8 mm se someten a un ensayo de dureza HR15T utilizando un dur\u00f3metro Rockwell espec\u00edfico para tubos. Cuando el di\u00e1metro interior de un tubo de acero inoxidable es superior a 26 mm, tambi\u00e9n puede utilizarse un dur\u00f3metro Rockwell o Rockwell de superficie para comprobar la dureza de la pared interior del tubo.<\/p>\n<p>Los tubos de acero inoxidable se dividen en tubos ordinarios de acero al carbono, tubos de acero estructural al carbono de alta calidad, tubos estructurales de aleaci\u00f3n, tubos de acero aleado, tubos de acero para rodamientos, tubos de acero inoxidable, as\u00ed como tubos compuestos bimet\u00e1licos, tubos revestidos y recubiertos para ahorrar metales preciosos y cumplir requisitos especiales. Existen varios tipos y usos de tubos de acero inoxidable, con distintos requisitos t\u00e9cnicos y m\u00e9todos de producci\u00f3n. La producci\u00f3n actual de tubos de acero tiene un rango de di\u00e1metro exterior de 0,1-4500mm y un rango de espesor de pared de 0,01-250mm. Para distinguir sus caracter\u00edsticas, los tubos de acero suelen clasificarse seg\u00fan el siguiente m\u00e9todo.<\/p>","protected":false},"excerpt":{"rendered":"<p>Le damos la bienvenida. Gracias por su atenci\u00f3n a los productos de nuestra empresa. Nuestros productos de acero est\u00e1n dise\u00f1ados para satisfacer las necesidades de su proyecto y la calidad. Esperamos que pueda encontrar productos satisfactorios durante la navegaci\u00f3n, y perm\u00edtanos proporcionarle una experiencia de compra satisfactoria. Esperamos poder ofrecerle productos y servicios de calidad.<\/p>","protected":false},"featured_media":2032,"comment_status":"closed","ping_status":"closed","template":"","meta":[],"product_cat":[54,57],"class_list":{"0":"post-4405","1":"product","2":"type-product","3":"status-publish","4":"has-post-thumbnail","6":"product_cat-stainless-steel","7":"product_cat-stainless-steel-tube","9":"first","10":"instock","11":"shipping-taxable","12":"product-type-simple"},"_links":{"self":[{"href":"https:\/\/steelsupplydirect.com\/es\/wp-json\/wp\/v2\/product\/4405","targetHints":{"allow":["GET"]}}],"collection":[{"href":"https:\/\/steelsupplydirect.com\/es\/wp-json\/wp\/v2\/product"}],"about":[{"href":"https:\/\/steelsupplydirect.com\/es\/wp-json\/wp\/v2\/types\/product"}],"replies":[{"embeddable":true,"href":"https:\/\/steelsupplydirect.com\/es\/wp-json\/wp\/v2\/comments?post=4405"}],"wp:featuredmedia":[{"embeddable":true,"href":"https:\/\/steelsupplydirect.com\/es\/wp-json\/wp\/v2\/media\/2032"}],"wp:attachment":[{"href":"https:\/\/steelsupplydirect.com\/es\/wp-json\/wp\/v2\/media?parent=4405"}],"wp:term":[{"taxonomy":"product_cat","embeddable":true,"href":"https:\/\/steelsupplydirect.com\/es\/wp-json\/wp\/v2\/product_cat?post=4405"}],"curies":[{"name":"wp","href":"https:\/\/api.w.org\/{rel}","templated":true}]}}