{"id":4408,"date":"2024-07-19T09:43:34","date_gmt":"2024-07-19T01:43:34","guid":{"rendered":"https:\/\/steelsupplydirect.com\/?post_type=product&#038;p=3049"},"modified":"2025-12-09T16:14:06","modified_gmt":"2025-12-09T08:14:06","slug":"bobina-de-acero-dulce","status":"publish","type":"product","link":"https:\/\/steelsupplydirect.com\/es\/product\/bobina-de-acero-dulce","title":{"rendered":"Bobinas de acero dulce baratas"},"content":{"rendered":"<div style=\"overflow: auto;\">\n<table>\n<thead>\n<tr>\n<th>Nombre del producto<\/th>\n<th>Bobina de acero al carbono<\/th>\n<\/tr>\n<\/thead>\n<tbody>\n<tr>\n<td>Grado<\/td>\n<td>Q195\u3001Q215\u3001Q235\u3001Q255\u3001Q275\u3001Q345\u3001Q355\u3001SS400\u3001ST37\u3001ST52\u3001S235JR\u3001a36\u3001s235jr etc.<\/td>\n<\/tr>\n<tr>\n<td>Est\u00e1ndar<\/td>\n<td>AISI,ASTM,DIN,JIS,GB,JIS,SUS,EN,etc.<\/td>\n<\/tr>\n<tr>\n<td>Anchura<\/td>\n<td>50MM~2200MM o seg\u00fan las necesidades del cliente<\/td>\n<\/tr>\n<tr>\n<td>Espesor<\/td>\n<td>1,8MM\uff5e20MM o seg\u00fan los requisitos del cliente<\/td>\n<\/tr>\n<tr>\n<td>Tratamiento de superficies<\/td>\n<td>Desnudo, negro, aceitado, arenado, pintado, revestido o seg\u00fan sus necesidades<\/td>\n<\/tr>\n<tr>\n<td>Tecnolog\u00eda<\/td>\n<td>Laminado en caliente, laminado en fr\u00edo<\/td>\n<\/tr>\n<tr>\n<td>Aplicaci\u00f3n<\/td>\n<td>Construcci\u00f3n, fabricaci\u00f3n de maquinaria, fabricaci\u00f3n de contenedores, construcci\u00f3n naval, puentes, etc.<\/td>\n<\/tr>\n<\/tbody>\n<\/table>\n<\/div>\n<h2>Descripci\u00f3n del producto<\/h2>\n<p>La bobina de acero al carbono Q235B es un material de acero al carbono muy utilizado en la industria manufacturera. Su composici\u00f3n qu\u00edmica contiene carbono, hierro, manganeso y otros elementos, y tiene buenas propiedades mec\u00e1nicas y procesabilidad.<span style=\"font-size: 14.4px;\">A continuaci\u00f3n se presenta una introducci\u00f3n detallada a la bobina de acero al carbono Q235B:<\/span><\/p>\n<h3>Parte 1 Composici\u00f3n qu\u00edmica<\/h3>\n<p>La composici\u00f3n qu\u00edmica de la bobina de acero al carbono Q235B cumple los requisitos de la norma GB\/T 700-2006. Su contenido de carbono oscila entre 0,12-0,20%, el contenido de manganeso oscila entre 0,30-0,70%, el contenido de silicio oscila entre 0,30% y menos, y el contenido de f\u00f3sforo y azufre requieren menos de 0,045%.<\/p>\n<h3>Parte 2 Propiedades mec\u00e1nicas<\/h3>\n<p>La bobina de acero al carbono Q235B tiene un alto l\u00edmite el\u00e1stico, con un valor est\u00e1ndar de 235MPa. Su rango de resistencia a la tracci\u00f3n es de 375-500MPa, y su rango de alargamiento es superior a 26%. Esto ha llevado a que el material se utilice ampliamente en muchas \u00e1reas de la construcci\u00f3n y la fabricaci\u00f3n.<\/p>\n<h3>Parte 3 Variedades y usos<\/h3>\n<p>Hay muchas variedades de bobinas de acero al carbono Q235B, incluyendo bobinas laminadas en caliente, bobinas laminadas en fr\u00edo, bobinas galvanizadas, etc. De acuerdo con los diferentes m\u00e9todos de procesamiento, se pueden producir bobinas de acero al carbono de diversas especificaciones y tama\u00f1os. Es ampliamente utilizado en la construcci\u00f3n, autom\u00f3viles, barcos, puentes, fabricaci\u00f3n de maquinaria y otras industrias.<\/p>\n<h3>Parte 4 Tratamiento de superficies<\/h3>\n<p>La superficie de la bobina de acero al carbono Q235B puede tratarse de forma diferente para satisfacer distintos requisitos de uso.<\/p>\n<h3>Parte 5 Los tratamientos de superficie m\u00e1s comunes son<\/h3>\n<p>La materia prima tiene una superficie negra tras el laminado en caliente, una superficie brillante tras el laminado en fr\u00edo, una superficie anticorrosiva tras el galvanizado, etc.<\/p>\n<p>En t\u00e9rminos generales, la bobina de acero al carbono Q235B, como material de acero al carbono de uso com\u00fan, tiene las ventajas de una composici\u00f3n qu\u00edmica estable, buenas propiedades mec\u00e1nicas y buena procesabilidad. Se utiliza ampliamente en la industria manufacturera, proporcionando soporte material fiable para diversos campos estructurales y de fabricaci\u00f3n.<\/p>","protected":false},"excerpt":{"rendered":"<p>La bobina de acero dulce tiene buenas propiedades mec\u00e1nicas y procesabilidad. Se utiliza mucho en la industria manufacturera. Su composici\u00f3n qu\u00edmica contiene carbono, hierro, manganeso y otros elementos.<\/p>","protected":false},"featured_media":3046,"comment_status":"closed","ping_status":"closed","template":"","meta":[],"product_cat":[15,39],"class_list":{"0":"post-4408","1":"product","2":"type-product","3":"status-publish","4":"has-post-thumbnail","6":"product_cat-carbon-steel","7":"product_cat-carbon-steel-coil","9":"first","10":"instock","11":"shipping-taxable","12":"product-type-simple"},"_links":{"self":[{"href":"https:\/\/steelsupplydirect.com\/es\/wp-json\/wp\/v2\/product\/4408","targetHints":{"allow":["GET"]}}],"collection":[{"href":"https:\/\/steelsupplydirect.com\/es\/wp-json\/wp\/v2\/product"}],"about":[{"href":"https:\/\/steelsupplydirect.com\/es\/wp-json\/wp\/v2\/types\/product"}],"replies":[{"embeddable":true,"href":"https:\/\/steelsupplydirect.com\/es\/wp-json\/wp\/v2\/comments?post=4408"}],"wp:featuredmedia":[{"embeddable":true,"href":"https:\/\/steelsupplydirect.com\/es\/wp-json\/wp\/v2\/media\/3046"}],"wp:attachment":[{"href":"https:\/\/steelsupplydirect.com\/es\/wp-json\/wp\/v2\/media?parent=4408"}],"wp:term":[{"taxonomy":"product_cat","embeddable":true,"href":"https:\/\/steelsupplydirect.com\/es\/wp-json\/wp\/v2\/product_cat?post=4408"}],"curies":[{"name":"wp","href":"https:\/\/api.w.org\/{rel}","templated":true}]}}