{"id":34,"date":"2020-02-07T07:02:05","date_gmt":"2020-02-07T07:02:05","guid":{"rendered":"https:\/\/f.seowaimao.com\/?page_id=34"},"modified":"2023-09-28T13:28:55","modified_gmt":"2023-09-28T05:28:55","slug":"a-propos-de","status":"publish","type":"page","link":"https:\/\/steelsupplydirect.com\/fr\/a-propos-de","title":{"rendered":"A propos de"},"content":{"rendered":"<div class=\"banner has-hover\" id=\"banner-660541035\">\n          <div class=\"banner-inner fill\">\n        <div class=\"banner-bg fill\" >\n            <img loading=\"lazy\" decoding=\"async\" width=\"1853\" height=\"904\" src=\"https:\/\/steelsupplydirect.com\/wp-content\/uploads\/2023\/09\/galpipe.webp\" class=\"bg attachment-original size-original\" alt=\"tuyau d&#039;arrosage\" \/>                                    \n                    <\/div>\n\t\t\n        <div class=\"banner-layers container\">\n            <div class=\"fill banner-link\"><\/div>            \n   <div id=\"text-box-305205609\" class=\"text-box banner-layer x5 md-x5 lg-x0 y50 md-y25 lg-y30 res-text\">\n                                <div class=\"text-box-content text dark\">\n              \n              <div class=\"text-inner text-center\">\n                  \n\t<div id=\"text-1862558395\" class=\"text\">\n\t\t\n<h1>\u00c0 propos de nous<\/h1>\n\t\t\n<style>\n#text-1862558395 {\n  font-size: 0.75rem;\n  text-align: left;\n}\n@media (min-width:550px) {\n  #text-1862558395 {\n    font-size: 1rem;\n  }\n}\n<\/style>\n\t<\/div>\n\t\n\t<div id=\"text-3175679881\" class=\"text\">\n\t\t\n<p>SteelSupplyDirect<br \/>\n\t\t\n<style>\n#text-3175679881 {\n  text-align: left;\n}\n<\/style>\n\t<\/div>\n\t\n              <\/div>\n           <\/div>\n                            \n<style>\n#text-box-305205609 {\n  width: 81%;\n}\n#text-box-305205609 .text-box-content {\n  font-size: 100%;\n}\n@media (min-width:550px) {\n  #text-box-305205609 {\n    width: 34%;\n  }\n}\n<\/style>\n    <\/div>\n \n        <\/div>\n      <\/div>\n\n            \n<style>\n#banner-660541035 {\n  padding-top: 38%;\n}\n#banner-660541035 .banner-bg img {\n  object-position: 47% 5%;\n}\n@media (min-width:550px) {\n  #banner-660541035 {\n    padding-top: 28%;\n  }\n}\n@media (min-width:850px) {\n  #banner-660541035 {\n    padding-top: 28%;\n  }\n}\n<\/style>\n  <\/div>\n\n\n<div class=\"row\" style=\"max-width:1500px\" id=\"row-1778361083\">\n\n\t<div id=\"col-2114182020\" class=\"col hide-for-small medium-2 small-12 large-2\"  >\n\t\t\t\t<div class=\"col-inner\"  >\n\t\t\t\n\t\t\t\n<ul class=\"sidebar-wrapper ul-reset\"><aside id=\"woocommerce_product_categories-5\" class=\"widget woocommerce widget_product_categories\"><span class=\"widget-title\"><span>Cat\u00e9gories de produits<\/span><\/span><div class=\"is-divider small\"><\/div><ul class=\"product-categories\"><li class=\"cat-item cat-item-66\"><a href=\"https:\/\/steelsupplydirect.com\/fr\/fourniture-dacier\/tole-ondulee\">T\u00f4le ondul\u00e9e<\/a><\/li>\n<li class=\"cat-item cat-item-68\"><a href=\"https:\/\/steelsupplydirect.com\/fr\/fourniture-dacier\/plaque-daluminium\">Plaque d'aluminium<\/a><\/li>\n<li class=\"cat-item cat-item-69\"><a href=\"https:\/\/steelsupplydirect.com\/fr\/fourniture-dacier\/bobines-daluminium\">Bobines d'aluminium<\/a><\/li>\n<li class=\"cat-item cat-item-70\"><a href=\"https:\/\/steelsupplydirect.com\/fr\/fourniture-dacier\/tube-en-aluminium\">Tube en aluminium<\/a><\/li>\n<li class=\"cat-item cat-item-71\"><a href=\"https:\/\/steelsupplydirect.com\/fr\/fourniture-dacier\/tige-daluminium\">Tige en aluminium<\/a><\/li>\n<li class=\"cat-item cat-item-65\"><a href=\"https:\/\/steelsupplydirect.com\/fr\/fourniture-dacier\/barres-darmature-en-acier-au-carbone\">Barre d'armature<\/a><\/li>\n<li class=\"cat-item cat-item-15 cat-parent\"><a href=\"https:\/\/steelsupplydirect.com\/fr\/fourniture-dacier\/acier-au-carbone\">Acier au carbone<\/a><ul class='children'>\n<li class=\"cat-item cat-item-39\"><a href=\"https:\/\/steelsupplydirect.com\/fr\/fourniture-dacier\/acier-au-carbone\/bobine-dacier-au-carbone\">Bobine d'acier au carbone<\/a><\/li>\n<li class=\"cat-item cat-item-40\"><a href=\"https:\/\/steelsupplydirect.com\/fr\/fourniture-dacier\/acier-au-carbone\/tole-dacier-au-carbone\">T\u00f4le d'acier au carbone<\/a><\/li>\n<li class=\"cat-item cat-item-41\"><a href=\"https:\/\/steelsupplydirect.com\/fr\/fourniture-dacier\/acier-au-carbone\/tube-en-acier-au-carbone\">Tube en acier au carbone<\/a><\/li>\n<li class=\"cat-item cat-item-42\"><a href=\"https:\/\/steelsupplydirect.com\/fr\/fourniture-dacier\/acier-au-carbone\/tige-en-acier-au-carbone\">Tige en acier au carbone<\/a><\/li>\n<\/ul>\n<\/li>\n<li class=\"cat-item cat-item-17 cat-parent\"><a href=\"https:\/\/steelsupplydirect.com\/fr\/fourniture-dacier\/fabricant-dacier-galvanise\">Galvanis\u00e9<\/a><ul class='children'>\n<li class=\"cat-item cat-item-43\"><a href=\"https:\/\/steelsupplydirect.com\/fr\/fourniture-dacier\/fabricant-dacier-galvanise\/fabricant-de-bobines-dacier-galvanise\">Bobine d'acier galvanis\u00e9<\/a><\/li>\n<li class=\"cat-item cat-item-44\"><a href=\"https:\/\/steelsupplydirect.com\/fr\/fourniture-dacier\/fabricant-dacier-galvanise\/acier-ondule-galvanise\">T\u00f4le ondul\u00e9e galvanis\u00e9e<\/a><\/li>\n<li class=\"cat-item cat-item-45\"><a href=\"https:\/\/steelsupplydirect.com\/fr\/fourniture-dacier\/fabricant-dacier-galvanise\/tube-en-acier-galvanise\">Tube en acier galvanis\u00e9<\/a><\/li>\n<li class=\"cat-item cat-item-46\"><a href=\"https:\/\/steelsupplydirect.com\/fr\/fourniture-dacier\/fabricant-dacier-galvanise\/tole-dacier-galvanisee\">T\u00f4le d'acier galvanis\u00e9e<\/a><\/li>\n<li class=\"cat-item cat-item-47\"><a href=\"https:\/\/steelsupplydirect.com\/fr\/fourniture-dacier\/fabricant-dacier-galvanise\/bobine-ppgi\">Bobine de PPGI<\/a><\/li>\n<li class=\"cat-item cat-item-48\"><a href=\"https:\/\/steelsupplydirect.com\/fr\/fourniture-dacier\/fabricant-dacier-galvanise\/ppgi-ondule\">PPGI ondul\u00e9<\/a><\/li>\n<\/ul>\n<\/li>\n<li class=\"cat-item cat-item-18 cat-parent\"><a href=\"https:\/\/steelsupplydirect.com\/fr\/fourniture-dacier\/profil-dacier\">Profil d'acier<\/a><ul class='children'>\n<li class=\"cat-item cat-item-49\"><a href=\"https:\/\/steelsupplydirect.com\/fr\/fourniture-dacier\/profil-dacier\/acier-angulaire\">Acier angulaire<\/a><\/li>\n<li class=\"cat-item cat-item-50\"><a href=\"https:\/\/steelsupplydirect.com\/fr\/fourniture-dacier\/profil-dacier\/acier-en-cannelure\">Profil\u00e9s en acier<\/a><\/li>\n<li class=\"cat-item cat-item-51\"><a href=\"https:\/\/steelsupplydirect.com\/fr\/fourniture-dacier\/profil-dacier\/poutre-h\">Poutre en H<\/a><\/li>\n<li class=\"cat-item cat-item-52\"><a href=\"https:\/\/steelsupplydirect.com\/fr\/fourniture-dacier\/profil-dacier\/poutre-i\">Poutre en I<\/a><\/li>\n<li class=\"cat-item cat-item-53\"><a href=\"https:\/\/steelsupplydirect.com\/fr\/fourniture-dacier\/profil-dacier\/pile-en-tole-dacier\">Pile en t\u00f4le d'acier<\/a><\/li>\n<\/ul>\n<\/li>\n<li class=\"cat-item cat-item-54 cat-parent\"><a href=\"https:\/\/steelsupplydirect.com\/fr\/fourniture-dacier\/acier-inoxydable\">Acier inoxydable<\/a><ul class='children'>\n<li class=\"cat-item cat-item-55\"><a href=\"https:\/\/steelsupplydirect.com\/fr\/fourniture-dacier\/acier-inoxydable\/bobine-dacier-inoxydable\">Bobine d'acier inoxydable<\/a><\/li>\n<li class=\"cat-item cat-item-56\"><a href=\"https:\/\/steelsupplydirect.com\/fr\/fourniture-dacier\/acier-inoxydable\/plaque-en-acier-inoxydable\">Plaque d'acier inoxydable<\/a><\/li>\n<li class=\"cat-item cat-item-57\"><a href=\"https:\/\/steelsupplydirect.com\/fr\/fourniture-dacier\/acier-inoxydable\/tube-en-acier-inoxydable\">Tube en acier inoxydable<\/a><\/li>\n<li class=\"cat-item cat-item-58\"><a href=\"https:\/\/steelsupplydirect.com\/fr\/fourniture-dacier\/acier-inoxydable\/tige-en-acier-inoxydable\">Tige en acier inoxydable<\/a><\/li>\n<li class=\"cat-item cat-item-59\"><a href=\"https:\/\/steelsupplydirect.com\/fr\/fourniture-dacier\/acier-inoxydable\/acier-inoxydable-ondule\">Acier inoxydable ondul\u00e9<\/a><\/li>\n<\/ul>\n<\/li>\n<\/ul><\/aside><\/ul>\n\t\t<\/div>\n\t\t\t\t\n<style>\n#col-2114182020 > .col-inner {\n  margin: 0px 0px 0px 0px;\n}\n<\/style>\n\t<\/div>\n\n\t\n\n\t<div id=\"col-1322831963\" class=\"col medium-10 small-12 large-10\"  >\n\t\t\t\t<div class=\"col-inner\"  >\n\t\t\t\n\t\t\t\n\n\t<section class=\"section\" id=\"section_574284242\">\n\t\t<div class=\"section-bg fill\" >\n\t\t\t\t\t\t\t\t\t\n\t\t\t\n\n\t\t<\/div>\n\n\t\t\t<div class=\"ux-shape-divider ux-shape-divider--top ux-shape-divider--style-waves-opacity-3\">\n\t\t<svg viewbox=\"0 0 1000 300\" xmlns=\"http:\/\/www.w3.org\/2000\/svg\" preserveaspectratio=\"none\">\n\t<path class=\"ux-shape-fill\" opacity=\"0.05\" d=\"M1014 264V386H206L34 300C34 300 344.42 277.16 436 221C542 156 590 160 704 209C811 255 899.11 214.94 979 346L1014 264Z\"\/>\n\t<path class=\"ux-shape-fill\" opacity=\"0.1\" d=\"M-302 55C-302 55 -66.73 263.25 50 214C178 160 283 116 353 141C445.68 174.1 534.28 256.19 588 249C692.9 235 764.52 75.94 855 131C940.61 183.09 1000 254 1000 254V328L-306 338L-302 55Z\"\/>\n\t<path class=\"ux-shape-fill\" opacity=\"0.15\" d=\"M-286 255C-286 255 -72 152 52 126C176 100 255 155 436 227C581.57 284.91 614.7 277.79 708 227C787 184 1009 3.0001 1093 164C1146 265.63 1031 293 1031 293L924 377L-288 389L-286 255Z\"\/>\n\t<path class=\"ux-shape-fill\" opacity=\"0.3\" d=\"M-24 69C-24 69 275.68 370.66 389 314C397 310 622 316 673 356C690.47 369.7 845 224 890 182C944.8 130.85 1018 92 1078 143C1154.12 207.7 1196 242 1196 242L1184 374L-28 386L-24 69Z\"\/>\n\t<path class=\"ux-shape-fill\" d=\"M-12 201C-12 201 58 284 182 258C306 232 342.29 221.23 456 264C565 305 640.82 288.36 721 249C776 222 837.5 191.31 935 253C984 284 1030 279 1030 279L1024 430L-12 440V201Z\"\/>\n<\/svg>\n\t<\/div>\n\n\n\t\t<div class=\"section-content relative\">\n\t\t\t\n<div class=\"row\"  id=\"row-235516093\">\n\n\t<div id=\"col-1097458864\" class=\"col small-12 large-12\"  >\n\t\t\t\t<div class=\"col-inner\"  >\n\t\t\t\n\t\t\t\n<div class=\"row\"  id=\"row-693246149\">\n\n\t<div id=\"col-887183007\" class=\"col medium-12 small-12 large-6\"  >\n\t\t\t\t<div class=\"col-inner\"  >\n\t\t\t\n\t\t\t\n\t<div id=\"text-2053831584\" class=\"text\">\n\t\t\n<h2>Service de qualit\u00e9 sup\u00e9rieure<\/h2>\n\t\t\n<style>\n#text-2053831584 {\n  font-size: 1rem;\n  color: rgb(0, 0, 0);\n}\n#text-2053831584 > * {\n  color: rgb(0, 0, 0);\n}\n@media (min-width:850px) {\n  #text-2053831584 {\n    font-size: 1.3rem;\n  }\n}\n<\/style>\n\t<\/div>\n\t\n<p>Chez SteelSupplyDirect, nous sommes fiers de notre engagement envers la qualit\u00e9. Nous appliquons des mesures rigoureuses de contr\u00f4le de la qualit\u00e9 tout au long du processus de fabrication afin de nous assurer que nos produits r\u00e9pondent aux normes les plus \u00e9lev\u00e9es. De l'approvisionnement en mati\u00e8res premi\u00e8res \u00e0 l'inspection finale, notre \u00e9quipe de professionnels qualifi\u00e9s surveille m\u00e9ticuleusement chaque \u00e9tape afin de garantir la durabilit\u00e9, la solidit\u00e9 et la coh\u00e9rence de nos produits en acier.Notre gamme de produits diversifi\u00e9e comprend diff\u00e9rents types d'acier, notamment l'acier inoxydable, l'acier au carbone, l'acier alli\u00e9 et bien plus encore. Que vous ayez besoin d'acier pour la construction, l'automobile, l'infrastructure ou tout autre secteur, nous avons ce qu'il vous faut. Nous proposons une gamme compl\u00e8te de dimensions, de nuances et de finitions pour r\u00e9pondre aux besoins sp\u00e9cifiques de vos projets.<\/p>\n\t<div id=\"text-767199600\" class=\"text\">\n\t\t\n<p><a class=\"button secondary\" style=\"border-radius: 5px\" data-fancybox=\"\" data-src=\"#hidden-CF7\">Contactez nous<\/a><br \/>\n\t\t\n<style>\n#text-767199600 {\n  text-align: right;\n}\n<\/style>\n\t<\/div>\n\t\n\t\t<\/div>\n\t\t\t\t\n<style>\n#col-887183007 > .col-inner {\n  padding: 0px 0px 0px 0px;\n}\n@media (min-width:550px) {\n  #col-887183007 > .col-inner {\n    padding: 0px 0px 0px 0px;\n  }\n}\n@media (min-width:850px) {\n  #col-887183007 > .col-inner {\n    padding: 0px 50px 0px 0px;\n  }\n}\n<\/style>\n\t<\/div>\n\n\t\n\n\t<div id=\"col-550838108\" class=\"col medium-12 small-12 large-6 medium-col-first\"  >\n\t\t\t\t<div class=\"col-inner\"  >\n\t\t\t\n\t\t\t\n\t<div class=\"img has-hover hide-for-medium x md-x lg-x y md-y lg-y\" id=\"image_981740451\">\n\t\t\t\t\t\t\t\t<div class=\"img-inner image-cover dark\" style=\"padding-top:56.25%;\">\n\t\t\t<img loading=\"lazy\" decoding=\"async\" width=\"1000\" height=\"658\" src=\"https:\/\/steelsupplydirect.com\/wp-content\/uploads\/2023\/07\/factory_hb-1.webp\" class=\"attachment-original size-original\" alt=\"fer et acier\" srcset=\"https:\/\/steelsupplydirect.com\/wp-content\/uploads\/2023\/07\/factory_hb-1.webp 1000w, https:\/\/steelsupplydirect.com\/wp-content\/uploads\/2023\/07\/factory_hb-1-300x197.webp 300w, https:\/\/steelsupplydirect.com\/wp-content\/uploads\/2023\/07\/factory_hb-1-768x505.webp 768w, https:\/\/steelsupplydirect.com\/wp-content\/uploads\/2023\/07\/factory_hb-1-510x336.webp 510w\" sizes=\"auto, (max-width: 1000px) 100vw, 1000px\" \/>\t\t\t\t\t\t\n\t\t\t\t\t<\/div>\n\t\t\t\t\t\t\t\t\n<style>\n#image_981740451 {\n  width: 100%;\n}\n<\/style>\n\t<\/div>\n\t\n\t\t<\/div>\n\t\t\t\t\n<style>\n#col-550838108 > .col-inner {\n  padding: 0px 0px 0px 0px;\n}\n@media (min-width:850px) {\n  #col-550838108 > .col-inner {\n    padding: 0px 0px 0px 0px;\n  }\n}\n<\/style>\n\t<\/div>\n\n\t\n<\/div>\n\t\t<\/div>\n\t\t\t\t\t<\/div>\n\n\t\n<\/div>\n\t<div id=\"gap-1482924013\" class=\"gap-element clearfix\" style=\"display:block; height:auto;\">\n\t\t\n<style>\n#gap-1482924013 {\n  padding-top: 0px;\n}\n@media (min-width:850px) {\n  #gap-1482924013 {\n    padding-top: 80px;\n  }\n}\n<\/style>\n\t<\/div>\n\t\n<div class=\"row align-middle\"  id=\"row-889216456\">\n\n\t<div id=\"col-1313144069\" class=\"col medium-12 small-12 large-6\"  >\n\t\t\t\t<div class=\"col-inner\"  >\n\t\t\t\n\t\t\t\n<div class=\"video video-fit mb\" style=\"padding-top:56.25%;\"><p><iframe loading=\"lazy\" title=\"SteelSupplyDirect (Shandong) Co, Ld.\" width=\"1020\" height=\"574\" src=\"https:\/\/www.youtube.com\/embed\/MHXNr-JUIUc?feature=oembed\" frameborder=\"0\" allow=\"accelerometer; autoplay; clipboard-write; encrypted-media; gyroscope; picture-in-picture; web-share\" allowfullscreen><\/iframe><\/p>\n<\/div>\n\t\t<\/div>\n\t\t\t\t\n<style>\n#col-1313144069 > .col-inner {\n  padding: 0px 0px 0px 0px;\n}\n@media (min-width:850px) {\n  #col-1313144069 > .col-inner {\n    padding: 0px 30px 0px 0px;\n  }\n}\n<\/style>\n\t<\/div>\n\n\t\n\n\t<div id=\"col-1799301698\" class=\"col medium-12 small-12 large-6\"  >\n\t\t\t\t<div class=\"col-inner\"  >\n\t\t\t\n\t\t\t\n\t<div id=\"text-4150218730\" class=\"text\">\n\t\t\n<h2>A propos de nous -North china steel<\/h2>\n\t\t\n<style>\n#text-4150218730 {\n  font-size: 1rem;\n  color: rgb(0, 0, 0);\n}\n#text-4150218730 > * {\n  color: rgb(0, 0, 0);\n}\n@media (min-width:850px) {\n  #text-4150218730 {\n    font-size: 1.3rem;\n  }\n}\n<\/style>\n\t<\/div>\n\t\n<p>SteelSupplyDirect est l'un des principaux fabricants d'acier de l'industrie, sp\u00e9cialis\u00e9 dans la production et la distribution de produits en acier de haute qualit\u00e9. Avec des ann\u00e9es d'exp\u00e9rience et d'expertise, nous nous sommes \u00e9tablis comme un acteur fiable et r\u00e9put\u00e9 dans le secteur de la fabrication de l'acier.En tant que fabricant d'acier, nous comprenons l'importance de fournir \u00e0 nos clients des produits de premi\u00e8re qualit\u00e9 qui r\u00e9pondent \u00e0 leurs exigences sp\u00e9cifiques. En tant que fabricant d'acier, nous comprenons l'importance de fournir \u00e0 nos clients des produits de premi\u00e8re qualit\u00e9 qui r\u00e9pondent \u00e0 leurs exigences sp\u00e9cifiques. Nos installations de fabrication de pointe sont \u00e9quip\u00e9es de machines et de technologies avanc\u00e9es, ce qui nous permet de produire une large gamme de produits en acier pour r\u00e9pondre aux besoins de diverses industries et applications.<\/p>\n\t<div id=\"text-2993222833\" class=\"text\">\n\t\t\n<p><a class=\"button secondary\" style=\"border-radius: 5px\" data-fancybox=\"\" data-src=\"#hidden-CF7\">Contactez nous<\/a><br \/>\n\t\t\n<style>\n#text-2993222833 {\n  text-align: center;\n}\n<\/style>\n\t<\/div>\n\t\n\t\t<\/div>\n\t\t\t\t\n<style>\n#col-1799301698 > .col-inner {\n  padding: 0px 0px 0px 0px;\n}\n@media (min-width:550px) {\n  #col-1799301698 > .col-inner {\n    padding: 0px 0px 0px 0px;\n  }\n}\n@media (min-width:850px) {\n  #col-1799301698 > .col-inner {\n    padding: 0px 0px 50px 0px;\n  }\n}\n<\/style>\n\t<\/div>\n\n\t\n<\/div>\n\t\t<\/div>\n\n\t\t\n<style>\n#section_574284242 {\n  padding-top: 20px;\n  padding-bottom: 20px;\n}\n#section_574284242 .ux-shape-divider--top svg {\n  height: 150px;\n  --divider-top-width: 100%;\n}\n@media (min-width:850px) {\n  #section_574284242 {\n    padding-top: 30px;\n    padding-bottom: 30px;\n  }\n}\n<\/style>\n\t<\/section>\n\t\n\n\t<section class=\"section seo_page_section1\" id=\"section_1376952652\">\n\t\t<div class=\"section-bg fill\" >\n\t\t\t\t\t\t\t\t\t\n\t\t\t\n\n\t\t<\/div>\n\n\t\t\n\n\t\t<div class=\"section-content relative\">\n\t\t\t\n<div class=\"row\"  id=\"row-737014847\">\n\n\t<div id=\"col-1480259686\" class=\"col small-12 large-12\"  >\n\t\t\t\t<div class=\"col-inner\"  >\n\t\t\t\n\t\t\t\n\t<div id=\"text-3581695821\" class=\"text\">\n\t\t\n<h2>Cas de coop\u00e9ration<\/h2>\n\t\t\n<style>\n#text-3581695821 {\n  font-size: 1rem;\n  text-align: center;\n  color: rgb(0, 0, 0);\n}\n#text-3581695821 > * {\n  color: rgb(0, 0, 0);\n}\n@media (min-width:850px) {\n  #text-3581695821 {\n    font-size: 1.3rem;\n  }\n}\n<\/style>\n\t<\/div>\n\t\n\t<div id=\"gap-1323487512\" class=\"gap-element clearfix\" style=\"display:block; height:auto;\">\n\t\t\n<style>\n#gap-1323487512 {\n  padding-top: 5px;\n}\n@media (min-width:550px) {\n  #gap-1323487512 {\n    padding-top: 10px;\n  }\n}\n@media (min-width:850px) {\n  #gap-1323487512 {\n    padding-top: 30px;\n  }\n}\n<\/style>\n\t<\/div>\n\t\n<div class=\"row\"  id=\"row-1514479798\">\n\n\t<div id=\"col-1687711642\" class=\"col medium-4 small-12 large-4\"  >\n\t\t\t\t<div class=\"col-inner\"  >\n\t\t\t\n\t\t\t\n\t<div class=\"box has-hover   has-hover box-text-bottom\" >\n\n\t\t<div class=\"box-image\" style=\"border-radius:3%;\">\n\t\t\t\t\t\t<div class=\"image-cover\" style=\"padding-top:75%;\">\n\t\t\t\t<img loading=\"lazy\" decoding=\"async\" width=\"1000\" height=\"750\" src=\"https:\/\/steelsupplydirect.com\/wp-content\/uploads\/2023\/07\/steel_product_202_hb.webp\" class=\"attachment-original size-original\" alt=\"\" srcset=\"https:\/\/steelsupplydirect.com\/wp-content\/uploads\/2023\/07\/steel_product_202_hb.webp 1000w, https:\/\/steelsupplydirect.com\/wp-content\/uploads\/2023\/07\/steel_product_202_hb-300x225.webp 300w, https:\/\/steelsupplydirect.com\/wp-content\/uploads\/2023\/07\/steel_product_202_hb-768x576.webp 768w, https:\/\/steelsupplydirect.com\/wp-content\/uploads\/2023\/07\/steel_product_202_hb-510x383.webp 510w, https:\/\/steelsupplydirect.com\/wp-content\/uploads\/2023\/07\/steel_product_202_hb-247x185.webp 247w\" sizes=\"auto, (max-width: 1000px) 100vw, 1000px\" \/>\t\t\t\t\t\t\t\t\t\t\t<\/div>\n\t\t\t\t\t<\/div>\n\n\t\t<div class=\"box-text text-left\" style=\"padding:10px 10px 10px 10px;\">\n\t\t\t<div class=\"box-text-inner\">\n\t\t\t\t\n\t<div id=\"text-3703829654\" class=\"text\">\n\t\t\n<h3 style=\"text-align: center\">Client du Niger<br \/>\n02\/5<\/h3>\n<p>Un client nig\u00e9rien a achet\u00e9 avec succ\u00e8s 700 tonnes d'anneaux en acier au carbone ! R\u00e9cemment, un client du Niger a sign\u00e9 un contrat d'achat avec notre vendeur. Au cours de la p\u00e9riode de livraison, nous livrerons 700 tonnes d'anneaux en acier au carbone \u00e0 ce client.<br \/>\n\t\t\n<style>\n#text-3703829654 {\n  font-size: 1rem;\n  text-align: left;\n}\n<\/style>\n\t<\/div>\n\t\n\t\t\t<\/div>\n\t\t<\/div>\n\t<\/div>\n\t\n\t<div id=\"text-3263853922\" class=\"text\">\n\t\t\n<p style=\"text-align: center\"><a class=\"button secondary\" style=\"border-radius: 5px\" data-fancybox=\"\" data-src=\"#hidden-CF7\">Contactez nous<\/a><\/p>\n\t\t\n<style>\n#text-3263853922 {\n  text-align: right;\n}\n<\/style>\n\t<\/div>\n\t\n\t\t<\/div>\n\t\t\t\t\t<\/div>\n\n\t\n\n\t<div id=\"col-18074419\" class=\"col medium-4 small-12 large-4\"  >\n\t\t\t\t<div class=\"col-inner\"  >\n\t\t\t\n\t\t\t\n\t<div class=\"box has-hover   has-hover box-text-bottom\" >\n\n\t\t<div class=\"box-image\" style=\"border-radius:3%;\">\n\t\t\t\t\t\t<div class=\"image-cover\" style=\"padding-top:75%;\">\n\t\t\t\t<img loading=\"lazy\" decoding=\"async\" width=\"1000\" height=\"750\" src=\"https:\/\/steelsupplydirect.com\/wp-content\/uploads\/2023\/07\/steel_product_583_hb.webp\" class=\"attachment-original size-original\" alt=\"\" srcset=\"https:\/\/steelsupplydirect.com\/wp-content\/uploads\/2023\/07\/steel_product_583_hb.webp 1000w, https:\/\/steelsupplydirect.com\/wp-content\/uploads\/2023\/07\/steel_product_583_hb-300x225.webp 300w, https:\/\/steelsupplydirect.com\/wp-content\/uploads\/2023\/07\/steel_product_583_hb-768x576.webp 768w, https:\/\/steelsupplydirect.com\/wp-content\/uploads\/2023\/07\/steel_product_583_hb-510x383.webp 510w, https:\/\/steelsupplydirect.com\/wp-content\/uploads\/2023\/07\/steel_product_583_hb-247x185.webp 247w\" sizes=\"auto, (max-width: 1000px) 100vw, 1000px\" \/>\t\t\t\t\t\t\t\t\t\t\t<\/div>\n\t\t\t\t\t<\/div>\n\n\t\t<div class=\"box-text text-left\" style=\"padding:10px 10px 10px 10px;\">\n\t\t\t<div class=\"box-text-inner\">\n\t\t\t\t\n\t<div id=\"text-2571287204\" class=\"text\">\n\t\t\n<h3>Client de Tanzanie<br \/>\n28\/3<\/h3>\n<p style=\"text-align: left\">Le client tanzanien a achet\u00e9 avec succ\u00e8s 200 tonnes de<em class=\"Highlight ht60ba4d56-d2bb-45ee-8367-8a620508f29b\">\u00a0galvanis\u00e9\u00a0<\/em>feuille ! R\u00e9cemment, un client tanzanien a sign\u00e9 un contrat d'achat avec notre vendeur. Nous lui livrerons 200 tonnes de<em class=\"Highlight ht60ba4d56-d2bb-45ee-8367-8a620508f29b\">\u00a0galvanis\u00e9\u00a0<\/em>\u00e0 ce client dans le d\u00e9lai de livraison.<\/p>\n\t\t\n<style>\n#text-2571287204 {\n  font-size: 1rem;\n  text-align: center;\n}\n<\/style>\n\t<\/div>\n\t\n\t\t\t<\/div>\n\t\t<\/div>\n\t<\/div>\n\t\n\t<div id=\"text-511909118\" class=\"text\">\n\t\t\n<p style=\"text-align: center\"><a class=\"button secondary\" style=\"border-radius: 5px\" data-fancybox=\"\" data-src=\"#hidden-CF7\">Contactez nous<\/a><\/p>\n\t\t\n<style>\n#text-511909118 {\n  text-align: right;\n}\n<\/style>\n\t<\/div>\n\t\n\t\t<\/div>\n\t\t\t\t\t<\/div>\n\n\t\n\n\t<div id=\"col-233781283\" class=\"col medium-4 small-12 large-4\"  >\n\t\t\t\t<div class=\"col-inner\"  >\n\t\t\t\n\t\t\t\n\t<div class=\"box has-hover   has-hover box-text-bottom\" >\n\n\t\t<div class=\"box-image\" style=\"border-radius:3%;\">\n\t\t\t\t\t\t<div class=\"image-cover\" style=\"padding-top:75%;\">\n\t\t\t\t<img loading=\"lazy\" decoding=\"async\" width=\"1000\" height=\"750\" src=\"https:\/\/steelsupplydirect.com\/wp-content\/uploads\/2023\/07\/steel_product_581_hb.webp\" class=\"attachment-original size-original\" alt=\"\" srcset=\"https:\/\/steelsupplydirect.com\/wp-content\/uploads\/2023\/07\/steel_product_581_hb.webp 1000w, https:\/\/steelsupplydirect.com\/wp-content\/uploads\/2023\/07\/steel_product_581_hb-300x225.webp 300w, https:\/\/steelsupplydirect.com\/wp-content\/uploads\/2023\/07\/steel_product_581_hb-768x576.webp 768w, https:\/\/steelsupplydirect.com\/wp-content\/uploads\/2023\/07\/steel_product_581_hb-510x383.webp 510w, https:\/\/steelsupplydirect.com\/wp-content\/uploads\/2023\/07\/steel_product_581_hb-247x185.webp 247w\" sizes=\"auto, (max-width: 1000px) 100vw, 1000px\" \/>\t\t\t\t\t\t\t\t\t\t\t<\/div>\n\t\t\t\t\t<\/div>\n\n\t\t<div class=\"box-text text-left\" style=\"padding:10px 10px 10px 10px;\">\n\t\t\t<div class=\"box-text-inner\">\n\t\t\t\t\n\t<div id=\"text-945779060\" class=\"text\">\n\t\t\n<h3>Client du Soudan<br \/>\n09\/6<\/h3>\n<p style=\"text-align: left\">Des clients soudanais ont achet\u00e9 avec succ\u00e8s 460 tonnes de t\u00f4les d'acier au carbone ! R\u00e9cemment, un client soudanais a sign\u00e9 un contrat d'achat avec notre vendeur. Nous lui livrerons 460 tonnes de t\u00f4les d'acier au carbone dans les d\u00e9lais pr\u00e9vus.<\/p>\n\t\t\n<style>\n#text-945779060 {\n  font-size: 1rem;\n  text-align: center;\n}\n<\/style>\n\t<\/div>\n\t\n\t<div id=\"text-776947061\" class=\"text\">\n\t\t\n<p style=\"text-align: center\"><a class=\"button secondary\" style=\"border-radius: 5px\" data-fancybox=\"\" data-src=\"#hidden-CF7\">Contactez nous<\/a><\/p>\n\t\t\n<style>\n#text-776947061 {\n  text-align: right;\n}\n<\/style>\n\t<\/div>\n\t\n\t\t\t<\/div>\n\t\t<\/div>\n\t<\/div>\n\t\n\t\t<\/div>\n\t\t\t\t\t<\/div>\n\n\t\n<\/div>\n\t\t<\/div>\n\t\t\t\t\t<\/div>\n\n\t\n<\/div>\n\t\t<\/div>\n\n\t\t\n<style>\n#section_1376952652 {\n  padding-top: 10px;\n  padding-bottom: 10px;\n}\n@media (min-width:550px) {\n  #section_1376952652 {\n    padding-top: 20px;\n    padding-bottom: 20px;\n  }\n}\n@media (min-width:850px) {\n  #section_1376952652 {\n    padding-top: 70px;\n    padding-bottom: 70px;\n  }\n}\n<\/style>\n\t<\/section>\n\t\n\t\t<\/div>\n\t\t\t\t\n<style>\n#col-1322831963 > .col-inner {\n  margin: 0px 0px 0px 0px;\n}\n<\/style>\n\t<\/div>\n\n\t\n<\/div>","protected":false},"excerpt":{"rendered":"","protected":false},"author":10,"featured_media":0,"parent":0,"menu_order":0,"comment_status":"closed","ping_status":"closed","template":"page-blank.php","meta":{"footnotes":""},"class_list":["post-34","page","type-page","status-publish","hentry"],"_links":{"self":[{"href":"https:\/\/steelsupplydirect.com\/fr\/wp-json\/wp\/v2\/pages\/34","targetHints":{"allow":["GET"]}}],"collection":[{"href":"https:\/\/steelsupplydirect.com\/fr\/wp-json\/wp\/v2\/pages"}],"about":[{"href":"https:\/\/steelsupplydirect.com\/fr\/wp-json\/wp\/v2\/types\/page"}],"author":[{"embeddable":true,"href":"https:\/\/steelsupplydirect.com\/fr\/wp-json\/wp\/v2\/users\/10"}],"replies":[{"embeddable":true,"href":"https:\/\/steelsupplydirect.com\/fr\/wp-json\/wp\/v2\/comments?post=34"}],"version-history":[{"count":71,"href":"https:\/\/steelsupplydirect.com\/fr\/wp-json\/wp\/v2\/pages\/34\/revisions"}],"predecessor-version":[{"id":3633,"href":"https:\/\/steelsupplydirect.com\/fr\/wp-json\/wp\/v2\/pages\/34\/revisions\/3633"}],"wp:attachment":[{"href":"https:\/\/steelsupplydirect.com\/fr\/wp-json\/wp\/v2\/media?parent=34"}],"curies":[{"name":"wp","href":"https:\/\/api.w.org\/{rel}","templated":true}]}}