{"id":38,"date":"2020-02-07T07:03:33","date_gmt":"2020-02-07T07:03:33","guid":{"rendered":"https:\/\/f.seowaimao.com\/?page_id=38"},"modified":"2023-09-28T10:26:41","modified_gmt":"2023-09-28T02:26:41","slug":"faq","status":"publish","type":"page","link":"https:\/\/steelsupplydirect.com\/fr\/faq","title":{"rendered":"FAQ"},"content":{"rendered":"<div class=\"banner has-hover\" id=\"banner-1668358071\">\n          <div class=\"banner-inner fill\">\n        <div class=\"banner-bg fill\" >\n            <img loading=\"lazy\" decoding=\"async\" width=\"1899\" height=\"904\" src=\"https:\/\/steelsupplydirect.com\/wp-content\/uploads\/2023\/09\/packcoil.webp\" class=\"bg attachment-original size-original\" alt=\"\" \/>                                    \n                    <\/div>\n\t\t\n        <div class=\"banner-layers container\">\n            <div class=\"fill banner-link\"><\/div>            \n   <div id=\"text-box-1935753284\" class=\"text-box banner-layer x10 md-x10 lg-x10 y25 md-y25 lg-y25 res-text\">\n                                <div class=\"text-box-content text dark\">\n              \n              <div class=\"text-inner text-center\">\n                  \n\t<div id=\"text-1088279710\" class=\"text\">\n\t\t\n<h1>FAQ<\/h1>\n<p>SteelSupplyDirect<br \/>\n\t\t\n<style>\n#text-1088279710 {\n  text-align: left;\n}\n<\/style>\n\t<\/div>\n\t\n              <\/div>\n           <\/div>\n                            \n<style>\n#text-box-1935753284 {\n  width: 53%;\n}\n#text-box-1935753284 .text-box-content {\n  font-size: 100%;\n}\n@media (min-width:850px) {\n  #text-box-1935753284 {\n    width: 31%;\n  }\n}\n<\/style>\n    <\/div>\n \n        <\/div>\n      <\/div>\n\n            \n<style>\n#banner-1668358071 {\n  padding-top: 28%;\n  background-color: rgb(255, 255, 255);\n}\n#banner-1668358071 .banner-bg img {\n  object-position: 100% 34%;\n}\n<\/style>\n  <\/div>\n\n\n<div class=\"row align-center\" style=\"max-width:1500px\" id=\"row-1554473950\">\n\n\t<div id=\"col-1583158549\" class=\"col medium-3 small-12 large-3\"  >\n\t\t\t\t<div class=\"col-inner\"  >\n\t\t\t\n\t\t\t\n<ul class=\"sidebar-wrapper ul-reset\"><aside id=\"woocommerce_product_categories-5\" class=\"widget woocommerce widget_product_categories\"><span class=\"widget-title\"><span>Cat\u00e9gories de produits<\/span><\/span><div class=\"is-divider small\"><\/div><ul class=\"product-categories\"><li class=\"cat-item cat-item-71\"><a href=\"https:\/\/steelsupplydirect.com\/fr\/fourniture-dacier\/tige-daluminium\">Tige en aluminium<\/a><\/li>\n<li class=\"cat-item cat-item-65\"><a href=\"https:\/\/steelsupplydirect.com\/fr\/fourniture-dacier\/barres-darmature-en-acier-au-carbone\">Barre d'armature<\/a><\/li>\n<li class=\"cat-item cat-item-66\"><a href=\"https:\/\/steelsupplydirect.com\/fr\/fourniture-dacier\/tole-ondulee\">T\u00f4le ondul\u00e9e<\/a><\/li>\n<li class=\"cat-item cat-item-68\"><a href=\"https:\/\/steelsupplydirect.com\/fr\/fourniture-dacier\/plaque-daluminium\">Plaque d'aluminium<\/a><\/li>\n<li class=\"cat-item cat-item-69\"><a href=\"https:\/\/steelsupplydirect.com\/fr\/fourniture-dacier\/bobines-daluminium\">Bobines d'aluminium<\/a><\/li>\n<li class=\"cat-item cat-item-70\"><a href=\"https:\/\/steelsupplydirect.com\/fr\/fourniture-dacier\/tube-en-aluminium\">Tube en aluminium<\/a><\/li>\n<li class=\"cat-item cat-item-15 cat-parent\"><a href=\"https:\/\/steelsupplydirect.com\/fr\/fourniture-dacier\/acier-au-carbone\">Acier au carbone<\/a><ul class='children'>\n<li class=\"cat-item cat-item-39\"><a href=\"https:\/\/steelsupplydirect.com\/fr\/fourniture-dacier\/acier-au-carbone\/bobine-dacier-au-carbone\">Bobine d'acier au carbone<\/a><\/li>\n<li class=\"cat-item cat-item-40\"><a href=\"https:\/\/steelsupplydirect.com\/fr\/fourniture-dacier\/acier-au-carbone\/tole-dacier-au-carbone\">T\u00f4le d'acier au carbone<\/a><\/li>\n<li class=\"cat-item cat-item-41\"><a href=\"https:\/\/steelsupplydirect.com\/fr\/fourniture-dacier\/acier-au-carbone\/tube-en-acier-au-carbone\">Tube en acier au carbone<\/a><\/li>\n<li class=\"cat-item cat-item-42\"><a href=\"https:\/\/steelsupplydirect.com\/fr\/fourniture-dacier\/acier-au-carbone\/tige-en-acier-au-carbone\">Tige en acier au carbone<\/a><\/li>\n<\/ul>\n<\/li>\n<li class=\"cat-item cat-item-17 cat-parent\"><a href=\"https:\/\/steelsupplydirect.com\/fr\/fourniture-dacier\/fabricant-dacier-galvanise\">Galvanis\u00e9<\/a><ul class='children'>\n<li class=\"cat-item cat-item-43\"><a href=\"https:\/\/steelsupplydirect.com\/fr\/fourniture-dacier\/fabricant-dacier-galvanise\/fabricant-de-bobines-dacier-galvanise\">Bobine d'acier galvanis\u00e9<\/a><\/li>\n<li class=\"cat-item cat-item-44\"><a href=\"https:\/\/steelsupplydirect.com\/fr\/fourniture-dacier\/fabricant-dacier-galvanise\/acier-ondule-galvanise\">T\u00f4le ondul\u00e9e galvanis\u00e9e<\/a><\/li>\n<li class=\"cat-item cat-item-45\"><a href=\"https:\/\/steelsupplydirect.com\/fr\/fourniture-dacier\/fabricant-dacier-galvanise\/tube-en-acier-galvanise\">Tube en acier galvanis\u00e9<\/a><\/li>\n<li class=\"cat-item cat-item-46\"><a href=\"https:\/\/steelsupplydirect.com\/fr\/fourniture-dacier\/fabricant-dacier-galvanise\/tole-dacier-galvanisee\">T\u00f4le d'acier galvanis\u00e9e<\/a><\/li>\n<li class=\"cat-item cat-item-47\"><a href=\"https:\/\/steelsupplydirect.com\/fr\/fourniture-dacier\/fabricant-dacier-galvanise\/bobine-ppgi\">Bobine de PPGI<\/a><\/li>\n<li class=\"cat-item cat-item-48\"><a href=\"https:\/\/steelsupplydirect.com\/fr\/fourniture-dacier\/fabricant-dacier-galvanise\/ppgi-ondule\">PPGI ondul\u00e9<\/a><\/li>\n<\/ul>\n<\/li>\n<li class=\"cat-item cat-item-18 cat-parent\"><a href=\"https:\/\/steelsupplydirect.com\/fr\/fourniture-dacier\/profil-dacier\">Profil d'acier<\/a><ul class='children'>\n<li class=\"cat-item cat-item-49\"><a href=\"https:\/\/steelsupplydirect.com\/fr\/fourniture-dacier\/profil-dacier\/acier-angulaire\">Acier angulaire<\/a><\/li>\n<li class=\"cat-item cat-item-50\"><a href=\"https:\/\/steelsupplydirect.com\/fr\/fourniture-dacier\/profil-dacier\/acier-en-cannelure\">Profil\u00e9s en acier<\/a><\/li>\n<li class=\"cat-item cat-item-51\"><a href=\"https:\/\/steelsupplydirect.com\/fr\/fourniture-dacier\/profil-dacier\/poutre-h\">Poutre en H<\/a><\/li>\n<li class=\"cat-item cat-item-52\"><a href=\"https:\/\/steelsupplydirect.com\/fr\/fourniture-dacier\/profil-dacier\/poutre-i\">Poutre en I<\/a><\/li>\n<li class=\"cat-item cat-item-53\"><a href=\"https:\/\/steelsupplydirect.com\/fr\/fourniture-dacier\/profil-dacier\/pile-en-tole-dacier\">Pile en t\u00f4le d'acier<\/a><\/li>\n<\/ul>\n<\/li>\n<li class=\"cat-item cat-item-54 cat-parent\"><a href=\"https:\/\/steelsupplydirect.com\/fr\/fourniture-dacier\/acier-inoxydable\">Acier inoxydable<\/a><ul class='children'>\n<li class=\"cat-item cat-item-55\"><a href=\"https:\/\/steelsupplydirect.com\/fr\/fourniture-dacier\/acier-inoxydable\/bobine-dacier-inoxydable\">Bobine d'acier inoxydable<\/a><\/li>\n<li class=\"cat-item cat-item-56\"><a href=\"https:\/\/steelsupplydirect.com\/fr\/fourniture-dacier\/acier-inoxydable\/plaque-en-acier-inoxydable\">Plaque d'acier inoxydable<\/a><\/li>\n<li class=\"cat-item cat-item-57\"><a href=\"https:\/\/steelsupplydirect.com\/fr\/fourniture-dacier\/acier-inoxydable\/tube-en-acier-inoxydable\">Tube en acier inoxydable<\/a><\/li>\n<li class=\"cat-item cat-item-58\"><a href=\"https:\/\/steelsupplydirect.com\/fr\/fourniture-dacier\/acier-inoxydable\/tige-en-acier-inoxydable\">Tige en acier inoxydable<\/a><\/li>\n<li class=\"cat-item cat-item-59\"><a href=\"https:\/\/steelsupplydirect.com\/fr\/fourniture-dacier\/acier-inoxydable\/acier-inoxydable-ondule\">Acier inoxydable ondul\u00e9<\/a><\/li>\n<\/ul>\n<\/li>\n<\/ul><\/aside><\/ul>\n\t\t<\/div>\n\t\t\t\t\t<\/div>\n\n\t\n\n\t<div id=\"col-2013039231\" class=\"col medium-8 small-12 large-8 small-col-first\"  >\n\t\t\t\t<div class=\"col-inner\"  >\n\t\t\t\n\t\t\t\n<h2>FAQ<\/h2>\n<div class=\"accordion\">\n\t<div id=\"accordion-1385171842\" class=\"accordion-item\">\n\t\t<a id=\"accordion-1385171842-label\" class=\"accordion-title plain\" href=\"#accordion-item-1.-what-products-does-steelsupplydirect-provide?\" aria-expanded=\"false\" aria-controls=\"accordion-1385171842-content\" >\n\t\t\t<button class=\"toggle\" aria-label=\"Basculer\"><i class=\"icon-angle-down\"><\/i><\/button>\n\t\t\t<span>1. Quels sont les produits offerts par SteelSupplyDirect ?<\/span>\n\t\t<\/a>\n\t\t<div id=\"accordion-1385171842-content\" class=\"accordion-inner\" aria-labelledby=\"accordion-1385171842-label\" >\n\t\t\t\n<p>SteelSupplyDirect propose une large gamme de produits en acier, notamment des t\u00f4les et bobines lamin\u00e9es \u00e0 chaud, des tubes et tiges en acier au carbone, des corni\u00e8res, des t\u00f4les et bobines lamin\u00e9es \u00e0 froid et des tubes et tiges galvanis\u00e9s. <\/p>\n<p><strong><span style=\"color: #000000\"><a style=\"border-radius: 99px;color: #00\" href=\" \" data-fancybox=\"\" data-src=\"#hidden-CF7\">Obtenir un devis &gt;&gt;&gt;<\/a><\/span><\/strong><\/p>\n\t\t<\/div>\n\t<\/div>\n\t\n\t<div id=\"accordion-2315305465\" class=\"accordion-item\">\n\t\t<a id=\"accordion-2315305465-label\" class=\"accordion-title plain\" href=\"#accordion-item-2.-what-industries-does-steelsupplydirect-cater-to?\" aria-expanded=\"false\" aria-controls=\"accordion-2315305465-content\" >\n\t\t\t<button class=\"toggle\" aria-label=\"Basculer\"><i class=\"icon-angle-down\"><\/i><\/button>\n\t\t\t<span>2. \u00c0 quels secteurs d'activit\u00e9 SteelSupplyDirect s'adresse-t-il ?<\/span>\n\t\t<\/a>\n\t\t<div id=\"accordion-2315305465-content\" class=\"accordion-inner\" aria-labelledby=\"accordion-2315305465-label\" >\n\t\t\t\n<p>SteelSupplyDirect r\u00e9pond aux divers besoins des industries du monde entier. Nous servons des industries dans divers secteurs, tels que la construction, la fabrication, le d\u00e9veloppement d'infrastructures, etc.<\/p>\n<p><strong><span style=\"color: #000000\"><a style=\"border-radius: 99px;color: #00\" href=\" \" data-fancybox=\"\" data-src=\"#hidden-CF7\">Obtenir un devis &gt;&gt;&gt;<\/a><\/span><\/strong><\/p>\n\t\t<\/div>\n\t<\/div>\n\t\n\t<div id=\"accordion-2056605011\" class=\"accordion-item\">\n\t\t<a id=\"accordion-2056605011-label\" class=\"accordion-title plain\" href=\"#accordion-item-3.-how-long-has-steelsupplydirect-been-in-the-industry?\" aria-expanded=\"false\" aria-controls=\"accordion-2056605011-content\" >\n\t\t\t<button class=\"toggle\" aria-label=\"Basculer\"><i class=\"icon-angle-down\"><\/i><\/button>\n\t\t\t<span>3. Depuis combien de temps SteelSupplyDirect est-il pr\u00e9sent dans l'industrie ?<\/span>\n\t\t<\/a>\n\t\t<div id=\"accordion-2056605011-content\" class=\"accordion-inner\" aria-labelledby=\"accordion-2056605011-label\" >\n\t\t\t\n<p>SteelSupplyDirect a une riche histoire qui s'\u00e9tend sur plusieurs d\u00e9cennies. Nous op\u00e9rons et servons nos clients depuis de nombreuses ann\u00e9es, accumulant exp\u00e9rience et expertise dans le domaine de la fabrication et de la fourniture d'acier.<\/p>\n<p><strong><span style=\"color: #000000\"><a style=\"border-radius: 99px;color: #00\" href=\" \" data-fancybox=\"\" data-src=\"#hidden-CF7\">Obtenir un devis &gt;&gt;&gt;<\/a><\/span><\/strong><\/p>\n\t\t<\/div>\n\t<\/div>\n\t\n<\/div>\n<div class=\"accordion\">\n\t<div id=\"accordion-3781225633\" class=\"accordion-item\">\n\t\t<a id=\"accordion-3781225633-label\" class=\"accordion-title plain\" href=\"#accordion-item-4.-what-is-the-reputation-of-steelsupplydirect?\" aria-expanded=\"false\" aria-controls=\"accordion-3781225633-content\" >\n\t\t\t<button class=\"toggle\" aria-label=\"Basculer\"><i class=\"icon-angle-down\"><\/i><\/button>\n\t\t\t<span>4. Quelle est la r\u00e9putation de SteelSupplyDirect ?<\/span>\n\t\t<\/a>\n\t\t<div id=\"accordion-3781225633-content\" class=\"accordion-inner\" aria-labelledby=\"accordion-3781225633-label\" >\n\t\t\t\n<p>SteelSupplyDirect a acquis une r\u00e9putation d'excellence dans la fabrication et la fourniture de produits en acier. Nous sommes connus pour fournir des produits de haute qualit\u00e9 qui r\u00e9pondent aux normes de l'industrie et aux exigences de nos clients.<\/p>\n<p><strong><span style=\"color: #000000\"><a style=\"border-radius: 99px;color: #00\" href=\" \" data-fancybox=\"\" data-src=\"#hidden-CF7\">Obtenir un devis &gt;&gt;&gt;<\/a><\/span><\/strong><\/p>\n\t\t<\/div>\n\t<\/div>\n\t\n\t<div id=\"accordion-1033123801\" class=\"accordion-item\">\n\t\t<a id=\"accordion-1033123801-label\" class=\"accordion-title plain\" href=\"#accordion-item-5.-what-are-some-specific-products-offered-by-steelsupplydirect?\" aria-expanded=\"false\" aria-controls=\"accordion-1033123801-content\" >\n\t\t\t<button class=\"toggle\" aria-label=\"Basculer\"><i class=\"icon-angle-down\"><\/i><\/button>\n\t\t\t<span>5. Quels sont les produits sp\u00e9cifiques offerts par SteelSupplyDirect ?<\/span>\n\t\t<\/a>\n\t\t<div id=\"accordion-1033123801-content\" class=\"accordion-inner\" aria-labelledby=\"accordion-1033123801-label\" >\n\t\t\t\n<p>SteelSupplyDirect propose une large gamme de produits, notamment des t\u00f4les lamin\u00e9es \u00e0 chaud, des bobines lamin\u00e9es \u00e0 chaud, des tubes en acier au carbone, des barres en acier au carbone, de l'acier angulaire, des t\u00f4les lamin\u00e9es \u00e0 froid, des bobines lamin\u00e9es \u00e0 froid, des tubes galvanis\u00e9s et des barres galvanis\u00e9es.<\/p>\n<p><strong><span style=\"color: #000000\"><a style=\"border-radius: 99px;color: #00\" href=\" \" data-fancybox=\"\" data-src=\"#hidden-CF7\">Obtenir un devis &gt;&gt;&gt;<\/a><\/span><\/strong><\/p>\n\t\t<\/div>\n\t<\/div>\n\t\n<\/div>\n<div class=\"accordion\">\n\t<div id=\"accordion-349075684\" class=\"accordion-item\">\n\t\t<a id=\"accordion-349075684-label\" class=\"accordion-title plain\" href=\"#accordion-item-6.-what-are-the-benefits-of-using-steelsupplydirect-products?\" aria-expanded=\"false\" aria-controls=\"accordion-349075684-content\" >\n\t\t\t<button class=\"toggle\" aria-label=\"Basculer\"><i class=\"icon-angle-down\"><\/i><\/button>\n\t\t\t<span>6. Quels sont les avantages de l'utilisation des produits SteelSupplyDirect ?<\/span>\n\t\t<\/a>\n\t\t<div id=\"accordion-349075684-content\" class=\"accordion-inner\" aria-labelledby=\"accordion-349075684-label\" >\n\t\t\t\n<p>En utilisant les produits SteelSupplyDirect, les clients peuvent b\u00e9n\u00e9ficier des mat\u00e9riaux de haute qualit\u00e9, de la durabilit\u00e9, de la fiabilit\u00e9 et de la polyvalence de nos produits. Nos produits sont con\u00e7us pour r\u00e9pondre aux exigences de diverses industries et sont soutenus par notre r\u00e9putation d'excellence.<\/p>\n<p><strong><span style=\"color: #000000\"><a style=\"border-radius: 99px;color: #00\" href=\" \" data-fancybox=\"\" data-src=\"#hidden-CF7\">Obtenir un devis &gt;&gt;&gt;<\/a><\/span><\/strong><\/p>\n\t\t<\/div>\n\t<\/div>\n\t\n\t<div id=\"accordion-482823302\" class=\"accordion-item\">\n\t\t<a id=\"accordion-482823302-label\" class=\"accordion-title plain\" href=\"#accordion-item-7.-does-steelsupplydirect-ship-products-worldwide?\" aria-expanded=\"false\" aria-controls=\"accordion-482823302-content\" >\n\t\t\t<button class=\"toggle\" aria-label=\"Basculer\"><i class=\"icon-angle-down\"><\/i><\/button>\n\t\t\t<span>7. SteelSupplyDirect exp\u00e9die-t-il ses produits dans le monde entier ?<\/span>\n\t\t<\/a>\n\t\t<div id=\"accordion-482823302-content\" class=\"accordion-inner\" aria-labelledby=\"accordion-482823302-label\" >\n\t\t\t\n<p>Oui, SteelSupplyDirect s'adresse au march\u00e9 mondial et exp\u00e9die ses produits dans le monde entier. Nous avons la capacit\u00e9 de g\u00e9rer l'exp\u00e9dition et la logistique internationales afin d'assurer la livraison en temps voulu de nos produits \u00e0 nos clients dans diff\u00e9rentes r\u00e9gions.<\/p>\n<p><strong><span style=\"color: #000000\"><a style=\"border-radius: 99px;color: #00\" href=\" \" data-fancybox=\"\" data-src=\"#hidden-CF7\">Obtenir un devis &gt;&gt;&gt;<\/a><\/span><\/strong><\/p>\n\t\t<\/div>\n\t<\/div>\n\t\n\t<div id=\"accordion-1380356972\" class=\"accordion-item\">\n\t\t<a id=\"accordion-1380356972-label\" class=\"accordion-title plain\" href=\"#accordion-item-8.-can-steelsupplydirect-provide-customized-steel-products?\" aria-expanded=\"false\" aria-controls=\"accordion-1380356972-content\" >\n\t\t\t<button class=\"toggle\" aria-label=\"Basculer\"><i class=\"icon-angle-down\"><\/i><\/button>\n\t\t\t<span>8. Est-ce que SteelSupplyDirect peut fournir des produits d'acier personnalis\u00e9s ?<\/span>\n\t\t<\/a>\n\t\t<div id=\"accordion-1380356972-content\" class=\"accordion-inner\" aria-labelledby=\"accordion-1380356972-label\" >\n\t\t\t\n<p>es, SteelSupplyDirect a la capacit\u00e9 de fournir des produits d'acier personnalis\u00e9s adapt\u00e9s aux exigences sp\u00e9cifiques de nos clients. Notre \u00e9quipe d'experts peut travailler en \u00e9troite collaboration avec les clients pour comprendre leurs besoins et fournir des solutions sur mesure.<\/p>\n<p><strong><span style=\"color: #000000\"><a style=\"border-radius: 99px;color: #00\" href=\" \" data-fancybox=\"\" data-src=\"#hidden-CF7\">Obtenir un devis &gt;&gt;&gt;<\/a><\/span><\/strong><\/p>\n\t\t<\/div>\n\t<\/div>\n\t\n\t<div id=\"accordion-1418838503\" class=\"accordion-item\">\n\t\t<a id=\"accordion-1418838503-label\" class=\"accordion-title plain\" href=\"#accordion-item-9.-how-can-i-contact-steelsupplydirect-for-inquiries-or-orders?\" aria-expanded=\"false\" aria-controls=\"accordion-1418838503-content\" >\n\t\t\t<button class=\"toggle\" aria-label=\"Basculer\"><i class=\"icon-angle-down\"><\/i><\/button>\n\t\t\t<span>9. Comment puis-je contacter SteelSupplyDirect pour des questions ou des commandes ?<\/span>\n\t\t<\/a>\n\t\t<div id=\"accordion-1418838503-content\" class=\"accordion-inner\" aria-labelledby=\"accordion-1418838503-label\" >\n\t\t\t\n<p>Pour contacter SteelSupplyDirect, vous pouvez visiter notre site Web et trouver nos coordonn\u00e9es. Nous avons fourni des adresses \u00e9lectroniques, des num\u00e9ros de t\u00e9l\u00e9phone et d'autres d\u00e9tails pertinents pour faciliter les demandes, les commandes et la communication.<\/p>\n<p><strong><span style=\"color: #000000\"><a style=\"border-radius: 99px;color: #00\" href=\" \" data-fancybox=\"\" data-src=\"#hidden-CF7\">Obtenir un devis &gt;&gt;&gt;<\/a><\/span><\/strong><\/p>\n\t\t<\/div>\n\t<\/div>\n\t\n<\/div>\n<div class=\"accordion\">\n\t<div id=\"accordion-346023971\" class=\"accordion-item\">\n\t\t<a id=\"accordion-346023971-label\" class=\"accordion-title plain\" href=\"#accordion-item-10.-does-steelsupplydirect-provide-technical-support-or-assistance?\" aria-expanded=\"false\" aria-controls=\"accordion-346023971-content\" >\n\t\t\t<button class=\"toggle\" aria-label=\"Basculer\"><i class=\"icon-angle-down\"><\/i><\/button>\n\t\t\t<span>10. SteelSupplyDirect fournit-il un support technique ou une assistance ?<\/span>\n\t\t<\/a>\n\t\t<div id=\"accordion-346023971-content\" class=\"accordion-inner\" aria-labelledby=\"accordion-346023971-label\" >\n\t\t\t\n<p>Oui, SteelSupplyDirect dispose d'une \u00e9quipe d'assistance technique d\u00e9di\u00e9e qui peut fournir une assistance et des conseils aux clients concernant nos produits en acier. Nous accordons une grande importance \u00e0 la satisfaction de nos clients et nous nous engageons \u00e0 r\u00e9pondre \u00e0 toute question ou pr\u00e9occupation d'ordre technique.<\/p>\n<p><strong><span style=\"color: #000000\"><a style=\"border-radius: 99px;color: #00\" href=\" \" data-fancybox=\"\" data-src=\"#hidden-CF7\">Obtenir un devis &gt;&gt;&gt;<\/a><\/span><\/strong><\/p>\n\t\t<\/div>\n\t<\/div>\n\t\n\t<div id=\"accordion-789412811\" class=\"accordion-item\">\n\t\t<a id=\"accordion-789412811-label\" class=\"accordion-title plain\" href=\"#accordion-item-11.-does-steelsupplydirect-offer-competitive-pricing-for-its-products?\" aria-expanded=\"false\" aria-controls=\"accordion-789412811-content\" >\n\t\t\t<button class=\"toggle\" aria-label=\"Basculer\"><i class=\"icon-angle-down\"><\/i><\/button>\n\t\t\t<span>11. SteelSupplyDirect propose-t-il des prix comp\u00e9titifs pour ses produits ?<\/span>\n\t\t<\/a>\n\t\t<div id=\"accordion-789412811-content\" class=\"accordion-inner\" aria-labelledby=\"accordion-789412811-label\" >\n\t\t\t\n<p>SteelSupplyDirect s'efforce d'offrir des prix comp\u00e9titifs pour ses produits en acier, en tenant compte de facteurs tels que la qualit\u00e9, les co\u00fbts de production, les tendances du march\u00e9 et les exigences des clients. Notre objectif est de fournir des solutions abordables sans compromettre la qualit\u00e9 des produits.<\/p>\n<p><strong><span style=\"color: #000000\"><a style=\"border-radius: 99px;color: #00\" href=\" \" data-fancybox=\"\" data-src=\"#hidden-CF7\">Obtenir un devis &gt;&gt;&gt;<\/a><\/span><\/strong><\/p>\n\t\t<\/div>\n\t<\/div>\n\t\n\t<div id=\"accordion-2743864838\" class=\"accordion-item\">\n\t\t<a id=\"accordion-2743864838-label\" class=\"accordion-title plain\" href=\"#accordion-item-12.-are-steelsupplydirect&#039;s-products-compliant-with-industry-standards?\" aria-expanded=\"false\" aria-controls=\"accordion-2743864838-content\" >\n\t\t\t<button class=\"toggle\" aria-label=\"Basculer\"><i class=\"icon-angle-down\"><\/i><\/button>\n\t\t\t<span>12. Les produits de SteelSupplyDirect sont-ils conformes aux normes de l'industrie ?<\/span>\n\t\t<\/a>\n\t\t<div id=\"accordion-2743864838-content\" class=\"accordion-inner\" aria-labelledby=\"accordion-2743864838-label\" >\n\t\t\t\n<p>Oui, SteelSupplyDirect s'assure que ses produits sont conformes aux normes et r\u00e9glementations de l'industrie. Nous adh\u00e9rons \u00e0 des processus stricts de contr\u00f4le de la qualit\u00e9 et nous nous soumettons \u00e0 des inspections r\u00e9guli\u00e8res afin de maintenir l'int\u00e9grit\u00e9 des produits et de respecter les normes requises.<\/p>\n<p><strong><span style=\"color: #000000\"><a style=\"border-radius: 99px;color: #00\" href=\" \" data-fancybox=\"\" data-src=\"#hidden-CF7\">Obtenir un devis &gt;&gt;&gt;<\/a><\/span><\/strong><\/p>\n\t\t<\/div>\n\t<\/div>\n\t\n<\/div>\n\t\t<\/div>\n\t\t\t\t\t<\/div>\n\n\t\n<\/div>","protected":false},"excerpt":{"rendered":"","protected":false},"author":10,"featured_media":0,"parent":0,"menu_order":0,"comment_status":"closed","ping_status":"closed","template":"page-blank.php","meta":{"footnotes":""},"class_list":["post-38","page","type-page","status-publish","hentry"],"_links":{"self":[{"href":"https:\/\/steelsupplydirect.com\/fr\/wp-json\/wp\/v2\/pages\/38","targetHints":{"allow":["GET"]}}],"collection":[{"href":"https:\/\/steelsupplydirect.com\/fr\/wp-json\/wp\/v2\/pages"}],"about":[{"href":"https:\/\/steelsupplydirect.com\/fr\/wp-json\/wp\/v2\/types\/page"}],"author":[{"embeddable":true,"href":"https:\/\/steelsupplydirect.com\/fr\/wp-json\/wp\/v2\/users\/10"}],"replies":[{"embeddable":true,"href":"https:\/\/steelsupplydirect.com\/fr\/wp-json\/wp\/v2\/comments?post=38"}],"version-history":[{"count":21,"href":"https:\/\/steelsupplydirect.com\/fr\/wp-json\/wp\/v2\/pages\/38\/revisions"}],"predecessor-version":[{"id":3563,"href":"https:\/\/steelsupplydirect.com\/fr\/wp-json\/wp\/v2\/pages\/38\/revisions\/3563"}],"wp:attachment":[{"href":"https:\/\/steelsupplydirect.com\/fr\/wp-json\/wp\/v2\/media?parent=38"}],"curies":[{"name":"wp","href":"https:\/\/api.w.org\/{rel}","templated":true}]}}