{"id":1783,"date":"2023-07-21T14:30:02","date_gmt":"2023-07-21T06:30:02","guid":{"rendered":"https:\/\/steelsupplydirect.com\/?post_type=product&#038;p=1783"},"modified":"2025-09-22T19:52:39","modified_gmt":"2025-09-22T11:52:39","slug":"plaque-dacier-au-carbone-sae1006","status":"publish","type":"product","link":"https:\/\/steelsupplydirect.com\/fr\/produit\/plaque-dacier-au-carbone-sae1006","title":{"rendered":"T\u00f4les d'acier lamin\u00e9es \u00e0 chaud"},"content":{"rendered":"<div style=\"overflow: auto\">\n<table>\n<thead>\n<tr>\n<th>Nom du produit<\/th>\n<th>T\u00f4le d'acier au carbone<\/th>\n<\/tr>\n<\/thead>\n<tbody>\n<tr>\n<td>Grade<\/td>\n<td>Q195\u3001Q215\u3001Q235\u3001Q255\u3001Q275\u3001Q345\u3001Q355\u3001SS400\u3001ST37\u3001ST52\u3001S235JR\u3001a36\u3001s235jr etc.<\/td>\n<\/tr>\n<tr>\n<td>Standard<\/td>\n<td>JIS, AISI, ASTM, GB, DIN, BS, BV, etc.<\/td>\n<\/tr>\n<tr>\n<td>Longueur<\/td>\n<td>4m-12m ou selon les besoins du client<\/td>\n<\/tr>\n<tr>\n<td>Largeur<\/td>\n<td>50MM ~ 2200MM ou selon la demande du client<\/td>\n<\/tr>\n<tr>\n<td>\u00c9paisseur<\/td>\n<td>0,2mm-3,0mm ou selon la demande du client<\/td>\n<\/tr>\n<tr>\n<td>Traitement de surface<\/td>\n<td>Nettoyage, sablage, peinture par pulv\u00e9risation selon les exigences du client<\/td>\n<\/tr>\n<tr>\n<td>Technologie<\/td>\n<td>Laminage \u00e0 chaud, laminage \u00e0 froid<\/td>\n<\/tr>\n<tr>\n<td>Application<\/td>\n<td>Largement utilis\u00e9 dans les machines, les machines m\u00e9tallurgiques, l'industrie du charbon, les machines mini\u00e8res, la protection de l'environnement, les machines, les alimentateurs, les conteneurs, les bennes basculantes, les plaques de tamisage, les ascenseurs, les d\u00e9fenses, les engrenages, les outils et d'autres industries.<\/td>\n<\/tr>\n<tr>\n<td>D\u00e9lai de livraison<\/td>\n<td>7 \u00e0 15 jours apr\u00e8s r\u00e9ception de l'acompte<\/td>\n<\/tr>\n<\/tbody>\n<\/table>\n<\/div>\n<h2>Partie 1 Description du produit<\/h2>\n<p>Les t\u00f4les d'acier au carbone se divisent en t\u00f4les lamin\u00e9es \u00e0 froid et t\u00f4les lamin\u00e9es \u00e0 chaud, la temp\u00e9rature de recristallisation \u00e9tant le point distinctif. Les t\u00f4les lamin\u00e9es \u00e0 chaud ont une faible t\u00e9nacit\u00e9 et une surface lisse, et leur prix est bas, tandis que les t\u00f4les lamin\u00e9es \u00e0 froid ont une bonne extensibilit\u00e9 et une bonne t\u00e9nacit\u00e9, mais leur prix est plus \u00e9lev\u00e9. La t\u00f4le lamin\u00e9e \u00e0 froid est lamin\u00e9e \u00e0 froid, sa surface ne pr\u00e9sente pas de peau d'oxyde et est de bonne qualit\u00e9. La t\u00f4le lamin\u00e9e \u00e0 chaud est trait\u00e9e par laminage \u00e0 chaud, la surface pr\u00e9sente une couche d'oxyde et l'\u00e9paisseur de la t\u00f4le est faible.<\/p>\n<p>Apr\u00e8s traitement thermique, la t\u00f4le d'acier lamin\u00e9e \u00e0 chaud pr\u00e9sente une duret\u00e9 \u00e9lev\u00e9e et une bonne r\u00e9sistance \u00e0 l'usure. La duret\u00e9 de la t\u00f4le d'acier lamin\u00e9e \u00e0 chaud \u00e0 l'\u00e9tat recuit est mod\u00e9r\u00e9e et elle a une bonne usinabilit\u00e9. Selon l'\u00e9paisseur de la plaque d'acier, la plaque d'acier mince &lt;4 mm (la plus mince 0,2 mm), la plaque d&#039;acier moyennement \u00e9paisse 4~60 mm, la plaque d&#039;acier extra \u00e9paisse 60~115 mm. La largeur de la plaque est de 500~1500 mm ; la largeur de l&#039;\u00e9paisseur est de 600~3000 mm.<\/p>\n<h2>Partie 2 : Avantages des t\u00f4les en acier au carbone<\/h2>\n<p>1. Apr\u00e8s le traitement thermique, la duret\u00e9 et la r\u00e9sistance \u00e0 l'usure peuvent \u00eatre am\u00e9lior\u00e9es.<br \/>\n2. Lors du recuit, la duret\u00e9 est appropri\u00e9e et la capacit\u00e9 de coupe est bonne.<br \/>\n3. Les mati\u00e8res premi\u00e8res sont tr\u00e8s courantes, elles sont donc faciles \u00e0 trouver et le co\u00fbt de production n'est pas \u00e9lev\u00e9.<\/p>\n<p>Une t\u00f4le d'acier au carbone est g\u00e9n\u00e9ralement consid\u00e9r\u00e9e comme un acier qui ne contient pas beaucoup d'\u00e9l\u00e9ments d'acier alli\u00e9, \u00e9galement appel\u00e9 acier doux. En g\u00e9n\u00e9ral, les \u00e9l\u00e9ments sont C, Mn, P, S, Si, mais il n'y a pas de limites minimales pour les \u00e9l\u00e9ments Al, Cr, Ni, Mo, V, etc.Les t\u00f4les d'acier au carbone sont disponibles en diff\u00e9rentes qualit\u00e9s en fonction de la teneur en carbone et de la r\u00e9sistance.Plus la teneur en carbone augmente, plus la duret\u00e9 de la t\u00f4le d'acier augmente.<\/p>\n<h2>Classification de la partie 3<\/h2>\n<h4>1. t\u00f4le d'acier \u00e0 faible teneur en carbone<\/h4>\n<p>Pour une teneur en carbone de 0,06% \u00e0 0,25%, on parle \u00e9galement de t\u00f4le d'acier doux.<\/p>\n<h4>2.T\u00f4le d'acier \u00e0 moyenne teneur en carbone<\/h4>\n<p>C de 0,25% \u00e0 0,55%.<\/p>\n<h4>3. t\u00f4le d'acier \u00e0 haute teneur en carbone<\/h4>\n<p>0,55% \u00e0 1,0%, \u00e9galement appel\u00e9e t\u00f4le d'acier dur.<\/p>\n<p>L'acier \u00e0 faible teneur en carbone est la forme la plus courante ; il est tr\u00e8s mall\u00e9able et ductile. L'acier \u00e0 teneur moyenne en carbone \u00e9quilibre la ductilit\u00e9 et la r\u00e9sistance pour une excellente r\u00e9sistance \u00e0 l'usure. L'acier \u00e0 haute teneur en carbone est exceptionnellement r\u00e9sistant, tandis que l'acier \u00e0 tr\u00e8s haute teneur en carbone peut \u00eatre tremp\u00e9 pour atteindre une duret\u00e9 encore plus grande, mais sans mall\u00e9abilit\u00e9.<\/p>\n<p>Lorsque le pourcentage de carbone augmente, l'acier peut devenir plus dur et plus r\u00e9sistant gr\u00e2ce au traitement thermique. L'acier au carbone est g\u00e9n\u00e9ralement chauff\u00e9 pour modifier ses propri\u00e9t\u00e9s m\u00e9caniques, notamment sa ductilit\u00e9, sa duret\u00e9, sa solidit\u00e9 et sa r\u00e9sistance aux chocs. L'augmentation de la teneur en carbone de l'acier au carbone le rend plus dur et plus r\u00e9sistant, mais r\u00e9duit la capacit\u00e9 de l'acier \u00e0 \u00eatre soud\u00e9, ce qui le rend plus fragile.<\/p>\n<p>La t\u00f4le d'acier au carbone est le plus souvent utilis\u00e9e \u00e0 des fins structurelles telles que les b\u00e2timents, mais elle a la souplesse n\u00e9cessaire pour \u00eatre utilis\u00e9e dans des conceptions ornementales. La t\u00f4le d'acier \u00e0 faible teneur en carbone (fer forg\u00e9) est g\u00e9n\u00e9ralement utilis\u00e9e pour les cl\u00f4tures, les maillons de cha\u00eene, les portails et les garde-corps. L'acier de construction (acier \u00e0 teneur moyenne en carbone) est utilis\u00e9 dans les voitures, les r\u00e9frig\u00e9rateurs, les machines \u00e0 laver, les b\u00e2timents et les ponts. Les t\u00f4les d'acier sont normalement compos\u00e9es d'acier \u00e0 teneur moyenne en carbone.<\/p>","protected":false},"excerpt":{"rendered":"<p>Bienvenue ! Nous vous remercions de l'attention que vous portez aux produits de notre soci\u00e9t\u00e9. Nos produits en acier sont con\u00e7us pour r\u00e9pondre aux besoins et \u00e0 la qualit\u00e9 de vos projets. Nous esp\u00e9rons que vous trouverez des produits satisfaisants lors de votre navigation et que nous vous fournirons une exp\u00e9rience d'achat satisfaisante. Nous sommes impatients de vous fournir des produits et des services de qualit\u00e9 !<\/p>","protected":false},"featured_media":2828,"comment_status":"closed","ping_status":"closed","template":"","meta":[],"product_cat":[15,40],"class_list":{"0":"post-1783","1":"product","2":"type-product","3":"status-publish","4":"has-post-thumbnail","6":"product_cat-carbon-steel","7":"product_cat-carbon-steel-plate","9":"first","10":"instock","11":"shipping-taxable","12":"product-type-simple"},"_links":{"self":[{"href":"https:\/\/steelsupplydirect.com\/fr\/wp-json\/wp\/v2\/product\/1783","targetHints":{"allow":["GET"]}}],"collection":[{"href":"https:\/\/steelsupplydirect.com\/fr\/wp-json\/wp\/v2\/product"}],"about":[{"href":"https:\/\/steelsupplydirect.com\/fr\/wp-json\/wp\/v2\/types\/product"}],"replies":[{"embeddable":true,"href":"https:\/\/steelsupplydirect.com\/fr\/wp-json\/wp\/v2\/comments?post=1783"}],"wp:featuredmedia":[{"embeddable":true,"href":"https:\/\/steelsupplydirect.com\/fr\/wp-json\/wp\/v2\/media\/2828"}],"wp:attachment":[{"href":"https:\/\/steelsupplydirect.com\/fr\/wp-json\/wp\/v2\/media?parent=1783"}],"wp:term":[{"taxonomy":"product_cat","embeddable":true,"href":"https:\/\/steelsupplydirect.com\/fr\/wp-json\/wp\/v2\/product_cat?post=1783"}],"curies":[{"name":"wp","href":"https:\/\/api.w.org\/{rel}","templated":true}]}}