{"id":3317,"date":"2023-08-18T11:14:10","date_gmt":"2023-08-18T03:14:10","guid":{"rendered":"https:\/\/steelsupplydirect.com\/?post_type=product&#038;p=3317"},"modified":"2023-10-30T14:11:50","modified_gmt":"2023-10-30T06:11:50","slug":"dc01-plaque-dacier-au-carbone-laminee-a-froid-decapee-largeur-1200mm","status":"publish","type":"product","link":"https:\/\/steelsupplydirect.com\/fr\/produit\/dc01-plaque-dacier-au-carbone-laminee-a-froid-decapee-largeur-1200mm","title":{"rendered":"DC01 Plaque d'acier au carbone lamin\u00e9e \u00e0 froid Largeur de d\u00e9capage 1200mm"},"content":{"rendered":"<div style=\"overflow: auto\">\n<table>\n<thead>\n<tr>\n<th>Nom du produit<\/th>\n<th>T\u00f4le d'acier au carbone<\/th>\n<\/tr>\n<\/thead>\n<tbody>\n<tr>\n<td>Grade<\/td>\n<td>Q195\u3001Q215\u3001Q235\u3001Q255\u3001Q275\u3001Q345\u3001Q355\u3001ST37\u3001ST52\u3001S235JR\u3001a36\u3001s235jr etc.<\/td>\n<\/tr>\n<tr>\n<td>Standard<\/td>\n<td>JIS, AISI, ASTM, GB, DIN, BS, BV, etc.<\/td>\n<\/tr>\n<tr>\n<td>Longueur<\/td>\n<td>4m-12m ou selon les besoins du client<\/td>\n<\/tr>\n<tr>\n<td>Largeur<\/td>\n<td>50MM ~ 2200MM ou selon la demande du client<\/td>\n<\/tr>\n<tr>\n<td>\u00c9paisseur<\/td>\n<td>0,2mm-3,0mm ou selon la demande du client<\/td>\n<\/tr>\n<tr>\n<td>Traitement de surface<\/td>\n<td>Nettoyage, sablage, peinture par pulv\u00e9risation selon les exigences du client<\/td>\n<\/tr>\n<tr>\n<td>Technologie<\/td>\n<td>Laminage \u00e0 chaud, laminage \u00e0 froid<\/td>\n<\/tr>\n<tr>\n<td>Application<\/td>\n<td>Largement utilis\u00e9 dans les machines, les machines m\u00e9tallurgiques, l'industrie du charbon, les machines mini\u00e8res, la protection de l'environnement, les machines, les alimentateurs, les conteneurs, les bennes basculantes, les plaques de tamisage, les ascenseurs, les d\u00e9fenses, les engrenages, les outils et d'autres industries.<\/td>\n<\/tr>\n<tr>\n<td>D\u00e9lai de livraison<\/td>\n<td>7 \u00e0 15 jours apr\u00e8s r\u00e9ception de l'acompte<\/td>\n<\/tr>\n<\/tbody>\n<\/table>\n<\/div>\n\n\n<h2>Partie 1 Description de la production<\/h2>\n<p>L'acier \u00e0 faible teneur en carbone (acier doux) est un acier au carbone dont la teneur en carbone est inf\u00e9rieure \u00e0 0,25%. Il s'agit g\u00e9n\u00e9ralement d'un acier dont la teneur en carbone est comprise entre 0,10% et 0,25%. En raison de sa faible r\u00e9sistance, de sa faible duret\u00e9 et de sa mollesse, il est \u00e9galement appel\u00e9 acier doux. Il comprend la plupart des aciers de construction au carbone ordinaires et certains aciers de construction au carbone de haute qualit\u00e9. La t\u00f4le d'acier \u00e0 faible teneur en carbone est un type de mat\u00e9riau largement utilis\u00e9.<\/p>\n<p>La t\u00f4le lamin\u00e9e \u00e0 froid est un produit lamin\u00e9 \u00e0 la temp\u00e9rature de recristallisation. Elle est principalement utilis\u00e9e dans la construction automobile et les produits \u00e9lectriques. Le laminage \u00e0 froid est un laminage \u00e0 la temp\u00e9rature de recristallisation, mais il est g\u00e9n\u00e9ralement compris comme un laminage avec des mat\u00e9riaux lamin\u00e9s \u00e0 temp\u00e9rature normale.<\/p>\n<p>DC01 est une plaque d'acier lamin\u00e9e \u00e0 froid, conforme \u00e0 la norme nationale GBT 5213-2008 relative \u00e0 la d\u00e9finition des plaques et bandes d'acier \u00e0 bas carbone lamin\u00e9es \u00e0 froid, r\u00e9sistance \u00e0 la traction 270 ~ 410 (\u03c3b\/MPa), limite d'\u00e9lasticit\u00e9 130~260 (\u03c3s\/MPa), limite d'\u00e9lasticit\u00e9 130~260 (\u03c3s\/MPa).<\/p>\n<h2>Partie 2 Processus de production<\/h2>\n<h4>1.Propri\u00e9t\u00e9s<\/h4>\n<p>Comme il n'y a pas de chauffage pendant le processus de production, il n'y a pas de d\u00e9fauts tels que les piq\u00fbres et les \u00e9cailles d'oxyde de fer qui se produisent souvent dans le laminage \u00e0 chaud, et la qualit\u00e9 de la surface est bonne et la finition est \u00e9lev\u00e9e. En outre, la pr\u00e9cision dimensionnelle des produits lamin\u00e9s \u00e0 froid est \u00e9lev\u00e9e, et les performances et la structure des produits peuvent r\u00e9pondre \u00e0 certaines exigences particuli\u00e8res d'utilisation, telles que les propri\u00e9t\u00e9s \u00e9lectromagn\u00e9tiques et les propri\u00e9t\u00e9s d'emboutissage.<\/p>\n<h4>2. Sp\u00e9cifications techniques<\/h4>\n<p>L'\u00e9paisseur minimale est de 0,2-4 mm, la largeur est de 600-2 000 mm et la longueur de la plaque d'acier est de 1200-6000 mm.<\/p>\n<h4>3. Les notes<\/h4>\n<p>Q195A-Q235A, Q195AF-Q235AF, Q295A(B)-Q345 A(B) ; SPCC, SPCD, SPCE, ST12-15 ; DC01-06<\/p>\n<h4>4. La performance<\/h4>\n<p>Il s'agit principalement de nuances d'acier \u00e0 faible teneur en carbone, qui n\u00e9cessitent de bonnes performances en mati\u00e8re de cintrage \u00e0 froid et de soudage, ainsi que certaines performances en mati\u00e8re d'emboutissage.<\/p>\n<p>Les t\u00f4les lamin\u00e9es \u00e0 froid ont de bonnes performances, c'est-\u00e0-dire que le laminage \u00e0 froid permet d'obtenir des bandes et des t\u00f4les d'acier lamin\u00e9es \u00e0 froid d'une \u00e9paisseur plus fine et d'une plus grande pr\u00e9cision, d'une grande plan\u00e9it\u00e9, d'une finition de surface \u00e9lev\u00e9e, d'une surface propre et brillante des t\u00f4les lamin\u00e9es \u00e0 froid et d'un rev\u00eatement facile \u00e0 r\u00e9aliser. En m\u00eame temps, c'est aussi le meilleur choix pour la production de t\u00f4les d'acier \u00e0 rev\u00eatement organique.<\/p>\n<h4>5. Type<\/h4>\n<p>(1) Apr\u00e8s recuit, il est transform\u00e9 en laminage \u00e0 froid ordinaire ;<\/p>\n<p>(2) L'unit\u00e9 de galvanisation dot\u00e9e d'un dispositif de traitement de pr\u00e9-cuisson proc\u00e8de \u00e0 la galvanisation ;<\/p>\n<p>(3) Panneaux ne n\u00e9cessitant pas de traitement.<\/p>\n<p>Les nuances d'acier couramment utilis\u00e9es sont CDCM - SPCC (SPCD, SPCE, ST12, ST13, ST14, BLC, BLD, BUSD, BUFD, BSUFD, etc.), mais leurs propri\u00e9t\u00e9s sont fondamentalement les m\u00eames.<\/p>\n<h2>Partie 3 Comparer<\/h2>\n<h4>1) Placage aluminium-zinc<\/h4>\n<p>55% d'aluminium, 43,4% de zinc et 1,6% de silicium sont d\u00e9pos\u00e9s sur la surface de la plaque d'acier par un proc\u00e9d\u00e9 de rev\u00eatement en fusion continue.<br \/>(1) Il est tr\u00e8s r\u00e9sistant et a une dur\u00e9e de vie plus longue que l'acier galvanis\u00e9 ;<br \/>(2) Il pr\u00e9sente une bonne r\u00e9sistance \u00e0 la chaleur et est moins susceptible de changer de couleur \u00e0 haute temp\u00e9rature que les t\u00f4les d'acier galvanis\u00e9 ;<br \/>(3) Bonne r\u00e9flectivit\u00e9 de la chaleur ;<br \/>(4) Sa surface est d'un magnifique blanc argent\u00e9 ;<br \/>(5) Ses performances en mati\u00e8re de traitement et de pulv\u00e9risation sont similaires \u00e0 celles de la t\u00f4le d'acier galvanis\u00e9e ;<br \/>(6) Il pr\u00e9sente de bonnes performances de soudage.<br \/>Champ d'application : industries qui utilisent des t\u00f4les galvanis\u00e9es avec des exigences \u00e9lev\u00e9es.<\/p>\n<h4>2. \u00c9tain galvanis\u00e9 (fer blanc)<\/h4>\n<p>Il est trait\u00e9 par le proc\u00e9d\u00e9 d'\u00e9tain \u00e9lectrod\u00e9pos\u00e9 \u00e0 anode insoluble de Frothstein.<br \/>(1) Rev\u00eatement de couleur ;<br \/>(2) Acier \u00e9lectrique (t\u00f4le d'acier au silicium)<\/p>","protected":false},"excerpt":{"rendered":"<p>Nom du produit T\u00f4le d'acier au carbone Grade Q195\u3001Q215\u3001Q235\u3001Q255\u3001Q275\u3001Q345\u3001Q355\u3001ST37\u3001ST52\u3001S235JR\u3001a36\u3001s235jr etc. Norme JIS, AISI, ASTM, GB, DIN, BS, BV, etc. Longueur 4m-12m ou selon les besoins du client Largeur 50MM ~ 2200MM ou selon les besoins du client Epaisseur 0.2mm-3.0mm ou selon les besoins du client Traitement de surface Nettoyage, sablage, peinture par pulv\u00e9risation selon les besoins du client Technologie Laminage \u00e0 chaud, laminage \u00e0 froid Application Largement utilis\u00e9e dans les machines, la m\u00e9tallurgie [...]","protected":false},"featured_media":2949,"comment_status":"closed","ping_status":"closed","template":"","meta":[],"product_cat":[15,40],"class_list":{"0":"post-3317","1":"product","2":"type-product","3":"status-publish","4":"has-post-thumbnail","6":"product_cat-carbon-steel","7":"product_cat-carbon-steel-plate","9":"first","10":"instock","11":"shipping-taxable","12":"product-type-simple"},"_links":{"self":[{"href":"https:\/\/steelsupplydirect.com\/fr\/wp-json\/wp\/v2\/product\/3317","targetHints":{"allow":["GET"]}}],"collection":[{"href":"https:\/\/steelsupplydirect.com\/fr\/wp-json\/wp\/v2\/product"}],"about":[{"href":"https:\/\/steelsupplydirect.com\/fr\/wp-json\/wp\/v2\/types\/product"}],"replies":[{"embeddable":true,"href":"https:\/\/steelsupplydirect.com\/fr\/wp-json\/wp\/v2\/comments?post=3317"}],"wp:featuredmedia":[{"embeddable":true,"href":"https:\/\/steelsupplydirect.com\/fr\/wp-json\/wp\/v2\/media\/2949"}],"wp:attachment":[{"href":"https:\/\/steelsupplydirect.com\/fr\/wp-json\/wp\/v2\/media?parent=3317"}],"wp:term":[{"taxonomy":"product_cat","embeddable":true,"href":"https:\/\/steelsupplydirect.com\/fr\/wp-json\/wp\/v2\/product_cat?post=3317"}],"curies":[{"name":"wp","href":"https:\/\/api.w.org\/{rel}","templated":true}]}}