{"id":3319,"date":"2023-08-18T14:53:15","date_gmt":"2023-08-18T06:53:15","guid":{"rendered":"https:\/\/steelsupplydirect.com\/?post_type=product&#038;p=3319"},"modified":"2025-09-26T11:42:23","modified_gmt":"2025-09-26T03:42:23","slug":"bobines-dacier-laminees-a-chaud","status":"publish","type":"product","link":"https:\/\/steelsupplydirect.com\/fr\/produit\/bobines-dacier-laminees-a-chaud","title":{"rendered":"Bobines d'acier lamin\u00e9es \u00e0 chaud"},"content":{"rendered":"<h2>Description du produit<\/h2>\n<p data-block-id=\"74148ae9-6784-41e7-9d82-2b8e5e9e82f8\" data-pm-slice=\"1 1 []\">Le laminage \u00e0 chaud se divise en trois types en fonction du mat\u00e9riau et de la performance :<\/p>\n<ul data-block-id=\"d1e2fc52-f3c3-4ca3-88d2-9c851a51c99c\">\n<li>\n<p data-block-id=\"fcfddc55-14a0-4cb2-babe-8aa376939467\">Acier de construction ordinaire au carbone<\/p>\n<\/li>\n<li>\n<p data-block-id=\"e3d25704-42ce-4f48-ae35-bd7e1b5667a2\">Acier faiblement alli\u00e9<\/p>\n<\/li>\n<li>\n<p data-block-id=\"f044b61c-7926-4d2e-998c-0f33036de9b1\">Acier alli\u00e9<\/p>\n<\/li>\n<\/ul>\n<p data-block-id=\"854ef3f9-2ba9-4d21-ae62-a9fabb982a08\">\n<p data-block-id=\"ab22aefe-8c5d-441f-82ec-ffb4a8bc6bbe\">Il peut \u00eatre divis\u00e9 en fonction des diff\u00e9rentes utilisations, notamment :<\/p>\n<ul data-block-id=\"17cf5fc0-f397-4464-8886-dafcdbbd338d\">\n<li>\n<p data-block-id=\"bd711b44-8b5a-4a71-991b-d374e7b01dea\">Acier pour le formage \u00e0 froid<\/p>\n<\/li>\n<li>\n<p data-block-id=\"096a989f-5343-438e-a8ad-de4cb7582145\">Acier de construction<\/p>\n<\/li>\n<li>\n<p data-block-id=\"d4a8bf22-45f2-448c-a6f3-4daf1bdd8ad9\">Acier de construction automobile<\/p>\n<\/li>\n<li>\n<p data-block-id=\"77e92733-dcd0-433e-921c-d90a7358eb8c\">Acier de construction r\u00e9sistant \u00e0 la corrosion<\/p>\n<\/li>\n<li>\n<p data-block-id=\"9d303ca0-f308-4d9c-a68b-4b4bf3c136c0\">Acier de construction m\u00e9canique<\/p>\n<\/li>\n<li>\n<p data-block-id=\"89b6ff2a-efe6-436d-8bb5-fd14b47eb4ff\">Acier pour le soudage des bouteilles de gaz et des r\u00e9cipients sous pression<\/p>\n<\/li>\n<li>\n<p data-block-id=\"6bb9c3f9-de53-4b19-8645-2bb13c63fb29\">Acier pour pipelines<\/p>\n<\/li>\n<\/ul>\n<p data-block-id=\"2c07dee8-c258-4371-8766-e78b32f7a120\">La bobine lamin\u00e9e \u00e0 chaud commence par une coul\u00e9e continue ou une dalle blooming. Elle est d'abord chauff\u00e9e dans un four \u00e0 marche. Elle est ensuite nettoy\u00e9e par des d\u00e9tartreurs \u00e0 eau \u00e0 haute pression. Enfin, elle entre dans le laminoir brut. Le laminage contr\u00f4l\u00e9, le refroidissement laminaire et l'enroulement apr\u00e8s le laminage permettent de fabriquer des bobines de cheveux raides. Le diam\u00e8tre int\u00e9rieur des bobines est de 760 mm. Elles sont utilis\u00e9es pour les navires, les voitures, les ponts, les HRB\uff1e90. Les bobines droites sont g\u00e9n\u00e9ralement en forme de langue ou de queue de poisson. Elles manquent souvent de pr\u00e9cision en termes d'\u00e9paisseur et de largeur. Les bords peuvent pr\u00e9senter des d\u00e9fauts tels que des ondulations, des ourlets ou des formes de tour. Le poids de la bobine est \u00e9lev\u00e9 (l'industrie des tubes en g\u00e9n\u00e9ral aime utiliser).<\/p>\n<div style=\"overflow: auto;\">\n<table>\n<thead>\n<tr>\n<td>Produit de base :<\/td>\n<td>Bobine d'acier au carbone<\/td>\n<\/tr>\n<\/thead>\n<tbody>\n<tr>\n<td>Standard :<\/td>\n<td>DIN GB JIS BA AISI ASTM EN GOST ETC.<\/td>\n<\/tr>\n<tr>\n<td>Technique :<\/td>\n<td>Commercial \/ Dessin \/ Dessin en profondeur \/ Dessin en profondeur \/ Qualit\u00e9 structurelle<\/td>\n<\/tr>\n<tr>\n<td>Traitement de surface :<\/td>\n<td>Chrom\u00e9 et huil\u00e9, et anti-doigts<\/td>\n<\/tr>\n<tr>\n<td>Duret\u00e9 :<\/td>\n<td>Doux, mi-dur, dur<\/td>\n<\/tr>\n<tr>\n<td rowspan=\"2\">Grade :<\/td>\n<td>DC01<\/td>\n<\/tr>\n<tr>\n<td>ST14,ST15,ST16,DC01,DC03,DC04,DC05,DC06,etc.<\/td>\n<\/tr>\n<tr>\n<td>\u00c9paisseur :<\/td>\n<td>0,12-12,0 mm<\/td>\n<\/tr>\n<tr>\n<td>Largeur :<\/td>\n<td>600-1500mm<\/td>\n<\/tr>\n<tr>\n<td>Poids de la bobine :<\/td>\n<td>3-34MT\/bobine ou selon votre demande<\/td>\n<\/tr>\n<tr>\n<td>MOQ :<\/td>\n<td>5MT<\/td>\n<\/tr>\n<tr>\n<td>Emballage :<\/td>\n<td>Norme d'exportation, navigable<\/td>\n<\/tr>\n<tr>\n<td>ID :<\/td>\n<td>508mm ou 610mm<\/td>\n<\/tr>\n<tr>\n<td>Terme du commerce :<\/td>\n<td>FOB, CFR, CIF, EXW ETC.<\/td>\n<\/tr>\n<tr>\n<td>Type de transport :<\/td>\n<td>Conteneurs, vrac et trains<\/td>\n<\/tr>\n<\/tbody>\n<\/table>\n<\/div>\n<h2>Utilisation des bobines d'acier lamin\u00e9es \u00e0 chaud<\/h2>\n<p data-block-id=\"8c066f61-5abd-4000-8776-07fd9b1e3127\" data-pm-slice=\"1 1 []\">Les bobines lamin\u00e9es \u00e0 chaud sont d'abord des brames, le plus souvent issues d'une coul\u00e9e continue. Apr\u00e8s avoir \u00e9t\u00e9 chauff\u00e9es, elles sont transform\u00e9es en bandes d'acier par des unit\u00e9s de laminage brut et de finition. La bobine lamin\u00e9e \u00e0 chaud sort du dernier laminoir de finition. Elle est refroidie \u00e0 la temp\u00e9rature de consigne gr\u00e2ce \u00e0 un flux laminaire, puis est lamin\u00e9e en bobine d'acier par la bobineuse.<\/p>\n<p data-block-id=\"74f73583-18e4-4de2-9e80-e2dce328a8b9\">La bobine d'acier refroidie passe par diff\u00e9rents processus en fonction des diff\u00e9rents besoins des utilisateurs. La ligne de finition transforme l'acier en plusieurs produits. Il s'agit notamment de plaques d'acier, de bobines plates et de bandes d'acier refendues. Les \u00e9tapes comprennent le nivellement, le redressement, la coupe transversale, la refente, l'inspection, le pesage, l'emballage et le marquage.<\/p>\n<p data-block-id=\"6c80948d-5684-470f-9088-0d9bc4034b30\">Pour simplifier, une billette est chauff\u00e9e et lamin\u00e9e plusieurs fois, puis \u00e9barb\u00e9e et redress\u00e9e en une plaque d'acier. Cette m\u00e9thode de traitement s'appelle le laminage \u00e0 chaud. Les produits en acier lamin\u00e9 \u00e0 chaud sont solides et r\u00e9sistants. Ils sont \u00e9galement faciles \u00e0 transformer et \u00e0 souder. Ces qualit\u00e9s les rendent populaires dans de nombreuses industries.<\/p>\n<p data-block-id=\"cf9d3bfe-1a69-4d5e-bab7-ede591291365\">Elles sont utilis\u00e9es dans les navires, les voitures, les ponts, la construction, les machines et les appareils \u00e0 pression. Les nouvelles technologies am\u00e9liorent le contr\u00f4le des t\u00f4les d'acier lamin\u00e9es \u00e0 chaud. Elles am\u00e9liorent la pr\u00e9cision dimensionnelle, la forme des t\u00f4les et la qualit\u00e9 de la surface.<\/p>\n<p data-block-id=\"d8cbfa9e-b4c8-427e-93f8-d35aa60faab5\">Avec l'apparition de nouveaux produits, les t\u00f4les et bandes d'acier lamin\u00e9es \u00e0 chaud sont de plus en plus utilis\u00e9es. Elles occupent une place de plus en plus importante sur le march\u00e9. comp\u00e9titivit\u00e9.<\/p>\n<h2>Nuances d'acier<\/h2>\n<p data-block-id=\"bf84a594-d5d8-418f-955b-acfcdf17d25d\" data-pm-slice=\"1 1 []\">1. SPHC - abr\u00e9viation du premier acier S, P est l'abr\u00e9viation de Plate, H est l'abr\u00e9viation de Heat, et C est l'abr\u00e9viation de Commercial. L'ensemble indique que les t\u00f4les et les bandes d'acier lamin\u00e9es \u00e0 chaud sont g\u00e9n\u00e9ralement utilis\u00e9es.<\/p>\n<p data-block-id=\"a96c3a87-3475-48ab-9be4-2f7545a22a05\">2. SPHD - Indique les t\u00f4les et bandes d'acier lamin\u00e9es \u00e0 chaud pour l'emboutissage.<\/p>\n<p data-block-id=\"efb99766-94ee-4773-b2ad-21b6eb8013b2\">3. SPHE - Indique les t\u00f4les et bandes d'acier lamin\u00e9es \u00e0 chaud pour l'emboutissage.<\/p>\n<p data-block-id=\"0cf2e80b-6940-43bd-9492-035c1f012e87\">4. SPCC - Indique les t\u00f4les et bandes d'acier au carbone lamin\u00e9es \u00e0 froid pour usage g\u00e9n\u00e9ral. La troisi\u00e8me lettre C est l'abr\u00e9viation de Cold (froid). Lorsqu'il est n\u00e9cessaire d'assurer l'essai de traction, ajouter T \u00e0 la fin du grade pour repr\u00e9senter SPCCT.<\/p>\n<p data-block-id=\"b0fd87f9-53b3-49a0-8a1f-bf52a20cd9e9\">5. SPCD - indique les t\u00f4les et bandes d'acier au carbone lamin\u00e9es \u00e0 froid pour l'emboutissage.<\/p>\n<p data-block-id=\"8c7b1714-484a-4975-ba6e-9023d1132b7e\">6. SPCE - Indique les t\u00f4les et bandes d'acier au carbone lamin\u00e9es \u00e0 froid pour l'emboutissage. Lorsqu'il est n\u00e9cessaire de garantir l'actualit\u00e9, ajouter un N \u00e0 la fin de la nuance pour la transformer en SPCEN.<\/p>\n<p data-block-id=\"33edaa14-4bbf-4091-ba39-a5fcba03aaaa\" data-pm-slice=\"1 3 []\">Les codes de trempe et de revenu pour les t\u00f4les et bandes d'acier au carbone lamin\u00e9es \u00e0 froid sont les suivants :<\/p>\n<ul data-block-id=\"826336c7-cbf4-41a0-ae0d-5566e9cdb1bb\">\n<li>\n<p data-block-id=\"7eb65057-cd10-45a5-b7a4-f5f74202ed40\">A pour recuit.<\/p>\n<\/li>\n<li>\n<p data-block-id=\"bd4118db-f8ee-4d19-b0c6-97654521349f\">S pour trempe et revenu standard.<\/p>\n<\/li>\n<li>\n<p data-block-id=\"2ce2dbd6-6389-41fb-acdb-d4a653707962\">8 pour 1\/8 dur<\/p>\n<\/li>\n<li>\n<p data-block-id=\"bf16516a-6185-40e1-ab81-0b1780c1803c\">4 pour 1\/4 dur<\/p>\n<\/li>\n<li>\n<p data-block-id=\"3d3bae3d-4c94-42b6-a7a1-0a4f3acb8a08\">2 pour 1\/2 dur<\/p>\n<\/li>\n<li>\n<p data-block-id=\"24247ba9-8270-402b-a0a1-eadc2d3de0f3\">1 pour dur<\/p>\n<\/li>\n<\/ul>\n<p>Code de traitement de surface : D pour le laminage de finition mat, B pour le laminage de finition brillant. SPCC-SD est l'abr\u00e9viation de standard quenched and tempered (tremp\u00e9 et revenu). Il s'agit d'une t\u00f4le de carbone g\u00e9n\u00e9rale lamin\u00e9e \u00e0 froid avec une finition mate. Un autre exemple est SPCCT-SB. Il s'agit de t\u00f4les de carbone lamin\u00e9es \u00e0 froid, tremp\u00e9es et revenues, avec un traitement brillant. Ces t\u00f4les doivent avoir des propri\u00e9t\u00e9s m\u00e9caniques garanties.<\/p>\n<p data-block-id=\"85f7f067-bd4d-453c-bc3b-6d37a8746709\" data-pm-slice=\"1 1 [&quot;bulletList&quot;,{&quot;data-block-id&quot;:&quot;826336c7-cbf4-41a0-ae0d-5566e9cdb1bb&quot;},&quot;listItem&quot;,{}]\">7. La nuance d'acier de construction m\u00e9canique JIS est exprim\u00e9e comme suit : S + teneur en carbone + lettre code (C, CK). La teneur en carbone correspond \u00e0 la valeur m\u00e9diane multipli\u00e9e par 100. Ici, C signifie carbone, et K d\u00e9signe l'acier de c\u00e9mentation. Par exemple, la bobine de n\u0153ud de carbone S20C a une teneur en carbone de 0,18-0,23%.<\/p>","protected":false},"excerpt":{"rendered":"<p>Description du produit Le laminage \u00e0 chaud se divise en trois types en fonction du mat\u00e9riau et de la performance : Acier de construction ordinaire au carbone Acier faiblement alli\u00e9 Acier alli\u00e9 Il peut \u00eatre divis\u00e9 en fonction des diff\u00e9rentes utilisations, notamment : Acier pour le formage \u00e0 froid Acier de construction Acier de construction automobile Acier de construction r\u00e9sistant \u00e0 la corrosion Acier de construction m\u00e9canique Acier pour le soudage de bouteilles de gaz et d'appareils \u00e0 pression Acier [...]","protected":false},"featured_media":4206,"comment_status":"closed","ping_status":"closed","template":"","meta":[],"product_cat":[15,39],"class_list":{"0":"post-3319","1":"product","2":"type-product","3":"status-publish","4":"has-post-thumbnail","6":"product_cat-carbon-steel","7":"product_cat-carbon-steel-coil","9":"first","10":"instock","11":"shipping-taxable","12":"product-type-simple"},"_links":{"self":[{"href":"https:\/\/steelsupplydirect.com\/fr\/wp-json\/wp\/v2\/product\/3319","targetHints":{"allow":["GET"]}}],"collection":[{"href":"https:\/\/steelsupplydirect.com\/fr\/wp-json\/wp\/v2\/product"}],"about":[{"href":"https:\/\/steelsupplydirect.com\/fr\/wp-json\/wp\/v2\/types\/product"}],"replies":[{"embeddable":true,"href":"https:\/\/steelsupplydirect.com\/fr\/wp-json\/wp\/v2\/comments?post=3319"}],"wp:featuredmedia":[{"embeddable":true,"href":"https:\/\/steelsupplydirect.com\/fr\/wp-json\/wp\/v2\/media\/4206"}],"wp:attachment":[{"href":"https:\/\/steelsupplydirect.com\/fr\/wp-json\/wp\/v2\/media?parent=3319"}],"wp:term":[{"taxonomy":"product_cat","embeddable":true,"href":"https:\/\/steelsupplydirect.com\/fr\/wp-json\/wp\/v2\/product_cat?post=3319"}],"curies":[{"name":"wp","href":"https:\/\/api.w.org\/{rel}","templated":true}]}}