{"id":3324,"date":"2023-08-23T09:44:03","date_gmt":"2023-08-23T01:44:03","guid":{"rendered":"https:\/\/steelsupplydirect.com\/?post_type=product&#038;p=3324"},"modified":"2024-06-27T17:00:30","modified_gmt":"2024-06-27T09:00:30","slug":"tube-rectangulaire-en-acier-a-faible-teneur-en-carbone-10-20-45-16mn-40cr-etire-a-froid","status":"publish","type":"product","link":"https:\/\/steelsupplydirect.com\/fr\/produit\/tube-rectangulaire-en-acier-a-faible-teneur-en-carbone-10-20-45-16mn-40cr-etire-a-froid","title":{"rendered":"Tube en acier au carbone Tube carr\u00e9 rectangulaire"},"content":{"rendered":"<div style=\"overflow: auto\">\n<table>\n<thead>\n<tr>\n<th>Nom du produit<\/th>\n<th>Tube en acier au carbone<\/th>\n<\/tr>\n<\/thead>\n<tbody>\n<tr>\n<td>mat\u00e9riel<\/td>\n<td>Q235A\uff0cQ235B\u30010Cr13\u30011Cr17\u300100Cr19Ni11\u30011Cr18Ni9\u30010Cr18Ni11Nb\u300116Mn\u300120#\u3001Q345\u3001L245\u3001L290\u3001X42\u3001X46\u3001X70\u3001X80<\/td>\n<\/tr>\n<tr>\n<td>Technologie<\/td>\n<td>Lamin\u00e9s \u00e0 chaud, lamin\u00e9s \u00e0 froid<\/td>\n<\/tr>\n<tr>\n<td>Surface<\/td>\n<td>Noir, brillant, galvanis\u00e9<\/td>\n<\/tr>\n<tr>\n<td>standard<\/td>\n<td>GB3640-88 YB242-63 SY5036-83 SY5038-83 SY5037-83 GB\/T3092<\/td>\n<\/tr>\n<tr>\n<td>Taille<\/td>\n<td>Taille personnalis\u00e9e<\/td>\n<\/tr>\n<tr>\n<td>Utilisation<\/td>\n<td>Travaux hydrauliques, industrie p\u00e9trochimique, industrie chimique, industrie de l'\u00e9nergie \u00e9lectrique, irrigation agricole, construction urbaine<\/td>\n<\/tr>\n<tr>\n<td>MOQ<\/td>\n<td>1 tonne<\/td>\n<\/tr>\n<tr>\n<td>D\u00e9lai de livraison<\/td>\n<td>7-15 jours<\/td>\n<\/tr>\n<\/tbody>\n<\/table>\n<\/div>\n<h2>Partie 1 Description du produit<\/h2>\n<p>Les tubes en acier au carbone sont fabriqu\u00e9s \u00e0 partir d'un lingot d'acier ou d'une cha\u00eene et d'une trame en acier rond solide, puis lamin\u00e9s \u00e0 chaud, lamin\u00e9s \u00e0 froid ou lamin\u00e9s \u00e0 froid. Les tubes en acier au carbone sont divis\u00e9s en deux types : les tubes en acier lamin\u00e9s \u00e0 chaud et les tubes en acier lamin\u00e9s \u00e0 froid (\u00e9tir\u00e9s).<\/p>\n<h2>Partie 2 Classification<\/h2>\n<h4>1) Tubes en acier au carbone lamin\u00e9s \u00e0 chaud<\/h4>\n<p>Les tubes en acier au carbone lamin\u00e9s \u00e0 chaud sont divis\u00e9s en tubes en acier g\u00e9n\u00e9ral, tubes en acier pour chaudi\u00e8res \u00e0 basse et moyenne pression, tubes en acier pour chaudi\u00e8res \u00e0 haute pression, tubes en acier alli\u00e9, tubes en acier inoxydable, tubes de craquage p\u00e9trolier, tubes en acier g\u00e9ologique et autres tubes en acier.<\/p>\n<h4>2. tubes en acier au carbone lamin\u00e9s \u00e0 froid (\u00e9tir\u00e9s)<\/h4>\n<p>Les tubes en acier au carbone lamin\u00e9s \u00e0 froid (\u00e9tir\u00e9s) comprennent les tubes en acier g\u00e9n\u00e9ral, les tubes en acier pour chaudi\u00e8res \u00e0 basse pression, les tubes en acier pour chaudi\u00e8res \u00e0 haute pression, les tubes en acier alli\u00e9, les tubes en acier inoxydable, les tubes de craquage p\u00e9trolier et d'autres tubes en acier, ainsi que les tubes en acier au carbone \u00e0 paroi mince, les tubes en acier alli\u00e9 \u00e0 paroi mince et les tubes en acier non inoxydable \u00e0 paroi mince. Tube en acier \u00e0 paroi, tube en acier de forme sp\u00e9ciale. Le diam\u00e8tre ext\u00e9rieur des tubes lamin\u00e9s \u00e0 chaud est g\u00e9n\u00e9ralement sup\u00e9rieur \u00e0 32 mm, et l'\u00e9paisseur de la paroi est comprise entre 2,5 et 75 mm. Le diam\u00e8tre ext\u00e9rieur des tubes en acier \u00e0 paroi courte lamin\u00e9s \u00e0 froid peut atteindre 6 mm, et l'\u00e9paisseur de la paroi peut atteindre 0,25 mm. Pr\u00e9cision dimensionnelle sup\u00e9rieure \u00e0 celle du laminage \u00e0 chaud.<\/p>\n<h4>3. tube en acier au carbone soud\u00e9<\/h4>\n<p>Il est fabriqu\u00e9 en acier au carbone de haute qualit\u00e9 tel que #10, #20, #30, #35, #45, 16Mn, 5MnV et autres aciers de construction faiblement alli\u00e9s ou 40Cr, 30CrMnSi, 45Mn2, 40MnB et autres aciers alli\u00e9s qui sont lamin\u00e9s \u00e0 chaud ou \u00e0 froid. Les tubes sans soudure en acier \u00e0 faible teneur en carbone #10, #20 et autres sont principalement utilis\u00e9s pour les pipelines. Les tuyaux sans soudure en acier \u00e0 teneur moyenne en carbone, tels que #45 et 40Cr, doivent \u00eatre utilis\u00e9s pour la fabrication de pi\u00e8ces m\u00e9caniques, telles que les pi\u00e8ces sous contrainte des automobiles et des tracteurs. Les essais de r\u00e9sistance et d'aplatissement des tuyaux en acier au carbone sont g\u00e9n\u00e9ralement utilis\u00e9s. Les tubes en acier lamin\u00e9s \u00e0 chaud sont d\u00e9coup\u00e9s \u00e0 l'\u00e9tat lamin\u00e9 \u00e0 chaud ou \u00e0 l'\u00e9tat trait\u00e9 thermiquement ; les tubes lamin\u00e9s \u00e0 froid sont d\u00e9coup\u00e9s \u00e0 l'\u00e9tat trait\u00e9 thermiquement.<\/p>\n<h2>Partie 3 Utilisation<\/h2>\n<p>Les tubes en acier au carbone couramment utilis\u00e9s dans la production sont g\u00e9n\u00e9ralement divis\u00e9s en trois cat\u00e9gories : \u00e0 haute teneur en carbone, \u00e0 teneur moyenne en carbone et \u00e0 faible teneur en carbone. Les tuyaux en acier \u00e0 haute teneur en carbone ont la teneur en carbone la plus \u00e9lev\u00e9e, g\u00e9n\u00e9ralement sup\u00e9rieure \u00e0 0,6%, mais nous savons que plus la teneur en carbone est \u00e9lev\u00e9e, plus la fragilit\u00e9 est grande, de sorte que les tuyaux en acier \u00e0 haute teneur en carbone ne sont g\u00e9n\u00e9ralement pas utilis\u00e9s dans la production industrielle. Les tuyaux en acier \u00e0 teneur moyenne en carbone sont g\u00e9n\u00e9ralement de 0,25%~0,6%. Ce type de tube en acier pr\u00e9sente une duret\u00e9 mod\u00e9r\u00e9e et est largement utilis\u00e9. Les tuyaux en acier doux contiennent moins de 0,25% de carbone et sont donc plus courants dans les applications industrielles.<\/p>\n<h2>Partie 4 Tube carr\u00e9 en acier<\/h2>\n<p>des tubes en acier de longueurs lat\u00e9rales \u00e9gales et in\u00e9gales. Il est fabriqu\u00e9 \u00e0 partir de feuillards d'acier soumis \u00e0 un traitement. En g\u00e9n\u00e9ral, la bande d'acier est d\u00e9ball\u00e9e, aplatie, sertie et soud\u00e9e pour former un tube rond, puis lamin\u00e9e en tube carr\u00e9 \u00e0 partir du tube rond, avant d'\u00eatre coup\u00e9e \u00e0 la longueur requise.<\/p>\n<h4>1. le processus de production<\/h4>\n<p>Tubes sans soudure lamin\u00e9s \u00e0 chaud, tubes sans soudure \u00e9tir\u00e9s \u00e0 froid, tubes sans soudure extrud\u00e9s et tubes soud\u00e9s Les tubes carr\u00e9s sont divis\u00e9s par mat\u00e9riau : tubes carr\u00e9s en acier au carbone ordinaire, tubes carr\u00e9s en acier faiblement alli\u00e9.<\/p>\n<h4>2. normes de production<\/h4>\n<p>Tubes carr\u00e9s aux normes nationales, tubes carr\u00e9s aux normes japonaises, tubes carr\u00e9s aux normes imp\u00e9riales, tubes carr\u00e9s aux normes am\u00e9ricaines, tubes carr\u00e9s aux normes europ\u00e9ennes, tubes carr\u00e9s non standard.<\/p>\n<h4>3. les tubes carr\u00e9s sont divis\u00e9s en fonction du traitement de surface :<\/h4>\n<p>Tubes carr\u00e9s galvanis\u00e9s \u00e0 chaud, tubes carr\u00e9s \u00e9lectro-galvanis\u00e9s, tubes carr\u00e9s rev\u00eatus d'huile, tubes carr\u00e9s d\u00e9cap\u00e9s.<\/p>\n<h4>4. Les tubes carr\u00e9s sont class\u00e9s en fonction de leur utilisation<\/h4>\n<p>Tubes carr\u00e9s pour la d\u00e9coration, tubes carr\u00e9s pour les machines-outils, tubes carr\u00e9s pour l'industrie des machines, tubes carr\u00e9s pour l'industrie chimique, tubes carr\u00e9s pour les structures en acier, tubes carr\u00e9s pour la construction navale, tubes carr\u00e9s pour l'automobile, tubes carr\u00e9s pour les poutres et colonnes en acier, tubes carr\u00e9s \u00e0 usage sp\u00e9cial.<\/p><\/p>","protected":false},"excerpt":{"rendered":"<p>Nom du produit Tube en acier au carbone Mat\u00e9riau Q235A\uff0cQ235B\u30010Cr13\u30011Cr17\u300100Cr19Ni11\u30011Cr18Ni9\u30010Cr18Ni11Nb\u300116Mn\u300120#\u3001Q345\u3001L245\u3001L290\u3001X42\u3001X46\u3001X70\u3001X80 Technologie Laminage \u00e0 chaud, laminage \u00e0 froid Surface noire, brillante, Galvanis\u00e9 Rev\u00eatement standard GB3640-88 YB242-63 SY5036-83 SY5038-83 SY5037-83 GB\/T3092 Taille Taille personnalis\u00e9e Usage Usine d'eau, industrie p\u00e9trochimique, industrie chimique, industrie \u00e9lectrique, irrigation agricole, construction urbaine MOQ 1 tonne D\u00e9lai de livraison 7-15 jours Partie 1 Description du produit Le tube en acier au carbone est [...].]","protected":false},"featured_media":3223,"comment_status":"closed","ping_status":"closed","template":"","meta":[],"product_cat":[15,41],"class_list":{"0":"post-3324","1":"product","2":"type-product","3":"status-publish","4":"has-post-thumbnail","6":"product_cat-carbon-steel","7":"product_cat-carbon-steel-pipe","9":"first","10":"instock","11":"shipping-taxable","12":"product-type-simple"},"_links":{"self":[{"href":"https:\/\/steelsupplydirect.com\/fr\/wp-json\/wp\/v2\/product\/3324","targetHints":{"allow":["GET"]}}],"collection":[{"href":"https:\/\/steelsupplydirect.com\/fr\/wp-json\/wp\/v2\/product"}],"about":[{"href":"https:\/\/steelsupplydirect.com\/fr\/wp-json\/wp\/v2\/types\/product"}],"replies":[{"embeddable":true,"href":"https:\/\/steelsupplydirect.com\/fr\/wp-json\/wp\/v2\/comments?post=3324"}],"wp:featuredmedia":[{"embeddable":true,"href":"https:\/\/steelsupplydirect.com\/fr\/wp-json\/wp\/v2\/media\/3223"}],"wp:attachment":[{"href":"https:\/\/steelsupplydirect.com\/fr\/wp-json\/wp\/v2\/media?parent=3324"}],"wp:term":[{"taxonomy":"product_cat","embeddable":true,"href":"https:\/\/steelsupplydirect.com\/fr\/wp-json\/wp\/v2\/product_cat?post=3324"}],"curies":[{"name":"wp","href":"https:\/\/api.w.org\/{rel}","templated":true}]}}