{"id":3326,"date":"2023-08-23T10:14:03","date_gmt":"2023-08-23T02:14:03","guid":{"rendered":"https:\/\/steelsupplydirect.com\/?post_type=product&#038;p=3326"},"modified":"2023-09-26T10:11:29","modified_gmt":"2023-09-26T02:11:29","slug":"china-manufacture-q235-carbon-steel-solid-round-bar-for-construction-aisi1010-aisi1020","status":"publish","type":"product","link":"https:\/\/steelsupplydirect.com\/fr\/produit\/china-manufacture-q235-carbon-steel-solid-round-bar-for-construction-aisi1010-aisi1020","title":{"rendered":"Chine Manufacture Q235 Carbon Steel Solid Round Bar for Construction AISI1010 AISI1020"},"content":{"rendered":"<p>L'acier rond d\u00e9signe une bande d'acier solide de section circulaire.<\/p>\n<p>Class\u00e9s par processus :<br \/>\nL'acier rond est divis\u00e9 en trois types : lamin\u00e9 \u00e0 chaud, forg\u00e9 et \u00e9tir\u00e9 \u00e0 froid. Les sp\u00e9cifications de l'acier rond lamin\u00e9 \u00e0 chaud sont comprises entre 5,5 et 250 mm. Parmi ces sp\u00e9cifications : Le petit acier rond de 5,5-25 mm est principalement fourni en paquets de bandes droites, qui sont souvent utilis\u00e9es comme barres d'acier, boulons et diverses pi\u00e8ces m\u00e9caniques ; l'acier rond de plus de 25 mm est principalement utilis\u00e9 pour la fabrication de pi\u00e8ces m\u00e9caniques et d'\u00e9bauches de tubes d'acier sans soudure.<\/p>\n<p>Classification par composition chimique :<br \/>\nL'acier au carbone peut \u00eatre divis\u00e9 en acier \u00e0 faible teneur en carbone, en acier \u00e0 teneur moyenne en carbone et en acier \u00e0 haute teneur en carbone en fonction de sa composition chimique (c'est-\u00e0-dire de sa teneur en carbone), tous appartenant \u00e0 l'acier au carbone de haute qualit\u00e9.<\/p>\n<p>(1) Acier doux<br \/>\n\u00c9galement connu sous le nom d'acier doux, sa teneur en carbone est comprise entre 0,10% et 0,30%. L'acier \u00e0 faible teneur en carbone accepte facilement divers traitements tels que le forgeage, le soudage et le d\u00e9coupage, et est souvent utilis\u00e9 pour fabriquer des cha\u00eenes, des rivets, des boulons, des arbres, etc.<br \/>\n(2) Acier \u00e0 moyenne teneur en carbone<br \/>\nAcier au carbone avec une teneur en carbone de 0,25% \u00e0 0,60%. Il existe de l'acier tu\u00e9, de l'acier semi-tu\u00e9, de l'acier bouillant et d'autres produits. Outre le carbone, il peut \u00e9galement contenir une petite quantit\u00e9 de mangan\u00e8se (0,70% \u00e0 1,20%). En fonction de la qualit\u00e9 du produit, on distingue l'acier de construction au carbone ordinaire et l'acier de construction au carbone de haute qualit\u00e9. Bon traitement thermique et bonne performance de coupe, mauvaise performance de soudage. La r\u00e9sistance et la duret\u00e9 sont sup\u00e9rieures \u00e0 celles de l'acier \u00e0 faible teneur en carbone, mais la plasticit\u00e9 et la t\u00e9nacit\u00e9 sont inf\u00e9rieures \u00e0 celles de l'acier \u00e0 faible teneur en carbone. Les mat\u00e9riaux lamin\u00e9s \u00e0 chaud et \u00e9tir\u00e9s \u00e0 froid peuvent \u00eatre utilis\u00e9s directement sans traitement thermique ou apr\u00e8s traitement thermique. L'acier \u00e0 moyenne teneur en carbone pr\u00e9sente de bonnes propri\u00e9t\u00e9s m\u00e9caniques globales apr\u00e8s la trempe et le revenu. La duret\u00e9 la plus \u00e9lev\u00e9e qui peut \u00eatre atteinte est d'environ HRC55 (HB538), et \u03c3b est de 600-1100MPa. Par cons\u00e9quent, l'acier \u00e0 moyenne teneur en carbone est le plus largement utilis\u00e9 dans les diverses utilisations d'un niveau de r\u00e9sistance moyen. En plus d'\u00eatre utilis\u00e9 comme mat\u00e9riau de construction, il est \u00e9galement largement utilis\u00e9 dans la fabrication de diverses pi\u00e8ces m\u00e9caniques.<br \/>\n(3) Acier \u00e0 haute teneur en carbone<br \/>\nSouvent appel\u00e9 acier \u00e0 outils, sa teneur en carbone est comprise entre 0,60% et 1,70%, et il peut \u00eatre tremp\u00e9 et revenu. Les marteaux, les pieds-de-biche, etc. sont fabriqu\u00e9s en acier dont la teneur en carbone est de 0,75% ; les outils de coupe tels que les forets, les tarauds, les al\u00e9soirs, etc. sont fabriqu\u00e9s en acier dont la teneur en carbone est de 0,90% \u00e0 1,00%.<\/p>\n<p>Grade du mat\u00e9riau de l'acier rond : Q195, Q235, 10#, 20#, 35#, 45#, Q215, Q345, 12Cr1Mov, 15CrMo, 304, 316, 20Cr, 40Cr, 20CrMo, 35CrMo, 42CrMo, 40CrNiMo, GCr15, 65Mn, 50Mn , 50Cr, 3Cr2W8V, 20CrMnTi, 5CrMnMo, etc.<\/p>\n<p>Norme de l'acier rond : GB699-1988, GB700-1988, GB3077-1988, GB702-1986, QJ\/HG02.17-1991.<\/p>\n<p>Formule de calcul du poids th\u00e9orique de l'acier rond : Diam\u00e8tre ext\u00e9rieur \u0425 Diam\u00e8tre ext\u00e9rieur \u04250.00617=kg\/m<\/p>\n<p>Exemple : La teneur en carbone de l'acier rond Q235B est inf\u00e9rieure \u00e0 1,35%, \u00e0 l'exception du fer, du carbone et des impuret\u00e9s telles que le silicium, le mangan\u00e8se, le phosphore et le soufre qui restent dans les limites, il ne contient pas d'autres \u00e9l\u00e9ments d'alliage.<\/p>\n<p>Les avantages de l'acier rond rectifi\u00e9 fourni par notre soci\u00e9t\u00e9 sont les suivants<\/p>\n<p>1. Forme solide, bonne r\u00e9sistance aux chocs<\/p>\n<p>2. Duret\u00e9 \u00e9lev\u00e9e et bonne plasticit\u00e9<\/p>\n<p>3. Bonnes propri\u00e9t\u00e9s m\u00e9caniques et performances globales<\/p>\n<p>4. Large gamme d'applications et sp\u00e9cifications vari\u00e9es<\/p>\n<p>Notre soci\u00e9t\u00e9 a une grande force, respecte le cr\u00e9dit, les contrats, garantit la qualit\u00e9 des produits et a gagn\u00e9 la confiance des clients gr\u00e2ce \u00e0 ses caract\u00e9ristiques de gestion vari\u00e9es et au principe des petits profits mais du chiffre d'affaires rapide. N'h\u00e9sitez pas \u00e0 nous contacter.<\/p>","protected":false},"excerpt":{"rendered":"<p>L'acier rond d\u00e9signe une bande d'acier solide de section circulaire. Classification par processus : L'acier rond est divis\u00e9 en trois types : lamin\u00e9 \u00e0 chaud, forg\u00e9 et \u00e9tir\u00e9 \u00e0 froid. Les sp\u00e9cifications de l'acier rond lamin\u00e9 \u00e0 chaud sont comprises entre 5,5 et 250 mm. Parmi elles, on trouve 5,5-25 mm L'acier rond de petite taille est principalement fourni en paquets de bandes droites, qui sont [...]","protected":false},"featured_media":3410,"comment_status":"closed","ping_status":"closed","template":"","meta":[],"product_cat":[15,42],"class_list":{"0":"post-3326","1":"product","2":"type-product","3":"status-publish","4":"has-post-thumbnail","6":"product_cat-carbon-steel","7":"product_cat-carbon-steel-rod","9":"first","10":"instock","11":"shipping-taxable","12":"product-type-simple"},"_links":{"self":[{"href":"https:\/\/steelsupplydirect.com\/fr\/wp-json\/wp\/v2\/product\/3326","targetHints":{"allow":["GET"]}}],"collection":[{"href":"https:\/\/steelsupplydirect.com\/fr\/wp-json\/wp\/v2\/product"}],"about":[{"href":"https:\/\/steelsupplydirect.com\/fr\/wp-json\/wp\/v2\/types\/product"}],"replies":[{"embeddable":true,"href":"https:\/\/steelsupplydirect.com\/fr\/wp-json\/wp\/v2\/comments?post=3326"}],"wp:featuredmedia":[{"embeddable":true,"href":"https:\/\/steelsupplydirect.com\/fr\/wp-json\/wp\/v2\/media\/3410"}],"wp:attachment":[{"href":"https:\/\/steelsupplydirect.com\/fr\/wp-json\/wp\/v2\/media?parent=3326"}],"wp:term":[{"taxonomy":"product_cat","embeddable":true,"href":"https:\/\/steelsupplydirect.com\/fr\/wp-json\/wp\/v2\/product_cat?post=3326"}],"curies":[{"name":"wp","href":"https:\/\/api.w.org\/{rel}","templated":true}]}}